{"id":534,"date":"2018-10-08T14:21:05","date_gmt":"2018-10-08T17:21:05","guid":{"rendered":"https:\/\/www.ufsm.br\/orgaos-executivos\/caed\/?page_id=534"},"modified":"2023-05-19T15:07:47","modified_gmt":"2023-05-19T18:07:47","slug":"acoes-afirmativas-em-outras-ies","status":"publish","type":"page","link":"https:\/\/www.ufsm.br\/pro-reitorias\/prograd\/caed\/observatorio-de-inclusao\/acoes-afirmativas-em-outras-ies","title":{"rendered":"A\u00e7\u00f5es Afirmativas em outras IES"},"content":{"rendered":"\t\t<div data-elementor-type=\"wp-post\" data-elementor-id=\"534\" class=\"elementor elementor-534\">\n\t\t\t\t\t\t<section class=\"elementor-section elementor-top-section elementor-element elementor-element-af9f41d elementor-section-boxed elementor-section-height-default elementor-section-height-default\" data-id=\"af9f41d\" data-element_type=\"section\">\n\t\t\t\t\t\t<div class=\"elementor-container elementor-column-gap-default\">\n\t\t\t\t\t<div class=\"elementor-column elementor-col-50 elementor-top-column elementor-element elementor-element-3f49263\" data-id=\"3f49263\" data-element_type=\"column\">\n\t\t\t<div class=\"elementor-widget-wrap elementor-element-populated\">\n\t\t\t\t\t\t<div class=\"elementor-element elementor-element-d388a3a elementor-widget elementor-widget-heading\" data-id=\"d388a3a\" data-element_type=\"widget\" data-widget_type=\"heading.default\">\n\t\t\t\t<div class=\"elementor-widget-container\">\n\t\t\t<h5 class=\"elementor-heading-title elementor-size-default\">A\u00e7\u00f5es afirmativas nos Universidades Federais<\/h5>\t\t<\/div>\n\t\t\t\t<\/div>\n\t\t\t\t<div class=\"elementor-element elementor-element-fba5e9c elementor-widget elementor-widget-text-editor\" data-id=\"fba5e9c\" data-element_type=\"widget\" data-widget_type=\"text-editor.default\">\n\t\t\t\t<div class=\"elementor-widget-container\">\n\t\t\t\t\t\t\t<ul><li><a href=\"https:\/\/www.furg.br\/coordenacao-de-acoes-afirmativas-inclusao-e-diversidades\">FURG \u2013 Universidade Federal de Rio Grande<\/a><\/li><li><a href=\"http:\/\/gemaa.iesp.uerj.br\/\">UERJ &#8211; Universidade do Estado do Rio de Janeiro<\/a><\/li><li><a href=\"https:\/\/proap.ufabc.edu.br\/\">UFABC &#8211; Universidade Federal do ABC<\/a><\/li><li>UFAC &#8211; Universidade Federal do Acre<\/li><li>UFAL &#8211; Universidade Federal de Alagoas<\/li><li>UFAM &#8211; Universidade Federal do Amazonas<\/li><li><a href=\"https:\/\/proae.ufba.br\/pt-br\">UFBA &#8211; Universidade Federal da Bahia<\/a><\/li><li>UFC &#8211; Universidade Federal do Cear\u00e1<\/li><li>UFCG &#8211; Universidade Federal de Campina Grande\u00a0<\/li><li><a href=\"https:\/\/www.ufcspa.edu.br\/vida-no-campus\/diversidade-e-inclusao\">UFCSPA &#8211; Universidade Federal de Ci\u00eancias da Sa\u00fade de Porto Alegre<\/a><\/li><li><a href=\"https:\/\/assecom.ufersa.edu.br\/tag\/caadis-ufersa\/\">UFERSA &#8211; Universidade Federal Rural do Semi-\u00c1rido<\/a><\/li><li><a href=\"https:\/\/www.uff.br\/?q=grupo\/acoes-afirmativas\">UFF &#8211; Universidade Federal Fluminense<\/a><\/li><li><a href=\"https:\/\/www.uffs.edu.br\/institucional\/pro-reitorias\/assuntos-estudantis\/politica-de-assistencia-estudantil\/programa-de-acoes-afirmativas\">UFFS &#8211; Universidade Federal da Fronteira Sul<\/a><\/li><li><a href=\"https:\/\/www.acoesafirmativas.ufg.br\/\">UFG &#8211; Universidade Federal de Goi\u00e1s<\/a><\/li><li><a href=\"https:\/\/portal.ufgd.edu.br\/setor\/neab\/index\">UFGD &#8211; Universidade Federal da Grande Dourados<\/a><\/li><li><a href=\"https:\/\/www2.ufjf.br\/diaaf\/\">UFJF &#8211; Universidade Federal de Juiz de Fora<\/a><\/li><li>UFLA &#8211; Universidade Federal de Lavras<\/li><li>UFMA &#8211; Universidade Federal do Maranh\u00e3o<\/li><li><a href=\"http:\/\/www.fae.ufmg.br\/acoesafirmativas\/\">UFMG &#8211; Universidade Federal de Minas Gerais<\/a><\/li><li><a href=\"https:\/\/proaes.ufms.br\/coordenadorias\/diiest\/seaaf\/\">UFMS &#8211; Universidade Federal de Mato Grosso do Sul<\/a><\/li><li><a href=\"https:\/\/www.ufmt.br\/pro-reitoria\/prae\/pagina\/participacao-e-transparencia\/1363\">UFMT &#8211; Universidade Federal de Mato Grosso<\/a><\/li><li><a href=\"https:\/\/propp.ufop.br\/pt-br\/acoes-afirmativas\">UFOP &#8211; Universidade Federal de Ouro Preto<\/a><\/li><li><a href=\"http:\/\/www.proeg.ufpa.br\/index.php\/acoes-afirmativas\">UFPA &#8211; Universidade Federal do Par\u00e1<\/a><\/li><li>UFPB &#8211; Universidade Federal da Para\u00edba<\/li><li><a href=\"https:\/\/www.ufpe.br\/nucleoerer\">UFPE &#8211; Universidade Federal de Pernambuco<\/a><\/li><li><a href=\"https:\/\/wp.ufpel.edu.br\/naaf\/politicas\/\">UFPEL &#8211; Universidade Federal de Pelotas<\/a><\/li><li><a href=\"https:\/\/www.ufpi.br\/cursos-e-eventos-ufdpar\/163-parnaiba\/46705-legislacao-assistencia-estudantil-e-acoes-afirmativas-3\">UFPI &#8211; Universidade Federal do Piau\u00ed<\/a><\/li><li><a href=\"http:\/\/www.sipad.ufpr.br\/portal\/\">UFPR &#8211; Universidade Federal do Paran\u00e1<\/a><\/li><li><a href=\"https:\/\/novo.ufra.edu.br\/index.php?option=com_content&amp;amp;view=article&amp;amp;id=2957&amp;amp;catid=17&amp;amp;Itemid=121\">UFRA &#8211; Universidade Federal Rural da Amaz\u00f4nia<\/a><\/li><li><a href=\"http:\/\/www.ufrb.edu.br\/propaae\/\">UFRB &#8211; Universidade Federal do Rec\u00f4ncavo da Bahia<\/a><\/li><li><a href=\"http:\/\/www.ufrgs.br\/acoesafirmativas\">UFRGS &#8211; Universidade Federal do Rio Grande do Sul<\/a><\/li><li><a href=\"http:\/\/www.laced.etc.br\/site\/\">UFRJ &#8211; Universidade Federal do Rio de Janeiro<\/a>\u00a0<\/li><li>UFRN &#8211; Universidade Federal do Rio Grande do Norte<\/li><li>UFRR &#8211; Universidade Federal de Roraima<\/li><li>UFRRJ &#8211; Universidade Federal Rural do Rio de Janeiro<\/li><li><a href=\"https:\/\/acoesafirmativas.ufs.br\/pagina\/23845-apresentacao\">UFS &#8211; Universidade Federal de Sergipe<\/a><\/li><li><a href=\"https:\/\/proafe.ufsc.br\/\">UFSC &#8211; Universidade Federal de Santa Catarina<\/a><\/li><li><a href=\"http:\/\/www.acoesafirmativas.ufscar.br\/\">UFSCAR &#8211; Universidade Federal de S\u00e3o Carlos<\/a><\/li><li><a href=\"https:\/\/ufsj.edu.br\/vestibular\/sisu_20182_editais.php\">UFSJ &#8211; Universidade Federal de S\u00e3o Jo\u00e3o del-Rei<\/a><\/li><li><a href=\"https:\/\/ww2.uft.edu.br\/index.php\/marcadores\/acoes-afirmativas\">UFT &#8211; Universidade Federal do Tocantins<\/a><\/li><li><a href=\"https:\/\/comunica.ufu.br\/topicos\/acoes-afirmativas\">UFU &#8211; Universidade Federal de Uberl\u00e2ndia<\/a><\/li><li>UFV &#8211; Universidade Federal de Vi\u00e7osa<\/li><li>UFVJM &#8211; Universidade Federal dos Vales do Jequitinhonha e Mucuri<\/li><li><a href=\"http:\/\/dpg.unb.br\/index.php\/acoes-afirmativas\">UNB &#8211; Universidade de Bras\u00edlia<\/a><\/li><li><a href=\"https:\/\/www2.unesp.br\/portal#!\/caadi\">UNESP &#8211; Universidade Estadual Paulista<\/a><\/li><li><a href=\"https:\/\/www.unifal-mg.edu.br\/portal\/tag\/acoes-afirmativas\/\">UNIFAL &#8211; Universidade Federal de Alfenas<\/a><\/li><li>UNIFEI &#8211; Universidade Federal de Itajub\u00e1<\/li><li><a href=\"https:\/\/www.unifesp.br\/reitoria\/prograd\/pro-reitoria-de-graduacao\/avaliacao-institucional\/acoes-afirmativas\">UNIFESP &#8211; Universidade Federal de S\u00e3o Paulo<\/a><\/li><li><a href=\"https:\/\/unilab.edu.br\/propae\/?_ga=2.85175903.710118080.1678110271-2734032.1678110271\">UNILAB &#8211; Universidade Federal da Integra\u00e7\u00e3o Internacional da Lusofonia Afro- Brasileira<\/a><\/li><li><a href=\"https:\/\/sites.unipampa.edu.br\/adafi\/acoes-afirmativas\/\">UNIPAMPA \u2013 Universidade Federal do Pampa<\/a><\/li><li><a href=\"https:\/\/procea.unir.br\/homepage\">UNIR &#8211; Universidade Federal de Rond\u00f4nia<\/a><\/li><li><a href=\"http:\/\/www.unirio.br\/prae\">UNIRIO &#8211; Universidade Federal do Estado do Rio de Janeiro<\/a><\/li><li><a href=\"https:\/\/portais.univasf.edu.br\/reitoria\/coordenacoes\/coordenacao-de-politicas-de-acoes-afirmativas\">UNIVASF &#8211; Universidade Federal do Vale do S\u00e3o Francisco<\/a><\/li><li><a href=\"http:\/\/www.utfpr.edu.br\/noticias\/geral\/publicada-normativa-para-inclusao-de-pessoas-negras-indigenas-e-com-deficiencia-no-stricto-sensu\">UTFPR &#8211; Universidade Tecnol\u00f3gica Federal do Paran\u00e1<\/a><\/li><li><a href=\"https:\/\/catalao.ufg.br\/p\/41549-a-secretaria-de-acoes-afirmativas\">UFCAT &#8211; Universidade Federal de Catal\u00e3o<\/a><\/li><li><a href=\"https:\/\/ufdpar.edu.br\/prae\/paginas\/legislacao-assistencia-estudantil-e-acoes-afirmativas\">UFDPar- Universidade Federal do Delta do Parna\u00edba<\/a><\/li><\/ul>\t\t\t\t\t\t<\/div>\n\t\t\t\t<\/div>\n\t\t\t\t\t<\/div>\n\t\t<\/div>\n\t\t\t\t<div class=\"elementor-column elementor-col-50 elementor-top-column elementor-element elementor-element-8f2ac26\" data-id=\"8f2ac26\" data-element_type=\"column\">\n\t\t\t<div class=\"elementor-widget-wrap elementor-element-populated\">\n\t\t\t\t\t\t<div class=\"elementor-element elementor-element-2f3c7e6 elementor-widget elementor-widget-heading\" data-id=\"2f3c7e6\" data-element_type=\"widget\" data-widget_type=\"heading.default\">\n\t\t\t\t<div class=\"elementor-widget-container\">\n\t\t\t<h5 class=\"elementor-heading-title elementor-size-default\">A\u00e7\u00f5es afirmativas nos Institutos Federais de Educa\u00e7\u00e3o<\/h5>\t\t<\/div>\n\t\t\t\t<\/div>\n\t\t\t\t<div class=\"elementor-element elementor-element-57d3f1c elementor-widget elementor-widget-text-editor\" data-id=\"57d3f1c\" data-element_type=\"widget\" data-widget_type=\"text-editor.default\">\n\t\t\t\t<div class=\"elementor-widget-container\">\n\t\t\t\t\t\t\t<ul><li><a href=\"https:\/\/www.ifac.edu.br\/estudante\/acoes-inclusivas\/acoes-inclusivas\">IFAC &#8211; Instituto Federal do Acre<\/a><\/li><li>IFAL &#8211; Instituto Federal de Alagoas<\/li><li><a href=\"http:\/\/www2.ifam.edu.br\/noticias\/instituto-federal-de-educacao-ciencia-e-tecnologia-do-amazonas-divulga-suas-politicas-de-acoes-afirmativas\">IFAM- Instituto Federal do Amazonas<\/a><\/li><li><a href=\"https:\/\/ifap.edu.br\/index.php\/proeppi\">IFAP &#8211; Instituto Federal do Amap\u00e1<\/a><\/li><li><a href=\"https:\/\/www.ifb.edu.br\/estude-no-ifb\/noticias\/27592-prazo-para-comprovacao-%20das-reservas-de-vagas-encerra-segunda-dia-26\">IFB- Instituto Federal de Bras\u00edlia<\/a><\/li><li><a href=\"https:\/\/portal.ifba.edu.br\/dpaae\/departamentos\/dpaf\">IFBA &#8211; Instituto Federal da Bahia<\/a><\/li><li><a href=\"https:\/\/ifbaiano.edu.br\/portal\/ensino\/\">IFBAIANO &#8211; Instituto Federal Baiano<\/a><\/li><li><a href=\"https:\/\/ingresso.ifc.edu.br\/acoes-afirmativas\/\">IFC &#8211; Instituto Federal Catarinense<\/a><\/li><li><a href=\"https:\/\/ifes.edu.br\/acoes-e-programas\">IFCE &#8211; Instituto Federal do Cear\u00e1<\/a><\/li><li><a href=\"https:\/\/proen.ifes.edu.br\/component\/content\/article\/243-acoes-complementares\/16325-texto-acoes-afirmativas?Itemid=101\">IFES- Instituto Federal do Esp\u00edrito Santo<\/a><\/li><li><a href=\"https:\/\/www.uff.br\/?q=tags\/acoes-afirmativas\">IFF &#8211; Instituto Federal Fluminense<\/a><\/li><li><a href=\"https:\/\/ingresso.iffarroupilha.edu.br\/sistema-de-cotas\">IFFarroupilha &#8211; Instituto Federal Farroupilha<\/a><\/li><li><a href=\"https:\/\/www.ifg.edu.br\/acoes-e-programas\">IFG &#8211; Instituto Federal de Goi\u00e1s<\/a><\/li><li><a href=\"https:\/\/ifgoiano.edu.br\/home\/index.php\/component\/content\/article\/57-destaque\/14484\">IFGoiano &#8211; Instituto Federal de Goiano<\/a><\/li><li><a href=\"https:\/\/portal.ifma.edu.br\/marcador\/acoes-afirmativas\/\">IFMA &#8211; Instituto Federal do Maranh\u00e3o<\/a><\/li><li>IFMG &#8211; Instituto Federal de Minas Gerais<\/li><li><a href=\"https:\/\/www.ifms.edu.br\/acesso-a-informacao\/acoes-e-programas\">IFMS- Instituto Federal do Mato Grosso do Sul<\/a><\/li><li><a href=\"https:\/\/www.ifms.edu.br\/acesso-a-informacao\/acoes-e-programas\/politica-de-cotas\">IFMT &#8211; Instituto Federal do Mato Grosso<\/a><\/li><li><a href=\"https:\/\/www.ifnmg.edu.br\/nainucleodeacoesinclusivas\">IFNMG &#8211; Instituto Federal Norte de Minas Gerais<\/a><\/li><li>IFPA- Instituto Federal do Par\u00e1<\/li><li>IFPB- Instituto Federal da Para\u00edba<\/li><li><a href=\"https:\/\/www.ifpe.edu.br\/acesso_a_informacao\/acoes-programas\">IFPE &#8211; Instituto Federal de Pernambuco<\/a><\/li><li><a href=\"https:\/\/www.ifpi.edu.br\/acesso-a-informacao\/acoes-e-programas\">IFPI &#8211; Instituto Federal do Piau\u00ed<\/a><\/li><li><a href=\"https:\/\/ifpr.edu.br\/menu-academico\/assistencia-estudantil\/\">IFPR &#8211; Instituto Federal do Paran\u00e1<\/a><\/li><li><a href=\"https:\/\/portal.ifrj.edu.br\/proex\/didaa\">IFRJ &#8211; Instituto Federal do Rio de janeiro<\/a><\/li><li>IFRN &#8211; Instituto Federal do rio Grande do Norte<\/li><li>IFRO &#8211; Instituto Federal de Rond\u00f4nia<\/li><li>IFRR &#8211; Instituto Federal de Roraima<\/li><li><a href=\"https:\/\/ifrs.edu.br\/institucional\/reitoria\/nucleo-de-acoes-afirmativas\/\">IFRS &#8211; Instituto Federal do Rio Grande do Sul<\/a><\/li><li><a href=\"http:\/\/www.ifs.edu.br\/acoes-e-programas\">IFS &#8211; Instituto Federal de Sergipe<\/a><\/li><li><a href=\"https:\/\/www.ifsc.edu.br\/acoes-inclusivas\">IFSC &#8211; Instituto Federal de Santa Catarina<\/a><\/li><li><a href=\"https:\/\/www.ifsertaope.edu.br\/index.php\/a-instituicao\/noticias-em-destaque\/14587-acoes-afirmativas\">IFSERT\u00c3O-PE- Instituto Federal do Sert\u00e3o de Pernambucano<\/a><\/li><li>IFSP &#8211; Instituto Federal de S\u00e3o Paulo<\/li><li><a href=\"https:\/\/www.ifsudestemg.edu.br\/documentos-institucionais\/unidades\/reitoria\/pro-reitorias\/ensino\/outros-documentos\/diretoria-de-apoio-ao-discente\/acoes-afirmativas\">IFSUDESTE MG &#8211; Instituto Federal Sudeste de Minas Gerais<\/a><\/li><li>IFSUL &#8211; Instituto Federal Sul-rio-grandense<\/li><li><a href=\"https:\/\/www.ifsudestemg.edu.br\/institucional\/pro-reitorias\/ensino\/estrutura-organizacional\/diretoria-de-apoio-ao-discente\/acoes-afirmativas\">IFSUL DE MINAS &#8211; Instituto Federal do Sul de Minas Gerais\u00a0&#8211;\u00a0SISU<\/a><\/li><li>IFTM &#8211; Instituto Federal do Triangulo Mineiro<\/li><li>IFTO &#8211; Instituto Federal do Tocantins<\/li><\/ul>\t\t\t\t\t\t<\/div>\n\t\t\t\t<\/div>\n\t\t\t\t\t<\/div>\n\t\t<\/div>\n\t\t\t\t\t<\/div>\n\t\t<\/section>\n\t\t\t\t<\/div>\n\t\t","protected":false},"excerpt":{"rendered":"<p>A\u00e7\u00f5es afirmativas nos Universidades Federais FURG \u2013 Universidade Federal de Rio Grande UERJ &#8211; Universidade do Estado do Rio de Janeiro UFABC &#8211; Universidade Federal do ABC UFAC &#8211; Universidade Federal do Acre UFAL &#8211; Universidade Federal de Alagoas UFAM &#8211; Universidade Federal do Amazonas UFBA &#8211; Universidade Federal da Bahia UFC &#8211; Universidade Federal [&hellip;]<\/p>\n","protected":false},"author":115,"featured_media":0,"parent":729,"menu_order":0,"comment_status":"closed","ping_status":"closed","template":"","meta":{"footnotes":""},"categories":[119],"tags":[120],"class_list":["post-534","page","type-page","status-publish","hentry","category-observatorio","tag-observatorio"],"acf":[],"_links":{"self":[{"href":"https:\/\/www.ufsm.br\/pro-reitorias\/prograd\/caed\/wp-json\/wp\/v2\/pages\/534","targetHints":{"allow":["GET"]}}],"collection":[{"href":"https:\/\/www.ufsm.br\/pro-reitorias\/prograd\/caed\/wp-json\/wp\/v2\/pages"}],"about":[{"href":"https:\/\/www.ufsm.br\/pro-reitorias\/prograd\/caed\/wp-json\/wp\/v2\/types\/page"}],"author":[{"embeddable":true,"href":"https:\/\/www.ufsm.br\/pro-reitorias\/prograd\/caed\/wp-json\/wp\/v2\/users\/115"}],"replies":[{"embeddable":true,"href":"https:\/\/www.ufsm.br\/pro-reitorias\/prograd\/caed\/wp-json\/wp\/v2\/comments?post=534"}],"version-history":[{"count":0,"href":"https:\/\/www.ufsm.br\/pro-reitorias\/prograd\/caed\/wp-json\/wp\/v2\/pages\/534\/revisions"}],"up":[{"embeddable":true,"href":"https:\/\/www.ufsm.br\/pro-reitorias\/prograd\/caed\/wp-json\/wp\/v2\/pages\/729"}],"wp:attachment":[{"href":"https:\/\/www.ufsm.br\/pro-reitorias\/prograd\/caed\/wp-json\/wp\/v2\/media?parent=534"}],"wp:term":[{"taxonomy":"category","embeddable":true,"href":"https:\/\/www.ufsm.br\/pro-reitorias\/prograd\/caed\/wp-json\/wp\/v2\/categories?post=534"},{"taxonomy":"post_tag","embeddable":true,"href":"https:\/\/www.ufsm.br\/pro-reitorias\/prograd\/caed\/wp-json\/wp\/v2\/tags?post=534"}],"curies":[{"name":"wp","href":"https:\/\/api.w.org\/{rel}","templated":true}]}}