{"id":6077,"date":"2023-05-11T11:39:29","date_gmt":"2023-05-11T14:39:29","guid":{"rendered":"https:\/\/www.ufsm.br\/pro-reitorias\/prograd\/caed\/?page_id=6077"},"modified":"2023-05-29T10:47:15","modified_gmt":"2023-05-29T13:47:15","slug":"resolucoes-e-instrucoes-normativas","status":"publish","type":"page","link":"https:\/\/www.ufsm.br\/pro-reitorias\/prograd\/caed\/resolucoes-e-instrucoes-normativas","title":{"rendered":"Resolu\u00e7\u00f5es, Instru\u00e7\u00f5es Normativas e Portarias"},"content":{"rendered":"\t\t<div data-elementor-type=\"wp-page\" data-elementor-id=\"6077\" class=\"elementor elementor-6077\">\n\t\t\t\t\t\t<section class=\"elementor-section elementor-top-section elementor-element elementor-element-c66e995 elementor-section-boxed elementor-section-height-default elementor-section-height-default\" data-id=\"c66e995\" data-element_type=\"section\">\n\t\t\t\t\t\t<div class=\"elementor-container elementor-column-gap-default\">\n\t\t\t\t\t<div class=\"elementor-column elementor-col-100 elementor-top-column elementor-element elementor-element-ccc07e1\" data-id=\"ccc07e1\" data-element_type=\"column\">\n\t\t\t<div class=\"elementor-widget-wrap elementor-element-populated\">\n\t\t\t\t\t\t<div class=\"elementor-element elementor-element-591f445 elementor-widget elementor-widget-toggle\" data-id=\"591f445\" data-element_type=\"widget\" data-widget_type=\"toggle.default\">\n\t\t\t\t<div class=\"elementor-widget-container\">\n\t\t\t\t\t<div class=\"elementor-toggle\">\n\t\t\t\t\t\t\t<div class=\"elementor-toggle-item\">\n\t\t\t\t\t<div id=\"elementor-tab-title-9341\" class=\"elementor-tab-title\" data-tab=\"1\" role=\"button\" aria-controls=\"elementor-tab-content-9341\" aria-expanded=\"false\">\n\t\t\t\t\t\t\t\t\t\t\t\t<span class=\"elementor-toggle-icon elementor-toggle-icon-left\" aria-hidden=\"true\">\n\t\t\t\t\t\t\t\t\t\t\t\t\t\t\t<span class=\"elementor-toggle-icon-closed\"><i class=\"fas fa-caret-right\"><\/i><\/span>\n\t\t\t\t\t\t\t\t<span class=\"elementor-toggle-icon-opened\"><i class=\"elementor-toggle-icon-opened fas fa-caret-up\"><\/i><\/span>\n\t\t\t\t\t\t\t\t\t\t\t\t\t<\/span>\n\t\t\t\t\t\t\t\t\t\t\t\t<a class=\"elementor-toggle-title\" tabindex=\"0\">Resolu\u00e7\u00f5es<\/a>\n\t\t\t\t\t<\/div>\n\n\t\t\t\t\t<div id=\"elementor-tab-content-9341\" class=\"elementor-tab-content elementor-clearfix\" data-tab=\"1\" role=\"region\" aria-labelledby=\"elementor-tab-title-9341\"><ul><li><a href=\"https:\/\/www.ufsm.br\/pro-reitorias\/proplan\/resolucao-ufsm-n-110-2022\">Resolu\u00e7\u00e3o 110\/2022 &#8211; Aprova a cria\u00e7\u00e3o do \u00f3rg\u00e3o colegiado denominado \u201cComit\u00ea de Sa\u00fade Mental (COSAME)\u201d vinculado ao Gabinete do Reitor na estrutura organizacional da Universidade Federal de Santa Maria (UFSM).<\/a><\/li><li><a href=\"https:\/\/www.ufsm.br\/pro-reitorias\/proplan\/resolucao-ufsm-n-041-2021\">Resolu\u00e7\u00e3o 041\/2021 &#8211; Estabelece a nova estrutura organizacional da Pr\u00f3-Reitoria de Gradua\u00e7\u00e3o (PROGRAD) da Universidade Federal de Santa Maria (UFSM), suas compet\u00eancias e atribui\u00e7\u00f5es e altera o Regimento Geral da UFSM.<\/a><\/li><li><a href=\"https:\/\/www.ufsm.br\/pro-reitorias\/proplan\/resolucao-n-030-2017\">Resolu\u00e7\u00e3o 030\/2017 &#8211; Aprova a altera\u00e7\u00e3o do Regimento Interno da Coordenadoria de A\u00e7\u00f5es Educacionais da UFSM, \u00d3rg\u00e3o Executivo da Administra\u00e7\u00e3o Superior.<\/a>\u00a0<\/li><li><a href=\"https:\/\/www.ufsm.br\/pro-reitorias\/proplan\/resolucao-n-019-2016\">Resolu\u00e7\u00e3o 019\/2016 &#8211; Aprova a cria\u00e7\u00e3o da Coordenadoria de A\u00e7\u00f5es Educacionais da UFSM como \u00d3rg\u00e3o Executivo da Administra\u00e7\u00e3o Superior diretamente subordinada ao Gabinete do Reitor e institui seu Regulamento Interno.<\/a><\/li><li><a style=\"color: #1a3d73;font-size: 16px\" href=\"https:\/\/www.ufsm.br\/pro-reitorias\/proplan\/resolucao-n-033-2015\">Resolu\u00e7\u00e3o 33\/2015 &#8211; Regulamenta o processo de acompanhamento pedag\u00f3gico e cancelamento de matr\u00edcula e v\u00ednculo com a Universidade Federal de Santa Maria, e revoga a Resolu\u00e7\u00e3o N. 009\/98.<\/a><\/li><\/ul><\/div>\n\t\t\t\t<\/div>\n\t\t\t\t\t\t\t<div class=\"elementor-toggle-item\">\n\t\t\t\t\t<div id=\"elementor-tab-title-9342\" class=\"elementor-tab-title\" data-tab=\"2\" role=\"button\" aria-controls=\"elementor-tab-content-9342\" aria-expanded=\"false\">\n\t\t\t\t\t\t\t\t\t\t\t\t<span class=\"elementor-toggle-icon elementor-toggle-icon-left\" aria-hidden=\"true\">\n\t\t\t\t\t\t\t\t\t\t\t\t\t\t\t<span class=\"elementor-toggle-icon-closed\"><i class=\"fas fa-caret-right\"><\/i><\/span>\n\t\t\t\t\t\t\t\t<span class=\"elementor-toggle-icon-opened\"><i class=\"elementor-toggle-icon-opened fas fa-caret-up\"><\/i><\/span>\n\t\t\t\t\t\t\t\t\t\t\t\t\t<\/span>\n\t\t\t\t\t\t\t\t\t\t\t\t<a class=\"elementor-toggle-title\" tabindex=\"0\">Instru\u00e7\u00f5es Normativas<\/a>\n\t\t\t\t\t<\/div>\n\n\t\t\t\t\t<div id=\"elementor-tab-content-9342\" class=\"elementor-tab-content elementor-clearfix\" data-tab=\"2\" role=\"region\" aria-labelledby=\"elementor-tab-title-9342\"><ul><li><a href=\"https:\/\/portal.ufsm.br\/documentos\/publico\/documento.html?id=14441555\">Instru\u00e7\u00e3o Normativa N. 019\/2022 \u2013 PROGRAD, de 19 de outubro de 2022: Disp\u00f5e sobre os procedimentos administrativos para a implementa\u00e7\u00e3o do disposto na Resolu\u00e7\u00e3o N.\u00ba 033\/2015 da UFSM e revoga a Instru\u00e7\u00e3o Normativa 01\/2016.\u00a0<\/a><\/li><\/ul><\/div>\n\t\t\t\t<\/div>\n\t\t\t\t\t\t\t<div class=\"elementor-toggle-item\">\n\t\t\t\t\t<div id=\"elementor-tab-title-9343\" class=\"elementor-tab-title\" data-tab=\"3\" role=\"button\" aria-controls=\"elementor-tab-content-9343\" aria-expanded=\"false\">\n\t\t\t\t\t\t\t\t\t\t\t\t<span class=\"elementor-toggle-icon elementor-toggle-icon-left\" aria-hidden=\"true\">\n\t\t\t\t\t\t\t\t\t\t\t\t\t\t\t<span class=\"elementor-toggle-icon-closed\"><i class=\"fas fa-caret-right\"><\/i><\/span>\n\t\t\t\t\t\t\t\t<span class=\"elementor-toggle-icon-opened\"><i class=\"elementor-toggle-icon-opened fas fa-caret-up\"><\/i><\/span>\n\t\t\t\t\t\t\t\t\t\t\t\t\t<\/span>\n\t\t\t\t\t\t\t\t\t\t\t\t<a class=\"elementor-toggle-title\" tabindex=\"0\">Portarias<\/a>\n\t\t\t\t\t<\/div>\n\n\t\t\t\t\t<div id=\"elementor-tab-content-9343\" class=\"elementor-tab-content elementor-clearfix\" data-tab=\"3\" role=\"region\" aria-labelledby=\"elementor-tab-title-9343\"><ul><li><a href=\"https:\/\/www.ufsm.br\/app\/uploads\/sites\/391\/2023\/05\/PORT_PES_UFSM_2023_614.pdf\">Portaria de Pessoal UFSM N. 614, de 14 de mar\u00e7o de 2023 &#8211; DESIGNA os servidores relacionados para comporem o Comit\u00ea de Sa\u00fade Mental (COSAME), vinculado ao Gabinete do Reitor na estrutura organizacional da Universidade Federal de Santa Maria (UFSM), pelo per\u00edodo de 2 (dois) anos.<\/a><\/li><\/ul><\/div>\n\t\t\t\t<\/div>\n\t\t\t\t\t\t\t\t<\/div>\n\t\t\t\t<\/div>\n\t\t\t\t<\/div>\n\t\t\t\t\t<\/div>\n\t\t<\/div>\n\t\t\t\t\t<\/div>\n\t\t<\/section>\n\t\t\t\t<\/div>\n\t\t","protected":false},"excerpt":{"rendered":"<p>Resolu\u00e7\u00f5es Resolu\u00e7\u00e3o 110\/2022 \u2013 Aprova a cria\u00e7\u00e3o do \u00f3rg\u00e3o colegiado denominado \u201cComit\u00ea de Sa\u00fade Mental (COSAME)\u201d vinculado ao Gabinete do Reitor na estrutura organizacional da Universidade Federal de Santa Maria (UFSM). Resolu\u00e7\u00e3o 041\/2021 \u2013 Estabelece a nova estrutura organizacional da Pr\u00f3-Reitoria de Gradua\u00e7\u00e3o (PROGRAD) da Universidade Federal de Santa Maria (UFSM), suas compet\u00eancias e atribui\u00e7\u00f5es [&hellip;]<\/p>\n","protected":false},"author":281,"featured_media":0,"parent":0,"menu_order":0,"comment_status":"closed","ping_status":"closed","template":"","meta":{"footnotes":""},"categories":[],"tags":[],"class_list":["post-6077","page","type-page","status-publish","hentry"],"acf":[],"_links":{"self":[{"href":"https:\/\/www.ufsm.br\/pro-reitorias\/prograd\/caed\/wp-json\/wp\/v2\/pages\/6077","targetHints":{"allow":["GET"]}}],"collection":[{"href":"https:\/\/www.ufsm.br\/pro-reitorias\/prograd\/caed\/wp-json\/wp\/v2\/pages"}],"about":[{"href":"https:\/\/www.ufsm.br\/pro-reitorias\/prograd\/caed\/wp-json\/wp\/v2\/types\/page"}],"author":[{"embeddable":true,"href":"https:\/\/www.ufsm.br\/pro-reitorias\/prograd\/caed\/wp-json\/wp\/v2\/users\/281"}],"replies":[{"embeddable":true,"href":"https:\/\/www.ufsm.br\/pro-reitorias\/prograd\/caed\/wp-json\/wp\/v2\/comments?post=6077"}],"version-history":[{"count":0,"href":"https:\/\/www.ufsm.br\/pro-reitorias\/prograd\/caed\/wp-json\/wp\/v2\/pages\/6077\/revisions"}],"wp:attachment":[{"href":"https:\/\/www.ufsm.br\/pro-reitorias\/prograd\/caed\/wp-json\/wp\/v2\/media?parent=6077"}],"wp:term":[{"taxonomy":"category","embeddable":true,"href":"https:\/\/www.ufsm.br\/pro-reitorias\/prograd\/caed\/wp-json\/wp\/v2\/categories?post=6077"},{"taxonomy":"post_tag","embeddable":true,"href":"https:\/\/www.ufsm.br\/pro-reitorias\/prograd\/caed\/wp-json\/wp\/v2\/tags?post=6077"}],"curies":[{"name":"wp","href":"https:\/\/api.w.org\/{rel}","templated":true}]}}