{"id":6086,"date":"2023-05-12T13:46:10","date_gmt":"2023-05-12T16:46:10","guid":{"rendered":"https:\/\/www.ufsm.br\/pro-reitorias\/prograd\/caed\/?page_id=6086"},"modified":"2025-09-19T14:24:26","modified_gmt":"2025-09-19T17:24:26","slug":"materiais-educacao-saude","status":"publish","type":"page","link":"https:\/\/www.ufsm.br\/pro-reitorias\/prograd\/caed\/materiais-educacao-saude","title":{"rendered":"Materiais Educa\u00e7\u00e3o-Sa\u00fade"},"content":{"rendered":"\n<p><a href=\"https:\/\/www.ufsm.br\/app\/uploads\/sites\/391\/2023\/05\/E-book-ansiedade.pdf\" target=\"_blank\" rel=\"noopener\"><strong>ANSIEDADE: caracter\u00edsticas e t\u00e9cnicas de al\u00edvio<\/strong><\/a><\/p>\n<p><strong><a href=\"https:\/\/www.ufsm.br\/app\/uploads\/sites\/391\/2024\/08\/Folheto-de-Divulgacao-dos-Grupos-e-Oficinas-de-Acolhimento-em-Saude-Mental-da-CAEd.pdf\" target=\"_blank\" rel=\"noopener\">Folheto de Divulga\u00e7\u00e3o dos Grupos e Oficinas de Acolhimento em Sa\u00fade Mental da CAEd<\/a><\/strong><\/p>\n<p><strong><a href=\"https:\/\/www.ufsm.br\/app\/uploads\/sites\/391\/2024\/08\/BANNER-DESCUBRA-CAED-SAUDE.pdf\">Folheto Descubra UFSM CAEd<\/a><\/strong><\/p>\n<p><a href=\"https:\/\/www.ufsm.br\/pro-reitorias\/prograd\/caed\/2024\/05\/24\/mensagem-da-equipe-educacao-saude-da-caed-em-relacao-a-situacao-de-calamidade-do-estado-do-rs\"><strong>Mensagem da Equipe Educa\u00e7\u00e3o-Sa\u00fade da CAEd em rela\u00e7\u00e3o \u00e0 situa\u00e7\u00e3o de calamidade do estado do RS<\/strong><\/a><\/p>\n<p><a href=\"https:\/\/www.ufsm.br\/app\/uploads\/sites\/391\/2024\/09\/Saude-Mental-Acolher-e-Cuidar.pdf\" target=\"_blank\" rel=\"noopener\"><strong>Livreto &#8220;Sa\u00fade Mental: Acolher e Cuidar&#8221;<\/strong><\/a><\/p>\n<p><strong><a href=\"https:\/\/www.ufsm.br\/app\/uploads\/sites\/391\/2025\/08\/MANUAL-DA-SAUDE-MENTAL-UM-GUIA-PARA-O-ESTUDANTE.pdf\" target=\"_blank\" rel=\"noopener\">MANUAL DA SA\u00daDE MENTAL: UM GUIA PARA O ESTUDANTE<\/a><\/strong><\/p>\n<p><a href=\"https:\/\/drive.google.com\/file\/d\/1dc2Rf6nfmxTiytAZEzdnW7iarZx9nMVy\/view?usp=drive_link\" target=\"_blank\" rel=\"noopener\"><strong>Cartilha &#8211; Sa\u00fade Mental e Preven\u00e7\u00e3o ao Suic\u00eddio na Universidade: Acolhimento e Pr\u00e1ticas de Cuidado<\/strong><\/a><\/p>\n<p>\u00a0<\/p>\n<p>\u00a0<\/p>\n","protected":false},"excerpt":{"rendered":"<p>ANSIEDADE: caracter\u00edsticas e t\u00e9cnicas de al\u00edvio Folheto de Divulga\u00e7\u00e3o dos Grupos e Oficinas de Acolhimento em Sa\u00fade Mental da CAEd Folheto Descubra UFSM CAEd Mensagem da Equipe Educa\u00e7\u00e3o-Sa\u00fade da CAEd em rela\u00e7\u00e3o \u00e0 situa\u00e7\u00e3o de calamidade do estado do RS Livreto &#8220;Sa\u00fade Mental: Acolher e Cuidar&#8221; MANUAL DA SA\u00daDE MENTAL: UM GUIA PARA O ESTUDANTE [&hellip;]<\/p>\n","protected":false},"author":281,"featured_media":0,"parent":0,"menu_order":0,"comment_status":"closed","ping_status":"closed","template":"","meta":{"footnotes":""},"categories":[],"tags":[],"class_list":["post-6086","page","type-page","status-publish","hentry"],"acf":[],"_links":{"self":[{"href":"https:\/\/www.ufsm.br\/pro-reitorias\/prograd\/caed\/wp-json\/wp\/v2\/pages\/6086","targetHints":{"allow":["GET"]}}],"collection":[{"href":"https:\/\/www.ufsm.br\/pro-reitorias\/prograd\/caed\/wp-json\/wp\/v2\/pages"}],"about":[{"href":"https:\/\/www.ufsm.br\/pro-reitorias\/prograd\/caed\/wp-json\/wp\/v2\/types\/page"}],"author":[{"embeddable":true,"href":"https:\/\/www.ufsm.br\/pro-reitorias\/prograd\/caed\/wp-json\/wp\/v2\/users\/281"}],"replies":[{"embeddable":true,"href":"https:\/\/www.ufsm.br\/pro-reitorias\/prograd\/caed\/wp-json\/wp\/v2\/comments?post=6086"}],"version-history":[{"count":0,"href":"https:\/\/www.ufsm.br\/pro-reitorias\/prograd\/caed\/wp-json\/wp\/v2\/pages\/6086\/revisions"}],"wp:attachment":[{"href":"https:\/\/www.ufsm.br\/pro-reitorias\/prograd\/caed\/wp-json\/wp\/v2\/media?parent=6086"}],"wp:term":[{"taxonomy":"category","embeddable":true,"href":"https:\/\/www.ufsm.br\/pro-reitorias\/prograd\/caed\/wp-json\/wp\/v2\/categories?post=6086"},{"taxonomy":"post_tag","embeddable":true,"href":"https:\/\/www.ufsm.br\/pro-reitorias\/prograd\/caed\/wp-json\/wp\/v2\/tags?post=6086"}],"curies":[{"name":"wp","href":"https:\/\/api.w.org\/{rel}","templated":true}]}}