{"id":6089,"date":"2023-05-12T17:08:26","date_gmt":"2023-05-12T20:08:26","guid":{"rendered":"https:\/\/www.ufsm.br\/pro-reitorias\/prograd\/caed\/?page_id=6089"},"modified":"2023-06-19T16:30:10","modified_gmt":"2023-06-19T19:30:10","slug":"sobre-a-educacao-saude","status":"publish","type":"page","link":"https:\/\/www.ufsm.br\/pro-reitorias\/prograd\/caed\/sobre-a-educacao-saude","title":{"rendered":"Sobre a Educa\u00e7\u00e3o-Sa\u00fade"},"content":{"rendered":"\t\t<div data-elementor-type=\"wp-page\" data-elementor-id=\"6089\" class=\"elementor elementor-6089\">\n\t\t\t\t\t\t<section class=\"elementor-section elementor-top-section elementor-element elementor-element-5071b5c elementor-section-boxed elementor-section-height-default elementor-section-height-default\" data-id=\"5071b5c\" data-element_type=\"section\">\n\t\t\t\t\t\t<div class=\"elementor-container elementor-column-gap-default\">\n\t\t\t\t\t<div class=\"elementor-column elementor-col-100 elementor-top-column elementor-element elementor-element-704a038\" data-id=\"704a038\" data-element_type=\"column\">\n\t\t\t<div class=\"elementor-widget-wrap elementor-element-populated\">\n\t\t\t\t\t\t<div class=\"elementor-element elementor-element-c565bf8 elementor-widget elementor-widget-text-editor\" data-id=\"c565bf8\" data-element_type=\"widget\" data-widget_type=\"text-editor.default\">\n\t\t\t\t<div class=\"elementor-widget-container\">\n\t\t\t\t\t\t\t<p><span><span style=\"font-size: 12pt;font-family: Arial;vertical-align: baseline\">A Coordenadoria de A\u00e7\u00f5es Educacionais (CAEd) realiza a\u00e7\u00f5es de preven\u00e7\u00e3o e promo\u00e7\u00e3o \u00e0&nbsp;sa\u00fade mental da comunidade acad\u00eamica da UFSM. Prop\u00f5e espa\u00e7os de escuta \u00e0s demandas de&nbsp;sofrimento ps\u00edquico dos estudantes, e promove a\u00e7\u00f5es com as unidades acad\u00eamicas no que diz&nbsp;respeito \u00e0 tem\u00e1tica educa\u00e7\u00e3o e sa\u00fade na universidade<\/span><span style=\"font-size: 11pt;font-family: Arial;background-color: transparent;vertical-align: baseline\">. <\/span><span style=\"font-size: 12pt;font-family: Arial;vertical-align: baseline\">O trabalho abrange escuta especializada de acolhimento em sa\u00fade mental, realiza\u00e7\u00e3o de grupos, rodas de conversa, palestras, oficinas, etc.,&nbsp;bem como orienta\u00e7\u00f5es e poss\u00edveis encaminhamentos conforme as especificidades de cada situa\u00e7\u00e3o.<\/span><\/span><br><\/p>\n<p>At\u00e9 o ano de 2020, as a\u00e7\u00f5es voltadas \u00e0 educa\u00e7\u00e3o-sa\u00fade eram desenvolvidas dentro da Subdivis\u00e3o de Apoio \u00e0 Aprendizagem da Coordenadoria de A\u00e7\u00f5es Educacionais. A partir de 2021, os atendimentos psicol\u00f3gicos e demais a\u00e7\u00f5es voltadas \u00e0 educa\u00e7\u00e3o-sa\u00fade passaram a ser desenvolvidas e geridas pela CAED, saindo do setor de Apoio \u00e0 Aprendizagem ao qual pertenciam desde a sua origem.<\/p>\t\t\t\t\t\t<\/div>\n\t\t\t\t<\/div>\n\t\t\t\t\t<\/div>\n\t\t<\/div>\n\t\t\t\t\t<\/div>\n\t\t<\/section>\n\t\t\t\t<\/div>\n\t\t","protected":false},"excerpt":{"rendered":"<p>A Coordenadoria de A\u00e7\u00f5es Educacionais (CAEd) realiza a\u00e7\u00f5es de preven\u00e7\u00e3o e promo\u00e7\u00e3o \u00e0&nbsp;sa\u00fade mental da comunidade acad\u00eamica da UFSM. Prop\u00f5e espa\u00e7os de escuta \u00e0s demandas de&nbsp;sofrimento ps\u00edquico dos estudantes, e promove a\u00e7\u00f5es com as unidades acad\u00eamicas no que diz&nbsp;respeito \u00e0 tem\u00e1tica educa\u00e7\u00e3o e sa\u00fade na universidade. O trabalho abrange escuta especializada de acolhimento em sa\u00fade [&hellip;]<\/p>\n","protected":false},"author":281,"featured_media":0,"parent":0,"menu_order":0,"comment_status":"closed","ping_status":"closed","template":"","meta":{"footnotes":""},"categories":[],"tags":[],"class_list":["post-6089","page","type-page","status-publish","hentry"],"acf":[],"_links":{"self":[{"href":"https:\/\/www.ufsm.br\/pro-reitorias\/prograd\/caed\/wp-json\/wp\/v2\/pages\/6089","targetHints":{"allow":["GET"]}}],"collection":[{"href":"https:\/\/www.ufsm.br\/pro-reitorias\/prograd\/caed\/wp-json\/wp\/v2\/pages"}],"about":[{"href":"https:\/\/www.ufsm.br\/pro-reitorias\/prograd\/caed\/wp-json\/wp\/v2\/types\/page"}],"author":[{"embeddable":true,"href":"https:\/\/www.ufsm.br\/pro-reitorias\/prograd\/caed\/wp-json\/wp\/v2\/users\/281"}],"replies":[{"embeddable":true,"href":"https:\/\/www.ufsm.br\/pro-reitorias\/prograd\/caed\/wp-json\/wp\/v2\/comments?post=6089"}],"version-history":[{"count":0,"href":"https:\/\/www.ufsm.br\/pro-reitorias\/prograd\/caed\/wp-json\/wp\/v2\/pages\/6089\/revisions"}],"wp:attachment":[{"href":"https:\/\/www.ufsm.br\/pro-reitorias\/prograd\/caed\/wp-json\/wp\/v2\/media?parent=6089"}],"wp:term":[{"taxonomy":"category","embeddable":true,"href":"https:\/\/www.ufsm.br\/pro-reitorias\/prograd\/caed\/wp-json\/wp\/v2\/categories?post=6089"},{"taxonomy":"post_tag","embeddable":true,"href":"https:\/\/www.ufsm.br\/pro-reitorias\/prograd\/caed\/wp-json\/wp\/v2\/tags?post=6089"}],"curies":[{"name":"wp","href":"https:\/\/api.w.org\/{rel}","templated":true}]}}