{"id":6108,"date":"2023-05-19T16:47:42","date_gmt":"2023-05-19T19:47:42","guid":{"rendered":"https:\/\/www.ufsm.br\/pro-reitorias\/prograd\/caed\/?page_id=6108"},"modified":"2023-05-19T17:05:41","modified_gmt":"2023-05-19T20:05:41","slug":"outras-publicacoes-caed","status":"publish","type":"page","link":"https:\/\/www.ufsm.br\/pro-reitorias\/prograd\/caed\/outras-publicacoes-caed","title":{"rendered":"Outras Publica\u00e7\u00f5es CAEd"},"content":{"rendered":"\t\t<div data-elementor-type=\"wp-page\" data-elementor-id=\"6108\" class=\"elementor elementor-6108\">\n\t\t\t\t\t\t<section class=\"elementor-section elementor-top-section elementor-element elementor-element-2e673f9 elementor-section-boxed elementor-section-height-default elementor-section-height-default\" data-id=\"2e673f9\" data-element_type=\"section\">\n\t\t\t\t\t\t<div class=\"elementor-container elementor-column-gap-default\">\n\t\t\t\t\t<div class=\"elementor-column elementor-col-100 elementor-top-column elementor-element elementor-element-a2fbcb1\" data-id=\"a2fbcb1\" data-element_type=\"column\">\n\t\t\t<div class=\"elementor-widget-wrap elementor-element-populated\">\n\t\t\t\t\t\t<div class=\"elementor-element elementor-element-c9777b3 elementor-widget elementor-widget-toggle\" data-id=\"c9777b3\" data-element_type=\"widget\" data-widget_type=\"toggle.default\">\n\t\t\t\t<div class=\"elementor-widget-container\">\n\t\t\t\t\t<div class=\"elementor-toggle\">\n\t\t\t\t\t\t\t<div class=\"elementor-toggle-item\">\n\t\t\t\t\t<div id=\"elementor-tab-title-2111\" class=\"elementor-tab-title\" data-tab=\"1\" role=\"button\" aria-controls=\"elementor-tab-content-2111\" aria-expanded=\"false\">\n\t\t\t\t\t\t\t\t\t\t\t\t<span class=\"elementor-toggle-icon elementor-toggle-icon-left\" aria-hidden=\"true\">\n\t\t\t\t\t\t\t\t\t\t\t\t\t\t\t<span class=\"elementor-toggle-icon-closed\"><i class=\"fas fa-caret-right\"><\/i><\/span>\n\t\t\t\t\t\t\t\t<span class=\"elementor-toggle-icon-opened\"><i class=\"elementor-toggle-icon-opened fas fa-caret-up\"><\/i><\/span>\n\t\t\t\t\t\t\t\t\t\t\t\t\t<\/span>\n\t\t\t\t\t\t\t\t\t\t\t\t<a class=\"elementor-toggle-title\" tabindex=\"0\">Acessibilidade<\/a>\n\t\t\t\t\t<\/div>\n\n\t\t\t\t\t<div id=\"elementor-tab-content-2111\" class=\"elementor-tab-content elementor-clearfix\" data-tab=\"1\" role=\"region\" aria-labelledby=\"elementor-tab-title-2111\"><ul><li><a href=\"https:\/\/ntetube.nte.ufsm.br\/v\/1679315460\">Informa\u00e7\u00f5es importantes para Estudantes Surdos<\/a><\/li><li><a href=\"https:\/\/www.ufsm.br\/app\/uploads\/sites\/391\/2023\/04\/Como-facilitar-a-inclusao-de-estudantes-com-deficiencia.pdf\">Como facilitar a inclus\u00e3o de estudantes com defici\u00eancia<\/a><\/li><li><a href=\"https:\/\/www.ufsm.br\/app\/uploads\/sites\/391\/2023\/04\/Guia-Transtorno-do-Espectro-Autista-TEA-na-Educacao-Profssional-e-Tecnologica-e-na-Educacao-Superior-Alternativas-e-Adaptacoes-Curriculares.pdf\">Guia: Transtorno do Espectro Autista TEA na Educa\u00e7\u00e3o Profssional e Tecnol\u00f3gica e na Educa\u00e7\u00e3o Superior \u2013 Alternativas e Adapta\u00e7\u00f5es Curriculares<\/a><\/li><li><a href=\"https:\/\/www.ufsm.br\/app\/uploads\/sites\/391\/2023\/04\/Guia-Estudantes-Surdos-na-Educacao-Profissional-e-Superior-conceitos-alternativas-e-adaptacoes-pedagogicas-1.pdf\">Guia: Estudantes Surdos na Educa\u00e7\u00e3o Profissional e Superior \u2013 conceitos alternativas e adapta\u00e7\u00f5es pedag\u00f3gicas<\/a><\/li><li><a href=\"https:\/\/www.ufsm.br\/app\/uploads\/sites\/391\/2023\/03\/Deficiencia-Intelectual-na-Educacao-Profissional-e-Superior-Alternativas-e-Adaptacoes-Pedagogicas.pdf\">Guia: Defici\u00eancia Intelectual na Educa\u00e7\u00e3o Profissional e Superior \u2013 Alternativas e Adapta\u00e7\u00f5es Pedag\u00f3gicas<\/a><\/li><li><a href=\"https:\/\/www.ufsm.br\/app\/uploads\/sites\/391\/2022\/12\/Guia-O-estudante-com-Altas-Habilidades-Superdotacao-no-Ensino-Profissional-e-Superior.pdf\">Guia: O estudante com Altas Habilidades -Superdota\u00e7\u00e3o no Ensino Profissional e Superior<\/a><\/li><li><a href=\"https:\/\/www.ufsm.br\/app\/uploads\/sites\/391\/2022\/11\/Guia-Estudantes-com-cegueira-na-educacao-superior.pdf\">Guia: Estudantes com cegueira na educa\u00e7\u00e3o superior<\/a><\/li><li><a href=\"https:\/\/www.ufsm.br\/app\/uploads\/sites\/391\/2022\/07\/Guia-deficiencia-auditiva2022-2.pdf\">Guia: Estudantes com Defici\u00eancia Auditiva na Educa\u00e7\u00e3o Superior: Como favorecer a comunica\u00e7\u00e3o e a aprendizagem?<\/a><\/li><li><a href=\"https:\/\/www.ufsm.br\/orgaos-executivos\/caed\/2020\/06\/05\/minimanual-de-acessibilidade-comunicacional\/\">Minimanual de Acessibilidade Comunicacional\u00a0<\/a><\/li><li><a href=\"https:\/\/www.ufsm.br\/app\/uploads\/sites\/391\/2022\/10\/O-que-e-Descricao-de-imagem.pdf\">O que \u00e9 Descri\u00e7\u00e3o de imagem?<\/a><\/li><li><a href=\"https:\/\/www.ufsm.br\/app\/uploads\/sites\/391\/2020\/05\/Tutorial-inserindo-legenda-em-v%C3%ADdeos.pdf\">Tutorial: Inserindo\u00a0legenda em v\u00eddeos<\/a><\/li><li><a href=\"https:\/\/www.ufsm.br\/orgaos-executivos\/caed\/wp-content\/uploads\/sites\/391\/2020\/04\/ACESSIBILIDADE-PARA-DA.pdf\">Acessibilidade em videoaulas para estudantes com defici\u00eancia auditiva<\/a><\/li><\/ul><\/div>\n\t\t\t\t<\/div>\n\t\t\t\t\t\t\t<div class=\"elementor-toggle-item\">\n\t\t\t\t\t<div id=\"elementor-tab-title-2112\" class=\"elementor-tab-title\" data-tab=\"2\" role=\"button\" aria-controls=\"elementor-tab-content-2112\" aria-expanded=\"false\">\n\t\t\t\t\t\t\t\t\t\t\t\t<span class=\"elementor-toggle-icon elementor-toggle-icon-left\" aria-hidden=\"true\">\n\t\t\t\t\t\t\t\t\t\t\t\t\t\t\t<span class=\"elementor-toggle-icon-closed\"><i class=\"fas fa-caret-right\"><\/i><\/span>\n\t\t\t\t\t\t\t\t<span class=\"elementor-toggle-icon-opened\"><i class=\"elementor-toggle-icon-opened fas fa-caret-up\"><\/i><\/span>\n\t\t\t\t\t\t\t\t\t\t\t\t\t<\/span>\n\t\t\t\t\t\t\t\t\t\t\t\t<a class=\"elementor-toggle-title\" tabindex=\"0\">Apoio \u00e0 Aprendizagem<\/a>\n\t\t\t\t\t<\/div>\n\n\t\t\t\t\t<div id=\"elementor-tab-content-2112\" class=\"elementor-tab-content elementor-clearfix\" data-tab=\"2\" role=\"region\" aria-labelledby=\"elementor-tab-title-2112\"><p><a href=\"https:\/\/www.ufsm.br\/pro-reitorias\/prograd\/caed\/orientacoes-e-materiais-do-nucleo-de-aprendizagem-anima\">Orienta\u00e7\u00f5es e materiais<\/a><\/p><\/div>\n\t\t\t\t<\/div>\n\t\t\t\t\t\t\t<div class=\"elementor-toggle-item\">\n\t\t\t\t\t<div id=\"elementor-tab-title-2113\" class=\"elementor-tab-title\" data-tab=\"3\" role=\"button\" aria-controls=\"elementor-tab-content-2113\" aria-expanded=\"false\">\n\t\t\t\t\t\t\t\t\t\t\t\t<span class=\"elementor-toggle-icon elementor-toggle-icon-left\" aria-hidden=\"true\">\n\t\t\t\t\t\t\t\t\t\t\t\t\t\t\t<span class=\"elementor-toggle-icon-closed\"><i class=\"fas fa-caret-right\"><\/i><\/span>\n\t\t\t\t\t\t\t\t<span class=\"elementor-toggle-icon-opened\"><i class=\"elementor-toggle-icon-opened fas fa-caret-up\"><\/i><\/span>\n\t\t\t\t\t\t\t\t\t\t\t\t\t<\/span>\n\t\t\t\t\t\t\t\t\t\t\t\t<a class=\"elementor-toggle-title\" tabindex=\"0\">Educa\u00e7\u00e3o-sa\u00fade<\/a>\n\t\t\t\t\t<\/div>\n\n\t\t\t\t\t<div id=\"elementor-tab-content-2113\" class=\"elementor-tab-content elementor-clearfix\" data-tab=\"3\" role=\"region\" aria-labelledby=\"elementor-tab-title-2113\"><p><a href=\"https:\/\/www.ufsm.br\/pro-reitorias\/prograd\/caed\/materiais-educacao-saude\">Materiais Educa\u00e7\u00e3o-Sa\u00fade<\/a><\/p><\/div>\n\t\t\t\t<\/div>\n\t\t\t\t\t\t\t\t<\/div>\n\t\t\t\t<\/div>\n\t\t\t\t<\/div>\n\t\t\t\t\t<\/div>\n\t\t<\/div>\n\t\t\t\t\t<\/div>\n\t\t<\/section>\n\t\t\t\t<\/div>\n\t\t","protected":false},"excerpt":{"rendered":"<p>Acessibilidade Informa\u00e7\u00f5es importantes para Estudantes Surdos Como facilitar a inclus\u00e3o de estudantes com defici\u00eancia Guia: Transtorno do Espectro Autista TEA na Educa\u00e7\u00e3o Profssional e Tecnol\u00f3gica e na Educa\u00e7\u00e3o Superior \u2013 Alternativas e Adapta\u00e7\u00f5es Curriculares Guia: Estudantes Surdos na Educa\u00e7\u00e3o Profissional e Superior \u2013 conceitos alternativas e adapta\u00e7\u00f5es pedag\u00f3gicas Guia: Defici\u00eancia Intelectual na Educa\u00e7\u00e3o Profissional e [&hellip;]<\/p>\n","protected":false},"author":281,"featured_media":0,"parent":0,"menu_order":0,"comment_status":"closed","ping_status":"closed","template":"","meta":{"footnotes":""},"categories":[],"tags":[],"class_list":["post-6108","page","type-page","status-publish","hentry"],"acf":[],"_links":{"self":[{"href":"https:\/\/www.ufsm.br\/pro-reitorias\/prograd\/caed\/wp-json\/wp\/v2\/pages\/6108","targetHints":{"allow":["GET"]}}],"collection":[{"href":"https:\/\/www.ufsm.br\/pro-reitorias\/prograd\/caed\/wp-json\/wp\/v2\/pages"}],"about":[{"href":"https:\/\/www.ufsm.br\/pro-reitorias\/prograd\/caed\/wp-json\/wp\/v2\/types\/page"}],"author":[{"embeddable":true,"href":"https:\/\/www.ufsm.br\/pro-reitorias\/prograd\/caed\/wp-json\/wp\/v2\/users\/281"}],"replies":[{"embeddable":true,"href":"https:\/\/www.ufsm.br\/pro-reitorias\/prograd\/caed\/wp-json\/wp\/v2\/comments?post=6108"}],"version-history":[{"count":0,"href":"https:\/\/www.ufsm.br\/pro-reitorias\/prograd\/caed\/wp-json\/wp\/v2\/pages\/6108\/revisions"}],"wp:attachment":[{"href":"https:\/\/www.ufsm.br\/pro-reitorias\/prograd\/caed\/wp-json\/wp\/v2\/media?parent=6108"}],"wp:term":[{"taxonomy":"category","embeddable":true,"href":"https:\/\/www.ufsm.br\/pro-reitorias\/prograd\/caed\/wp-json\/wp\/v2\/categories?post=6108"},{"taxonomy":"post_tag","embeddable":true,"href":"https:\/\/www.ufsm.br\/pro-reitorias\/prograd\/caed\/wp-json\/wp\/v2\/tags?post=6108"}],"curies":[{"name":"wp","href":"https:\/\/api.w.org\/{rel}","templated":true}]}}