{"id":6110,"date":"2023-05-22T09:06:39","date_gmt":"2023-05-22T12:06:39","guid":{"rendered":"https:\/\/www.ufsm.br\/pro-reitorias\/prograd\/caed\/?page_id=6110"},"modified":"2024-08-02T10:05:23","modified_gmt":"2024-08-02T13:05:23","slug":"cursos-ofertados-pela-caed","status":"publish","type":"page","link":"https:\/\/www.ufsm.br\/pro-reitorias\/prograd\/caed\/cursos-ofertados-pela-caed","title":{"rendered":"Cursos promovidos pela CAEd"},"content":{"rendered":"\t\t<div data-elementor-type=\"wp-page\" data-elementor-id=\"6110\" class=\"elementor elementor-6110\">\n\t\t\t\t\t\t<section class=\"elementor-section elementor-top-section elementor-element elementor-element-4586bd6 elementor-section-boxed elementor-section-height-default elementor-section-height-default\" data-id=\"4586bd6\" data-element_type=\"section\">\n\t\t\t\t\t\t<div class=\"elementor-container elementor-column-gap-default\">\n\t\t\t\t\t<div class=\"elementor-column elementor-col-100 elementor-top-column elementor-element elementor-element-d047665\" data-id=\"d047665\" data-element_type=\"column\">\n\t\t\t<div class=\"elementor-widget-wrap elementor-element-populated\">\n\t\t\t\t\t\t<div class=\"elementor-element elementor-element-8f8240b elementor-widget elementor-widget-toggle\" data-id=\"8f8240b\" data-element_type=\"widget\" data-widget_type=\"toggle.default\">\n\t\t\t\t<div class=\"elementor-widget-container\">\n\t\t\t\t\t<div class=\"elementor-toggle\">\n\t\t\t\t\t\t\t<div class=\"elementor-toggle-item\">\n\t\t\t\t\t<div id=\"elementor-tab-title-1501\" class=\"elementor-tab-title\" data-tab=\"1\" role=\"button\" aria-controls=\"elementor-tab-content-1501\" aria-expanded=\"false\">\n\t\t\t\t\t\t\t\t\t\t\t\t<span class=\"elementor-toggle-icon elementor-toggle-icon-left\" aria-hidden=\"true\">\n\t\t\t\t\t\t\t\t\t\t\t\t\t\t\t<span class=\"elementor-toggle-icon-closed\"><i class=\"fas fa-caret-right\"><\/i><\/span>\n\t\t\t\t\t\t\t\t<span class=\"elementor-toggle-icon-opened\"><i class=\"elementor-toggle-icon-opened fas fa-caret-up\"><\/i><\/span>\n\t\t\t\t\t\t\t\t\t\t\t\t\t<\/span>\n\t\t\t\t\t\t\t\t\t\t\t\t<a class=\"elementor-toggle-title\" tabindex=\"0\">Gerais<\/a>\n\t\t\t\t\t<\/div>\n\n\t\t\t\t\t<div id=\"elementor-tab-content-1501\" class=\"elementor-tab-content elementor-clearfix\" data-tab=\"1\" role=\"region\" aria-labelledby=\"elementor-tab-title-1501\"><p><span style=\"text-decoration: underline\"><strong>Cursos em andamento:<\/strong><\/span><\/p><ul><li style=\"font-weight: 400\"><span style=\"color: #005980\"><strong>Curso de servi\u00e7o de atendimento educacional especializado<\/strong><\/span><\/li><\/ul><p style=\"font-weight: 400\">Tem como objetivo formar professores para realizar o servi\u00e7o de Atendimento Educacional Especializado- SAEE nas salas de recursos multifuncionais das escolas comuns das redes p\u00fablicas de ensino.<\/p><p>Informa\u00e7\u00f5es sobre inscri\u00e7\u00f5es e oferta pelo e-mail <a href=\"mailto:aeeufsm@gmail.com\">aeeufsm@gmail.com<\/a><\/p><ul><li style=\"font-weight: 400\"><span style=\"color: #005980\"><strong>Curso de servi\u00e7o de atendimento educacional especializado para altas habilidades\u00a0<\/strong><\/span><\/li><\/ul><p style=\"font-weight: 400\">Tem por objetivo formar professores, em n\u00edvel de aperfei\u00e7oamento, com compet\u00eancia pedag\u00f3gica e metodol\u00f3gica para realizar o servi\u00e7o de atendimento educacional especializado aos estudantes com altas habilidades\/superdota\u00e7\u00e3o tanto em salas de recursos multifuncionais como nas salas de aula regulares.<\/p><p>Informa\u00e7\u00f5es sobre inscri\u00e7\u00f5es e oferta pelo e-mail <a href=\"mailto:aeeufsm@gmail.com\">aeeufsm@gmail.com<\/a><\/p><\/div>\n\t\t\t\t<\/div>\n\t\t\t\t\t\t\t<div class=\"elementor-toggle-item\">\n\t\t\t\t\t<div id=\"elementor-tab-title-1502\" class=\"elementor-tab-title\" data-tab=\"2\" role=\"button\" aria-controls=\"elementor-tab-content-1502\" aria-expanded=\"false\">\n\t\t\t\t\t\t\t\t\t\t\t\t<span class=\"elementor-toggle-icon elementor-toggle-icon-left\" aria-hidden=\"true\">\n\t\t\t\t\t\t\t\t\t\t\t\t\t\t\t<span class=\"elementor-toggle-icon-closed\"><i class=\"fas fa-caret-right\"><\/i><\/span>\n\t\t\t\t\t\t\t\t<span class=\"elementor-toggle-icon-opened\"><i class=\"elementor-toggle-icon-opened fas fa-caret-up\"><\/i><\/span>\n\t\t\t\t\t\t\t\t\t\t\t\t\t<\/span>\n\t\t\t\t\t\t\t\t\t\t\t\t<a class=\"elementor-toggle-title\" tabindex=\"0\">Acessibilidade<\/a>\n\t\t\t\t\t<\/div>\n\n\t\t\t\t\t<div id=\"elementor-tab-content-1502\" class=\"elementor-tab-content elementor-clearfix\" data-tab=\"2\" role=\"region\" aria-labelledby=\"elementor-tab-title-1502\"><p><span style=\"text-decoration: underline;font-size: 14pt\"><strong>Cursos permanentes:<\/strong><\/span><\/p><ul><li dir=\"ltr\"><span style=\"color: #005980\"><strong>Curso de Libras<\/strong><\/span><\/li><\/ul><p dir=\"ltr\">Cursos de Libras s\u00e3o oferecidos semestralmente e tem objetivo promover a intera\u00e7\u00e3o entre ouvintes e surdos que se comunicam em Libras. Ocorrem na modalidade presencial com carga hor\u00e1ria de 30h.\u00a0<\/p><ul><li dir=\"ltr\"><span style=\"color: #005980\"><strong>Capacita\u00e7\u00e3o em Audiodescri\u00e7\u00e3o (N\u00edvel B\u00e1sico)<\/strong><\/span><\/li><\/ul><p dir=\"ltr\">\u00c9 ofertado anualmente. Ocorre na modalidade presencial com carga hor\u00e1ria de 25h.\u00a0<\/p><p dir=\"ltr\">Na capacita\u00e7\u00e3o s\u00e3o\u00a0 abordados v\u00e1rios aspectos referentes \u00e0 audiodescri\u00e7\u00e3o, tais como: defini\u00e7\u00e3o, origem, p\u00fablico-alvo, exemplos de audiodescri\u00e7\u00e3o, diretrizes e orienta\u00e7\u00f5es, al\u00e9m de exerc\u00edcios pr\u00e1ticos para os alunos.\u00a0<\/p><p dir=\"ltr\"><span style=\"text-decoration: underline;font-size: 14pt\"><strong>Cursos por demanda:<\/strong><\/span><\/p><ul><li dir=\"ltr\"><span style=\"color: #005980\"><strong>Capacita\u00e7\u00e3o sobre Transtorno do Espectro Autista na Educa\u00e7\u00e3o Profissional e Tecnol\u00f3gica e na Educa\u00e7\u00e3o Superior: Alternativas e Adapta\u00e7\u00f5es Curriculares<\/strong><\/span><\/li><\/ul><p dir=\"ltr\">Tem como objetivo informar a comunidade acad\u00eamica sobre as possibilidades de adapta\u00e7\u00f5es e alternativas pedag\u00f3gicas que podem ser utilizadas com estudantes com Transtorno do Espectro Autista na Educa\u00e7\u00e3o Profissional e Tecnol\u00f3gica e na Educa\u00e7\u00e3o Superior, bem como fornecer orienta\u00e7\u00f5es para facilitar a comunica\u00e7\u00e3o\/intera\u00e7\u00e3o com estes estudantes.<\/p><p dir=\"ltr\">A capacita\u00e7\u00e3o pode ser solicitada pelo e-mail <a href=\"mailto:caed.acessibilidade@ufsm.br\">caed.acessibilidade@ufsm.br\u00a0<\/a><\/p><ul><li dir=\"ltr\"><span style=\"color: #005980\"><strong>Capacita\u00e7\u00e3o sobre Defici\u00eancia Intelectual na Educa\u00e7\u00e3o Profissional e Tecnol\u00f3gica Superior: Alternativas e Adapta\u00e7\u00f5es Curriculares<\/strong><\/span><\/li><\/ul><p dir=\"ltr\">Tem como objetivo informar a comunidade acad\u00eamica sobre as possibilidades de adapta\u00e7\u00f5es e alternativas pedag\u00f3gicas que podem ser utilizadas com estudantes com defici\u00eancia intelectual na Educa\u00e7\u00e3o Profissional e Tecnol\u00f3gica e Educa\u00e7\u00e3o Superior.<\/p><p dir=\"ltr\">A capacita\u00e7\u00e3o pode ser solicitada pelo e-mail <a href=\"mailto:caed.acessibilidade@ufsm.br\">caed.acessibilidade@ufsm.br\u00a0<\/a><\/p><ul><li dir=\"ltr\"><span style=\"color: #005980\"><strong>Capacita\u00e7\u00e3o sobre Cegueira na Educa\u00e7\u00e3o Profissional e Tecnol\u00f3gica e na Educa\u00e7\u00e3o Superior: Alternativas e Adapta\u00e7\u00f5es Curriculares<\/strong><\/span><\/li><\/ul><p dir=\"ltr\">Tem como objetivo orientar a comunidade acad\u00eamica, em especial os docentes, quanto aos recursos necess\u00e1rios para tornar suas aulas acess\u00edveis a estudantes com cegueira.\u00a0<\/p><p dir=\"ltr\">A capacita\u00e7\u00e3o pode ser solicitada pelo e-mail <a href=\"mailto:caed.acessibilidade@ufsm.br\">caed.acessibilidade@ufsm.br\u00a0<\/a><\/p><ul><li dir=\"ltr\"><span style=\"color: #005980\"><strong>Capacita\u00e7\u00e3o sobre Defici\u00eancia Auditiva (DA) Educa\u00e7\u00e3o Profissional e Tecnol\u00f3gica e na Educa\u00e7\u00e3o Superior: Como favorecer a comunica\u00e7\u00e3o e a aprendizagem?<\/strong><\/span><\/li><\/ul><p dir=\"ltr\">Tem como objetivo orientar a comunidade acad\u00eamica, em especial os docentes, quanto \u00e0 acessibilidade das aulas, avalia\u00e7\u00f5es e comunica\u00e7\u00e3o com estudantes com defici\u00eancia auditiva (DA).<\/p><p dir=\"ltr\">A capacita\u00e7\u00e3o pode ser solicitada pelo e-mail <a href=\"mailto:caed.acessibilidade@ufsm.br\">caed.acessibilidade@ufsm.br\u00a0<\/a><\/p><ul><li dir=\"ltr\"><span style=\"color: #005980\"><strong>Capacita\u00e7\u00e3o sobre Altas Habilidades\/Superdota\u00e7\u00e3o<\/strong><\/span><\/li><\/ul><p dir=\"ltr\">Tem como objetivo informar a comunidade acad\u00eamica, em especial os docentes, sobre essa condi\u00e7\u00e3o, como auxiliar os estudantes com Altas Habilidades\/Superdota\u00e7\u00e3o e como tornar a sala de aula um lugar mais acess\u00edvel e inclusivo.<\/p><p dir=\"ltr\">A capacita\u00e7\u00e3o pode ser solicitada pelo e-mail <a href=\"mailto:caed.acessibilidade@ufsm.br\">caed.acessibilidade@ufsm.br\u00a0<\/a><\/p><ul><li dir=\"ltr\"><span style=\"color: #005980\"><strong>Capacita\u00e7\u00e3o sobre Surdez na Educa\u00e7\u00e3o Profissional e Tecnol\u00f3gica e na Educa\u00e7\u00e3o Superior: Conceitos, alternativas e Adapta\u00e7\u00f5es Curriculares<\/strong><\/span><\/li><\/ul><p dir=\"ltr\">Tem como objetivo informar a comunidade acad\u00eamica, em especial os docentes, sobre a surdez, a L\u00edngua Brasileira de Sinais, sugerindo alternativas e adapta\u00e7\u00f5es pedag\u00f3gicas para torn\u00e1-las acess\u00edveis a esses estudantes.<\/p><p dir=\"ltr\">A capacita\u00e7\u00e3o pode ser solicitada pelo e-mail <a href=\"mailto:caed.acessibilidade@ufsm.br\">caed.acessibilidade@ufsm.br\u00a0<\/a><\/p><ul><li dir=\"ltr\"><span style=\"color: #005980\"><strong>Capacita\u00e7\u00e3o em Descri\u00e7\u00e3o de Imagem<\/strong><\/span><\/li><\/ul><p dir=\"ltr\">Tem como objetivo orientar a comunidade acad\u00eamica sobre o recurso de descri\u00e7\u00e3o de imagem, importante para a acessibilidade das pessoas cegas.\u00a0<\/p><p dir=\"ltr\">A capacita\u00e7\u00e3o pode ser solicitada pelo e-mail <a href=\"mailto:caed.acessibilidade@ufsm.br\">caed.acessibilidade@ufsm.br\u00a0<\/a><\/p><ul><li dir=\"ltr\"><span style=\"color: #005980\"><strong>Capacita\u00e7\u00e3o B\u00e1sica em Braille<\/strong><\/span><\/li><\/ul><p dir=\"ltr\">Tem como objetivo a capacita\u00e7\u00e3o da comunidade acad\u00eamica no uso desse recurso de acessibilidade.<\/p><p dir=\"ltr\">A capacita\u00e7\u00e3o pode ser solicitada pelo e-mail <a href=\"mailto:caed.acessibilidade@ufsm.br\">caed.acessibilidade@ufsm.br\u00a0<\/a><\/p><\/div>\n\t\t\t\t<\/div>\n\t\t\t\t\t\t\t<div class=\"elementor-toggle-item\">\n\t\t\t\t\t<div id=\"elementor-tab-title-1503\" class=\"elementor-tab-title\" data-tab=\"3\" role=\"button\" aria-controls=\"elementor-tab-content-1503\" aria-expanded=\"false\">\n\t\t\t\t\t\t\t\t\t\t\t\t<span class=\"elementor-toggle-icon elementor-toggle-icon-left\" aria-hidden=\"true\">\n\t\t\t\t\t\t\t\t\t\t\t\t\t\t\t<span class=\"elementor-toggle-icon-closed\"><i class=\"fas fa-caret-right\"><\/i><\/span>\n\t\t\t\t\t\t\t\t<span class=\"elementor-toggle-icon-opened\"><i class=\"elementor-toggle-icon-opened fas fa-caret-up\"><\/i><\/span>\n\t\t\t\t\t\t\t\t\t\t\t\t\t<\/span>\n\t\t\t\t\t\t\t\t\t\t\t\t<a class=\"elementor-toggle-title\" tabindex=\"0\">Apoio \u00e0 Aprendizagem<\/a>\n\t\t\t\t\t<\/div>\n\n\t\t\t\t\t<div id=\"elementor-tab-content-1503\" class=\"elementor-tab-content elementor-clearfix\" data-tab=\"3\" role=\"region\" aria-labelledby=\"elementor-tab-title-1503\"><p><span style=\"text-decoration: underline\"><strong>Curso permanente (em andamento):<\/strong><\/span><\/p><ul><li style=\"font-weight: 400\"><span style=\"color: #005980\"><strong>Curso Potencializando a Aprendizagem com diferentes Estrat\u00e9gias de Estudos &#8211; 3\u00aa edi\u00e7\u00e3o<\/strong><\/span><\/li><\/ul><p><img fetchpriority=\"high\" decoding=\"async\" class=\"alignnone wp-image-6419 size-medium\" src=\"https:\/\/www.ufsm.br\/app\/uploads\/sites\/391\/2022\/07\/cartaz-1-300x300.jpg\" alt=\"Descri\u00e7\u00e3o da imagem: cartaz em formato quadrado e fundo branco. Na parte superior, uma faixa na cor amarelo. Abaixo, \u201cCurso Potencializando a aprendizagem com diferentes estrat\u00e9gias de estudos\u201d, \u201c3\u00aa Edi\u00e7\u00e3o\u201d, \u201cModalidade EaD \u2013 via Moodle\u201d, \u201cInscri\u00e7\u00f5es Gratuitas\/p\u00e1gina CAEd\u201d, \u201cCarga hor\u00e1ria 40h\u201d. No canto inferior esquerdo, figura de uma mulher sentada no ch\u00e3o, com as pernas cruzadas. A mulher segura na m\u00e3o esquerda um bloco de anota\u00e7\u00f5es e na m\u00e3o direita um l\u00e1pis. Atr\u00e1s da mulher tem a imagem de uma lista com marca\u00e7\u00e3o de conclu\u00eddo nos dois primeiros itens. Ao lado, a figura de um grande rel\u00f3gio. No parte inferior do cartaz, bras\u00e3o da UFSM, seguido de \u201cUFSM\u201d e \u201cCoordenadoria de A\u00e7\u00f5es Educacionais\u201d. Ao lado, \u201cSubdivis\u00e3o de Apoio \u00e0 Aprendizagem, CAEd-PROGRAD\u201d.\" width=\"300\" height=\"300\" srcset=\"https:\/\/www.ufsm.br\/app\/uploads\/sites\/391\/2022\/07\/cartaz-1-300x300.jpg 300w, https:\/\/www.ufsm.br\/app\/uploads\/sites\/391\/2022\/07\/cartaz-1-1024x1024.jpg 1024w, https:\/\/www.ufsm.br\/app\/uploads\/sites\/391\/2022\/07\/cartaz-1-150x150.jpg 150w, https:\/\/www.ufsm.br\/app\/uploads\/sites\/391\/2022\/07\/cartaz-1-768x768.jpg 768w, https:\/\/www.ufsm.br\/app\/uploads\/sites\/391\/2022\/07\/cartaz-1.jpg 1080w\" sizes=\"(max-width: 300px) 100vw, 300px\" \/><\/p><p>Informa\u00e7\u00f5es e inscri\u00e7\u00f5es: <a href=\"https:\/\/ufsm.br\/r-391-5381\">https:\/\/ufsm.br\/r-391-5381\u00a0<\/a><\/p><\/div>\n\t\t\t\t<\/div>\n\t\t\t\t\t\t\t<div class=\"elementor-toggle-item\">\n\t\t\t\t\t<div id=\"elementor-tab-title-1504\" class=\"elementor-tab-title\" data-tab=\"4\" role=\"button\" aria-controls=\"elementor-tab-content-1504\" aria-expanded=\"false\">\n\t\t\t\t\t\t\t\t\t\t\t\t<span class=\"elementor-toggle-icon elementor-toggle-icon-left\" aria-hidden=\"true\">\n\t\t\t\t\t\t\t\t\t\t\t\t\t\t\t<span class=\"elementor-toggle-icon-closed\"><i class=\"fas fa-caret-right\"><\/i><\/span>\n\t\t\t\t\t\t\t\t<span class=\"elementor-toggle-icon-opened\"><i class=\"elementor-toggle-icon-opened fas fa-caret-up\"><\/i><\/span>\n\t\t\t\t\t\t\t\t\t\t\t\t\t<\/span>\n\t\t\t\t\t\t\t\t\t\t\t\t<a class=\"elementor-toggle-title\" tabindex=\"0\">A\u00e7\u00f5es Afirmativas<\/a>\n\t\t\t\t\t<\/div>\n\n\t\t\t\t\t<div id=\"elementor-tab-content-1504\" class=\"elementor-tab-content elementor-clearfix\" data-tab=\"4\" role=\"region\" aria-labelledby=\"elementor-tab-title-1504\"><ul><li><span style=\"color: #005980\"><strong>Curso B\u00e1sico de L\u00edngua Guarani<\/strong><\/span><br \/>O Curso B\u00e1sico de L\u00edngua Guarani tem por objetivo proporcionar a comunidade acad\u00eamica e a comunidade externa, conhecer e interagir com a l\u00edngua e a cultura guarani, contribuindo para o fortalecimento do idioma e aumentando ainda mais o v\u00ednculo com a l\u00edngua origin\u00e1ria, bem como desenvolver aspectos da oralidade e da escrita da l\u00edngua. Carga hor\u00e1ria: 30h.<\/li><li><span style=\"color: #005980\"><strong>Curso B\u00e1sico de L\u00edngua Kaingang<\/strong><\/span><br \/>O Curso B\u00e1sico de L\u00edngua Kaingang tem como objetivo proporcionar aos estudantes ind\u00edgenas, conhecer e interagir com aspectos do idioma origin\u00e1rio da etnia, objetivando tamb\u00e9m uma maior intera\u00e7\u00e3o entre as\/os estudantes al\u00e9m de se manter e oportunizar, a quem n\u00e3o conhece e\/ou n\u00e3o domina o idioma, que possam ter um contato maior com o dialeto ind\u00edgena origin\u00e1rio e conhecer um pouco mais do idioma falado por sua respectiva etnia, contribuindo para o fortalecimento do idioma e aumentando ainda mais o v\u00ednculo com a l\u00edngua origin\u00e1ria, bem como desenvolver aspectos da oralidade e da escrita da l\u00edngua. Carga hor\u00e1ria: 30h.<\/li><\/ul><\/div>\n\t\t\t\t<\/div>\n\t\t\t\t\t\t\t\t<\/div>\n\t\t\t\t<\/div>\n\t\t\t\t<\/div>\n\t\t\t\t\t<\/div>\n\t\t<\/div>\n\t\t\t\t\t<\/div>\n\t\t<\/section>\n\t\t\t\t<\/div>\n\t\t","protected":false},"excerpt":{"rendered":"<p>Gerais Cursos em andamento: Curso de servi\u00e7o de atendimento educacional especializado Tem como objetivo formar professores para realizar o servi\u00e7o de Atendimento Educacional Especializado- SAEE nas salas de recursos multifuncionais das escolas comuns das redes p\u00fablicas de ensino. Informa\u00e7\u00f5es sobre inscri\u00e7\u00f5es e oferta pelo e-mail aeeufsm@gmail.com Curso de servi\u00e7o de atendimento educacional especializado para altas [&hellip;]<\/p>\n","protected":false},"author":281,"featured_media":0,"parent":0,"menu_order":0,"comment_status":"closed","ping_status":"closed","template":"","meta":{"footnotes":""},"categories":[],"tags":[],"class_list":["post-6110","page","type-page","status-publish","hentry"],"acf":[],"_links":{"self":[{"href":"https:\/\/www.ufsm.br\/pro-reitorias\/prograd\/caed\/wp-json\/wp\/v2\/pages\/6110","targetHints":{"allow":["GET"]}}],"collection":[{"href":"https:\/\/www.ufsm.br\/pro-reitorias\/prograd\/caed\/wp-json\/wp\/v2\/pages"}],"about":[{"href":"https:\/\/www.ufsm.br\/pro-reitorias\/prograd\/caed\/wp-json\/wp\/v2\/types\/page"}],"author":[{"embeddable":true,"href":"https:\/\/www.ufsm.br\/pro-reitorias\/prograd\/caed\/wp-json\/wp\/v2\/users\/281"}],"replies":[{"embeddable":true,"href":"https:\/\/www.ufsm.br\/pro-reitorias\/prograd\/caed\/wp-json\/wp\/v2\/comments?post=6110"}],"version-history":[{"count":0,"href":"https:\/\/www.ufsm.br\/pro-reitorias\/prograd\/caed\/wp-json\/wp\/v2\/pages\/6110\/revisions"}],"wp:attachment":[{"href":"https:\/\/www.ufsm.br\/pro-reitorias\/prograd\/caed\/wp-json\/wp\/v2\/media?parent=6110"}],"wp:term":[{"taxonomy":"category","embeddable":true,"href":"https:\/\/www.ufsm.br\/pro-reitorias\/prograd\/caed\/wp-json\/wp\/v2\/categories?post=6110"},{"taxonomy":"post_tag","embeddable":true,"href":"https:\/\/www.ufsm.br\/pro-reitorias\/prograd\/caed\/wp-json\/wp\/v2\/tags?post=6110"}],"curies":[{"name":"wp","href":"https:\/\/api.w.org\/{rel}","templated":true}]}}