{"id":6398,"date":"2024-06-21T10:51:29","date_gmt":"2024-06-21T13:51:29","guid":{"rendered":"https:\/\/www.ufsm.br\/pro-reitorias\/prograd\/caed\/?page_id=6398"},"modified":"2026-02-06T12:30:23","modified_gmt":"2026-02-06T15:30:23","slug":"6398-2","status":"publish","type":"page","link":"https:\/\/www.ufsm.br\/pro-reitorias\/prograd\/caed\/6398-2","title":{"rendered":""},"content":{"rendered":"\t\t<div data-elementor-type=\"wp-page\" data-elementor-id=\"6398\" class=\"elementor elementor-6398\">\n\t\t\t\t\t\t<section class=\"elementor-section elementor-top-section elementor-element elementor-element-7d0faa44 elementor-section-boxed elementor-section-height-default elementor-section-height-default\" data-id=\"7d0faa44\" data-element_type=\"section\">\n\t\t\t\t\t\t<div class=\"elementor-container elementor-column-gap-default\">\n\t\t\t\t\t<div class=\"elementor-column elementor-col-100 elementor-top-column elementor-element elementor-element-2e98936b\" data-id=\"2e98936b\" data-element_type=\"column\">\n\t\t\t<div class=\"elementor-widget-wrap elementor-element-populated\">\n\t\t\t\t\t\t<div class=\"elementor-element elementor-element-742d4e70 elementor-widget elementor-widget-text-editor\" data-id=\"742d4e70\" data-element_type=\"widget\" data-widget_type=\"text-editor.default\">\n\t\t\t\t<div class=\"elementor-widget-container\">\n\t\t\t\t\t\t\t<!-- wp:tadv\/classic-paragraph -->\n<p><a href=\"https:\/\/www.ufsm.br\/app\/uploads\/sites\/391\/2024\/06\/RED.pdf\">REGIME DE EXERC\u00cdCIOS DOMICILIARES &#8211; ORIENTA\u00c7\u00d5ES<\/a><\/p>\n<p><a href=\"https:\/\/www.ufsm.br\/app\/uploads\/sites\/391\/2024\/06\/REQUERIMENTO-ORIGINAL.pdf\">REGIME DE EXERC\u00cdCIOS DOMICILIARES &#8211; REQUERIMENTO PARA ATESTADO DE SA\u00daDE\u00a0<\/a><\/p>\n<p><a href=\"https:\/\/www.ufsm.br\/app\/uploads\/sites\/391\/2024\/06\/REQUERIMENTO-CALAMIDADE.pdf\">REGIME DE EXERC\u00cdCIOS DOMICILIARES &#8211; REQUERIMENTO PARA CALAMIDADE CLIM\u00c1TICA<\/a><\/p>\n<p><a href=\"https:\/\/www.ufsm.br\/app\/uploads\/sites\/391\/2024\/06\/MODELO-DE-PLANO-DE-ATIVIDADES-REGIME-DE-EXERCICIOS-DOMICILIARES.pdf\">REGIME DE EXERC\u00cdCIOS DOMICILIARES &#8211; SUGEST\u00c3O\/MODELO DE PLANO DE ATIVIDADES (DOCENTES)<\/a><\/p>\n<p><a href=\"https:\/\/www.ufsm.br\/app\/uploads\/sites\/391\/2026\/02\/Orientacoes-para-estudos-durante-o-afastamento-no-Regime-de-exercicios-domiciliares-RED.pdf\">REGIME DE EXERC\u00cdCIOS DOMICILIARES &#8211; ORIENTA\u00c7\u00d5ES PARA OS ESTUDOS EM CASA<\/a><\/p>\n<!-- \/wp:tadv\/classic-paragraph --><!-- wp:tadv\/classic-paragraph \/-->\t\t\t\t\t\t<\/div>\n\t\t\t\t<\/div>\n\t\t\t\t\t<\/div>\n\t\t<\/div>\n\t\t\t\t\t<\/div>\n\t\t<\/section>\n\t\t\t\t<\/div>\n\t\t","protected":false},"excerpt":{"rendered":"<p>REGIME DE EXERC\u00cdCIOS DOMICILIARES &#8211; ORIENTA\u00c7\u00d5ES REGIME DE EXERC\u00cdCIOS DOMICILIARES &#8211; REQUERIMENTO PARA ATESTADO DE SA\u00daDE\u00a0 REGIME DE EXERC\u00cdCIOS DOMICILIARES &#8211; REQUERIMENTO PARA CALAMIDADE CLIM\u00c1TICA REGIME DE EXERC\u00cdCIOS DOMICILIARES &#8211; SUGEST\u00c3O\/MODELO DE PLANO DE ATIVIDADES (DOCENTES) REGIME DE EXERC\u00cdCIOS DOMICILIARES &#8211; ORIENTA\u00c7\u00d5ES PARA OS ESTUDOS EM CASA<\/p>\n","protected":false},"author":252,"featured_media":0,"parent":0,"menu_order":0,"comment_status":"closed","ping_status":"closed","template":"","meta":{"footnotes":""},"categories":[],"tags":[],"class_list":["post-6398","page","type-page","status-publish","hentry"],"acf":[],"_links":{"self":[{"href":"https:\/\/www.ufsm.br\/pro-reitorias\/prograd\/caed\/wp-json\/wp\/v2\/pages\/6398","targetHints":{"allow":["GET"]}}],"collection":[{"href":"https:\/\/www.ufsm.br\/pro-reitorias\/prograd\/caed\/wp-json\/wp\/v2\/pages"}],"about":[{"href":"https:\/\/www.ufsm.br\/pro-reitorias\/prograd\/caed\/wp-json\/wp\/v2\/types\/page"}],"author":[{"embeddable":true,"href":"https:\/\/www.ufsm.br\/pro-reitorias\/prograd\/caed\/wp-json\/wp\/v2\/users\/252"}],"replies":[{"embeddable":true,"href":"https:\/\/www.ufsm.br\/pro-reitorias\/prograd\/caed\/wp-json\/wp\/v2\/comments?post=6398"}],"version-history":[{"count":0,"href":"https:\/\/www.ufsm.br\/pro-reitorias\/prograd\/caed\/wp-json\/wp\/v2\/pages\/6398\/revisions"}],"wp:attachment":[{"href":"https:\/\/www.ufsm.br\/pro-reitorias\/prograd\/caed\/wp-json\/wp\/v2\/media?parent=6398"}],"wp:term":[{"taxonomy":"category","embeddable":true,"href":"https:\/\/www.ufsm.br\/pro-reitorias\/prograd\/caed\/wp-json\/wp\/v2\/categories?post=6398"},{"taxonomy":"post_tag","embeddable":true,"href":"https:\/\/www.ufsm.br\/pro-reitorias\/prograd\/caed\/wp-json\/wp\/v2\/tags?post=6398"}],"curies":[{"name":"wp","href":"https:\/\/api.w.org\/{rel}","templated":true}]}}