{"id":6599,"date":"2025-01-29T09:31:28","date_gmt":"2025-01-29T12:31:28","guid":{"rendered":"https:\/\/www.ufsm.br\/pro-reitorias\/prograd\/caed\/?page_id=6599"},"modified":"2025-01-29T10:02:39","modified_gmt":"2025-01-29T13:02:39","slug":"atendimento-educacional-especializado-contribuicoes-para-a-pratica-pedagogica-2","status":"publish","type":"page","link":"https:\/\/www.ufsm.br\/pro-reitorias\/prograd\/caed\/atendimento-educacional-especializado-contribuicoes-para-a-pratica-pedagogica-2","title":{"rendered":"ATENDIMENTO EDUCACIONAL ESPECIALIZADO: CONTRIBUI\u00c7\u00d5ES PARA A PR\u00c1TICA PEDAG\u00d3GICA"},"content":{"rendered":"\n<p><img fetchpriority=\"high\" decoding=\"async\" class=\"alignnone size-medium wp-image-2162\" src=\"https:\/\/www.ufsm.br\/app\/uploads\/sites\/391\/2019\/05\/scan0001_page-0001-711x1024-208x300.jpg\" alt=\"\" width=\"208\" height=\"300\" srcset=\"https:\/\/www.ufsm.br\/app\/uploads\/sites\/391\/2019\/05\/scan0001_page-0001-711x1024-208x300.jpg 208w, https:\/\/www.ufsm.br\/app\/uploads\/sites\/391\/2019\/05\/scan0001_page-0001-711x1024.jpg 711w\" sizes=\"(max-width: 208px) 100vw, 208px\" \/><\/p>\n<p>Organizadora: Ana Cl\u00e1udia Pav\u00e3o Siluk.<\/p>\n<p>Editora: Laborat\u00f3rio de Pesquisa e Documenta\u00e7\u00e3o\u2013CE.<\/p>\n<p>Ano: 2014.<\/p>\n\n\n\n\n\n\n\n\n\n\n\n\n\n\n\n\n\n\n","protected":false},"excerpt":{"rendered":"<p>Organizadora: Ana Cl\u00e1udia Pav\u00e3o Siluk. Editora: Laborat\u00f3rio de Pesquisa e Documenta\u00e7\u00e3o\u2013CE. Ano: 2014.<\/p>\n","protected":false},"author":47,"featured_media":2162,"parent":0,"menu_order":0,"comment_status":"closed","ping_status":"closed","template":"","meta":{"footnotes":""},"categories":[137],"tags":[138],"class_list":["post-6599","page","type-page","status-publish","has-post-thumbnail","hentry","category-livros","tag-138"],"acf":[],"_links":{"self":[{"href":"https:\/\/www.ufsm.br\/pro-reitorias\/prograd\/caed\/wp-json\/wp\/v2\/pages\/6599","targetHints":{"allow":["GET"]}}],"collection":[{"href":"https:\/\/www.ufsm.br\/pro-reitorias\/prograd\/caed\/wp-json\/wp\/v2\/pages"}],"about":[{"href":"https:\/\/www.ufsm.br\/pro-reitorias\/prograd\/caed\/wp-json\/wp\/v2\/types\/page"}],"author":[{"embeddable":true,"href":"https:\/\/www.ufsm.br\/pro-reitorias\/prograd\/caed\/wp-json\/wp\/v2\/users\/47"}],"replies":[{"embeddable":true,"href":"https:\/\/www.ufsm.br\/pro-reitorias\/prograd\/caed\/wp-json\/wp\/v2\/comments?post=6599"}],"version-history":[{"count":0,"href":"https:\/\/www.ufsm.br\/pro-reitorias\/prograd\/caed\/wp-json\/wp\/v2\/pages\/6599\/revisions"}],"wp:featuredmedia":[{"embeddable":true,"href":"https:\/\/www.ufsm.br\/pro-reitorias\/prograd\/caed\/wp-json\/wp\/v2\/media\/2162"}],"wp:attachment":[{"href":"https:\/\/www.ufsm.br\/pro-reitorias\/prograd\/caed\/wp-json\/wp\/v2\/media?parent=6599"}],"wp:term":[{"taxonomy":"category","embeddable":true,"href":"https:\/\/www.ufsm.br\/pro-reitorias\/prograd\/caed\/wp-json\/wp\/v2\/categories?post=6599"},{"taxonomy":"post_tag","embeddable":true,"href":"https:\/\/www.ufsm.br\/pro-reitorias\/prograd\/caed\/wp-json\/wp\/v2\/tags?post=6599"}],"curies":[{"name":"wp","href":"https:\/\/api.w.org\/{rel}","templated":true}]}}