{"id":6600,"date":"2025-01-29T10:49:26","date_gmt":"2025-01-29T13:49:26","guid":{"rendered":"https:\/\/www.ufsm.br\/pro-reitorias\/prograd\/caed\/?page_id=6600"},"modified":"2025-01-29T10:49:27","modified_gmt":"2025-01-29T13:49:27","slug":"atendimento-educacional-especializado-no-brasil-relatos-da-experiencia-de-professores-e-sua-formacao","status":"publish","type":"page","link":"https:\/\/www.ufsm.br\/pro-reitorias\/prograd\/caed\/atendimento-educacional-especializado-no-brasil-relatos-da-experiencia-de-professores-e-sua-formacao","title":{"rendered":"ATENDIMENTO EDUCACIONAL ESPECIALIZADO NO BRASIL: RELATOS DA EXPERI\u00caNCIA DE PROFESSORES E SUA FORMA\u00c7\u00c3O"},"content":{"rendered":"\n<p><img fetchpriority=\"high\" decoding=\"async\" class=\"alignnone size-medium wp-image-2095\" src=\"https:\/\/www.ufsm.br\/app\/uploads\/sites\/391\/2019\/04\/2_page-0001-252x300.jpg\" alt=\"\" width=\"252\" height=\"300\" srcset=\"https:\/\/www.ufsm.br\/app\/uploads\/sites\/391\/2019\/04\/2_page-0001-252x300.jpg 252w, https:\/\/www.ufsm.br\/app\/uploads\/sites\/391\/2019\/04\/2_page-0001-768x914.jpg 768w, https:\/\/www.ufsm.br\/app\/uploads\/sites\/391\/2019\/04\/2_page-0001-860x1024.jpg 860w, https:\/\/www.ufsm.br\/app\/uploads\/sites\/391\/2019\/04\/2_page-0001.jpg 1192w\" sizes=\"(max-width: 252px) 100vw, 252px\" \/><\/p>\n<p>Organizadoras: Ana Cl\u00e1udia Pav\u00e3o Siluk e S\u00edlvia Maria de Oliveira Pav\u00e3o.<\/p>\n<p>Editora: Laborat\u00f3rio de Pesquisa e Documenta\u00e7\u00e3o \u2014 CE.<\/p>\n<p>Ano: 2014.<\/p>\n","protected":false},"excerpt":{"rendered":"<p>Organizadoras: Ana Cl\u00e1udia Pav\u00e3o Siluk e S\u00edlvia Maria de Oliveira Pav\u00e3o. Editora: Laborat\u00f3rio de Pesquisa e Documenta\u00e7\u00e3o \u2014 CE. Ano: 2014.<\/p>\n","protected":false},"author":47,"featured_media":2095,"parent":0,"menu_order":0,"comment_status":"closed","ping_status":"closed","template":"","meta":{"footnotes":""},"categories":[137],"tags":[],"class_list":["post-6600","page","type-page","status-publish","has-post-thumbnail","hentry","category-livros"],"acf":[],"_links":{"self":[{"href":"https:\/\/www.ufsm.br\/pro-reitorias\/prograd\/caed\/wp-json\/wp\/v2\/pages\/6600","targetHints":{"allow":["GET"]}}],"collection":[{"href":"https:\/\/www.ufsm.br\/pro-reitorias\/prograd\/caed\/wp-json\/wp\/v2\/pages"}],"about":[{"href":"https:\/\/www.ufsm.br\/pro-reitorias\/prograd\/caed\/wp-json\/wp\/v2\/types\/page"}],"author":[{"embeddable":true,"href":"https:\/\/www.ufsm.br\/pro-reitorias\/prograd\/caed\/wp-json\/wp\/v2\/users\/47"}],"replies":[{"embeddable":true,"href":"https:\/\/www.ufsm.br\/pro-reitorias\/prograd\/caed\/wp-json\/wp\/v2\/comments?post=6600"}],"version-history":[{"count":0,"href":"https:\/\/www.ufsm.br\/pro-reitorias\/prograd\/caed\/wp-json\/wp\/v2\/pages\/6600\/revisions"}],"wp:featuredmedia":[{"embeddable":true,"href":"https:\/\/www.ufsm.br\/pro-reitorias\/prograd\/caed\/wp-json\/wp\/v2\/media\/2095"}],"wp:attachment":[{"href":"https:\/\/www.ufsm.br\/pro-reitorias\/prograd\/caed\/wp-json\/wp\/v2\/media?parent=6600"}],"wp:term":[{"taxonomy":"category","embeddable":true,"href":"https:\/\/www.ufsm.br\/pro-reitorias\/prograd\/caed\/wp-json\/wp\/v2\/categories?post=6600"},{"taxonomy":"post_tag","embeddable":true,"href":"https:\/\/www.ufsm.br\/pro-reitorias\/prograd\/caed\/wp-json\/wp\/v2\/tags?post=6600"}],"curies":[{"name":"wp","href":"https:\/\/api.w.org\/{rel}","templated":true}]}}