{"id":6601,"date":"2025-01-29T10:53:09","date_gmt":"2025-01-29T13:53:09","guid":{"rendered":"https:\/\/www.ufsm.br\/pro-reitorias\/prograd\/caed\/?page_id=6601"},"modified":"2025-01-29T10:53:10","modified_gmt":"2025-01-29T13:53:10","slug":"atendimento-educacional-especializado-processos-de-aprendizagem-na-universidade-2","status":"publish","type":"page","link":"https:\/\/www.ufsm.br\/pro-reitorias\/prograd\/caed\/atendimento-educacional-especializado-processos-de-aprendizagem-na-universidade-2","title":{"rendered":"ATENDIMENTO EDUCACIONAL ESPECIALIZADO: PROCESSOS DE APRENDIZAGEM NA UNIVERSIDADE"},"content":{"rendered":"\n<p><img fetchpriority=\"high\" decoding=\"async\" class=\"alignnone size-medium wp-image-2057\" src=\"https:\/\/www.ufsm.br\/app\/uploads\/sites\/391\/2019\/04\/scan0001_page-0001-1-194x300.jpg\" alt=\"\" width=\"194\" height=\"300\" srcset=\"https:\/\/www.ufsm.br\/app\/uploads\/sites\/391\/2019\/04\/scan0001_page-0001-1-194x300.jpg 194w, https:\/\/www.ufsm.br\/app\/uploads\/sites\/391\/2019\/04\/scan0001_page-0001-1-768x1190.jpg 768w, https:\/\/www.ufsm.br\/app\/uploads\/sites\/391\/2019\/04\/scan0001_page-0001-1-661x1024.jpg 661w, https:\/\/www.ufsm.br\/app\/uploads\/sites\/391\/2019\/04\/scan0001_page-0001-1.jpg 955w\" sizes=\"(max-width: 194px) 100vw, 194px\" \/><\/p>\n<p>Organizadora: Ana Cl\u00e1udia Pav\u00e3o Siluk.<\/p>\n<p>Editora: Laborat\u00f3rio de Pesquisa e Documenta\u00e7\u00e3o-CE.<\/p>\n<p>Ano: 2014.<\/p>\n","protected":false},"excerpt":{"rendered":"<p>Organizadora: Ana Cl\u00e1udia Pav\u00e3o Siluk. Editora: Laborat\u00f3rio de Pesquisa e Documenta\u00e7\u00e3o-CE. Ano: 2014.<\/p>\n","protected":false},"author":47,"featured_media":2057,"parent":0,"menu_order":0,"comment_status":"closed","ping_status":"closed","template":"","meta":{"footnotes":""},"categories":[137],"tags":[138],"class_list":["post-6601","page","type-page","status-publish","has-post-thumbnail","hentry","category-livros","tag-138"],"acf":[],"_links":{"self":[{"href":"https:\/\/www.ufsm.br\/pro-reitorias\/prograd\/caed\/wp-json\/wp\/v2\/pages\/6601","targetHints":{"allow":["GET"]}}],"collection":[{"href":"https:\/\/www.ufsm.br\/pro-reitorias\/prograd\/caed\/wp-json\/wp\/v2\/pages"}],"about":[{"href":"https:\/\/www.ufsm.br\/pro-reitorias\/prograd\/caed\/wp-json\/wp\/v2\/types\/page"}],"author":[{"embeddable":true,"href":"https:\/\/www.ufsm.br\/pro-reitorias\/prograd\/caed\/wp-json\/wp\/v2\/users\/47"}],"replies":[{"embeddable":true,"href":"https:\/\/www.ufsm.br\/pro-reitorias\/prograd\/caed\/wp-json\/wp\/v2\/comments?post=6601"}],"version-history":[{"count":0,"href":"https:\/\/www.ufsm.br\/pro-reitorias\/prograd\/caed\/wp-json\/wp\/v2\/pages\/6601\/revisions"}],"wp:featuredmedia":[{"embeddable":true,"href":"https:\/\/www.ufsm.br\/pro-reitorias\/prograd\/caed\/wp-json\/wp\/v2\/media\/2057"}],"wp:attachment":[{"href":"https:\/\/www.ufsm.br\/pro-reitorias\/prograd\/caed\/wp-json\/wp\/v2\/media?parent=6601"}],"wp:term":[{"taxonomy":"category","embeddable":true,"href":"https:\/\/www.ufsm.br\/pro-reitorias\/prograd\/caed\/wp-json\/wp\/v2\/categories?post=6601"},{"taxonomy":"post_tag","embeddable":true,"href":"https:\/\/www.ufsm.br\/pro-reitorias\/prograd\/caed\/wp-json\/wp\/v2\/tags?post=6601"}],"curies":[{"name":"wp","href":"https:\/\/api.w.org\/{rel}","templated":true}]}}