{"id":6606,"date":"2025-02-03T09:11:57","date_gmt":"2025-02-03T12:11:57","guid":{"rendered":"https:\/\/www.ufsm.br\/pro-reitorias\/prograd\/caed\/?page_id=6606"},"modified":"2025-02-03T09:11:59","modified_gmt":"2025-02-03T12:11:59","slug":"atendimento-educacional-especializado-aee-praticas-pedagogicas-na-sala-de-recursos-multifuncional","status":"publish","type":"page","link":"https:\/\/www.ufsm.br\/pro-reitorias\/prograd\/caed\/atendimento-educacional-especializado-aee-praticas-pedagogicas-na-sala-de-recursos-multifuncional","title":{"rendered":"ATENDIMENTO EDUCACIONAL ESPECIALIZADO AEE PR\u00c1TICAS PEDAG\u00d3GICAS NA SALA DE RECURSOS MULTIFUNCIONAL"},"content":{"rendered":"\n<p><img fetchpriority=\"high\" decoding=\"async\" class=\"alignnone size-medium wp-image-2096\" src=\"https:\/\/www.ufsm.br\/app\/uploads\/sites\/391\/2019\/04\/3_page-0001-246x300.jpg\" alt=\"\" width=\"246\" height=\"300\" srcset=\"https:\/\/www.ufsm.br\/app\/uploads\/sites\/391\/2019\/04\/3_page-0001-246x300.jpg 246w, https:\/\/www.ufsm.br\/app\/uploads\/sites\/391\/2019\/04\/3_page-0001-768x938.jpg 768w, https:\/\/www.ufsm.br\/app\/uploads\/sites\/391\/2019\/04\/3_page-0001-839x1024.jpg 839w, https:\/\/www.ufsm.br\/app\/uploads\/sites\/391\/2019\/04\/3_page-0001.jpg 1132w\" sizes=\"(max-width: 246px) 100vw, 246px\" \/><\/p>\n<p>Organizadoras: Ana Cl\u00e1udia Pav\u00e3o Siluk e S\u00edlvia Maria de Oliveira Pav\u00e3o.<\/p>\n<p>Editora: Editora Experimental\/Pr\u00f3-Reitoria de Extens\u00e3o (PRE).<\/p>\n<p>Ano: 2015.<\/p>\n","protected":false},"excerpt":{"rendered":"<p>Organizadoras: Ana Cl\u00e1udia Pav\u00e3o Siluk e S\u00edlvia Maria de Oliveira Pav\u00e3o. Editora: Editora Experimental\/Pr\u00f3-Reitoria de Extens\u00e3o (PRE). Ano: 2015.<\/p>\n","protected":false},"author":47,"featured_media":2096,"parent":0,"menu_order":0,"comment_status":"closed","ping_status":"closed","template":"","meta":{"footnotes":""},"categories":[137],"tags":[143,144],"class_list":["post-6606","page","type-page","status-publish","has-post-thumbnail","hentry","category-livros","tag-143","tag-livros"],"acf":[],"_links":{"self":[{"href":"https:\/\/www.ufsm.br\/pro-reitorias\/prograd\/caed\/wp-json\/wp\/v2\/pages\/6606","targetHints":{"allow":["GET"]}}],"collection":[{"href":"https:\/\/www.ufsm.br\/pro-reitorias\/prograd\/caed\/wp-json\/wp\/v2\/pages"}],"about":[{"href":"https:\/\/www.ufsm.br\/pro-reitorias\/prograd\/caed\/wp-json\/wp\/v2\/types\/page"}],"author":[{"embeddable":true,"href":"https:\/\/www.ufsm.br\/pro-reitorias\/prograd\/caed\/wp-json\/wp\/v2\/users\/47"}],"replies":[{"embeddable":true,"href":"https:\/\/www.ufsm.br\/pro-reitorias\/prograd\/caed\/wp-json\/wp\/v2\/comments?post=6606"}],"version-history":[{"count":0,"href":"https:\/\/www.ufsm.br\/pro-reitorias\/prograd\/caed\/wp-json\/wp\/v2\/pages\/6606\/revisions"}],"wp:featuredmedia":[{"embeddable":true,"href":"https:\/\/www.ufsm.br\/pro-reitorias\/prograd\/caed\/wp-json\/wp\/v2\/media\/2096"}],"wp:attachment":[{"href":"https:\/\/www.ufsm.br\/pro-reitorias\/prograd\/caed\/wp-json\/wp\/v2\/media?parent=6606"}],"wp:term":[{"taxonomy":"category","embeddable":true,"href":"https:\/\/www.ufsm.br\/pro-reitorias\/prograd\/caed\/wp-json\/wp\/v2\/categories?post=6606"},{"taxonomy":"post_tag","embeddable":true,"href":"https:\/\/www.ufsm.br\/pro-reitorias\/prograd\/caed\/wp-json\/wp\/v2\/tags?post=6606"}],"curies":[{"name":"wp","href":"https:\/\/api.w.org\/{rel}","templated":true}]}}