{"id":6607,"date":"2025-02-03T09:49:23","date_gmt":"2025-02-03T12:49:23","guid":{"rendered":"https:\/\/www.ufsm.br\/pro-reitorias\/prograd\/caed\/?page_id=6607"},"modified":"2025-02-03T09:49:24","modified_gmt":"2025-02-03T12:49:24","slug":"avaliacao-reflexoes-sobre-o-processo-avaliativo-no-atendimento-educacional-especializado","status":"publish","type":"page","link":"https:\/\/www.ufsm.br\/pro-reitorias\/prograd\/caed\/avaliacao-reflexoes-sobre-o-processo-avaliativo-no-atendimento-educacional-especializado","title":{"rendered":"AVALIA\u00c7\u00c3O: REFLEX\u00d5ES SOBRE O PROCESSO AVALIATIVO NO ATENDIMENTO EDUCACIONAL ESPECIALIZADO"},"content":{"rendered":"\n<p><img fetchpriority=\"high\" decoding=\"async\" class=\"alignnone size-medium wp-image-2061\" src=\"https:\/\/www.ufsm.br\/app\/uploads\/sites\/391\/2019\/04\/scan0001_page-0001-3-209x300.jpg\" alt=\"\" width=\"209\" height=\"300\" srcset=\"https:\/\/www.ufsm.br\/app\/uploads\/sites\/391\/2019\/04\/scan0001_page-0001-3-209x300.jpg 209w, https:\/\/www.ufsm.br\/app\/uploads\/sites\/391\/2019\/04\/scan0001_page-0001-3-768x1100.jpg 768w, https:\/\/www.ufsm.br\/app\/uploads\/sites\/391\/2019\/04\/scan0001_page-0001-3-715x1024.jpg 715w, https:\/\/www.ufsm.br\/app\/uploads\/sites\/391\/2019\/04\/scan0001_page-0001-3.jpg 946w\" sizes=\"(max-width: 209px) 100vw, 209px\" \/><\/p>\n<p>Organizadoras: Ana Cl\u00e1udia Pav\u00e3o Siluk e S\u00edlvia Maria de Oliveira Pav\u00e3o.<\/p>\n<p>Editora: Editora Experimental\/Pr\u00f3-Reitoria de Extens\u00e3o (PRE).<\/p>\n<p>Ano: 2015.<\/p>\n","protected":false},"excerpt":{"rendered":"<p>Organizadoras: Ana Cl\u00e1udia Pav\u00e3o Siluk e S\u00edlvia Maria de Oliveira Pav\u00e3o. Editora: Editora Experimental\/Pr\u00f3-Reitoria de Extens\u00e3o (PRE). Ano: 2015.<\/p>\n","protected":false},"author":47,"featured_media":2061,"parent":0,"menu_order":0,"comment_status":"closed","ping_status":"closed","template":"","meta":{"footnotes":""},"categories":[137],"tags":[143,144],"class_list":["post-6607","page","type-page","status-publish","has-post-thumbnail","hentry","category-livros","tag-143","tag-livros"],"acf":[],"_links":{"self":[{"href":"https:\/\/www.ufsm.br\/pro-reitorias\/prograd\/caed\/wp-json\/wp\/v2\/pages\/6607","targetHints":{"allow":["GET"]}}],"collection":[{"href":"https:\/\/www.ufsm.br\/pro-reitorias\/prograd\/caed\/wp-json\/wp\/v2\/pages"}],"about":[{"href":"https:\/\/www.ufsm.br\/pro-reitorias\/prograd\/caed\/wp-json\/wp\/v2\/types\/page"}],"author":[{"embeddable":true,"href":"https:\/\/www.ufsm.br\/pro-reitorias\/prograd\/caed\/wp-json\/wp\/v2\/users\/47"}],"replies":[{"embeddable":true,"href":"https:\/\/www.ufsm.br\/pro-reitorias\/prograd\/caed\/wp-json\/wp\/v2\/comments?post=6607"}],"version-history":[{"count":0,"href":"https:\/\/www.ufsm.br\/pro-reitorias\/prograd\/caed\/wp-json\/wp\/v2\/pages\/6607\/revisions"}],"wp:featuredmedia":[{"embeddable":true,"href":"https:\/\/www.ufsm.br\/pro-reitorias\/prograd\/caed\/wp-json\/wp\/v2\/media\/2061"}],"wp:attachment":[{"href":"https:\/\/www.ufsm.br\/pro-reitorias\/prograd\/caed\/wp-json\/wp\/v2\/media?parent=6607"}],"wp:term":[{"taxonomy":"category","embeddable":true,"href":"https:\/\/www.ufsm.br\/pro-reitorias\/prograd\/caed\/wp-json\/wp\/v2\/categories?post=6607"},{"taxonomy":"post_tag","embeddable":true,"href":"https:\/\/www.ufsm.br\/pro-reitorias\/prograd\/caed\/wp-json\/wp\/v2\/tags?post=6607"}],"curies":[{"name":"wp","href":"https:\/\/api.w.org\/{rel}","templated":true}]}}