{"id":6608,"date":"2025-02-03T10:05:10","date_gmt":"2025-02-03T13:05:10","guid":{"rendered":"https:\/\/www.ufsm.br\/pro-reitorias\/prograd\/caed\/?page_id=6608"},"modified":"2025-02-03T10:05:11","modified_gmt":"2025-02-03T13:05:11","slug":"educacao-a-distancia-trajetorias-de-professores-formadores-para-o-atendimento-educacional-especializado","status":"publish","type":"page","link":"https:\/\/www.ufsm.br\/pro-reitorias\/prograd\/caed\/educacao-a-distancia-trajetorias-de-professores-formadores-para-o-atendimento-educacional-especializado","title":{"rendered":"EDUCA\u00c7\u00c3O A DIST\u00c2NCIA: TRAJET\u00d3RIAS DE PROFESSORES FORMADORES PARA O ATENDIMENTO EDUCACIONAL ESPECIALIZADO"},"content":{"rendered":"\n<p><img fetchpriority=\"high\" decoding=\"async\" class=\"alignnone size-medium wp-image-2063\" src=\"https:\/\/www.ufsm.br\/app\/uploads\/sites\/391\/2019\/04\/scan0001_page-0001-4-250x300.jpg\" alt=\"\" width=\"250\" height=\"300\" srcset=\"https:\/\/www.ufsm.br\/app\/uploads\/sites\/391\/2019\/04\/scan0001_page-0001-4-250x300.jpg 250w, https:\/\/www.ufsm.br\/app\/uploads\/sites\/391\/2019\/04\/scan0001_page-0001-4-768x922.jpg 768w, https:\/\/www.ufsm.br\/app\/uploads\/sites\/391\/2019\/04\/scan0001_page-0001-4-853x1024.jpg 853w, https:\/\/www.ufsm.br\/app\/uploads\/sites\/391\/2019\/04\/scan0001_page-0001-4.jpg 1073w\" sizes=\"(max-width: 250px) 100vw, 250px\" \/><\/p>\n<p>Organizadoras: Ana Cl\u00e1udia Pav\u00e3o Siluk e S\u00edlvia Maria de Oliveira Pav\u00e3o.<\/p>\n<p>Editora: Editora Experimental\/Pr\u00f3-Reitoria de Extens\u00e3o (PRE).<\/p>\n<p>Ano: 2015.<\/p>\n","protected":false},"excerpt":{"rendered":"<p>Organizadoras: Ana Cl\u00e1udia Pav\u00e3o Siluk e S\u00edlvia Maria de Oliveira Pav\u00e3o. Editora: Editora Experimental\/Pr\u00f3-Reitoria de Extens\u00e3o (PRE). Ano: 2015.<\/p>\n","protected":false},"author":47,"featured_media":2063,"parent":0,"menu_order":0,"comment_status":"closed","ping_status":"closed","template":"","meta":{"footnotes":""},"categories":[137],"tags":[143,144],"class_list":["post-6608","page","type-page","status-publish","has-post-thumbnail","hentry","category-livros","tag-143","tag-livros"],"acf":[],"_links":{"self":[{"href":"https:\/\/www.ufsm.br\/pro-reitorias\/prograd\/caed\/wp-json\/wp\/v2\/pages\/6608","targetHints":{"allow":["GET"]}}],"collection":[{"href":"https:\/\/www.ufsm.br\/pro-reitorias\/prograd\/caed\/wp-json\/wp\/v2\/pages"}],"about":[{"href":"https:\/\/www.ufsm.br\/pro-reitorias\/prograd\/caed\/wp-json\/wp\/v2\/types\/page"}],"author":[{"embeddable":true,"href":"https:\/\/www.ufsm.br\/pro-reitorias\/prograd\/caed\/wp-json\/wp\/v2\/users\/47"}],"replies":[{"embeddable":true,"href":"https:\/\/www.ufsm.br\/pro-reitorias\/prograd\/caed\/wp-json\/wp\/v2\/comments?post=6608"}],"version-history":[{"count":0,"href":"https:\/\/www.ufsm.br\/pro-reitorias\/prograd\/caed\/wp-json\/wp\/v2\/pages\/6608\/revisions"}],"wp:featuredmedia":[{"embeddable":true,"href":"https:\/\/www.ufsm.br\/pro-reitorias\/prograd\/caed\/wp-json\/wp\/v2\/media\/2063"}],"wp:attachment":[{"href":"https:\/\/www.ufsm.br\/pro-reitorias\/prograd\/caed\/wp-json\/wp\/v2\/media?parent=6608"}],"wp:term":[{"taxonomy":"category","embeddable":true,"href":"https:\/\/www.ufsm.br\/pro-reitorias\/prograd\/caed\/wp-json\/wp\/v2\/categories?post=6608"},{"taxonomy":"post_tag","embeddable":true,"href":"https:\/\/www.ufsm.br\/pro-reitorias\/prograd\/caed\/wp-json\/wp\/v2\/tags?post=6608"}],"curies":[{"name":"wp","href":"https:\/\/api.w.org\/{rel}","templated":true}]}}