{"id":6609,"date":"2025-02-03T10:10:07","date_gmt":"2025-02-03T13:10:07","guid":{"rendered":"https:\/\/www.ufsm.br\/pro-reitorias\/prograd\/caed\/?page_id=6609"},"modified":"2025-02-03T10:10:09","modified_gmt":"2025-02-03T13:10:09","slug":"portfolio-de-materiais-didaticos-pedagogicos-para-o-atendimento-educacional-especializado-acessivel-pelo-drive","status":"publish","type":"page","link":"https:\/\/www.ufsm.br\/pro-reitorias\/prograd\/caed\/portfolio-de-materiais-didaticos-pedagogicos-para-o-atendimento-educacional-especializado-acessivel-pelo-drive","title":{"rendered":"PORTF\u00d3LIO DE MATERIAIS DID\u00c1TICOS PEDAG\u00d3GICOS PARA O ATENDIMENTO EDUCACIONAL ESPECIALIZADO (ACESS\u00cdVEL PELO DRIVE)"},"content":{"rendered":"\n<p><img fetchpriority=\"high\" decoding=\"async\" class=\"alignnone size-medium wp-image-2065\" src=\"https:\/\/www.ufsm.br\/app\/uploads\/sites\/391\/2019\/04\/scan0001_page-0001-5-217x300.jpg\" alt=\"\" width=\"217\" height=\"300\" srcset=\"https:\/\/www.ufsm.br\/app\/uploads\/sites\/391\/2019\/04\/scan0001_page-0001-5-217x300.jpg 217w, https:\/\/www.ufsm.br\/app\/uploads\/sites\/391\/2019\/04\/scan0001_page-0001-5-768x1062.jpg 768w, https:\/\/www.ufsm.br\/app\/uploads\/sites\/391\/2019\/04\/scan0001_page-0001-5-741x1024.jpg 741w, https:\/\/www.ufsm.br\/app\/uploads\/sites\/391\/2019\/04\/scan0001_page-0001-5.jpg 909w\" sizes=\"(max-width: 217px) 100vw, 217px\" \/><\/p>\n<p>Organizadoras: Ana Cl\u00e1udia Pav\u00e3o Siluk e S\u00edlvia Maria de Oliveira Pav\u00e3o.<\/p>\n<p>Editora:\u00a0Editora Experimental\/Pr\u00f3-Reitoria de Extens\u00e3o (PRE).<\/p>\n<p>Ano: 2015.<\/p>\n","protected":false},"excerpt":{"rendered":"<p>Organizadoras: Ana Cl\u00e1udia Pav\u00e3o Siluk e S\u00edlvia Maria de Oliveira Pav\u00e3o. Editora:\u00a0Editora Experimental\/Pr\u00f3-Reitoria de Extens\u00e3o (PRE). Ano: 2015.<\/p>\n","protected":false},"author":47,"featured_media":2065,"parent":0,"menu_order":0,"comment_status":"closed","ping_status":"closed","template":"","meta":{"footnotes":""},"categories":[137],"tags":[143,144],"class_list":["post-6609","page","type-page","status-publish","has-post-thumbnail","hentry","category-livros","tag-143","tag-livros"],"acf":[],"_links":{"self":[{"href":"https:\/\/www.ufsm.br\/pro-reitorias\/prograd\/caed\/wp-json\/wp\/v2\/pages\/6609","targetHints":{"allow":["GET"]}}],"collection":[{"href":"https:\/\/www.ufsm.br\/pro-reitorias\/prograd\/caed\/wp-json\/wp\/v2\/pages"}],"about":[{"href":"https:\/\/www.ufsm.br\/pro-reitorias\/prograd\/caed\/wp-json\/wp\/v2\/types\/page"}],"author":[{"embeddable":true,"href":"https:\/\/www.ufsm.br\/pro-reitorias\/prograd\/caed\/wp-json\/wp\/v2\/users\/47"}],"replies":[{"embeddable":true,"href":"https:\/\/www.ufsm.br\/pro-reitorias\/prograd\/caed\/wp-json\/wp\/v2\/comments?post=6609"}],"version-history":[{"count":0,"href":"https:\/\/www.ufsm.br\/pro-reitorias\/prograd\/caed\/wp-json\/wp\/v2\/pages\/6609\/revisions"}],"wp:featuredmedia":[{"embeddable":true,"href":"https:\/\/www.ufsm.br\/pro-reitorias\/prograd\/caed\/wp-json\/wp\/v2\/media\/2065"}],"wp:attachment":[{"href":"https:\/\/www.ufsm.br\/pro-reitorias\/prograd\/caed\/wp-json\/wp\/v2\/media?parent=6609"}],"wp:term":[{"taxonomy":"category","embeddable":true,"href":"https:\/\/www.ufsm.br\/pro-reitorias\/prograd\/caed\/wp-json\/wp\/v2\/categories?post=6609"},{"taxonomy":"post_tag","embeddable":true,"href":"https:\/\/www.ufsm.br\/pro-reitorias\/prograd\/caed\/wp-json\/wp\/v2\/tags?post=6609"}],"curies":[{"name":"wp","href":"https:\/\/api.w.org\/{rel}","templated":true}]}}