{"id":6610,"date":"2025-02-03T10:32:22","date_gmt":"2025-02-03T13:32:22","guid":{"rendered":"https:\/\/www.ufsm.br\/pro-reitorias\/prograd\/caed\/?page_id=6610"},"modified":"2025-02-03T10:32:23","modified_gmt":"2025-02-03T13:32:23","slug":"anais-do-xi-seminario-de-educacao-especial-e-ii-seminario-latino-americano-de-educacao-especial-espacos-e-tempos-de-aprendizagem-na-educacao-especial","status":"publish","type":"page","link":"https:\/\/www.ufsm.br\/pro-reitorias\/prograd\/caed\/anais-do-xi-seminario-de-educacao-especial-e-ii-seminario-latino-americano-de-educacao-especial-espacos-e-tempos-de-aprendizagem-na-educacao-especial","title":{"rendered":"ANAIS DO XI SEMIN\u00c1RIO DE EDUCA\u00c7\u00c3O ESPECIAL E II SEMIN\u00c1RIO LATINO-AMERICANO DE EDUCA\u00c7\u00c3O ESPECIAL \u2013 \u201cESPA\u00c7OS E TEMPOS DE APRENDIZAGEM NA EDUCA\u00c7\u00c3O ESPECIAL\u201d"},"content":{"rendered":"\n<p><img fetchpriority=\"high\" decoding=\"async\" class=\"alignnone size-medium wp-image-2346\" src=\"https:\/\/www.ufsm.br\/app\/uploads\/sites\/391\/2019\/08\/Capa-SEELA-212x300.jpg\" alt=\"\" width=\"212\" height=\"300\" srcset=\"https:\/\/www.ufsm.br\/app\/uploads\/sites\/391\/2019\/08\/Capa-SEELA-212x300.jpg 212w, https:\/\/www.ufsm.br\/app\/uploads\/sites\/391\/2019\/08\/Capa-SEELA-768x1086.jpg 768w, https:\/\/www.ufsm.br\/app\/uploads\/sites\/391\/2019\/08\/Capa-SEELA-724x1024.jpg 724w, https:\/\/www.ufsm.br\/app\/uploads\/sites\/391\/2019\/08\/Capa-SEELA.jpg 1588w\" sizes=\"(max-width: 212px) 100vw, 212px\" \/><\/p>\n<p>Coordena\u00e7\u00e3o geral: Prof\u00aa. Dr\u00aa M\u00f4nica Zavacki de Morais.<\/p>\n<p>Ano: 2017.<\/p>\n\n\n\n\n","protected":false},"excerpt":{"rendered":"<p>Coordena\u00e7\u00e3o geral: Prof\u00aa. Dr\u00aa M\u00f4nica Zavacki de Morais. Ano: 2017.<\/p>\n","protected":false},"author":47,"featured_media":2346,"parent":0,"menu_order":0,"comment_status":"closed","ping_status":"closed","template":"","meta":{"footnotes":""},"categories":[137],"tags":[145,144],"class_list":["post-6610","page","type-page","status-publish","has-post-thumbnail","hentry","category-livros","tag-145","tag-livros"],"acf":[],"_links":{"self":[{"href":"https:\/\/www.ufsm.br\/pro-reitorias\/prograd\/caed\/wp-json\/wp\/v2\/pages\/6610","targetHints":{"allow":["GET"]}}],"collection":[{"href":"https:\/\/www.ufsm.br\/pro-reitorias\/prograd\/caed\/wp-json\/wp\/v2\/pages"}],"about":[{"href":"https:\/\/www.ufsm.br\/pro-reitorias\/prograd\/caed\/wp-json\/wp\/v2\/types\/page"}],"author":[{"embeddable":true,"href":"https:\/\/www.ufsm.br\/pro-reitorias\/prograd\/caed\/wp-json\/wp\/v2\/users\/47"}],"replies":[{"embeddable":true,"href":"https:\/\/www.ufsm.br\/pro-reitorias\/prograd\/caed\/wp-json\/wp\/v2\/comments?post=6610"}],"version-history":[{"count":0,"href":"https:\/\/www.ufsm.br\/pro-reitorias\/prograd\/caed\/wp-json\/wp\/v2\/pages\/6610\/revisions"}],"wp:featuredmedia":[{"embeddable":true,"href":"https:\/\/www.ufsm.br\/pro-reitorias\/prograd\/caed\/wp-json\/wp\/v2\/media\/2346"}],"wp:attachment":[{"href":"https:\/\/www.ufsm.br\/pro-reitorias\/prograd\/caed\/wp-json\/wp\/v2\/media?parent=6610"}],"wp:term":[{"taxonomy":"category","embeddable":true,"href":"https:\/\/www.ufsm.br\/pro-reitorias\/prograd\/caed\/wp-json\/wp\/v2\/categories?post=6610"},{"taxonomy":"post_tag","embeddable":true,"href":"https:\/\/www.ufsm.br\/pro-reitorias\/prograd\/caed\/wp-json\/wp\/v2\/tags?post=6610"}],"curies":[{"name":"wp","href":"https:\/\/api.w.org\/{rel}","templated":true}]}}