{"id":6611,"date":"2025-02-03T10:39:15","date_gmt":"2025-02-03T13:39:15","guid":{"rendered":"https:\/\/www.ufsm.br\/pro-reitorias\/prograd\/caed\/?page_id=6611"},"modified":"2025-02-03T10:39:17","modified_gmt":"2025-02-03T13:39:17","slug":"atendimento-educacional-especializado-estado-da-arte","status":"publish","type":"page","link":"https:\/\/www.ufsm.br\/pro-reitorias\/prograd\/caed\/atendimento-educacional-especializado-estado-da-arte","title":{"rendered":"ATENDIMENTO EDUCACIONAL ESPECIALIZADO ESTADO DA ARTE"},"content":{"rendered":"\n<p><img fetchpriority=\"high\" decoding=\"async\" class=\"alignnone size-medium wp-image-2097\" src=\"https:\/\/www.ufsm.br\/app\/uploads\/sites\/391\/2019\/04\/4_page-0001-224x300.jpg\" alt=\"\" width=\"224\" height=\"300\" srcset=\"https:\/\/www.ufsm.br\/app\/uploads\/sites\/391\/2019\/04\/4_page-0001-224x300.jpg 224w, https:\/\/www.ufsm.br\/app\/uploads\/sites\/391\/2019\/04\/4_page-0001-768x1029.jpg 768w, https:\/\/www.ufsm.br\/app\/uploads\/sites\/391\/2019\/04\/4_page-0001-764x1024.jpg 764w, https:\/\/www.ufsm.br\/app\/uploads\/sites\/391\/2019\/04\/4_page-0001.jpg 1084w\" sizes=\"(max-width: 224px) 100vw, 224px\" \/><\/p>\n<p>Organizadoras: Ana Cl\u00e1udia Oliveira Pav\u00e3o e S\u00edlvia Maria de Oliveira Pav\u00e3o.<\/p>\n<p>Editora: Editora Experimental\/Pr\u00f3-Reitoria de Extens\u00e3o (PRE).<\/p>\n<p>Ano: 2017.<\/p>\n","protected":false},"excerpt":{"rendered":"<p>Organizadoras: Ana Cl\u00e1udia Oliveira Pav\u00e3o e S\u00edlvia Maria de Oliveira Pav\u00e3o. Editora: Editora Experimental\/Pr\u00f3-Reitoria de Extens\u00e3o (PRE). Ano: 2017.<\/p>\n","protected":false},"author":47,"featured_media":2097,"parent":0,"menu_order":0,"comment_status":"closed","ping_status":"closed","template":"","meta":{"footnotes":""},"categories":[137],"tags":[145,144],"class_list":["post-6611","page","type-page","status-publish","has-post-thumbnail","hentry","category-livros","tag-145","tag-livros"],"acf":[],"_links":{"self":[{"href":"https:\/\/www.ufsm.br\/pro-reitorias\/prograd\/caed\/wp-json\/wp\/v2\/pages\/6611","targetHints":{"allow":["GET"]}}],"collection":[{"href":"https:\/\/www.ufsm.br\/pro-reitorias\/prograd\/caed\/wp-json\/wp\/v2\/pages"}],"about":[{"href":"https:\/\/www.ufsm.br\/pro-reitorias\/prograd\/caed\/wp-json\/wp\/v2\/types\/page"}],"author":[{"embeddable":true,"href":"https:\/\/www.ufsm.br\/pro-reitorias\/prograd\/caed\/wp-json\/wp\/v2\/users\/47"}],"replies":[{"embeddable":true,"href":"https:\/\/www.ufsm.br\/pro-reitorias\/prograd\/caed\/wp-json\/wp\/v2\/comments?post=6611"}],"version-history":[{"count":0,"href":"https:\/\/www.ufsm.br\/pro-reitorias\/prograd\/caed\/wp-json\/wp\/v2\/pages\/6611\/revisions"}],"wp:featuredmedia":[{"embeddable":true,"href":"https:\/\/www.ufsm.br\/pro-reitorias\/prograd\/caed\/wp-json\/wp\/v2\/media\/2097"}],"wp:attachment":[{"href":"https:\/\/www.ufsm.br\/pro-reitorias\/prograd\/caed\/wp-json\/wp\/v2\/media?parent=6611"}],"wp:term":[{"taxonomy":"category","embeddable":true,"href":"https:\/\/www.ufsm.br\/pro-reitorias\/prograd\/caed\/wp-json\/wp\/v2\/categories?post=6611"},{"taxonomy":"post_tag","embeddable":true,"href":"https:\/\/www.ufsm.br\/pro-reitorias\/prograd\/caed\/wp-json\/wp\/v2\/tags?post=6611"}],"curies":[{"name":"wp","href":"https:\/\/api.w.org\/{rel}","templated":true}]}}