{"id":6612,"date":"2025-02-03T10:45:45","date_gmt":"2025-02-03T13:45:45","guid":{"rendered":"https:\/\/www.ufsm.br\/pro-reitorias\/prograd\/caed\/?page_id=6612"},"modified":"2025-02-03T10:45:46","modified_gmt":"2025-02-03T13:45:46","slug":"educacao-superior-desafios-para-a-nao-compartimentacao-dos-saberes-2","status":"publish","type":"page","link":"https:\/\/www.ufsm.br\/pro-reitorias\/prograd\/caed\/educacao-superior-desafios-para-a-nao-compartimentacao-dos-saberes-2","title":{"rendered":"EDUCA\u00c7\u00c3O SUPERIOR: DESAFIOS PARA A N\u00c3O COMPARTIMENTA\u00c7\u00c3O DOS SABERES"},"content":{"rendered":"\n<p><img fetchpriority=\"high\" decoding=\"async\" class=\"alignnone size-medium wp-image-2107\" src=\"https:\/\/www.ufsm.br\/app\/uploads\/sites\/391\/2019\/04\/Educa\u00e7\u00e3o-Superior-Desafios-para-a-n\u00e3o-compartimenta\u00e7\u00e3o-dos-saberes-212x300.jpg\" alt=\"\" width=\"212\" height=\"300\" srcset=\"https:\/\/www.ufsm.br\/app\/uploads\/sites\/391\/2019\/04\/Educa\u00e7\u00e3o-Superior-Desafios-para-a-n\u00e3o-compartimenta\u00e7\u00e3o-dos-saberes-212x300.jpg 212w, https:\/\/www.ufsm.br\/app\/uploads\/sites\/391\/2019\/04\/Educa\u00e7\u00e3o-Superior-Desafios-para-a-n\u00e3o-compartimenta\u00e7\u00e3o-dos-saberes-768x1087.jpg 768w, https:\/\/www.ufsm.br\/app\/uploads\/sites\/391\/2019\/04\/Educa\u00e7\u00e3o-Superior-Desafios-para-a-n\u00e3o-compartimenta\u00e7\u00e3o-dos-saberes-723x1024.jpg 723w, https:\/\/www.ufsm.br\/app\/uploads\/sites\/391\/2019\/04\/Educa\u00e7\u00e3o-Superior-Desafios-para-a-n\u00e3o-compartimenta\u00e7\u00e3o-dos-saberes.jpg 1207w\" sizes=\"(max-width: 212px) 100vw, 212px\" \/><\/p>\n<p>Organizadoras: Bruna Pereira Alves Fiorin e S\u00edlvia Maria de Oliveira Pav\u00e3o.<\/p>\n<p>Editora: FACOS-UFSM.<\/p>\n<p>Ano: 2017.<\/p>\n","protected":false},"excerpt":{"rendered":"<p>Organizadoras: Bruna Pereira Alves Fiorin e S\u00edlvia Maria de Oliveira Pav\u00e3o. Editora: FACOS-UFSM. Ano: 2017.<\/p>\n","protected":false},"author":47,"featured_media":2107,"parent":0,"menu_order":0,"comment_status":"closed","ping_status":"closed","template":"","meta":{"footnotes":""},"categories":[137],"tags":[145,144],"class_list":["post-6612","page","type-page","status-publish","has-post-thumbnail","hentry","category-livros","tag-145","tag-livros"],"acf":[],"_links":{"self":[{"href":"https:\/\/www.ufsm.br\/pro-reitorias\/prograd\/caed\/wp-json\/wp\/v2\/pages\/6612","targetHints":{"allow":["GET"]}}],"collection":[{"href":"https:\/\/www.ufsm.br\/pro-reitorias\/prograd\/caed\/wp-json\/wp\/v2\/pages"}],"about":[{"href":"https:\/\/www.ufsm.br\/pro-reitorias\/prograd\/caed\/wp-json\/wp\/v2\/types\/page"}],"author":[{"embeddable":true,"href":"https:\/\/www.ufsm.br\/pro-reitorias\/prograd\/caed\/wp-json\/wp\/v2\/users\/47"}],"replies":[{"embeddable":true,"href":"https:\/\/www.ufsm.br\/pro-reitorias\/prograd\/caed\/wp-json\/wp\/v2\/comments?post=6612"}],"version-history":[{"count":0,"href":"https:\/\/www.ufsm.br\/pro-reitorias\/prograd\/caed\/wp-json\/wp\/v2\/pages\/6612\/revisions"}],"wp:featuredmedia":[{"embeddable":true,"href":"https:\/\/www.ufsm.br\/pro-reitorias\/prograd\/caed\/wp-json\/wp\/v2\/media\/2107"}],"wp:attachment":[{"href":"https:\/\/www.ufsm.br\/pro-reitorias\/prograd\/caed\/wp-json\/wp\/v2\/media?parent=6612"}],"wp:term":[{"taxonomy":"category","embeddable":true,"href":"https:\/\/www.ufsm.br\/pro-reitorias\/prograd\/caed\/wp-json\/wp\/v2\/categories?post=6612"},{"taxonomy":"post_tag","embeddable":true,"href":"https:\/\/www.ufsm.br\/pro-reitorias\/prograd\/caed\/wp-json\/wp\/v2\/tags?post=6612"}],"curies":[{"name":"wp","href":"https:\/\/api.w.org\/{rel}","templated":true}]}}