{"id":6616,"date":"2025-02-03T11:00:40","date_gmt":"2025-02-03T14:00:40","guid":{"rendered":"https:\/\/www.ufsm.br\/pro-reitorias\/prograd\/caed\/?page_id=6616"},"modified":"2025-02-03T11:00:41","modified_gmt":"2025-02-03T14:00:41","slug":"atendimento-educacional-especializado-para-as-altas-habilidades-superdotacao","status":"publish","type":"page","link":"https:\/\/www.ufsm.br\/pro-reitorias\/prograd\/caed\/atendimento-educacional-especializado-para-as-altas-habilidades-superdotacao","title":{"rendered":"ATENDIMENTO EDUCACIONAL ESPECIALIZADO PARA AS ALTAS HABILIDADES SUPERDOTA\u00c7\u00c3O"},"content":{"rendered":"\n<p><img fetchpriority=\"high\" decoding=\"async\" class=\"alignnone size-medium wp-image-2100\" src=\"https:\/\/www.ufsm.br\/app\/uploads\/sites\/391\/2019\/04\/7_page-0001-204x300.jpg\" alt=\"\" width=\"204\" height=\"300\" srcset=\"https:\/\/www.ufsm.br\/app\/uploads\/sites\/391\/2019\/04\/7_page-0001-204x300.jpg 204w, https:\/\/www.ufsm.br\/app\/uploads\/sites\/391\/2019\/04\/7_page-0001-768x1128.jpg 768w, https:\/\/www.ufsm.br\/app\/uploads\/sites\/391\/2019\/04\/7_page-0001-697x1024.jpg 697w, https:\/\/www.ufsm.br\/app\/uploads\/sites\/391\/2019\/04\/7_page-0001.jpg 948w\" sizes=\"(max-width: 204px) 100vw, 204px\" \/><\/p>\n<p>Organizadoras: Ana Cl\u00e1udia Oliveira Pav\u00e3o, S\u00edlvia Maria de Oliveira Pav\u00e3o e Tatiane Negrini.<\/p>\n<p>Editora: FACOS-UFSM.<\/p>\n<p>Ano: 2018.<\/p>\n","protected":false},"excerpt":{"rendered":"<p>Organizadoras: Ana Cl\u00e1udia Oliveira Pav\u00e3o, S\u00edlvia Maria de Oliveira Pav\u00e3o e Tatiane Negrini. Editora: FACOS-UFSM. Ano: 2018.<\/p>\n","protected":false},"author":47,"featured_media":2100,"parent":0,"menu_order":0,"comment_status":"closed","ping_status":"closed","template":"","meta":{"footnotes":""},"categories":[137],"tags":[146,144],"class_list":["post-6616","page","type-page","status-publish","has-post-thumbnail","hentry","category-livros","tag-146","tag-livros"],"acf":[],"_links":{"self":[{"href":"https:\/\/www.ufsm.br\/pro-reitorias\/prograd\/caed\/wp-json\/wp\/v2\/pages\/6616","targetHints":{"allow":["GET"]}}],"collection":[{"href":"https:\/\/www.ufsm.br\/pro-reitorias\/prograd\/caed\/wp-json\/wp\/v2\/pages"}],"about":[{"href":"https:\/\/www.ufsm.br\/pro-reitorias\/prograd\/caed\/wp-json\/wp\/v2\/types\/page"}],"author":[{"embeddable":true,"href":"https:\/\/www.ufsm.br\/pro-reitorias\/prograd\/caed\/wp-json\/wp\/v2\/users\/47"}],"replies":[{"embeddable":true,"href":"https:\/\/www.ufsm.br\/pro-reitorias\/prograd\/caed\/wp-json\/wp\/v2\/comments?post=6616"}],"version-history":[{"count":0,"href":"https:\/\/www.ufsm.br\/pro-reitorias\/prograd\/caed\/wp-json\/wp\/v2\/pages\/6616\/revisions"}],"wp:featuredmedia":[{"embeddable":true,"href":"https:\/\/www.ufsm.br\/pro-reitorias\/prograd\/caed\/wp-json\/wp\/v2\/media\/2100"}],"wp:attachment":[{"href":"https:\/\/www.ufsm.br\/pro-reitorias\/prograd\/caed\/wp-json\/wp\/v2\/media?parent=6616"}],"wp:term":[{"taxonomy":"category","embeddable":true,"href":"https:\/\/www.ufsm.br\/pro-reitorias\/prograd\/caed\/wp-json\/wp\/v2\/categories?post=6616"},{"taxonomy":"post_tag","embeddable":true,"href":"https:\/\/www.ufsm.br\/pro-reitorias\/prograd\/caed\/wp-json\/wp\/v2\/tags?post=6616"}],"curies":[{"name":"wp","href":"https:\/\/api.w.org\/{rel}","templated":true}]}}