{"id":6618,"date":"2025-02-03T11:11:29","date_gmt":"2025-02-03T14:11:29","guid":{"rendered":"https:\/\/www.ufsm.br\/pro-reitorias\/prograd\/caed\/?page_id=6618"},"modified":"2025-02-03T11:11:31","modified_gmt":"2025-02-03T14:11:31","slug":"estrategias-pedagogicas-inclusivas-na-educacao-superior","status":"publish","type":"page","link":"https:\/\/www.ufsm.br\/pro-reitorias\/prograd\/caed\/estrategias-pedagogicas-inclusivas-na-educacao-superior","title":{"rendered":"ESTRAT\u00c9GIAS PEDAG\u00d3GICAS INCLUSIVAS NA EDUCA\u00c7\u00c3O SUPERIOR"},"content":{"rendered":"\n<p><img fetchpriority=\"high\" decoding=\"async\" class=\"alignnone size-medium wp-image-2091\" src=\"https:\/\/www.ufsm.br\/app\/uploads\/sites\/391\/2019\/04\/scan0001_page-0001-7-208x300.jpg\" alt=\"\" width=\"208\" height=\"300\" srcset=\"https:\/\/www.ufsm.br\/app\/uploads\/sites\/391\/2019\/04\/scan0001_page-0001-7-208x300.jpg 208w, https:\/\/www.ufsm.br\/app\/uploads\/sites\/391\/2019\/04\/scan0001_page-0001-7-768x1105.jpg 768w, https:\/\/www.ufsm.br\/app\/uploads\/sites\/391\/2019\/04\/scan0001_page-0001-7-712x1024.jpg 712w, https:\/\/www.ufsm.br\/app\/uploads\/sites\/391\/2019\/04\/scan0001_page-0001-7.jpg 975w\" sizes=\"(max-width: 208px) 100vw, 208px\" \/><\/p>\n<p>Organizadoras: Ana Cl\u00e1udia Oliveira Pav\u00e3o e S\u00edlvia Maria de Oliveira Pav\u00e3o.<\/p>\n<p>Editora: FACOS-UFSM.<\/p>\n<p>Ano: 2018.<\/p>\n","protected":false},"excerpt":{"rendered":"<p>Organizadoras: Ana Cl\u00e1udia Oliveira Pav\u00e3o e S\u00edlvia Maria de Oliveira Pav\u00e3o. Editora: FACOS-UFSM. Ano: 2018.<\/p>\n","protected":false},"author":47,"featured_media":2091,"parent":0,"menu_order":0,"comment_status":"closed","ping_status":"closed","template":"","meta":{"footnotes":""},"categories":[137],"tags":[146,144],"class_list":["post-6618","page","type-page","status-publish","has-post-thumbnail","hentry","category-livros","tag-146","tag-livros"],"acf":[],"_links":{"self":[{"href":"https:\/\/www.ufsm.br\/pro-reitorias\/prograd\/caed\/wp-json\/wp\/v2\/pages\/6618","targetHints":{"allow":["GET"]}}],"collection":[{"href":"https:\/\/www.ufsm.br\/pro-reitorias\/prograd\/caed\/wp-json\/wp\/v2\/pages"}],"about":[{"href":"https:\/\/www.ufsm.br\/pro-reitorias\/prograd\/caed\/wp-json\/wp\/v2\/types\/page"}],"author":[{"embeddable":true,"href":"https:\/\/www.ufsm.br\/pro-reitorias\/prograd\/caed\/wp-json\/wp\/v2\/users\/47"}],"replies":[{"embeddable":true,"href":"https:\/\/www.ufsm.br\/pro-reitorias\/prograd\/caed\/wp-json\/wp\/v2\/comments?post=6618"}],"version-history":[{"count":0,"href":"https:\/\/www.ufsm.br\/pro-reitorias\/prograd\/caed\/wp-json\/wp\/v2\/pages\/6618\/revisions"}],"wp:featuredmedia":[{"embeddable":true,"href":"https:\/\/www.ufsm.br\/pro-reitorias\/prograd\/caed\/wp-json\/wp\/v2\/media\/2091"}],"wp:attachment":[{"href":"https:\/\/www.ufsm.br\/pro-reitorias\/prograd\/caed\/wp-json\/wp\/v2\/media?parent=6618"}],"wp:term":[{"taxonomy":"category","embeddable":true,"href":"https:\/\/www.ufsm.br\/pro-reitorias\/prograd\/caed\/wp-json\/wp\/v2\/categories?post=6618"},{"taxonomy":"post_tag","embeddable":true,"href":"https:\/\/www.ufsm.br\/pro-reitorias\/prograd\/caed\/wp-json\/wp\/v2\/tags?post=6618"}],"curies":[{"name":"wp","href":"https:\/\/api.w.org\/{rel}","templated":true}]}}