{"id":6619,"date":"2025-02-03T11:14:05","date_gmt":"2025-02-03T14:14:05","guid":{"rendered":"https:\/\/www.ufsm.br\/pro-reitorias\/prograd\/caed\/?page_id=6619"},"modified":"2025-02-03T11:14:07","modified_gmt":"2025-02-03T14:14:07","slug":"avaliacao-reflexoes-sobre-o-processo-avaliativo-no-aee","status":"publish","type":"page","link":"https:\/\/www.ufsm.br\/pro-reitorias\/prograd\/caed\/avaliacao-reflexoes-sobre-o-processo-avaliativo-no-aee","title":{"rendered":"AVALIA\u00c7\u00c3O REFLEX\u00d5ES SOBRE O PROCESSO AVALIATIVO NO AEE"},"content":{"rendered":"\n<p><img fetchpriority=\"high\" decoding=\"async\" class=\"alignnone size-medium wp-image-2643\" src=\"https:\/\/www.ufsm.br\/app\/uploads\/sites\/391\/2019\/12\/capa-jpg-207x300.jpg\" alt=\"\" width=\"207\" height=\"300\" srcset=\"https:\/\/www.ufsm.br\/app\/uploads\/sites\/391\/2019\/12\/capa-jpg-207x300.jpg 207w, https:\/\/www.ufsm.br\/app\/uploads\/sites\/391\/2019\/12\/capa-jpg-705x1024.jpg 705w, https:\/\/www.ufsm.br\/app\/uploads\/sites\/391\/2019\/12\/capa-jpg-768x1115.jpg 768w, https:\/\/www.ufsm.br\/app\/uploads\/sites\/391\/2019\/12\/capa-jpg-1058x1536.jpg 1058w, https:\/\/www.ufsm.br\/app\/uploads\/sites\/391\/2019\/12\/capa-jpg.jpg 1111w\" sizes=\"(max-width: 207px) 100vw, 207px\" \/><\/p>\n<p>Organizadoras: S\u00edlvia Maria de Oliveira Pav\u00e3o e Ana Cl\u00e1udia Oliveira Pav\u00e3o.<\/p>\n<p>Editora: FACOS-UFSM.<\/p>\n<p>Ano: 2019.<\/p>\n","protected":false},"excerpt":{"rendered":"<p>Organizadoras: S\u00edlvia Maria de Oliveira Pav\u00e3o e Ana Cl\u00e1udia Oliveira Pav\u00e3o. Editora: FACOS-UFSM. Ano: 2019.<\/p>\n","protected":false},"author":47,"featured_media":2643,"parent":0,"menu_order":0,"comment_status":"closed","ping_status":"closed","template":"","meta":{"footnotes":""},"categories":[137],"tags":[147,144],"class_list":["post-6619","page","type-page","status-publish","has-post-thumbnail","hentry","category-livros","tag-147","tag-livros"],"acf":[],"_links":{"self":[{"href":"https:\/\/www.ufsm.br\/pro-reitorias\/prograd\/caed\/wp-json\/wp\/v2\/pages\/6619","targetHints":{"allow":["GET"]}}],"collection":[{"href":"https:\/\/www.ufsm.br\/pro-reitorias\/prograd\/caed\/wp-json\/wp\/v2\/pages"}],"about":[{"href":"https:\/\/www.ufsm.br\/pro-reitorias\/prograd\/caed\/wp-json\/wp\/v2\/types\/page"}],"author":[{"embeddable":true,"href":"https:\/\/www.ufsm.br\/pro-reitorias\/prograd\/caed\/wp-json\/wp\/v2\/users\/47"}],"replies":[{"embeddable":true,"href":"https:\/\/www.ufsm.br\/pro-reitorias\/prograd\/caed\/wp-json\/wp\/v2\/comments?post=6619"}],"version-history":[{"count":0,"href":"https:\/\/www.ufsm.br\/pro-reitorias\/prograd\/caed\/wp-json\/wp\/v2\/pages\/6619\/revisions"}],"wp:featuredmedia":[{"embeddable":true,"href":"https:\/\/www.ufsm.br\/pro-reitorias\/prograd\/caed\/wp-json\/wp\/v2\/media\/2643"}],"wp:attachment":[{"href":"https:\/\/www.ufsm.br\/pro-reitorias\/prograd\/caed\/wp-json\/wp\/v2\/media?parent=6619"}],"wp:term":[{"taxonomy":"category","embeddable":true,"href":"https:\/\/www.ufsm.br\/pro-reitorias\/prograd\/caed\/wp-json\/wp\/v2\/categories?post=6619"},{"taxonomy":"post_tag","embeddable":true,"href":"https:\/\/www.ufsm.br\/pro-reitorias\/prograd\/caed\/wp-json\/wp\/v2\/tags?post=6619"}],"curies":[{"name":"wp","href":"https:\/\/api.w.org\/{rel}","templated":true}]}}