{"id":6623,"date":"2025-02-03T12:13:28","date_gmt":"2025-02-03T15:13:28","guid":{"rendered":"https:\/\/www.ufsm.br\/pro-reitorias\/prograd\/caed\/?page_id=6623"},"modified":"2025-02-03T12:13:29","modified_gmt":"2025-02-03T15:13:29","slug":"os-casos-excluidos-da-politica-nacional-de-educacao-especial-na-perspectiva-da-educacao-inclusiva-2","status":"publish","type":"page","link":"https:\/\/www.ufsm.br\/pro-reitorias\/prograd\/caed\/os-casos-excluidos-da-politica-nacional-de-educacao-especial-na-perspectiva-da-educacao-inclusiva-2","title":{"rendered":"OS CASOS EXCLU\u00cdDOS DA POL\u00cdTICA NACIONAL DE EDUCA\u00c7\u00c3O ESPECIAL NA PERSPECTIVA DA EDUCA\u00c7\u00c3O INCLUSIVA"},"content":{"rendered":"\n<p><img fetchpriority=\"high\" decoding=\"async\" class=\"alignnone size-medium wp-image-2304\" src=\"https:\/\/www.ufsm.br\/app\/uploads\/sites\/391\/2019\/07\/thumbnail-210x300.png\" alt=\"\" width=\"210\" height=\"300\" srcset=\"https:\/\/www.ufsm.br\/app\/uploads\/sites\/391\/2019\/07\/thumbnail-210x300.png 210w, https:\/\/www.ufsm.br\/app\/uploads\/sites\/391\/2019\/07\/thumbnail.png 419w\" sizes=\"(max-width: 210px) 100vw, 210px\" \/><\/p>\n<p>Organizadoras: Ana Cl\u00e1udia Oliveira Pav\u00e3o e S\u00edlvia Maria de Oliveira Pav\u00e3o.<\/p>\n<p>Editora: FACOS-UFSM.<\/p>\n<p>Ano: 2019.<\/p>\n","protected":false},"excerpt":{"rendered":"<p>Organizadoras: Ana Cl\u00e1udia Oliveira Pav\u00e3o e S\u00edlvia Maria de Oliveira Pav\u00e3o. Editora: FACOS-UFSM. Ano: 2019.<\/p>\n","protected":false},"author":47,"featured_media":2304,"parent":0,"menu_order":0,"comment_status":"closed","ping_status":"closed","template":"","meta":{"footnotes":""},"categories":[137],"tags":[147,144],"class_list":["post-6623","page","type-page","status-publish","has-post-thumbnail","hentry","category-livros","tag-147","tag-livros"],"acf":[],"_links":{"self":[{"href":"https:\/\/www.ufsm.br\/pro-reitorias\/prograd\/caed\/wp-json\/wp\/v2\/pages\/6623","targetHints":{"allow":["GET"]}}],"collection":[{"href":"https:\/\/www.ufsm.br\/pro-reitorias\/prograd\/caed\/wp-json\/wp\/v2\/pages"}],"about":[{"href":"https:\/\/www.ufsm.br\/pro-reitorias\/prograd\/caed\/wp-json\/wp\/v2\/types\/page"}],"author":[{"embeddable":true,"href":"https:\/\/www.ufsm.br\/pro-reitorias\/prograd\/caed\/wp-json\/wp\/v2\/users\/47"}],"replies":[{"embeddable":true,"href":"https:\/\/www.ufsm.br\/pro-reitorias\/prograd\/caed\/wp-json\/wp\/v2\/comments?post=6623"}],"version-history":[{"count":0,"href":"https:\/\/www.ufsm.br\/pro-reitorias\/prograd\/caed\/wp-json\/wp\/v2\/pages\/6623\/revisions"}],"wp:featuredmedia":[{"embeddable":true,"href":"https:\/\/www.ufsm.br\/pro-reitorias\/prograd\/caed\/wp-json\/wp\/v2\/media\/2304"}],"wp:attachment":[{"href":"https:\/\/www.ufsm.br\/pro-reitorias\/prograd\/caed\/wp-json\/wp\/v2\/media?parent=6623"}],"wp:term":[{"taxonomy":"category","embeddable":true,"href":"https:\/\/www.ufsm.br\/pro-reitorias\/prograd\/caed\/wp-json\/wp\/v2\/categories?post=6623"},{"taxonomy":"post_tag","embeddable":true,"href":"https:\/\/www.ufsm.br\/pro-reitorias\/prograd\/caed\/wp-json\/wp\/v2\/tags?post=6623"}],"curies":[{"name":"wp","href":"https:\/\/api.w.org\/{rel}","templated":true}]}}