{"id":6625,"date":"2025-02-03T12:17:24","date_gmt":"2025-02-03T15:17:24","guid":{"rendered":"https:\/\/www.ufsm.br\/pro-reitorias\/prograd\/caed\/?page_id=6625"},"modified":"2025-02-03T12:17:26","modified_gmt":"2025-02-03T15:17:26","slug":"praticas-educacionais-inclusivas-na-educacao-basica-2","status":"publish","type":"page","link":"https:\/\/www.ufsm.br\/pro-reitorias\/prograd\/caed\/praticas-educacionais-inclusivas-na-educacao-basica-2","title":{"rendered":"PR\u00c1TICAS EDUCACIONAIS INCLUSIVAS NA EDUCA\u00c7\u00c3O B\u00c1SICA"},"content":{"rendered":"\n<p><img fetchpriority=\"high\" decoding=\"async\" class=\"alignnone size-medium wp-image-2093\" src=\"https:\/\/www.ufsm.br\/app\/uploads\/sites\/391\/2019\/04\/scan0001-7_page-0001-207x300.jpg\" alt=\"\" width=\"207\" height=\"300\" srcset=\"https:\/\/www.ufsm.br\/app\/uploads\/sites\/391\/2019\/04\/scan0001-7_page-0001-207x300.jpg 207w, https:\/\/www.ufsm.br\/app\/uploads\/sites\/391\/2019\/04\/scan0001-7_page-0001-768x1111.jpg 768w, https:\/\/www.ufsm.br\/app\/uploads\/sites\/391\/2019\/04\/scan0001-7_page-0001-708x1024.jpg 708w, https:\/\/www.ufsm.br\/app\/uploads\/sites\/391\/2019\/04\/scan0001-7_page-0001.jpg 961w\" sizes=\"(max-width: 207px) 100vw, 207px\" \/><\/p>\n<p>Organizadoras: Ana Cl\u00e1udia Oliveira Pav\u00e3o e S\u00edlvia Maria de Oliveira Pav\u00e3o.<\/p>\n<p>Editora: FACOS-UFSM.<\/p>\n<p>Ano: 2019.<\/p>\n","protected":false},"excerpt":{"rendered":"<p>Organizadoras: Ana Cl\u00e1udia Oliveira Pav\u00e3o e S\u00edlvia Maria de Oliveira Pav\u00e3o. Editora: FACOS-UFSM. Ano: 2019.<\/p>\n","protected":false},"author":47,"featured_media":2093,"parent":0,"menu_order":0,"comment_status":"closed","ping_status":"closed","template":"","meta":{"footnotes":""},"categories":[137],"tags":[147,144],"class_list":["post-6625","page","type-page","status-publish","has-post-thumbnail","hentry","category-livros","tag-147","tag-livros"],"acf":[],"_links":{"self":[{"href":"https:\/\/www.ufsm.br\/pro-reitorias\/prograd\/caed\/wp-json\/wp\/v2\/pages\/6625","targetHints":{"allow":["GET"]}}],"collection":[{"href":"https:\/\/www.ufsm.br\/pro-reitorias\/prograd\/caed\/wp-json\/wp\/v2\/pages"}],"about":[{"href":"https:\/\/www.ufsm.br\/pro-reitorias\/prograd\/caed\/wp-json\/wp\/v2\/types\/page"}],"author":[{"embeddable":true,"href":"https:\/\/www.ufsm.br\/pro-reitorias\/prograd\/caed\/wp-json\/wp\/v2\/users\/47"}],"replies":[{"embeddable":true,"href":"https:\/\/www.ufsm.br\/pro-reitorias\/prograd\/caed\/wp-json\/wp\/v2\/comments?post=6625"}],"version-history":[{"count":0,"href":"https:\/\/www.ufsm.br\/pro-reitorias\/prograd\/caed\/wp-json\/wp\/v2\/pages\/6625\/revisions"}],"wp:featuredmedia":[{"embeddable":true,"href":"https:\/\/www.ufsm.br\/pro-reitorias\/prograd\/caed\/wp-json\/wp\/v2\/media\/2093"}],"wp:attachment":[{"href":"https:\/\/www.ufsm.br\/pro-reitorias\/prograd\/caed\/wp-json\/wp\/v2\/media?parent=6625"}],"wp:term":[{"taxonomy":"category","embeddable":true,"href":"https:\/\/www.ufsm.br\/pro-reitorias\/prograd\/caed\/wp-json\/wp\/v2\/categories?post=6625"},{"taxonomy":"post_tag","embeddable":true,"href":"https:\/\/www.ufsm.br\/pro-reitorias\/prograd\/caed\/wp-json\/wp\/v2\/tags?post=6625"}],"curies":[{"name":"wp","href":"https:\/\/api.w.org\/{rel}","templated":true}]}}