{"id":6626,"date":"2025-02-03T12:19:27","date_gmt":"2025-02-03T15:19:27","guid":{"rendered":"https:\/\/www.ufsm.br\/pro-reitorias\/prograd\/caed\/?page_id=6626"},"modified":"2025-02-03T12:19:28","modified_gmt":"2025-02-03T15:19:28","slug":"promocao-da-aprendizagem-e-tecnologias-educacionais-aprendizagem-no-ensino-superior-acessibilidade-e-acoes-afirmativas","status":"publish","type":"page","link":"https:\/\/www.ufsm.br\/pro-reitorias\/prograd\/caed\/promocao-da-aprendizagem-e-tecnologias-educacionais-aprendizagem-no-ensino-superior-acessibilidade-e-acoes-afirmativas","title":{"rendered":"PROMO\u00c7\u00c3O DA APRENDIZAGEM E TECNOLOGIAS EDUCACIONAIS: APRENDIZAGEM NO ENSINO SUPERIOR ACESSIBILIDADE E A\u00c7\u00d5ES AFIRMATIVAS"},"content":{"rendered":"\n<p><img fetchpriority=\"high\" decoding=\"async\" class=\"alignnone size-medium wp-image-2231\" src=\"https:\/\/www.ufsm.br\/app\/uploads\/sites\/391\/2019\/05\/P\u00e1gina-EBOOK_page-0001-2-207x300.jpg\" alt=\"\" width=\"207\" height=\"300\" srcset=\"https:\/\/www.ufsm.br\/app\/uploads\/sites\/391\/2019\/05\/P\u00e1gina-EBOOK_page-0001-2-207x300.jpg 207w, https:\/\/www.ufsm.br\/app\/uploads\/sites\/391\/2019\/05\/P\u00e1gina-EBOOK_page-0001-2-768x1111.jpg 768w, https:\/\/www.ufsm.br\/app\/uploads\/sites\/391\/2019\/05\/P\u00e1gina-EBOOK_page-0001-2-708x1024.jpg 708w, https:\/\/www.ufsm.br\/app\/uploads\/sites\/391\/2019\/05\/P\u00e1gina-EBOOK_page-0001-2.jpg 975w\" sizes=\"(max-width: 207px) 100vw, 207px\" \/><\/p>\n<p>Organizadore(a)s: Martha Bohrer Adaime, Jer\u00f4nimo Siqueira Tybusch, S\u00edlvia Maria de Oliveira Pav\u00e3o e Bruna Pereira Alves Fiorin.<\/p>\n<p>Editora: FACOS-UFSM.<\/p>\n<p>Ano: 2019.<\/p>\n","protected":false},"excerpt":{"rendered":"<p>Organizadore(a)s: Martha Bohrer Adaime, Jer\u00f4nimo Siqueira Tybusch, S\u00edlvia Maria de Oliveira Pav\u00e3o e Bruna Pereira Alves Fiorin. Editora: FACOS-UFSM. Ano: 2019.<\/p>\n","protected":false},"author":47,"featured_media":2231,"parent":0,"menu_order":0,"comment_status":"closed","ping_status":"closed","template":"","meta":{"footnotes":""},"categories":[137],"tags":[147,144],"class_list":["post-6626","page","type-page","status-publish","has-post-thumbnail","hentry","category-livros","tag-147","tag-livros"],"acf":[],"_links":{"self":[{"href":"https:\/\/www.ufsm.br\/pro-reitorias\/prograd\/caed\/wp-json\/wp\/v2\/pages\/6626","targetHints":{"allow":["GET"]}}],"collection":[{"href":"https:\/\/www.ufsm.br\/pro-reitorias\/prograd\/caed\/wp-json\/wp\/v2\/pages"}],"about":[{"href":"https:\/\/www.ufsm.br\/pro-reitorias\/prograd\/caed\/wp-json\/wp\/v2\/types\/page"}],"author":[{"embeddable":true,"href":"https:\/\/www.ufsm.br\/pro-reitorias\/prograd\/caed\/wp-json\/wp\/v2\/users\/47"}],"replies":[{"embeddable":true,"href":"https:\/\/www.ufsm.br\/pro-reitorias\/prograd\/caed\/wp-json\/wp\/v2\/comments?post=6626"}],"version-history":[{"count":0,"href":"https:\/\/www.ufsm.br\/pro-reitorias\/prograd\/caed\/wp-json\/wp\/v2\/pages\/6626\/revisions"}],"wp:featuredmedia":[{"embeddable":true,"href":"https:\/\/www.ufsm.br\/pro-reitorias\/prograd\/caed\/wp-json\/wp\/v2\/media\/2231"}],"wp:attachment":[{"href":"https:\/\/www.ufsm.br\/pro-reitorias\/prograd\/caed\/wp-json\/wp\/v2\/media?parent=6626"}],"wp:term":[{"taxonomy":"category","embeddable":true,"href":"https:\/\/www.ufsm.br\/pro-reitorias\/prograd\/caed\/wp-json\/wp\/v2\/categories?post=6626"},{"taxonomy":"post_tag","embeddable":true,"href":"https:\/\/www.ufsm.br\/pro-reitorias\/prograd\/caed\/wp-json\/wp\/v2\/tags?post=6626"}],"curies":[{"name":"wp","href":"https:\/\/api.w.org\/{rel}","templated":true}]}}