{"id":6628,"date":"2025-02-03T12:23:40","date_gmt":"2025-02-03T15:23:40","guid":{"rendered":"https:\/\/www.ufsm.br\/pro-reitorias\/prograd\/caed\/?page_id=6628"},"modified":"2025-02-03T12:23:41","modified_gmt":"2025-02-03T15:23:41","slug":"ceu-sol-e-mar-a-travessia","status":"publish","type":"page","link":"https:\/\/www.ufsm.br\/pro-reitorias\/prograd\/caed\/ceu-sol-e-mar-a-travessia","title":{"rendered":"C\u00c9U, SOL E MAR: A TRAVESSIA"},"content":{"rendered":"\n<p><img fetchpriority=\"high\" decoding=\"async\" class=\"alignnone size-medium wp-image-3814\" src=\"https:\/\/www.ufsm.br\/app\/uploads\/sites\/391\/2021\/01\/CAPA-240x300.jpg\" alt=\"\" width=\"240\" height=\"300\" srcset=\"https:\/\/www.ufsm.br\/app\/uploads\/sites\/391\/2021\/01\/CAPA-240x300.jpg 240w, https:\/\/www.ufsm.br\/app\/uploads\/sites\/391\/2021\/01\/CAPA-819x1024.jpg 819w, https:\/\/www.ufsm.br\/app\/uploads\/sites\/391\/2021\/01\/CAPA-768x960.jpg 768w, https:\/\/www.ufsm.br\/app\/uploads\/sites\/391\/2021\/01\/CAPA-1229x1536.jpg 1229w, https:\/\/www.ufsm.br\/app\/uploads\/sites\/391\/2021\/01\/CAPA.jpg 1280w\" sizes=\"(max-width: 240px) 100vw, 240px\" \/><\/p>\n<p>Organizador: Lucas Visentini<\/p>\n<p>Editora: Edi\u00e7\u00e3o eletr\u00f4nica<\/p>\n<p>Ano: 2020.<\/p>\n","protected":false},"excerpt":{"rendered":"<p>Organizador: Lucas Visentini Editora: Edi\u00e7\u00e3o eletr\u00f4nica Ano: 2020.<\/p>\n","protected":false},"author":47,"featured_media":3814,"parent":0,"menu_order":0,"comment_status":"closed","ping_status":"closed","template":"","meta":{"footnotes":""},"categories":[137],"tags":[148,144],"class_list":["post-6628","page","type-page","status-publish","has-post-thumbnail","hentry","category-livros","tag-148","tag-livros"],"acf":[],"_links":{"self":[{"href":"https:\/\/www.ufsm.br\/pro-reitorias\/prograd\/caed\/wp-json\/wp\/v2\/pages\/6628","targetHints":{"allow":["GET"]}}],"collection":[{"href":"https:\/\/www.ufsm.br\/pro-reitorias\/prograd\/caed\/wp-json\/wp\/v2\/pages"}],"about":[{"href":"https:\/\/www.ufsm.br\/pro-reitorias\/prograd\/caed\/wp-json\/wp\/v2\/types\/page"}],"author":[{"embeddable":true,"href":"https:\/\/www.ufsm.br\/pro-reitorias\/prograd\/caed\/wp-json\/wp\/v2\/users\/47"}],"replies":[{"embeddable":true,"href":"https:\/\/www.ufsm.br\/pro-reitorias\/prograd\/caed\/wp-json\/wp\/v2\/comments?post=6628"}],"version-history":[{"count":0,"href":"https:\/\/www.ufsm.br\/pro-reitorias\/prograd\/caed\/wp-json\/wp\/v2\/pages\/6628\/revisions"}],"wp:featuredmedia":[{"embeddable":true,"href":"https:\/\/www.ufsm.br\/pro-reitorias\/prograd\/caed\/wp-json\/wp\/v2\/media\/3814"}],"wp:attachment":[{"href":"https:\/\/www.ufsm.br\/pro-reitorias\/prograd\/caed\/wp-json\/wp\/v2\/media?parent=6628"}],"wp:term":[{"taxonomy":"category","embeddable":true,"href":"https:\/\/www.ufsm.br\/pro-reitorias\/prograd\/caed\/wp-json\/wp\/v2\/categories?post=6628"},{"taxonomy":"post_tag","embeddable":true,"href":"https:\/\/www.ufsm.br\/pro-reitorias\/prograd\/caed\/wp-json\/wp\/v2\/tags?post=6628"}],"curies":[{"name":"wp","href":"https:\/\/api.w.org\/{rel}","templated":true}]}}