{"id":6630,"date":"2025-02-03T12:27:49","date_gmt":"2025-02-03T15:27:49","guid":{"rendered":"https:\/\/www.ufsm.br\/pro-reitorias\/prograd\/caed\/?page_id=6630"},"modified":"2025-02-03T12:27:51","modified_gmt":"2025-02-03T15:27:51","slug":"ressignificando-a-mediacao-das-tecnologias-educacionais","status":"publish","type":"page","link":"https:\/\/www.ufsm.br\/pro-reitorias\/prograd\/caed\/ressignificando-a-mediacao-das-tecnologias-educacionais","title":{"rendered":"RESSIGNIFICANDO A MEDIA\u00c7\u00c3O DAS TECNOLOGIAS EDUCACIONAIS"},"content":{"rendered":"\n<p><img fetchpriority=\"high\" decoding=\"async\" class=\"alignnone size-medium wp-image-5804\" src=\"https:\/\/www.ufsm.br\/app\/uploads\/sites\/391\/2022\/12\/Ressignificando-a-mediacao-das-Tecnologias-Educacionais-210x300.jpg\" alt=\"\" width=\"210\" height=\"300\" srcset=\"https:\/\/www.ufsm.br\/app\/uploads\/sites\/391\/2022\/12\/Ressignificando-a-mediacao-das-Tecnologias-Educacionais-210x300.jpg 210w, https:\/\/www.ufsm.br\/app\/uploads\/sites\/391\/2022\/12\/Ressignificando-a-mediacao-das-Tecnologias-Educacionais.jpg 610w\" sizes=\"(max-width: 210px) 100vw, 210px\" \/><\/p>\n<p>Organizadoras: Ana Cl\u00e1udia Oliveira Pav\u00e3o e S\u00edlvia Maria de Oliveira Pav\u00e3o.\u00a0<\/p>\n<p>Editora: FACOS-UFSM<\/p>\n<p>Ano: 2022.<\/p>\n","protected":false},"excerpt":{"rendered":"<p>Organizadoras: Ana Cl\u00e1udia Oliveira Pav\u00e3o e S\u00edlvia Maria de Oliveira Pav\u00e3o.\u00a0 Editora: FACOS-UFSM Ano: 2022.<\/p>\n","protected":false},"author":47,"featured_media":5804,"parent":0,"menu_order":0,"comment_status":"closed","ping_status":"closed","template":"","meta":{"footnotes":""},"categories":[137],"tags":[150,144],"class_list":["post-6630","page","type-page","status-publish","has-post-thumbnail","hentry","category-livros","tag-150","tag-livros"],"acf":[],"_links":{"self":[{"href":"https:\/\/www.ufsm.br\/pro-reitorias\/prograd\/caed\/wp-json\/wp\/v2\/pages\/6630","targetHints":{"allow":["GET"]}}],"collection":[{"href":"https:\/\/www.ufsm.br\/pro-reitorias\/prograd\/caed\/wp-json\/wp\/v2\/pages"}],"about":[{"href":"https:\/\/www.ufsm.br\/pro-reitorias\/prograd\/caed\/wp-json\/wp\/v2\/types\/page"}],"author":[{"embeddable":true,"href":"https:\/\/www.ufsm.br\/pro-reitorias\/prograd\/caed\/wp-json\/wp\/v2\/users\/47"}],"replies":[{"embeddable":true,"href":"https:\/\/www.ufsm.br\/pro-reitorias\/prograd\/caed\/wp-json\/wp\/v2\/comments?post=6630"}],"version-history":[{"count":0,"href":"https:\/\/www.ufsm.br\/pro-reitorias\/prograd\/caed\/wp-json\/wp\/v2\/pages\/6630\/revisions"}],"wp:featuredmedia":[{"embeddable":true,"href":"https:\/\/www.ufsm.br\/pro-reitorias\/prograd\/caed\/wp-json\/wp\/v2\/media\/5804"}],"wp:attachment":[{"href":"https:\/\/www.ufsm.br\/pro-reitorias\/prograd\/caed\/wp-json\/wp\/v2\/media?parent=6630"}],"wp:term":[{"taxonomy":"category","embeddable":true,"href":"https:\/\/www.ufsm.br\/pro-reitorias\/prograd\/caed\/wp-json\/wp\/v2\/categories?post=6630"},{"taxonomy":"post_tag","embeddable":true,"href":"https:\/\/www.ufsm.br\/pro-reitorias\/prograd\/caed\/wp-json\/wp\/v2\/tags?post=6630"}],"curies":[{"name":"wp","href":"https:\/\/api.w.org\/{rel}","templated":true}]}}