{"id":6632,"date":"2025-02-03T12:32:05","date_gmt":"2025-02-03T15:32:05","guid":{"rendered":"https:\/\/www.ufsm.br\/pro-reitorias\/prograd\/caed\/?page_id=6632"},"modified":"2025-02-03T12:32:07","modified_gmt":"2025-02-03T15:32:07","slug":"altas-habilidades-superdotacao-abordagens-teorico-praticas-para-o-atendimento-educacional-especializado","status":"publish","type":"page","link":"https:\/\/www.ufsm.br\/pro-reitorias\/prograd\/caed\/altas-habilidades-superdotacao-abordagens-teorico-praticas-para-o-atendimento-educacional-especializado","title":{"rendered":"ALTAS HABILIDADES\/SUPERDOTA\u00c7\u00c3O: Abordagens te\u00f3rico-pr\u00e1ticas para o Atendimento Educacional Especializado"},"content":{"rendered":"\n<p><img fetchpriority=\"high\" decoding=\"async\" class=\"alignnone size-medium wp-image-5826\" src=\"https:\/\/www.ufsm.br\/app\/uploads\/sites\/391\/2023\/01\/Screenshot_20230116_184933-209x300.jpg\" alt=\"\" width=\"209\" height=\"300\" srcset=\"https:\/\/www.ufsm.br\/app\/uploads\/sites\/391\/2023\/01\/Screenshot_20230116_184933-209x300.jpg 209w, https:\/\/www.ufsm.br\/app\/uploads\/sites\/391\/2023\/01\/Screenshot_20230116_184933-715x1024.jpg 715w, https:\/\/www.ufsm.br\/app\/uploads\/sites\/391\/2023\/01\/Screenshot_20230116_184933-768x1101.jpg 768w, https:\/\/www.ufsm.br\/app\/uploads\/sites\/391\/2023\/01\/Screenshot_20230116_184933-1072x1536.jpg 1072w, https:\/\/www.ufsm.br\/app\/uploads\/sites\/391\/2023\/01\/Screenshot_20230116_184933.jpg 1076w\" sizes=\"(max-width: 209px) 100vw, 209px\" \/><\/p>\n<p>Organizadoras: Tatiane Negrini; Bruna Pereira Alves Fiorin; Ravele Bueno Goularte.<\/p>\n<p>Editora: FACOS-UFSM<\/p>\n<p>Ano: 2022.<\/p>\n","protected":false},"excerpt":{"rendered":"<p>Organizadoras: Tatiane Negrini; Bruna Pereira Alves Fiorin; Ravele Bueno Goularte. Editora: FACOS-UFSM Ano: 2022.<\/p>\n","protected":false},"author":47,"featured_media":5826,"parent":0,"menu_order":0,"comment_status":"closed","ping_status":"closed","template":"","meta":{"footnotes":""},"categories":[137],"tags":[150,144],"class_list":["post-6632","page","type-page","status-publish","has-post-thumbnail","hentry","category-livros","tag-150","tag-livros"],"acf":[],"_links":{"self":[{"href":"https:\/\/www.ufsm.br\/pro-reitorias\/prograd\/caed\/wp-json\/wp\/v2\/pages\/6632","targetHints":{"allow":["GET"]}}],"collection":[{"href":"https:\/\/www.ufsm.br\/pro-reitorias\/prograd\/caed\/wp-json\/wp\/v2\/pages"}],"about":[{"href":"https:\/\/www.ufsm.br\/pro-reitorias\/prograd\/caed\/wp-json\/wp\/v2\/types\/page"}],"author":[{"embeddable":true,"href":"https:\/\/www.ufsm.br\/pro-reitorias\/prograd\/caed\/wp-json\/wp\/v2\/users\/47"}],"replies":[{"embeddable":true,"href":"https:\/\/www.ufsm.br\/pro-reitorias\/prograd\/caed\/wp-json\/wp\/v2\/comments?post=6632"}],"version-history":[{"count":0,"href":"https:\/\/www.ufsm.br\/pro-reitorias\/prograd\/caed\/wp-json\/wp\/v2\/pages\/6632\/revisions"}],"wp:featuredmedia":[{"embeddable":true,"href":"https:\/\/www.ufsm.br\/pro-reitorias\/prograd\/caed\/wp-json\/wp\/v2\/media\/5826"}],"wp:attachment":[{"href":"https:\/\/www.ufsm.br\/pro-reitorias\/prograd\/caed\/wp-json\/wp\/v2\/media?parent=6632"}],"wp:term":[{"taxonomy":"category","embeddable":true,"href":"https:\/\/www.ufsm.br\/pro-reitorias\/prograd\/caed\/wp-json\/wp\/v2\/categories?post=6632"},{"taxonomy":"post_tag","embeddable":true,"href":"https:\/\/www.ufsm.br\/pro-reitorias\/prograd\/caed\/wp-json\/wp\/v2\/tags?post=6632"}],"curies":[{"name":"wp","href":"https:\/\/api.w.org\/{rel}","templated":true}]}}