{"id":6633,"date":"2025-02-03T12:35:07","date_gmt":"2025-02-03T15:35:07","guid":{"rendered":"https:\/\/www.ufsm.br\/pro-reitorias\/prograd\/caed\/?page_id=6633"},"modified":"2025-02-03T12:35:08","modified_gmt":"2025-02-03T15:35:08","slug":"estudos-rotina-e-saude-mental-aprendendo-com-a-pandemia","status":"publish","type":"page","link":"https:\/\/www.ufsm.br\/pro-reitorias\/prograd\/caed\/estudos-rotina-e-saude-mental-aprendendo-com-a-pandemia","title":{"rendered":"ESTUDOS, ROTINA E SA\u00daDE MENTAL: APRENDENDO COM A PANDEMIA"},"content":{"rendered":"\n<p><img fetchpriority=\"high\" decoding=\"async\" class=\"alignnone size-medium wp-image-6063\" src=\"https:\/\/www.ufsm.br\/app\/uploads\/sites\/391\/2023\/05\/Capa-cartilha-Estudos-rotina-e-saude-mental-211x300.jpg\" alt=\"\" width=\"211\" height=\"300\" srcset=\"https:\/\/www.ufsm.br\/app\/uploads\/sites\/391\/2023\/05\/Capa-cartilha-Estudos-rotina-e-saude-mental-211x300.jpg 211w, https:\/\/www.ufsm.br\/app\/uploads\/sites\/391\/2023\/05\/Capa-cartilha-Estudos-rotina-e-saude-mental.jpg 561w\" sizes=\"(max-width: 211px) 100vw, 211px\" \/><\/p>\n<p>Organizadoras: Bruna Pereira Alves Fiorin; Ana J\u00falia Vicentini<\/p>\n<p>Editora: Pr\u00f3-reitoria de Extens\u00e3o UFSM<\/p>\n<p>Ano: 2022.<\/p>\n","protected":false},"excerpt":{"rendered":"<p>Organizadoras: Bruna Pereira Alves Fiorin; Ana J\u00falia Vicentini Editora: Pr\u00f3-reitoria de Extens\u00e3o UFSM Ano: 2022.<\/p>\n","protected":false},"author":47,"featured_media":6063,"parent":0,"menu_order":0,"comment_status":"closed","ping_status":"closed","template":"","meta":{"footnotes":""},"categories":[137],"tags":[150,144],"class_list":["post-6633","page","type-page","status-publish","has-post-thumbnail","hentry","category-livros","tag-150","tag-livros"],"acf":[],"_links":{"self":[{"href":"https:\/\/www.ufsm.br\/pro-reitorias\/prograd\/caed\/wp-json\/wp\/v2\/pages\/6633","targetHints":{"allow":["GET"]}}],"collection":[{"href":"https:\/\/www.ufsm.br\/pro-reitorias\/prograd\/caed\/wp-json\/wp\/v2\/pages"}],"about":[{"href":"https:\/\/www.ufsm.br\/pro-reitorias\/prograd\/caed\/wp-json\/wp\/v2\/types\/page"}],"author":[{"embeddable":true,"href":"https:\/\/www.ufsm.br\/pro-reitorias\/prograd\/caed\/wp-json\/wp\/v2\/users\/47"}],"replies":[{"embeddable":true,"href":"https:\/\/www.ufsm.br\/pro-reitorias\/prograd\/caed\/wp-json\/wp\/v2\/comments?post=6633"}],"version-history":[{"count":0,"href":"https:\/\/www.ufsm.br\/pro-reitorias\/prograd\/caed\/wp-json\/wp\/v2\/pages\/6633\/revisions"}],"wp:featuredmedia":[{"embeddable":true,"href":"https:\/\/www.ufsm.br\/pro-reitorias\/prograd\/caed\/wp-json\/wp\/v2\/media\/6063"}],"wp:attachment":[{"href":"https:\/\/www.ufsm.br\/pro-reitorias\/prograd\/caed\/wp-json\/wp\/v2\/media?parent=6633"}],"wp:term":[{"taxonomy":"category","embeddable":true,"href":"https:\/\/www.ufsm.br\/pro-reitorias\/prograd\/caed\/wp-json\/wp\/v2\/categories?post=6633"},{"taxonomy":"post_tag","embeddable":true,"href":"https:\/\/www.ufsm.br\/pro-reitorias\/prograd\/caed\/wp-json\/wp\/v2\/tags?post=6633"}],"curies":[{"name":"wp","href":"https:\/\/api.w.org\/{rel}","templated":true}]}}