{"id":6635,"date":"2025-02-03T12:42:56","date_gmt":"2025-02-03T15:42:56","guid":{"rendered":"https:\/\/www.ufsm.br\/pro-reitorias\/prograd\/caed\/?page_id=6635"},"modified":"2025-02-03T12:42:58","modified_gmt":"2025-02-03T15:42:58","slug":"dupla-excepcionalidade-e-altas-habilidades-superdotacao-entre-pesquisas-e-praticas","status":"publish","type":"page","link":"https:\/\/www.ufsm.br\/pro-reitorias\/prograd\/caed\/dupla-excepcionalidade-e-altas-habilidades-superdotacao-entre-pesquisas-e-praticas","title":{"rendered":"DUPLA EXCEPCIONALIDADE E ALTAS HABILIDADES\/SUPERDOTA\u00c7\u00c3O: ENTRE PESQUISAS E PR\u00c1TICAS"},"content":{"rendered":"\n<p><img fetchpriority=\"high\" decoding=\"async\" class=\"alignnone size-medium wp-image-6268\" src=\"https:\/\/www.ufsm.br\/app\/uploads\/sites\/391\/2024\/02\/CAPA-2_page-0001-1-212x300.jpg\" alt=\"\" width=\"212\" height=\"300\" srcset=\"https:\/\/www.ufsm.br\/app\/uploads\/sites\/391\/2024\/02\/CAPA-2_page-0001-1-212x300.jpg 212w, https:\/\/www.ufsm.br\/app\/uploads\/sites\/391\/2024\/02\/CAPA-2_page-0001-1-725x1024.jpg 725w, https:\/\/www.ufsm.br\/app\/uploads\/sites\/391\/2024\/02\/CAPA-2_page-0001-1-768x1085.jpg 768w, https:\/\/www.ufsm.br\/app\/uploads\/sites\/391\/2024\/02\/CAPA-2_page-0001-1-1087x1536.jpg 1087w, https:\/\/www.ufsm.br\/app\/uploads\/sites\/391\/2024\/02\/CAPA-2_page-0001-1.jpg 1241w\" sizes=\"(max-width: 212px) 100vw, 212px\" \/><\/p>\n<p>Organizadoras: Ronise Venturini Medeiros, S\u00edlvia Maria de Oliveira Pav\u00e3o e Tatiane Negrini<\/p>\n<p>Editora: Arco Editores<\/p>\n<p>Ano: 2024.<\/p>\n\n\n","protected":false},"excerpt":{"rendered":"<p>Organizadoras: Ronise Venturini Medeiros, S\u00edlvia Maria de Oliveira Pav\u00e3o e Tatiane Negrini Editora: Arco Editores Ano: 2024.<\/p>\n","protected":false},"author":47,"featured_media":6268,"parent":0,"menu_order":0,"comment_status":"closed","ping_status":"closed","template":"","meta":{"footnotes":""},"categories":[137],"tags":[152,144],"class_list":["post-6635","page","type-page","status-publish","has-post-thumbnail","hentry","category-livros","tag-152","tag-livros"],"acf":[],"_links":{"self":[{"href":"https:\/\/www.ufsm.br\/pro-reitorias\/prograd\/caed\/wp-json\/wp\/v2\/pages\/6635","targetHints":{"allow":["GET"]}}],"collection":[{"href":"https:\/\/www.ufsm.br\/pro-reitorias\/prograd\/caed\/wp-json\/wp\/v2\/pages"}],"about":[{"href":"https:\/\/www.ufsm.br\/pro-reitorias\/prograd\/caed\/wp-json\/wp\/v2\/types\/page"}],"author":[{"embeddable":true,"href":"https:\/\/www.ufsm.br\/pro-reitorias\/prograd\/caed\/wp-json\/wp\/v2\/users\/47"}],"replies":[{"embeddable":true,"href":"https:\/\/www.ufsm.br\/pro-reitorias\/prograd\/caed\/wp-json\/wp\/v2\/comments?post=6635"}],"version-history":[{"count":0,"href":"https:\/\/www.ufsm.br\/pro-reitorias\/prograd\/caed\/wp-json\/wp\/v2\/pages\/6635\/revisions"}],"wp:featuredmedia":[{"embeddable":true,"href":"https:\/\/www.ufsm.br\/pro-reitorias\/prograd\/caed\/wp-json\/wp\/v2\/media\/6268"}],"wp:attachment":[{"href":"https:\/\/www.ufsm.br\/pro-reitorias\/prograd\/caed\/wp-json\/wp\/v2\/media?parent=6635"}],"wp:term":[{"taxonomy":"category","embeddable":true,"href":"https:\/\/www.ufsm.br\/pro-reitorias\/prograd\/caed\/wp-json\/wp\/v2\/categories?post=6635"},{"taxonomy":"post_tag","embeddable":true,"href":"https:\/\/www.ufsm.br\/pro-reitorias\/prograd\/caed\/wp-json\/wp\/v2\/tags?post=6635"}],"curies":[{"name":"wp","href":"https:\/\/api.w.org\/{rel}","templated":true}]}}