{"id":6638,"date":"2025-02-03T12:55:47","date_gmt":"2025-02-03T15:55:47","guid":{"rendered":"https:\/\/www.ufsm.br\/pro-reitorias\/prograd\/caed\/?page_id=6638"},"modified":"2025-02-03T12:55:49","modified_gmt":"2025-02-03T15:55:49","slug":"estrategias-colaborativas-na-educacao-de-alunos-com-altas-habilidades-superdotacao-ah-sd","status":"publish","type":"page","link":"https:\/\/www.ufsm.br\/pro-reitorias\/prograd\/caed\/estrategias-colaborativas-na-educacao-de-alunos-com-altas-habilidades-superdotacao-ah-sd","title":{"rendered":"ESTRAT\u00c9GIAS COLABORATIVAS NA EDUCA\u00c7\u00c3O DE ALUNOS COM ALTAS HABILIDADES\/SUPERDOTA\u00c7\u00c3O (AH\/SD)"},"content":{"rendered":"\n<p><img fetchpriority=\"high\" decoding=\"async\" class=\"alignnone size-medium wp-image-6597\" src=\"https:\/\/www.ufsm.br\/app\/uploads\/sites\/391\/2025\/01\/Capa-Estrategias-colaborativas-na-Educacao-de-Alunos-com-AH-SD-212x300.jpg\" alt=\"\" width=\"212\" height=\"300\" srcset=\"https:\/\/www.ufsm.br\/app\/uploads\/sites\/391\/2025\/01\/Capa-Estrategias-colaborativas-na-Educacao-de-Alunos-com-AH-SD-212x300.jpg 212w, https:\/\/www.ufsm.br\/app\/uploads\/sites\/391\/2025\/01\/Capa-Estrategias-colaborativas-na-Educacao-de-Alunos-com-AH-SD-724x1024.jpg 724w, https:\/\/www.ufsm.br\/app\/uploads\/sites\/391\/2025\/01\/Capa-Estrategias-colaborativas-na-Educacao-de-Alunos-com-AH-SD-768x1086.jpg 768w, https:\/\/www.ufsm.br\/app\/uploads\/sites\/391\/2025\/01\/Capa-Estrategias-colaborativas-na-Educacao-de-Alunos-com-AH-SD-1086x1536.jpg 1086w, https:\/\/www.ufsm.br\/app\/uploads\/sites\/391\/2025\/01\/Capa-Estrategias-colaborativas-na-Educacao-de-Alunos-com-AH-SD.jpg 1241w\" sizes=\"(max-width: 212px) 100vw, 212px\" \/><\/p>\n<p>Organizadoras: Ana Cl\u00e1udia Oliveira Pav\u00e3o; S\u00edlvia Maria de Oliveira Pav\u00e3o; Tatiane Negrini.<\/p>\n<p>Editora: FACOS-UFSM<\/p>\n<p>Ano: 2024.<\/p>\n","protected":false},"excerpt":{"rendered":"<p>Organizadoras: Ana Cl\u00e1udia Oliveira Pav\u00e3o; S\u00edlvia Maria de Oliveira Pav\u00e3o; Tatiane Negrini. Editora: FACOS-UFSM Ano: 2024.<\/p>\n","protected":false},"author":47,"featured_media":6597,"parent":0,"menu_order":0,"comment_status":"closed","ping_status":"closed","template":"","meta":{"footnotes":""},"categories":[137],"tags":[152,144],"class_list":["post-6638","page","type-page","status-publish","has-post-thumbnail","hentry","category-livros","tag-152","tag-livros"],"acf":[],"_links":{"self":[{"href":"https:\/\/www.ufsm.br\/pro-reitorias\/prograd\/caed\/wp-json\/wp\/v2\/pages\/6638","targetHints":{"allow":["GET"]}}],"collection":[{"href":"https:\/\/www.ufsm.br\/pro-reitorias\/prograd\/caed\/wp-json\/wp\/v2\/pages"}],"about":[{"href":"https:\/\/www.ufsm.br\/pro-reitorias\/prograd\/caed\/wp-json\/wp\/v2\/types\/page"}],"author":[{"embeddable":true,"href":"https:\/\/www.ufsm.br\/pro-reitorias\/prograd\/caed\/wp-json\/wp\/v2\/users\/47"}],"replies":[{"embeddable":true,"href":"https:\/\/www.ufsm.br\/pro-reitorias\/prograd\/caed\/wp-json\/wp\/v2\/comments?post=6638"}],"version-history":[{"count":0,"href":"https:\/\/www.ufsm.br\/pro-reitorias\/prograd\/caed\/wp-json\/wp\/v2\/pages\/6638\/revisions"}],"wp:featuredmedia":[{"embeddable":true,"href":"https:\/\/www.ufsm.br\/pro-reitorias\/prograd\/caed\/wp-json\/wp\/v2\/media\/6597"}],"wp:attachment":[{"href":"https:\/\/www.ufsm.br\/pro-reitorias\/prograd\/caed\/wp-json\/wp\/v2\/media?parent=6638"}],"wp:term":[{"taxonomy":"category","embeddable":true,"href":"https:\/\/www.ufsm.br\/pro-reitorias\/prograd\/caed\/wp-json\/wp\/v2\/categories?post=6638"},{"taxonomy":"post_tag","embeddable":true,"href":"https:\/\/www.ufsm.br\/pro-reitorias\/prograd\/caed\/wp-json\/wp\/v2\/tags?post=6638"}],"curies":[{"name":"wp","href":"https:\/\/api.w.org\/{rel}","templated":true}]}}