{"id":6852,"date":"2025-08-20T14:21:20","date_gmt":"2025-08-20T17:21:20","guid":{"rendered":"https:\/\/www.ufsm.br\/pro-reitorias\/prograd\/caed\/?page_id=6852"},"modified":"2025-08-20T14:47:20","modified_gmt":"2025-08-20T17:47:20","slug":"altas-habilidades-superdotacao-na-perspectiva-do-ensino-colaborativo-planejamento-e-praticas-educacionais","status":"publish","type":"page","link":"https:\/\/www.ufsm.br\/pro-reitorias\/prograd\/caed\/altas-habilidades-superdotacao-na-perspectiva-do-ensino-colaborativo-planejamento-e-praticas-educacionais","title":{"rendered":"ALTAS HABILIDADES\/SUPERDOTA\u00c7\u00c3O NA PERSPECTIVA DO ENSINO COLABORATIVO: PLANEJAMENTO E PR\u00c1TICAS EDUCACIONAIS"},"content":{"rendered":"\n<p><img fetchpriority=\"high\" decoding=\"async\" class=\"alignnone size-medium wp-image-6850\" src=\"https:\/\/www.ufsm.br\/app\/uploads\/sites\/391\/2025\/08\/CAPA-EM-PDF_page-0001-212x300.jpg\" alt=\"\" width=\"212\" height=\"300\" srcset=\"https:\/\/www.ufsm.br\/app\/uploads\/sites\/391\/2025\/08\/CAPA-EM-PDF_page-0001-212x300.jpg 212w, https:\/\/www.ufsm.br\/app\/uploads\/sites\/391\/2025\/08\/CAPA-EM-PDF_page-0001-724x1024.jpg 724w, https:\/\/www.ufsm.br\/app\/uploads\/sites\/391\/2025\/08\/CAPA-EM-PDF_page-0001-768x1086.jpg 768w, https:\/\/www.ufsm.br\/app\/uploads\/sites\/391\/2025\/08\/CAPA-EM-PDF_page-0001-1086x1536.jpg 1086w, https:\/\/www.ufsm.br\/app\/uploads\/sites\/391\/2025\/08\/CAPA-EM-PDF_page-0001.jpg 1241w\" sizes=\"(max-width: 212px) 100vw, 212px\" \/><\/p>\n\n\n\n<p>Organizadoras: Tatiane Negrini; \u00c2ngela Balbina Neves Picada.<\/p>\n<p>Editora: FACOS-UFSM<\/p>\n<p>Ano: 2024<\/p>\n","protected":false},"excerpt":{"rendered":"<p>Organizadoras: Tatiane Negrini; \u00c2ngela Balbina Neves Picada. Editora: FACOS-UFSM Ano: 2024<\/p>\n","protected":false},"author":252,"featured_media":6850,"parent":0,"menu_order":0,"comment_status":"closed","ping_status":"closed","template":"","meta":{"footnotes":""},"categories":[137],"tags":[],"class_list":["post-6852","page","type-page","status-publish","has-post-thumbnail","hentry","category-livros"],"acf":[],"_links":{"self":[{"href":"https:\/\/www.ufsm.br\/pro-reitorias\/prograd\/caed\/wp-json\/wp\/v2\/pages\/6852","targetHints":{"allow":["GET"]}}],"collection":[{"href":"https:\/\/www.ufsm.br\/pro-reitorias\/prograd\/caed\/wp-json\/wp\/v2\/pages"}],"about":[{"href":"https:\/\/www.ufsm.br\/pro-reitorias\/prograd\/caed\/wp-json\/wp\/v2\/types\/page"}],"author":[{"embeddable":true,"href":"https:\/\/www.ufsm.br\/pro-reitorias\/prograd\/caed\/wp-json\/wp\/v2\/users\/252"}],"replies":[{"embeddable":true,"href":"https:\/\/www.ufsm.br\/pro-reitorias\/prograd\/caed\/wp-json\/wp\/v2\/comments?post=6852"}],"version-history":[{"count":0,"href":"https:\/\/www.ufsm.br\/pro-reitorias\/prograd\/caed\/wp-json\/wp\/v2\/pages\/6852\/revisions"}],"wp:featuredmedia":[{"embeddable":true,"href":"https:\/\/www.ufsm.br\/pro-reitorias\/prograd\/caed\/wp-json\/wp\/v2\/media\/6850"}],"wp:attachment":[{"href":"https:\/\/www.ufsm.br\/pro-reitorias\/prograd\/caed\/wp-json\/wp\/v2\/media?parent=6852"}],"wp:term":[{"taxonomy":"category","embeddable":true,"href":"https:\/\/www.ufsm.br\/pro-reitorias\/prograd\/caed\/wp-json\/wp\/v2\/categories?post=6852"},{"taxonomy":"post_tag","embeddable":true,"href":"https:\/\/www.ufsm.br\/pro-reitorias\/prograd\/caed\/wp-json\/wp\/v2\/tags?post=6852"}],"curies":[{"name":"wp","href":"https:\/\/api.w.org\/{rel}","templated":true}]}}