{"id":717,"date":"2018-10-15T08:32:06","date_gmt":"2018-10-15T11:32:06","guid":{"rendered":"https:\/\/www.ufsm.br\/orgaos-executivos\/caed\/?page_id=717"},"modified":"2025-04-04T10:54:19","modified_gmt":"2025-04-04T13:54:19","slug":"sobre","status":"publish","type":"page","link":"https:\/\/www.ufsm.br\/pro-reitorias\/prograd\/caed\/nucleo-de-acessibilidade\/sobre","title":{"rendered":"Sobre a Acessibilidade"},"content":{"rendered":"\t\t<div data-elementor-type=\"wp-page\" data-elementor-id=\"717\" class=\"elementor elementor-717\">\n\t\t\t\t\t\t<section class=\"elementor-section elementor-top-section elementor-element elementor-element-7598d6c4 elementor-section-boxed elementor-section-height-default elementor-section-height-default\" data-id=\"7598d6c4\" data-element_type=\"section\">\n\t\t\t\t\t\t<div class=\"elementor-container elementor-column-gap-default\">\n\t\t\t\t\t<div class=\"elementor-column elementor-col-100 elementor-top-column elementor-element elementor-element-73b76873\" data-id=\"73b76873\" data-element_type=\"column\">\n\t\t\t<div class=\"elementor-widget-wrap elementor-element-populated\">\n\t\t\t\t\t\t<div class=\"elementor-element elementor-element-110c4a11 elementor-widget elementor-widget-text-editor\" data-id=\"110c4a11\" data-element_type=\"widget\" data-widget_type=\"text-editor.default\">\n\t\t\t\t<div class=\"elementor-widget-container\">\n\t\t\t\t\t\t\t<p><span style=\"font-weight: 400\">Em 2007, a UFSM, atrav\u00e9s da Resolu\u00e7\u00e3o 011\/2007 (revogada pela Resolu\u00e7\u00e3o 02\/2018), instituiu o Programa de A\u00e7\u00f5es Afirmativas de Inclus\u00e3o Racial e Social, passando a reservar 5% das suas vagas para estudantes com alguma defici\u00eancia (na \u00e9poca denominada \u201cNecessidades Especiais\u201d).<\/span><\/p><p><span style=\"font-weight: 400\">A partir desse momento<\/span><span style=\"font-weight: 400\">,<\/span><span style=\"font-weight: 400\"> tamb\u00e9m foi institu\u00edda a Comiss\u00e3o de Acessibilidade, e a UFSM, contemplada em alguns editais do Programa Incluir do MEC, passou a estruturar a\u00e7\u00f5es com o objetivo de oferecer condi\u00e7\u00f5es de acessibilidade e perman\u00eancia aos estudantes e servidores que apresentassem alguma das seguintes condi\u00e7\u00f5es: <\/span><span style=\"font-weight: 400\">Defici\u00eancia, Surdez, Transtorno do Espectro Autista (TEA) e Altas Habilidades\/Superdota\u00e7\u00e3o (AH\/SD).<\/span><\/p><p><strong>Para acessar o texto em Libras clique<\/strong> <a href=\"https:\/\/ntetube.nte.ufsm.br\/v\/1742841969\">AQUI.<\/a><\/p><p><span style=\"font-weight: 400\">Ao longo dos anos o setor foi passando por reestrutura\u00e7\u00f5es. Em 2016, integrou-se \u00e0 Coordenadoria de A\u00e7\u00f5es Educacionais (CAEd), institu\u00edda pela Resolu\u00e7\u00e3o 019\/2016, na condi\u00e7\u00e3o de \u201cN\u00facleo de Acessibilidade\u201d. Em 2021, a CAEd passou a integrar a Pr\u00f3-Reitoria de Gradua\u00e7\u00e3o (PROGRAD) e, a partir desse momento, o setor denominou-se \u201cSubdivis\u00e3o de Acessibilidade\u201d.<\/span><\/p><p><span style=\"font-weight: 400\">A Subdivis\u00e3o de Acessibilidade tem como principal objetivo oferecer condi\u00e7\u00f5es de acessibilidade e perman\u00eancia aos estudantes e servidores da Universidade Federal de Santa Maria. Articulando a\u00e7\u00f5es com outros setores da Institui\u00e7\u00e3o para adotar as normas legais de acessibilidade, visando destituir barreiras de acessibilidade.<\/span><\/p><p><strong>Para acessar o texto em Libras clique<\/strong> <a href=\"https:\/\/ntetube.nte.ufsm.br\/v\/1742841204\">AQUI.<\/a><\/p><p><b>Principais compet\u00eancias da Subdivis\u00e3o de Acessibilidade:<\/b><\/p><ul><li style=\"font-weight: 400\"><span style=\"font-weight: 400\">Orienta\u00e7\u00e3o para adequa\u00e7\u00f5es nos processos de aprendizagem de estudantes que apresentem alguma das seguintes condi\u00e7\u00f5es: Defici\u00eancia, Surdez, Transtorno do Espectro Autista (TEA) e Altas Habilidades\/Superdota\u00e7\u00e3o (AH\/SD);<\/span><\/li><li style=\"font-weight: 400\"><span style=\"font-weight: 400\">Orienta\u00e7\u00f5es \u00e0 comunidade universit\u00e1ria frente \u00e0s barreiras atitudinais, pedag\u00f3gicas, urban\u00edsticas, arquitet\u00f4nicas, tecnol\u00f3gicas, de comunica\u00e7\u00e3o e informa\u00e7\u00e3o;<\/span><\/li><li style=\"font-weight: 400\"><span style=\"font-weight: 400\">Assessoria \u00e0 comunidade universit\u00e1ria nas quest\u00f5es que envolvem a acessibilidade.<\/span><\/li><\/ul><p><b>Principais atividades:<\/b><\/p><ul><li style=\"font-weight: 400\"><span style=\"font-weight: 400\">Acolhimento dos estudantes que ingressam pela reserva de vagas para pessoas com defici\u00eancia e identifica\u00e7\u00e3o\/avalia\u00e7\u00e3o das demandas de acessibilidade;<\/span><\/li><li style=\"font-weight: 400\"><span style=\"font-weight: 400\">Comunica\u00e7\u00e3o \u00e0s Coordena\u00e7\u00f5es de Curso sobre o ingresso dos estudantes;<\/span><\/li><li style=\"font-weight: 400\"><span style=\"font-weight: 400\">Envio de Memorando \u00e0s coordena\u00e7\u00f5es de Curso com orienta\u00e7\u00f5es\/sugest\u00f5es de adapta\u00e7\u00f5es, quando necess\u00e1rio;<\/span><\/li><li style=\"font-weight: 400\"><span style=\"font-weight: 400\">Atendimentos especializados nas \u00e1reas da Educa\u00e7\u00e3o Especial, Terapia Ocupacional e Fonoaudiologia;<\/span><\/li><li style=\"font-weight: 400\"><span style=\"font-weight: 400\">Servi\u00e7o de Tradu\u00e7\u00e3o e Interpreta\u00e7\u00e3o em Libras para estudantes e docentes surdos;<\/span><\/li><li style=\"font-weight: 400\"><span style=\"font-weight: 400\">Adapta\u00e7\u00e3o de materiais did\u00e1ticos (descri\u00e7\u00e3o de imagem e adapta\u00e7\u00e3o de textos) para estudantes cegos;<\/span><\/li><li style=\"font-weight: 400\"><span style=\"font-weight: 400\">Reuni\u00f5es com docentes e Coordena\u00e7\u00f5es de Curso para discuss\u00e3o de casos e apresenta\u00e7\u00e3o de estrat\u00e9gias\/sugest\u00f5es para o trabalho com os alunos com defici\u00eancia;<\/span><\/li><li style=\"font-weight: 400\"><span style=\"font-weight: 400\">Promo\u00e7\u00e3o de cursos e eventos sobre a tem\u00e1tica da inclus\u00e3o de pessoas com defici\u00eancia na Educa\u00e7\u00e3o Superior e Educa\u00e7\u00e3o Profissional e Tecnol\u00f3gica;<\/span><\/li><li style=\"font-weight: 400\"><span style=\"font-weight: 400\">Elabora\u00e7\u00e3o de materiais educativos;<\/span><\/li><li style=\"font-weight: 400\"><span style=\"font-weight: 400\">Apoio\/colabora\u00e7\u00e3o com trabalhos e pesquisas acad\u00eamicas;<\/span><\/li><li>Promo\u00e7\u00e3o da tem\u00e1tica \u201cAcessibilidade\u201d nas redes sociais.<\/li><\/ul>\t\t\t\t\t\t<\/div>\n\t\t\t\t<\/div>\n\t\t\t\t\t<\/div>\n\t\t<\/div>\n\t\t\t\t\t<\/div>\n\t\t<\/section>\n\t\t\t\t<\/div>\n\t\t","protected":false},"excerpt":{"rendered":"<p>Em 2007, a UFSM, atrav\u00e9s da Resolu\u00e7\u00e3o 011\/2007 (revogada pela Resolu\u00e7\u00e3o 02\/2018), instituiu o Programa de A\u00e7\u00f5es Afirmativas de Inclus\u00e3o Racial e Social, passando a reservar 5% das suas vagas para estudantes com alguma defici\u00eancia (na \u00e9poca denominada \u201cNecessidades Especiais\u201d). A partir desse momento, tamb\u00e9m foi institu\u00edda a Comiss\u00e3o de Acessibilidade, e a UFSM, contemplada [&hellip;]<\/p>\n","protected":false},"author":115,"featured_media":0,"parent":205,"menu_order":0,"comment_status":"closed","ping_status":"closed","template":"","meta":{"footnotes":""},"categories":[],"tags":[125],"class_list":["post-717","page","type-page","status-publish","hentry","tag-acessibilidade"],"acf":[],"_links":{"self":[{"href":"https:\/\/www.ufsm.br\/pro-reitorias\/prograd\/caed\/wp-json\/wp\/v2\/pages\/717","targetHints":{"allow":["GET"]}}],"collection":[{"href":"https:\/\/www.ufsm.br\/pro-reitorias\/prograd\/caed\/wp-json\/wp\/v2\/pages"}],"about":[{"href":"https:\/\/www.ufsm.br\/pro-reitorias\/prograd\/caed\/wp-json\/wp\/v2\/types\/page"}],"author":[{"embeddable":true,"href":"https:\/\/www.ufsm.br\/pro-reitorias\/prograd\/caed\/wp-json\/wp\/v2\/users\/115"}],"replies":[{"embeddable":true,"href":"https:\/\/www.ufsm.br\/pro-reitorias\/prograd\/caed\/wp-json\/wp\/v2\/comments?post=717"}],"version-history":[{"count":0,"href":"https:\/\/www.ufsm.br\/pro-reitorias\/prograd\/caed\/wp-json\/wp\/v2\/pages\/717\/revisions"}],"up":[{"embeddable":true,"href":"https:\/\/www.ufsm.br\/pro-reitorias\/prograd\/caed\/wp-json\/wp\/v2\/pages\/205"}],"wp:attachment":[{"href":"https:\/\/www.ufsm.br\/pro-reitorias\/prograd\/caed\/wp-json\/wp\/v2\/media?parent=717"}],"wp:term":[{"taxonomy":"category","embeddable":true,"href":"https:\/\/www.ufsm.br\/pro-reitorias\/prograd\/caed\/wp-json\/wp\/v2\/categories?post=717"},{"taxonomy":"post_tag","embeddable":true,"href":"https:\/\/www.ufsm.br\/pro-reitorias\/prograd\/caed\/wp-json\/wp\/v2\/tags?post=717"}],"curies":[{"name":"wp","href":"https:\/\/api.w.org\/{rel}","templated":true}]}}