{"id":2727,"date":"2018-11-29T16:33:32","date_gmt":"2018-11-29T18:33:32","guid":{"rendered":"https:\/\/www.ufsm.br\/orgaos-suplementares\/nte\/?page_id=2727"},"modified":"2021-04-27T15:47:51","modified_gmt":"2021-04-27T18:47:51","slug":"ntetube","status":"publish","type":"page","link":"https:\/\/www.ufsm.br\/pro-reitorias\/prograd\/cte\/ntetube","title":{"rendered":"NTETube"},"content":{"rendered":"\t\t<div data-elementor-type=\"wp-post\" data-elementor-id=\"2727\" class=\"elementor elementor-2727\">\n\t\t\t\t\t\t<section class=\"elementor-section elementor-top-section elementor-element elementor-element-45668b81 elementor-section-boxed elementor-section-height-default elementor-section-height-default\" data-id=\"45668b81\" data-element_type=\"section\">\n\t\t\t\t\t\t<div class=\"elementor-container elementor-column-gap-default\">\n\t\t\t\t\t<div class=\"elementor-column elementor-col-100 elementor-top-column elementor-element elementor-element-23ac15c\" data-id=\"23ac15c\" data-element_type=\"column\">\n\t\t\t<div class=\"elementor-widget-wrap elementor-element-populated\">\n\t\t\t\t\t\t<div class=\"elementor-element elementor-element-32e452af elementor-widget elementor-widget-text-editor\" data-id=\"32e452af\" data-element_type=\"widget\" data-widget_type=\"text-editor.default\">\n\t\t\t\t<div class=\"elementor-widget-container\">\n\t\t\t\t\t\t\t<p>O NTETube \u00e9 uma plataforma de v\u00eddeos, desenvolvida pela CTE em 2016, que disponibiliza conte\u00fados educativos para a comunidade em geral. O site tamb\u00e9m oferece suporte para que os professores incluam materiais did\u00e1ticos nos v\u00eddeos como listas de exercicios, imagens e outros arquivos. A plataforma adapta-se ao seu dispositivo, seja celular, tablet ou computador.&nbsp;Nossos v\u00eddeos permitem a inclus\u00e3o de legendas em portugu\u00eas, ingl\u00eas ou outros idiomas.<\/p>\n<p style=\"text-align: center\"><strong><span style=\"color: #3366ff\"><a style=\"color: #3366ff\" href=\"https:\/\/ntetube.nte.ufsm.br\/\">Clique aqui<\/a> <\/span><\/strong>para acessar a plataforma.<\/p>\t\t\t\t\t\t<\/div>\n\t\t\t\t<\/div>\n\t\t\t\t<div class=\"elementor-element elementor-element-65f12cb elementor-widget elementor-widget-image\" data-id=\"65f12cb\" data-element_type=\"widget\" data-widget_type=\"image.default\">\n\t\t\t\t<div class=\"elementor-widget-container\">\n\t\t\t\t\t\t\t\t\t\t\t\t\t\t<a href=\"https:\/\/ntetube.nte.ufsm.br\/catalogo\/Da_Dist%C3%A2ncia_%C3%A0_Mudan%C3%A7a\">\n\t\t\t\t\t\t\t<img fetchpriority=\"high\" decoding=\"async\" width=\"1638\" height=\"343\" src=\"https:\/\/www.ufsm.br\/app\/uploads\/sites\/358\/2019\/02\/ntetube1.jpg\" class=\"attachment-full size-full wp-image-4086\" alt=\"\" srcset=\"https:\/\/www.ufsm.br\/app\/uploads\/sites\/358\/2019\/02\/ntetube1.jpg 1638w, https:\/\/www.ufsm.br\/app\/uploads\/sites\/358\/2019\/02\/ntetube1-300x63.jpg 300w, https:\/\/www.ufsm.br\/app\/uploads\/sites\/358\/2019\/02\/ntetube1-768x161.jpg 768w, https:\/\/www.ufsm.br\/app\/uploads\/sites\/358\/2019\/02\/ntetube1-1024x214.jpg 1024w\" sizes=\"(max-width: 1638px) 100vw, 1638px\" \/>\t\t\t\t\t\t\t\t<\/a>\n\t\t\t\t\t\t\t\t\t\t\t\t\t<\/div>\n\t\t\t\t<\/div>\n\t\t\t\t<div class=\"elementor-element elementor-element-5d98449 elementor-widget elementor-widget-image\" data-id=\"5d98449\" data-element_type=\"widget\" data-widget_type=\"image.default\">\n\t\t\t\t<div class=\"elementor-widget-container\">\n\t\t\t\t\t\t\t\t\t\t\t\t\t\t<a href=\"https:\/\/ntetube.nte.ufsm.br\/catalogo\/EG_-_Espa%C3%A7o_Aluno\">\n\t\t\t\t\t\t\t<img decoding=\"async\" width=\"1640\" height=\"319\" src=\"https:\/\/www.ufsm.br\/app\/uploads\/sites\/358\/2019\/02\/ntetube2.jpg\" class=\"attachment-full size-full wp-image-4088\" alt=\"\" srcset=\"https:\/\/www.ufsm.br\/app\/uploads\/sites\/358\/2019\/02\/ntetube2.jpg 1640w, https:\/\/www.ufsm.br\/app\/uploads\/sites\/358\/2019\/02\/ntetube2-300x58.jpg 300w, https:\/\/www.ufsm.br\/app\/uploads\/sites\/358\/2019\/02\/ntetube2-768x149.jpg 768w, https:\/\/www.ufsm.br\/app\/uploads\/sites\/358\/2019\/02\/ntetube2-1024x199.jpg 1024w\" sizes=\"(max-width: 1640px) 100vw, 1640px\" \/>\t\t\t\t\t\t\t\t<\/a>\n\t\t\t\t\t\t\t\t\t\t\t\t\t<\/div>\n\t\t\t\t<\/div>\n\t\t\t\t\t<\/div>\n\t\t<\/div>\n\t\t\t\t\t<\/div>\n\t\t<\/section>\n\t\t\t\t<\/div>\n\t\t","protected":false},"excerpt":{"rendered":"<p>O NTETube \u00e9 uma plataforma de v\u00eddeos, desenvolvida pela CTE em 2016, que disponibiliza conte\u00fados educativos para a comunidade em geral. O site tamb\u00e9m oferece suporte para que os professores incluam materiais did\u00e1ticos nos v\u00eddeos como listas de exercicios, imagens e outros arquivos. A plataforma adapta-se ao seu dispositivo, seja celular, tablet ou computador.&nbsp;Nossos v\u00eddeos [&hellip;]<\/p>\n","protected":false},"author":324,"featured_media":0,"parent":0,"menu_order":0,"comment_status":"closed","ping_status":"closed","template":"","meta":{"episode_type":"","audio_file":"","cover_image":"","cover_image_id":"","duration":"","filesize":"","date_recorded":"","explicit":"","block":"","filesize_raw":"","footnotes":""},"categories":[],"tags":[],"class_list":["post-2727","page","type-page","status-publish","hentry"],"acf":[],"_links":{"self":[{"href":"https:\/\/www.ufsm.br\/pro-reitorias\/prograd\/cte\/wp-json\/wp\/v2\/pages\/2727","targetHints":{"allow":["GET"]}}],"collection":[{"href":"https:\/\/www.ufsm.br\/pro-reitorias\/prograd\/cte\/wp-json\/wp\/v2\/pages"}],"about":[{"href":"https:\/\/www.ufsm.br\/pro-reitorias\/prograd\/cte\/wp-json\/wp\/v2\/types\/page"}],"author":[{"embeddable":true,"href":"https:\/\/www.ufsm.br\/pro-reitorias\/prograd\/cte\/wp-json\/wp\/v2\/users\/324"}],"replies":[{"embeddable":true,"href":"https:\/\/www.ufsm.br\/pro-reitorias\/prograd\/cte\/wp-json\/wp\/v2\/comments?post=2727"}],"version-history":[{"count":0,"href":"https:\/\/www.ufsm.br\/pro-reitorias\/prograd\/cte\/wp-json\/wp\/v2\/pages\/2727\/revisions"}],"wp:attachment":[{"href":"https:\/\/www.ufsm.br\/pro-reitorias\/prograd\/cte\/wp-json\/wp\/v2\/media?parent=2727"}],"wp:term":[{"taxonomy":"category","embeddable":true,"href":"https:\/\/www.ufsm.br\/pro-reitorias\/prograd\/cte\/wp-json\/wp\/v2\/categories?post=2727"},{"taxonomy":"post_tag","embeddable":true,"href":"https:\/\/www.ufsm.br\/pro-reitorias\/prograd\/cte\/wp-json\/wp\/v2\/tags?post=2727"}],"curies":[{"name":"wp","href":"https:\/\/api.w.org\/{rel}","templated":true}]}}