{"id":2744,"date":"2018-12-03T09:20:40","date_gmt":"2018-12-03T11:20:40","guid":{"rendered":"https:\/\/www.ufsm.br\/orgaos-suplementares\/nte\/?page_id=2744"},"modified":"2021-08-13T16:03:57","modified_gmt":"2021-08-13T19:03:57","slug":"documentos-identidade-nte","status":"publish","type":"page","link":"https:\/\/www.ufsm.br\/pro-reitorias\/prograd\/cte\/documentos-identidade-nte","title":{"rendered":"Documentos Identidade Visual CTE"},"content":{"rendered":"<p>Est\u00e3o dispon\u00edveis para download os arquivos correspondentes \u00e0 identidade visual da Coordenadoria de Tecnologia Educacional, nas vers\u00f5es .cdr, .ai, .eps e .png sem fundo. Nestes arquivos, tamb\u00e9m encontramos outras varia\u00e7\u00f5es da marca, suas vers\u00f5es secund\u00e1rias, vers\u00f5es na vertical, vers\u00f5es com apenas a sigla \u2013 todas elas com a op\u00e7\u00e3o em positivo e negativo.<\/p>\n<p><a href=\"https:\/\/www.ufsm.br\/app\/uploads\/sites\/358\/2021\/08\/Marca_CTE_.zip\">Marca_CTE(todas imagens, comprimidos, arquivo\u00a0 .zip)<\/a><\/p>\n","protected":false},"excerpt":{"rendered":"<p>Est\u00e3o dispon\u00edveis para download os arquivos correspondentes \u00e0 identidade visual da Coordenadoria de Tecnologia Educacional, nas vers\u00f5es .cdr, .ai, .eps e .png sem fundo. Nestes arquivos, tamb\u00e9m encontramos outras varia\u00e7\u00f5es da marca, suas vers\u00f5es secund\u00e1rias, vers\u00f5es na vertical, vers\u00f5es com apenas a sigla \u2013 todas elas com a op\u00e7\u00e3o em positivo e negativo. Marca_CTE(todas imagens, [&hellip;]<\/p>\n","protected":false},"author":324,"featured_media":0,"parent":0,"menu_order":0,"comment_status":"closed","ping_status":"closed","template":"","meta":{"episode_type":"","audio_file":"","cover_image":"","cover_image_id":"","duration":"","filesize":"","date_recorded":"","explicit":"","block":"","filesize_raw":"","footnotes":""},"categories":[],"tags":[],"class_list":["post-2744","page","type-page","status-publish","hentry"],"acf":[],"_links":{"self":[{"href":"https:\/\/www.ufsm.br\/pro-reitorias\/prograd\/cte\/wp-json\/wp\/v2\/pages\/2744","targetHints":{"allow":["GET"]}}],"collection":[{"href":"https:\/\/www.ufsm.br\/pro-reitorias\/prograd\/cte\/wp-json\/wp\/v2\/pages"}],"about":[{"href":"https:\/\/www.ufsm.br\/pro-reitorias\/prograd\/cte\/wp-json\/wp\/v2\/types\/page"}],"author":[{"embeddable":true,"href":"https:\/\/www.ufsm.br\/pro-reitorias\/prograd\/cte\/wp-json\/wp\/v2\/users\/324"}],"replies":[{"embeddable":true,"href":"https:\/\/www.ufsm.br\/pro-reitorias\/prograd\/cte\/wp-json\/wp\/v2\/comments?post=2744"}],"version-history":[{"count":0,"href":"https:\/\/www.ufsm.br\/pro-reitorias\/prograd\/cte\/wp-json\/wp\/v2\/pages\/2744\/revisions"}],"wp:attachment":[{"href":"https:\/\/www.ufsm.br\/pro-reitorias\/prograd\/cte\/wp-json\/wp\/v2\/media?parent=2744"}],"wp:term":[{"taxonomy":"category","embeddable":true,"href":"https:\/\/www.ufsm.br\/pro-reitorias\/prograd\/cte\/wp-json\/wp\/v2\/categories?post=2744"},{"taxonomy":"post_tag","embeddable":true,"href":"https:\/\/www.ufsm.br\/pro-reitorias\/prograd\/cte\/wp-json\/wp\/v2\/tags?post=2744"}],"curies":[{"name":"wp","href":"https:\/\/api.w.org\/{rel}","templated":true}]}}