{"id":4558,"date":"2019-05-03T11:19:58","date_gmt":"2019-05-03T14:19:58","guid":{"rendered":"https:\/\/www.ufsm.br\/orgaos-suplementares\/nte\/?page_id=4558"},"modified":"2025-04-24T11:54:03","modified_gmt":"2025-04-24T14:54:03","slug":"documentos-nte","status":"publish","type":"page","link":"https:\/\/www.ufsm.br\/pro-reitorias\/prograd\/cte\/documentos-nte","title":{"rendered":"Documentos CTE"},"content":{"rendered":"\t\t<div data-elementor-type=\"wp-page\" data-elementor-id=\"4558\" class=\"elementor elementor-4558\">\n\t\t\t\t\t\t<section class=\"elementor-section elementor-top-section elementor-element elementor-element-268057e8 elementor-section-boxed elementor-section-height-default elementor-section-height-default\" data-id=\"268057e8\" data-element_type=\"section\">\n\t\t\t\t\t\t<div class=\"elementor-container elementor-column-gap-default\">\n\t\t\t\t\t<div class=\"elementor-column elementor-col-100 elementor-top-column elementor-element elementor-element-46356670\" data-id=\"46356670\" data-element_type=\"column\">\n\t\t\t<div class=\"elementor-widget-wrap elementor-element-populated\">\n\t\t\t\t\t\t<div class=\"elementor-element elementor-element-70d6df00 elementor-widget elementor-widget-text-editor\" data-id=\"70d6df00\" data-element_type=\"widget\" data-widget_type=\"text-editor.default\">\n\t\t\t\t<div class=\"elementor-widget-container\">\n\t\t\t\t\t\t\t<ul>\n<li><a href=\"https:\/\/portal.ufsm.br\/documentos\/download.html?action=arquivosIndexados&amp;download=false&amp;id=13390363\" target=\"_blank\" rel=\"noopener\">Resolu\u00e7\u00e3o UFSM\u00a0 041\/2021 &#8211;\u00a0<\/a>Estabelece a nova estrutura organizacional da Pr\u00f3-Reitoria de Gradua\u00e7\u00e3o (PROGRAD) da Universidade Federal de Santa Maria (UFSM), suas compet\u00eancias e atribui\u00e7\u00f5es e altera o Regimento Geral da UFSM.<br \/><br \/><\/li>\n<li><a href=\"https:\/\/portal.ufsm.br\/documentos\/publico\/documento.html?id=14359904\" target=\"_blank\" rel=\"noopener\">Instru\u00e7\u00e3o Normativa N. 017\/2022<\/a> &#8211; Institui a Equipe Multidisciplinar em Tecnologias Educacionais em Rede<br \/><br \/><\/li>\n<li><a href=\"https:\/\/portal.ufsm.br\/documentos\/publico\/documento.html?id=14383149\" target=\"_blank\" rel=\"noopener\">Portaria de Pessoal UFSM N. 2.189\/2022<\/a> &#8211; Designa os membros para comporem a Equipe Multidisciplinar em Tecnologias Educacionais em Rede (<a href=\"https:\/\/www.ufsm.br\/app\/uploads\/sites\/358\/2022\/10\/PORT_PES_UFSM_2022_2189.pdf\" target=\"_blank\" rel=\"noopener\">pdf de 193 Kb<\/a>).<br \/><br \/><\/li>\n<li><a href=\"https:\/\/portal.ufsm.br\/documentos\/publico\/documento.html?id=15416231\">Portaria de Pessoal UFSM N. 680\/2025<\/a> &#8211; Designa os membros para comporem a Equipe Multidisciplinar em Tecnologias Educacionais em Rede (<a href=\"https:\/\/www.ufsm.br\/app\/uploads\/sites\/358\/2025\/04\/PORT_PES_UFSM_2025_680_Equipe_multidisciplinar.pdf\">pdf de 184Kb<\/a>)<\/li>\n<\/ul>\n<ul>\n<li><a href=\"https:\/\/www.ufsm.br\/orgaos-suplementares\/nte\/documentos-identidade-nte\/\" target=\"_blank\" rel=\"noopener\">Identidade Visual<\/a><br \/><br \/><\/li>\n<li><a href=\"https:\/\/www.ufsm.br\/app\/uploads\/sites\/358\/2022\/11\/Plano_de_Contingencia_e_Avaliacao_Periodica_dos_Laboratorios_da_CTE.pdf\" target=\"_blank\" rel=\"noopener\">Plano de Conting\u00eancia e Avalia\u00e7\u00e3o Peri\u00f3dica dos Laborat\u00f3rios da CTE\/PROGRAD<\/a><br \/><br \/><\/li>\n<li><a href=\"https:\/\/www.ufsm.br\/app\/uploads\/sites\/358\/2022\/11\/Plano-de-Contingencia-Assinado.pdf\" target=\"_blank\" rel=\"noopener\">Plano de Conting\u00eancia de Produ\u00e7\u00e3o de Materiais Did\u00e1ticos CTE\/PROGRAD 2022<\/a><br \/><br \/><\/li>\n<li><a href=\"https:\/\/www.ufsm.br\/app\/uploads\/sites\/358\/2023\/05\/Plano-de-Contingencia-de-Producao-do-Material-Didatico-2023.pdf\" target=\"_blank\" rel=\"noopener\">Plano de Conting\u00eancia de Produ\u00e7\u00e3o de Materiais Did\u00e1ticos CTE\/PROGRAD\u00a02023<\/a><br \/><br \/><\/li>\n<li><a href=\"https:\/\/www.ufsm.br\/app\/uploads\/sites\/358\/2023\/05\/Plano-de-Acao-Equipe-Multidi.pdf\" target=\"_blank\" rel=\"noopener\">Plano de A\u00e7\u00f5es Equipe Multidisciplinar 2023<\/a><\/li>\n<\/ul>\n<p><!-- \/wp:tadv\/classic-paragraph --><\/p>\t\t\t\t\t\t<\/div>\n\t\t\t\t<\/div>\n\t\t\t\t\t<\/div>\n\t\t<\/div>\n\t\t\t\t\t<\/div>\n\t\t<\/section>\n\t\t\t\t<\/div>\n\t\t","protected":false},"excerpt":{"rendered":"<p>Resolu\u00e7\u00e3o UFSM\u00a0 041\/2021 &#8211;\u00a0Estabelece a nova estrutura organizacional da Pr\u00f3-Reitoria de Gradua\u00e7\u00e3o (PROGRAD) da Universidade Federal de Santa Maria (UFSM), suas compet\u00eancias e atribui\u00e7\u00f5es e altera o Regimento Geral da UFSM. Instru\u00e7\u00e3o Normativa N. 017\/2022 &#8211; Institui a Equipe Multidisciplinar em Tecnologias Educacionais em Rede Portaria de Pessoal UFSM N. 2.189\/2022 &#8211; Designa os membros [&hellip;]<\/p>\n","protected":false},"author":324,"featured_media":0,"parent":0,"menu_order":0,"comment_status":"closed","ping_status":"closed","template":"","meta":{"episode_type":"","audio_file":"","cover_image":"","cover_image_id":"","duration":"","filesize":"","date_recorded":"","explicit":"","block":"","filesize_raw":"","footnotes":""},"categories":[],"tags":[],"class_list":["post-4558","page","type-page","status-publish","hentry"],"acf":[],"_links":{"self":[{"href":"https:\/\/www.ufsm.br\/pro-reitorias\/prograd\/cte\/wp-json\/wp\/v2\/pages\/4558","targetHints":{"allow":["GET"]}}],"collection":[{"href":"https:\/\/www.ufsm.br\/pro-reitorias\/prograd\/cte\/wp-json\/wp\/v2\/pages"}],"about":[{"href":"https:\/\/www.ufsm.br\/pro-reitorias\/prograd\/cte\/wp-json\/wp\/v2\/types\/page"}],"author":[{"embeddable":true,"href":"https:\/\/www.ufsm.br\/pro-reitorias\/prograd\/cte\/wp-json\/wp\/v2\/users\/324"}],"replies":[{"embeddable":true,"href":"https:\/\/www.ufsm.br\/pro-reitorias\/prograd\/cte\/wp-json\/wp\/v2\/comments?post=4558"}],"version-history":[{"count":0,"href":"https:\/\/www.ufsm.br\/pro-reitorias\/prograd\/cte\/wp-json\/wp\/v2\/pages\/4558\/revisions"}],"wp:attachment":[{"href":"https:\/\/www.ufsm.br\/pro-reitorias\/prograd\/cte\/wp-json\/wp\/v2\/media?parent=4558"}],"wp:term":[{"taxonomy":"category","embeddable":true,"href":"https:\/\/www.ufsm.br\/pro-reitorias\/prograd\/cte\/wp-json\/wp\/v2\/categories?post=4558"},{"taxonomy":"post_tag","embeddable":true,"href":"https:\/\/www.ufsm.br\/pro-reitorias\/prograd\/cte\/wp-json\/wp\/v2\/tags?post=4558"}],"curies":[{"name":"wp","href":"https:\/\/api.w.org\/{rel}","templated":true}]}}