{"id":537,"date":"2018-09-24T09:21:22","date_gmt":"2018-09-24T12:21:22","guid":{"rendered":"https:\/\/www.ufsm.br\/orgaos-suplementares\/nte\/?page_id=537"},"modified":"2018-12-06T10:07:33","modified_gmt":"2018-12-06T12:07:33","slug":"sisuab","status":"publish","type":"page","link":"https:\/\/www.ufsm.br\/pro-reitorias\/prograd\/cte\/uab\/sisuab","title":{"rendered":"SisUAB"},"content":{"rendered":"<h2 style=\"text-align: center\"><span style=\"font-size: 14pt\">O SisUAB \u00e9 um sistema destinado para o acompanhamento e gest\u00e3o dos processos da\u00a0Universidade Aberta do Brasil.<\/span><\/h2>\n<p style=\"text-align: center\">\u00a0Esse espa\u00e7o \u00e9 aberto aos coordenadores, professores, tutores e secret\u00e1rios de curso EaD vinculados a Capes.<\/p>\n<h2 style=\"text-align: center\"><\/h2>\n<p><a href=\"https:\/\/sisuab2.capes.gov.br\/sisuab2\/\"><img fetchpriority=\"high\" decoding=\"async\" class=\"aligncenter wp-image-2717 size-medium\" src=\"https:\/\/www.ufsm.br\/orgaos-suplementares\/nte\/wp-content\/uploads\/sites\/358\/2018\/11\/Untitled-drawing-4-300x290.jpg\" alt=\"\" width=\"300\" height=\"290\" srcset=\"https:\/\/www.ufsm.br\/app\/uploads\/sites\/358\/2018\/11\/Untitled-drawing-4-300x290.jpg 300w, https:\/\/www.ufsm.br\/app\/uploads\/sites\/358\/2018\/11\/Untitled-drawing-4.jpg 596w\" sizes=\"(max-width: 300px) 100vw, 300px\" \/><\/a><\/p>\n<p style=\"text-align: center\"><a href=\"https:\/\/sisuab2.capes.gov.br\/sisuab2\/\">SisUAB &#8211; Sistema UAB<\/a><\/p>\n","protected":false},"excerpt":{"rendered":"<p>O SisUAB \u00e9 um sistema destinado para o acompanhamento e gest\u00e3o dos processos da\u00a0Universidade Aberta do Brasil. \u00a0Esse espa\u00e7o \u00e9 aberto aos coordenadores, professores, tutores e secret\u00e1rios de curso EaD vinculados a Capes. SisUAB &#8211; Sistema UAB<\/p>\n","protected":false},"author":264,"featured_media":0,"parent":536,"menu_order":5,"comment_status":"closed","ping_status":"closed","template":"","meta":{"episode_type":"","audio_file":"","cover_image":"","cover_image_id":"","duration":"","filesize":"","date_recorded":"","explicit":"","block":"","filesize_raw":"","footnotes":""},"categories":[],"tags":[],"class_list":["post-537","page","type-page","status-publish","hentry"],"acf":[],"_links":{"self":[{"href":"https:\/\/www.ufsm.br\/pro-reitorias\/prograd\/cte\/wp-json\/wp\/v2\/pages\/537","targetHints":{"allow":["GET"]}}],"collection":[{"href":"https:\/\/www.ufsm.br\/pro-reitorias\/prograd\/cte\/wp-json\/wp\/v2\/pages"}],"about":[{"href":"https:\/\/www.ufsm.br\/pro-reitorias\/prograd\/cte\/wp-json\/wp\/v2\/types\/page"}],"author":[{"embeddable":true,"href":"https:\/\/www.ufsm.br\/pro-reitorias\/prograd\/cte\/wp-json\/wp\/v2\/users\/264"}],"replies":[{"embeddable":true,"href":"https:\/\/www.ufsm.br\/pro-reitorias\/prograd\/cte\/wp-json\/wp\/v2\/comments?post=537"}],"version-history":[{"count":0,"href":"https:\/\/www.ufsm.br\/pro-reitorias\/prograd\/cte\/wp-json\/wp\/v2\/pages\/537\/revisions"}],"up":[{"embeddable":true,"href":"https:\/\/www.ufsm.br\/pro-reitorias\/prograd\/cte\/wp-json\/wp\/v2\/pages\/536"}],"wp:attachment":[{"href":"https:\/\/www.ufsm.br\/pro-reitorias\/prograd\/cte\/wp-json\/wp\/v2\/media?parent=537"}],"wp:term":[{"taxonomy":"category","embeddable":true,"href":"https:\/\/www.ufsm.br\/pro-reitorias\/prograd\/cte\/wp-json\/wp\/v2\/categories?post=537"},{"taxonomy":"post_tag","embeddable":true,"href":"https:\/\/www.ufsm.br\/pro-reitorias\/prograd\/cte\/wp-json\/wp\/v2\/tags?post=537"}],"curies":[{"name":"wp","href":"https:\/\/api.w.org\/{rel}","templated":true}]}}