{"id":5639,"date":"2021-07-28T14:17:28","date_gmt":"2021-07-28T17:17:28","guid":{"rendered":"https:\/\/www.ufsm.br\/orgaos-suplementares\/nte\/?page_id=5639"},"modified":"2022-10-08T13:18:04","modified_gmt":"2022-10-08T16:18:04","slug":"fundos-para-conferencias-online","status":"publish","type":"page","link":"https:\/\/www.ufsm.br\/pro-reitorias\/prograd\/cte\/fundos-para-conferencias-online","title":{"rendered":"Backgrounds para confer\u00eancias online"},"content":{"rendered":"\t\t<div data-elementor-type=\"wp-page\" data-elementor-id=\"5639\" class=\"elementor elementor-5639\">\n\t\t\t\t\t\t<section class=\"elementor-section elementor-top-section elementor-element elementor-element-f03309c elementor-section-boxed elementor-section-height-default elementor-section-height-default\" data-id=\"f03309c\" data-element_type=\"section\">\n\t\t\t\t\t\t<div class=\"elementor-container elementor-column-gap-default\">\n\t\t\t\t\t<div class=\"elementor-column elementor-col-100 elementor-top-column elementor-element elementor-element-eb551e9\" data-id=\"eb551e9\" data-element_type=\"column\">\n\t\t\t<div class=\"elementor-widget-wrap elementor-element-populated\">\n\t\t\t\t\t\t<div class=\"elementor-element elementor-element-9604491 elementor-widget elementor-widget-text-editor\" data-id=\"9604491\" data-element_type=\"widget\" data-widget_type=\"text-editor.default\">\n\t\t\t\t<div class=\"elementor-widget-container\">\n\t\t\t\t\t\t\t<p>Fundos (backgrounds) criados pela equipe da Coordenadoria de Tecnologia Educacional para serem usados em confer\u00eancias on-line (Google Meet, Zoom, etc).<\/p>\n<p><strong>Instru\u00e7\u00f5es para salvar a imagem em seu computador:&nbsp;<\/strong><\/p>\n<p>Clique na imagem desejada a ser usada. Na imagem que abriu, clique com o bot\u00e3o direito do mouse e aperte em &#8216;Salvar imagem como&#8217;, selecione onde salvar a imagem e aperte em &#8216;Salvar&#8217;.&nbsp;<\/p>\t\t\t\t\t\t<\/div>\n\t\t\t\t<\/div>\n\t\t\t\t\t<\/div>\n\t\t<\/div>\n\t\t\t\t\t<\/div>\n\t\t<\/section>\n\t\t\t\t<section class=\"elementor-section elementor-top-section elementor-element elementor-element-dd6a5ca elementor-section-boxed elementor-section-height-default elementor-section-height-default\" data-id=\"dd6a5ca\" data-element_type=\"section\">\n\t\t\t\t\t\t<div class=\"elementor-container elementor-column-gap-default\">\n\t\t\t\t\t<div class=\"elementor-column elementor-col-50 elementor-top-column elementor-element elementor-element-8bc8bca\" data-id=\"8bc8bca\" data-element_type=\"column\">\n\t\t\t<div class=\"elementor-widget-wrap elementor-element-populated\">\n\t\t\t\t\t\t<div class=\"elementor-element elementor-element-3ed6d60 elementor-position-top elementor-widget elementor-widget-image-box\" data-id=\"3ed6d60\" data-element_type=\"widget\" data-widget_type=\"image-box.default\">\n\t\t\t\t<div class=\"elementor-widget-container\">\n\t\t\t<div class=\"elementor-image-box-wrapper\"><figure class=\"elementor-image-box-img\"><a href=\"https:\/\/www.ufsm.br\/app\/uploads\/sites\/358\/2021\/07\/fundo-2.jpg\" target=\"_blank\" tabindex=\"-1\"><img fetchpriority=\"high\" decoding=\"async\" width=\"768\" height=\"432\" src=\"https:\/\/www.ufsm.br\/app\/uploads\/sites\/358\/2021\/07\/fundo-2-768x432.jpg\" class=\"attachment-medium_large size-medium_large wp-image-5645\" alt=\"\" srcset=\"https:\/\/www.ufsm.br\/app\/uploads\/sites\/358\/2021\/07\/fundo-2-768x432.jpg 768w, https:\/\/www.ufsm.br\/app\/uploads\/sites\/358\/2021\/07\/fundo-2-300x169.jpg 300w, https:\/\/www.ufsm.br\/app\/uploads\/sites\/358\/2021\/07\/fundo-2-1024x576.jpg 1024w, https:\/\/www.ufsm.br\/app\/uploads\/sites\/358\/2021\/07\/fundo-2-1536x864.jpg 1536w, https:\/\/www.ufsm.br\/app\/uploads\/sites\/358\/2021\/07\/fundo-2.jpg 1920w\" sizes=\"(max-width: 768px) 100vw, 768px\" \/><\/a><\/figure><\/div>\t\t<\/div>\n\t\t\t\t<\/div>\n\t\t\t\t\t<\/div>\n\t\t<\/div>\n\t\t\t\t<div class=\"elementor-column elementor-col-50 elementor-top-column elementor-element elementor-element-b60499c\" data-id=\"b60499c\" data-element_type=\"column\">\n\t\t\t<div class=\"elementor-widget-wrap elementor-element-populated\">\n\t\t\t\t\t\t<div class=\"elementor-element elementor-element-1902dd5 elementor-position-top elementor-widget elementor-widget-image-box\" data-id=\"1902dd5\" data-element_type=\"widget\" data-widget_type=\"image-box.default\">\n\t\t\t\t<div class=\"elementor-widget-container\">\n\t\t\t<div class=\"elementor-image-box-wrapper\"><figure class=\"elementor-image-box-img\"><a href=\"https:\/\/www.ufsm.br\/app\/uploads\/sites\/358\/2021\/07\/fundo-3.jpg\" target=\"_blank\" tabindex=\"-1\"><img decoding=\"async\" width=\"1920\" height=\"1080\" src=\"https:\/\/www.ufsm.br\/app\/uploads\/sites\/358\/2021\/07\/fundo-3.jpg\" class=\"attachment-full size-full wp-image-5646\" alt=\"\" srcset=\"https:\/\/www.ufsm.br\/app\/uploads\/sites\/358\/2021\/07\/fundo-3.jpg 1920w, https:\/\/www.ufsm.br\/app\/uploads\/sites\/358\/2021\/07\/fundo-3-300x169.jpg 300w, https:\/\/www.ufsm.br\/app\/uploads\/sites\/358\/2021\/07\/fundo-3-1024x576.jpg 1024w, https:\/\/www.ufsm.br\/app\/uploads\/sites\/358\/2021\/07\/fundo-3-768x432.jpg 768w, https:\/\/www.ufsm.br\/app\/uploads\/sites\/358\/2021\/07\/fundo-3-1536x864.jpg 1536w\" sizes=\"(max-width: 1920px) 100vw, 1920px\" \/><\/a><\/figure><\/div>\t\t<\/div>\n\t\t\t\t<\/div>\n\t\t\t\t\t<\/div>\n\t\t<\/div>\n\t\t\t\t\t<\/div>\n\t\t<\/section>\n\t\t\t\t<section class=\"elementor-section elementor-top-section elementor-element elementor-element-960a372 elementor-section-boxed elementor-section-height-default elementor-section-height-default\" data-id=\"960a372\" data-element_type=\"section\">\n\t\t\t\t\t\t<div class=\"elementor-container elementor-column-gap-default\">\n\t\t\t\t\t<div class=\"elementor-column elementor-col-50 elementor-top-column elementor-element elementor-element-5eb51b6\" data-id=\"5eb51b6\" data-element_type=\"column\">\n\t\t\t<div class=\"elementor-widget-wrap elementor-element-populated\">\n\t\t\t\t\t\t<div class=\"elementor-element elementor-element-0a5e678 elementor-position-top elementor-widget elementor-widget-image-box\" data-id=\"0a5e678\" data-element_type=\"widget\" data-widget_type=\"image-box.default\">\n\t\t\t\t<div class=\"elementor-widget-container\">\n\t\t\t<div class=\"elementor-image-box-wrapper\"><figure class=\"elementor-image-box-img\"><a href=\"https:\/\/www.ufsm.br\/app\/uploads\/sites\/358\/2021\/07\/fundo-1.jpg\" target=\"_blank\" tabindex=\"-1\"><img decoding=\"async\" width=\"1920\" height=\"1080\" src=\"https:\/\/www.ufsm.br\/app\/uploads\/sites\/358\/2021\/07\/fundo-1.jpg\" class=\"attachment-full size-full wp-image-5644\" alt=\"\" srcset=\"https:\/\/www.ufsm.br\/app\/uploads\/sites\/358\/2021\/07\/fundo-1.jpg 1920w, https:\/\/www.ufsm.br\/app\/uploads\/sites\/358\/2021\/07\/fundo-1-300x169.jpg 300w, https:\/\/www.ufsm.br\/app\/uploads\/sites\/358\/2021\/07\/fundo-1-1024x576.jpg 1024w, https:\/\/www.ufsm.br\/app\/uploads\/sites\/358\/2021\/07\/fundo-1-768x432.jpg 768w, https:\/\/www.ufsm.br\/app\/uploads\/sites\/358\/2021\/07\/fundo-1-1536x864.jpg 1536w\" sizes=\"(max-width: 1920px) 100vw, 1920px\" \/><\/a><\/figure><\/div>\t\t<\/div>\n\t\t\t\t<\/div>\n\t\t\t\t\t<\/div>\n\t\t<\/div>\n\t\t\t\t<div class=\"elementor-column elementor-col-50 elementor-top-column elementor-element elementor-element-018c4ca\" data-id=\"018c4ca\" data-element_type=\"column\">\n\t\t\t<div class=\"elementor-widget-wrap elementor-element-populated\">\n\t\t\t\t\t\t<div class=\"elementor-element elementor-element-b540637 elementor-position-top elementor-widget elementor-widget-image-box\" data-id=\"b540637\" data-element_type=\"widget\" data-widget_type=\"image-box.default\">\n\t\t\t\t<div class=\"elementor-widget-container\">\n\t\t\t<div class=\"elementor-image-box-wrapper\"><figure class=\"elementor-image-box-img\"><a href=\"https:\/\/www.ufsm.br\/app\/uploads\/sites\/358\/2021\/07\/fundoNovo_01.jpg\" target=\"_blank\" tabindex=\"-1\"><img loading=\"lazy\" decoding=\"async\" width=\"1920\" height=\"1080\" src=\"https:\/\/www.ufsm.br\/app\/uploads\/sites\/358\/2021\/07\/fundoNovo_01.jpg\" class=\"attachment-full size-full wp-image-5643\" alt=\"\" srcset=\"https:\/\/www.ufsm.br\/app\/uploads\/sites\/358\/2021\/07\/fundoNovo_01.jpg 1920w, https:\/\/www.ufsm.br\/app\/uploads\/sites\/358\/2021\/07\/fundoNovo_01-300x169.jpg 300w, https:\/\/www.ufsm.br\/app\/uploads\/sites\/358\/2021\/07\/fundoNovo_01-1024x576.jpg 1024w, https:\/\/www.ufsm.br\/app\/uploads\/sites\/358\/2021\/07\/fundoNovo_01-768x432.jpg 768w, https:\/\/www.ufsm.br\/app\/uploads\/sites\/358\/2021\/07\/fundoNovo_01-1536x864.jpg 1536w\" sizes=\"(max-width: 1920px) 100vw, 1920px\" \/><\/a><\/figure><\/div>\t\t<\/div>\n\t\t\t\t<\/div>\n\t\t\t\t\t<\/div>\n\t\t<\/div>\n\t\t\t\t\t<\/div>\n\t\t<\/section>\n\t\t\t\t<section class=\"elementor-section elementor-top-section elementor-element elementor-element-baf995b elementor-section-boxed elementor-section-height-default elementor-section-height-default\" data-id=\"baf995b\" data-element_type=\"section\">\n\t\t\t\t\t\t<div class=\"elementor-container elementor-column-gap-default\">\n\t\t\t\t\t<div class=\"elementor-column elementor-col-50 elementor-top-column elementor-element elementor-element-f7f7b8e\" data-id=\"f7f7b8e\" data-element_type=\"column\">\n\t\t\t<div class=\"elementor-widget-wrap elementor-element-populated\">\n\t\t\t\t\t\t<div class=\"elementor-element elementor-element-eb64b74 elementor-position-top elementor-widget elementor-widget-image-box\" data-id=\"eb64b74\" data-element_type=\"widget\" data-widget_type=\"image-box.default\">\n\t\t\t\t<div class=\"elementor-widget-container\">\n\t\t\t<div class=\"elementor-image-box-wrapper\"><figure class=\"elementor-image-box-img\"><a href=\"https:\/\/www.ufsm.br\/app\/uploads\/sites\/358\/2021\/07\/fundoNovo_04-1.jpg\" target=\"_blank\" tabindex=\"-1\"><img loading=\"lazy\" decoding=\"async\" width=\"1920\" height=\"1080\" src=\"https:\/\/www.ufsm.br\/app\/uploads\/sites\/358\/2021\/07\/fundoNovo_04-1.jpg\" class=\"attachment-full size-full wp-image-5642\" alt=\"\" srcset=\"https:\/\/www.ufsm.br\/app\/uploads\/sites\/358\/2021\/07\/fundoNovo_04-1.jpg 1920w, https:\/\/www.ufsm.br\/app\/uploads\/sites\/358\/2021\/07\/fundoNovo_04-1-300x169.jpg 300w, https:\/\/www.ufsm.br\/app\/uploads\/sites\/358\/2021\/07\/fundoNovo_04-1-1024x576.jpg 1024w, https:\/\/www.ufsm.br\/app\/uploads\/sites\/358\/2021\/07\/fundoNovo_04-1-768x432.jpg 768w, https:\/\/www.ufsm.br\/app\/uploads\/sites\/358\/2021\/07\/fundoNovo_04-1-1536x864.jpg 1536w\" sizes=\"(max-width: 1920px) 100vw, 1920px\" \/><\/a><\/figure><\/div>\t\t<\/div>\n\t\t\t\t<\/div>\n\t\t\t\t\t<\/div>\n\t\t<\/div>\n\t\t\t\t<div class=\"elementor-column elementor-col-50 elementor-top-column elementor-element elementor-element-66430cf\" data-id=\"66430cf\" data-element_type=\"column\">\n\t\t\t<div class=\"elementor-widget-wrap elementor-element-populated\">\n\t\t\t\t\t\t<div class=\"elementor-element elementor-element-7c0be1e elementor-position-top elementor-widget elementor-widget-image-box\" data-id=\"7c0be1e\" data-element_type=\"widget\" data-widget_type=\"image-box.default\">\n\t\t\t\t<div class=\"elementor-widget-container\">\n\t\t\t<div class=\"elementor-image-box-wrapper\"><figure class=\"elementor-image-box-img\"><a href=\"https:\/\/www.ufsm.br\/app\/uploads\/sites\/358\/2021\/07\/fundoNovo_02.jpg\" tabindex=\"-1\"><img loading=\"lazy\" decoding=\"async\" width=\"1920\" height=\"1080\" src=\"https:\/\/www.ufsm.br\/app\/uploads\/sites\/358\/2021\/07\/fundoNovo_02.jpg\" class=\"attachment-full size-full wp-image-5641\" alt=\"\" srcset=\"https:\/\/www.ufsm.br\/app\/uploads\/sites\/358\/2021\/07\/fundoNovo_02.jpg 1920w, https:\/\/www.ufsm.br\/app\/uploads\/sites\/358\/2021\/07\/fundoNovo_02-300x169.jpg 300w, https:\/\/www.ufsm.br\/app\/uploads\/sites\/358\/2021\/07\/fundoNovo_02-1024x576.jpg 1024w, https:\/\/www.ufsm.br\/app\/uploads\/sites\/358\/2021\/07\/fundoNovo_02-768x432.jpg 768w, https:\/\/www.ufsm.br\/app\/uploads\/sites\/358\/2021\/07\/fundoNovo_02-1536x864.jpg 1536w\" sizes=\"(max-width: 1920px) 100vw, 1920px\" \/><\/a><\/figure><\/div>\t\t<\/div>\n\t\t\t\t<\/div>\n\t\t\t\t\t<\/div>\n\t\t<\/div>\n\t\t\t\t\t<\/div>\n\t\t<\/section>\n\t\t\t\t<section class=\"elementor-section elementor-top-section elementor-element elementor-element-5ca1de5 elementor-section-boxed elementor-section-height-default elementor-section-height-default\" data-id=\"5ca1de5\" data-element_type=\"section\">\n\t\t\t\t\t\t<div class=\"elementor-container elementor-column-gap-default\">\n\t\t\t\t\t<div class=\"elementor-column elementor-col-50 elementor-top-column elementor-element elementor-element-dc2c661\" data-id=\"dc2c661\" data-element_type=\"column\">\n\t\t\t<div class=\"elementor-widget-wrap elementor-element-populated\">\n\t\t\t\t\t\t<div class=\"elementor-element elementor-element-9f199e3 elementor-position-top elementor-widget elementor-widget-image-box\" data-id=\"9f199e3\" data-element_type=\"widget\" data-widget_type=\"image-box.default\">\n\t\t\t\t<div class=\"elementor-widget-container\">\n\t\t\t<div class=\"elementor-image-box-wrapper\"><figure class=\"elementor-image-box-img\"><a href=\"https:\/\/www.ufsm.br\/app\/uploads\/sites\/358\/2021\/07\/fundoNovo_03.jpg\" target=\"_blank\" tabindex=\"-1\"><img loading=\"lazy\" decoding=\"async\" width=\"1920\" height=\"1080\" src=\"https:\/\/www.ufsm.br\/app\/uploads\/sites\/358\/2021\/07\/fundoNovo_03.jpg\" class=\"attachment-full size-full wp-image-5640\" alt=\"\" srcset=\"https:\/\/www.ufsm.br\/app\/uploads\/sites\/358\/2021\/07\/fundoNovo_03.jpg 1920w, https:\/\/www.ufsm.br\/app\/uploads\/sites\/358\/2021\/07\/fundoNovo_03-300x169.jpg 300w, https:\/\/www.ufsm.br\/app\/uploads\/sites\/358\/2021\/07\/fundoNovo_03-1024x576.jpg 1024w, https:\/\/www.ufsm.br\/app\/uploads\/sites\/358\/2021\/07\/fundoNovo_03-768x432.jpg 768w, https:\/\/www.ufsm.br\/app\/uploads\/sites\/358\/2021\/07\/fundoNovo_03-1536x864.jpg 1536w\" sizes=\"(max-width: 1920px) 100vw, 1920px\" \/><\/a><\/figure><\/div>\t\t<\/div>\n\t\t\t\t<\/div>\n\t\t\t\t\t<\/div>\n\t\t<\/div>\n\t\t\t\t<div class=\"elementor-column elementor-col-50 elementor-top-column elementor-element elementor-element-67b5464\" data-id=\"67b5464\" data-element_type=\"column\">\n\t\t\t<div class=\"elementor-widget-wrap\">\n\t\t\t\t\t\t\t<\/div>\n\t\t<\/div>\n\t\t\t\t\t<\/div>\n\t\t<\/section>\n\t\t\t\t<section class=\"elementor-section elementor-top-section elementor-element elementor-element-9a0877f elementor-section-boxed elementor-section-height-default elementor-section-height-default\" data-id=\"9a0877f\" data-element_type=\"section\">\n\t\t\t\t\t\t<div class=\"elementor-container elementor-column-gap-default\">\n\t\t\t\t\t<div class=\"elementor-column elementor-col-100 elementor-top-column elementor-element elementor-element-d4c1541\" data-id=\"d4c1541\" data-element_type=\"column\">\n\t\t\t<div class=\"elementor-widget-wrap elementor-element-populated\">\n\t\t\t\t\t\t<div class=\"elementor-element elementor-element-f81fe56 elementor-widget elementor-widget-heading\" data-id=\"f81fe56\" data-element_type=\"widget\" data-widget_type=\"heading.default\">\n\t\t\t\t<div class=\"elementor-widget-container\">\n\t\t\t<h3 class=\"elementor-heading-title elementor-size-default\">Como alterar o plano de fundo<\/h3>\t\t<\/div>\n\t\t\t\t<\/div>\n\t\t\t\t<div class=\"elementor-element elementor-element-15078e7 elementor-widget elementor-widget-text-editor\" data-id=\"15078e7\" data-element_type=\"widget\" data-widget_type=\"text-editor.default\">\n\t\t\t\t<div class=\"elementor-widget-container\">\n\t\t\t\t\t\t\t<div><h4><span style=\"font-size: 12pt\">Antes de uma videochamada\u00a0<\/span><\/h4><\/div><div><ol><li><span style=\"font-size: 12pt\"><a href=\"http:\/\/meet.google.com\/\" target=\"_blank\" rel=\"noopener\">Acesse o Google Meet<\/a>\u00a0<img loading=\"lazy\" decoding=\"async\" title=\"e\" src=\"https:\/\/lh3.googleusercontent.com\/3_l97rr0GvhSP2XV5OoCkV2ZDTIisAOczrSdzNCBxhIKWrjXjHucxNwocghoUa39gw=w36-h36\" alt=\"e\" width=\"18\" height=\"18\" data-mime-type=\"image\/png\" data-alt-src=\"\/\/lh3.googleusercontent.com\/3_l97rr0GvhSP2XV5OoCkV2ZDTIisAOczrSdzNCBxhIKWrjXjHucxNwocghoUa39gw\" \/>\u00a0selecione uma reuni\u00e3o.<\/span><\/li><li><span style=\"font-size: 12pt\">No canto inferior direito da autovisualiza\u00e7\u00e3o, clique em Alterar plano de fundo\u00a0<img loading=\"lazy\" decoding=\"async\" src=\"https:\/\/storage.googleapis.com\/support-kms-prod\/MxXlLoEsDz1zJUZAViRFfjNz1iRconoPnWHR\" alt=\"\" width=\"18\" height=\"18\" data-mime-type=\"image\/svg+xml\" \/>.<\/span><ul><li><span style=\"font-size: 12pt\">Para desfocar completamente o plano de fundo, clique em Desfocar seu plano de fundo\u00a0<img loading=\"lazy\" decoding=\"async\" src=\"https:\/\/lh3.googleusercontent.com\/cbxMG0bKr4lyLVibbY7MKGpEtU7inssEoW6wFf3G9FhuxTPAiTYJmUoDpC_VnEAY3Wkh=w36-h36\" alt=\"\" width=\"18\" height=\"18\" data-mime-type=\"image\/png\" data-alt-src=\"\/\/lh3.googleusercontent.com\/cbxMG0bKr4lyLVibbY7MKGpEtU7inssEoW6wFf3G9FhuxTPAiTYJmUoDpC_VnEAY3Wkh\" \/>.<\/span><\/li><li><span style=\"font-size: 12pt\">Para desfocar ligeiramente o plano de fundo, clique em Desfocar um pouco o plano de fundo\u00a0<img loading=\"lazy\" decoding=\"async\" src=\"https:\/\/lh3.googleusercontent.com\/MeBQfHuarCaqqeHHdhyLQVMHlc3qm6H18kQR8E64PjDa_WX_gEBurnlQo5Q1QcWk3v8=w36-h36\" alt=\"\" width=\"18\" height=\"18\" data-mime-type=\"image\/png\" data-alt-src=\"\/\/lh3.googleusercontent.com\/MeBQfHuarCaqqeHHdhyLQVMHlc3qm6H18kQR8E64PjDa_WX_gEBurnlQo5Q1QcWk3v8\" \/>.<\/span><\/li><li class=\"\" data-outlined=\"false\"><span style=\"font-size: 12pt\">Para selecionar um plano de fundo enviado por upload anteriormente, clique nele.<\/span><\/li><li><span style=\"font-size: 12pt\">Para fazer o upload de uma imagem para usar como plano de fundo, clique em Adicionar\u00a0<img loading=\"lazy\" decoding=\"async\" title=\"Add\" src=\"https:\/\/lh3.googleusercontent.com\/9vP28Yzr-R-sYJqIuhjmH4qqlLnh4Vx-oL6GzvugJ0d2EATr-Hzr_AoWo3Nr-Aav3lM=w36-h36\" alt=\"Add\" width=\"18\" height=\"18\" data-mime-type=\"image\/png\" data-alt-src=\"\/\/lh3.googleusercontent.com\/9vP28Yzr-R-sYJqIuhjmH4qqlLnh4Vx-oL6GzvugJ0d2EATr-Hzr_AoWo3Nr-Aav3lM\" \/>.<\/span><\/li><\/ul><\/li><li><span style=\"font-size: 12pt\">Clique em\u00a0<strong>Participar agora<\/strong>.<\/span><\/li><\/ol><\/div><h4 data-outlined=\"false\"><span style=\"font-size: 12pt\">Durante uma videochamada\u00a0<\/span><\/h4><div><ol><li><span style=\"font-size: 12pt\">Na parte inferior, clique em Mais\u00a0<img loading=\"lazy\" decoding=\"async\" title=\"Mais\" src=\"https:\/\/lh3.googleusercontent.com\/9VQWCAVYWNRaQRLjY7-IzzL41z26XT3gWgBoNrz5GRErjVZwobi8IruD0yQeh0BsVM0=w36-h36\" alt=\"Mais\" width=\"18\" height=\"18\" data-mime-type=\"image\/png\" data-alt-src=\"\/\/lh3.googleusercontent.com\/9VQWCAVYWNRaQRLjY7-IzzL41z26XT3gWgBoNrz5GRErjVZwobi8IruD0yQeh0BsVM0\" \/>.<\/span><\/li><li class=\"\" data-outlined=\"false\"><span style=\"font-size: 12pt\">Clique em Alterar plano de fundo\u00a0<img loading=\"lazy\" decoding=\"async\" src=\"https:\/\/storage.googleapis.com\/support-kms-prod\/MxXlLoEsDz1zJUZAViRFfjNz1iRconoPnWHR\" alt=\"\" width=\"18\" height=\"18\" data-mime-type=\"image\/svg+xml\" \/>.<\/span><ul><li><span style=\"font-size: 12pt\">Para desfocar completamente o plano de fundo, clique em Desfocar seu plano de fundo\u00a0<img loading=\"lazy\" decoding=\"async\" src=\"https:\/\/lh3.googleusercontent.com\/cbxMG0bKr4lyLVibbY7MKGpEtU7inssEoW6wFf3G9FhuxTPAiTYJmUoDpC_VnEAY3Wkh=w36-h36\" alt=\"\" width=\"18\" height=\"18\" data-mime-type=\"image\/png\" data-alt-src=\"\/\/lh3.googleusercontent.com\/cbxMG0bKr4lyLVibbY7MKGpEtU7inssEoW6wFf3G9FhuxTPAiTYJmUoDpC_VnEAY3Wkh\" \/>.<\/span><\/li><li class=\"\" data-outlined=\"false\"><span style=\"font-size: 12pt\">Para desfocar ligeiramente o plano de fundo, clique em Desfocar um pouco o plano de fundo\u00a0<img loading=\"lazy\" decoding=\"async\" src=\"https:\/\/lh3.googleusercontent.com\/MeBQfHuarCaqqeHHdhyLQVMHlc3qm6H18kQR8E64PjDa_WX_gEBurnlQo5Q1QcWk3v8=w36-h36\" alt=\"\" width=\"18\" height=\"18\" data-mime-type=\"image\/png\" data-alt-src=\"\/\/lh3.googleusercontent.com\/MeBQfHuarCaqqeHHdhyLQVMHlc3qm6H18kQR8E64PjDa_WX_gEBurnlQo5Q1QcWk3v8\" \/>.<\/span><\/li><li><span style=\"font-size: 12pt\">Para selecionar um plano de fundo enviado por upload anteriormente, clique nele.<\/span><\/li><li><span style=\"font-size: 12pt\">Para fazer o upload de uma imagem para usar como plano de fundo, clique em Adicionar\u00a0<img loading=\"lazy\" decoding=\"async\" title=\"Add\" src=\"https:\/\/lh3.googleusercontent.com\/9vP28Yzr-R-sYJqIuhjmH4qqlLnh4Vx-oL6GzvugJ0d2EATr-Hzr_AoWo3Nr-Aav3lM=w36-h36\" alt=\"Add\" width=\"18\" height=\"18\" data-mime-type=\"image\/png\" data-alt-src=\"\/\/lh3.googleusercontent.com\/9vP28Yzr-R-sYJqIuhjmH4qqlLnh4Vx-oL6GzvugJ0d2EATr-Hzr_AoWo3Nr-Aav3lM\" \/>.<\/span><\/li><\/ul><\/li><\/ol><\/div>\t\t\t\t\t\t<\/div>\n\t\t\t\t<\/div>\n\t\t\t\t\t<\/div>\n\t\t<\/div>\n\t\t\t\t\t<\/div>\n\t\t<\/section>\n\t\t\t\t<\/div>\n\t\t","protected":false},"excerpt":{"rendered":"<p>Fundos (backgrounds) criados pela equipe da Coordenadoria de Tecnologia Educacional para serem usados em confer\u00eancias on-line (Google Meet, Zoom, etc). Instru\u00e7\u00f5es para salvar a imagem em seu computador:&nbsp; Clique na imagem desejada a ser usada. Na imagem que abriu, clique com o bot\u00e3o direito do mouse e aperte em &#8216;Salvar imagem como&#8217;, selecione onde salvar [&hellip;]<\/p>\n","protected":false},"author":324,"featured_media":0,"parent":0,"menu_order":0,"comment_status":"closed","ping_status":"closed","template":"","meta":{"episode_type":"","audio_file":"","cover_image":"","cover_image_id":"","duration":"","filesize":"","date_recorded":"","explicit":"","block":"","filesize_raw":"","footnotes":""},"categories":[],"tags":[],"class_list":["post-5639","page","type-page","status-publish","hentry"],"acf":[],"_links":{"self":[{"href":"https:\/\/www.ufsm.br\/pro-reitorias\/prograd\/cte\/wp-json\/wp\/v2\/pages\/5639","targetHints":{"allow":["GET"]}}],"collection":[{"href":"https:\/\/www.ufsm.br\/pro-reitorias\/prograd\/cte\/wp-json\/wp\/v2\/pages"}],"about":[{"href":"https:\/\/www.ufsm.br\/pro-reitorias\/prograd\/cte\/wp-json\/wp\/v2\/types\/page"}],"author":[{"embeddable":true,"href":"https:\/\/www.ufsm.br\/pro-reitorias\/prograd\/cte\/wp-json\/wp\/v2\/users\/324"}],"replies":[{"embeddable":true,"href":"https:\/\/www.ufsm.br\/pro-reitorias\/prograd\/cte\/wp-json\/wp\/v2\/comments?post=5639"}],"version-history":[{"count":0,"href":"https:\/\/www.ufsm.br\/pro-reitorias\/prograd\/cte\/wp-json\/wp\/v2\/pages\/5639\/revisions"}],"wp:attachment":[{"href":"https:\/\/www.ufsm.br\/pro-reitorias\/prograd\/cte\/wp-json\/wp\/v2\/media?parent=5639"}],"wp:term":[{"taxonomy":"category","embeddable":true,"href":"https:\/\/www.ufsm.br\/pro-reitorias\/prograd\/cte\/wp-json\/wp\/v2\/categories?post=5639"},{"taxonomy":"post_tag","embeddable":true,"href":"https:\/\/www.ufsm.br\/pro-reitorias\/prograd\/cte\/wp-json\/wp\/v2\/tags?post=5639"}],"curies":[{"name":"wp","href":"https:\/\/api.w.org\/{rel}","templated":true}]}}