{"id":577,"date":"2018-09-24T14:49:58","date_gmt":"2018-09-24T17:49:58","guid":{"rendered":"https:\/\/www.ufsm.br\/orgaos-suplementares\/nte\/?page_id=577"},"modified":"2018-11-29T15:56:03","modified_gmt":"2018-11-29T17:56:03","slug":"relatorio-de-autoavaliacao-2016","status":"publish","type":"page","link":"https:\/\/www.ufsm.br\/pro-reitorias\/prograd\/cte\/apresentacao-nte\/relatorio-de-autoavaliacao-2016","title":{"rendered":"Relat\u00f3rio de Autoavalia\u00e7\u00e3o 2016"},"content":{"rendered":"<p>Em 2016, foram criados 4 instrumentos diferentes de autoavalia\u00e7\u00e3o, que foram aplicados para os seguintes segmentos dos cursos EaD da UFSM \/ UAB:<\/p>\n<p style=\"padding-left: 30px\">Discentes<br \/>\nDocentes<br \/>\nCoordenadores de Polo<br \/>\nTutores<\/p>\n","protected":false},"excerpt":{"rendered":"<p>Em 2016, foram criados 4 instrumentos diferentes de autoavalia\u00e7\u00e3o, que foram aplicados para os seguintes segmentos dos cursos EaD da UFSM \/ UAB: Discentes Docentes Coordenadores de Polo Tutores<\/p>\n","protected":false},"author":264,"featured_media":0,"parent":467,"menu_order":0,"comment_status":"closed","ping_status":"closed","template":"","meta":{"episode_type":"","audio_file":"","cover_image":"","cover_image_id":"","duration":"","filesize":"","date_recorded":"","explicit":"","block":"","filesize_raw":"","footnotes":""},"categories":[],"tags":[],"class_list":["post-577","page","type-page","status-publish","hentry"],"acf":[],"_links":{"self":[{"href":"https:\/\/www.ufsm.br\/pro-reitorias\/prograd\/cte\/wp-json\/wp\/v2\/pages\/577","targetHints":{"allow":["GET"]}}],"collection":[{"href":"https:\/\/www.ufsm.br\/pro-reitorias\/prograd\/cte\/wp-json\/wp\/v2\/pages"}],"about":[{"href":"https:\/\/www.ufsm.br\/pro-reitorias\/prograd\/cte\/wp-json\/wp\/v2\/types\/page"}],"author":[{"embeddable":true,"href":"https:\/\/www.ufsm.br\/pro-reitorias\/prograd\/cte\/wp-json\/wp\/v2\/users\/264"}],"replies":[{"embeddable":true,"href":"https:\/\/www.ufsm.br\/pro-reitorias\/prograd\/cte\/wp-json\/wp\/v2\/comments?post=577"}],"version-history":[{"count":0,"href":"https:\/\/www.ufsm.br\/pro-reitorias\/prograd\/cte\/wp-json\/wp\/v2\/pages\/577\/revisions"}],"up":[{"embeddable":true,"href":"https:\/\/www.ufsm.br\/pro-reitorias\/prograd\/cte\/wp-json\/wp\/v2\/pages\/467"}],"wp:attachment":[{"href":"https:\/\/www.ufsm.br\/pro-reitorias\/prograd\/cte\/wp-json\/wp\/v2\/media?parent=577"}],"wp:term":[{"taxonomy":"category","embeddable":true,"href":"https:\/\/www.ufsm.br\/pro-reitorias\/prograd\/cte\/wp-json\/wp\/v2\/categories?post=577"},{"taxonomy":"post_tag","embeddable":true,"href":"https:\/\/www.ufsm.br\/pro-reitorias\/prograd\/cte\/wp-json\/wp\/v2\/tags?post=577"}],"curies":[{"name":"wp","href":"https:\/\/api.w.org\/{rel}","templated":true}]}}