{"id":6803,"date":"2023-01-23T16:19:21","date_gmt":"2023-01-23T19:19:21","guid":{"rendered":"https:\/\/www.ufsm.br\/pro-reitorias\/prograd\/cte\/?page_id=6803"},"modified":"2023-04-04T09:55:11","modified_gmt":"2023-04-04T12:55:11","slug":"especializacao-em-gestao-em-saude","status":"publish","type":"page","link":"https:\/\/www.ufsm.br\/pro-reitorias\/prograd\/cte\/especializacao-em-gestao-em-saude","title":{"rendered":"Especializa\u00e7\u00e3o em Gest\u00e3o em Sa\u00fade"},"content":{"rendered":"\t\t<div data-elementor-type=\"wp-page\" data-elementor-id=\"6803\" class=\"elementor elementor-6803\">\n\t\t\t\t\t\t<section class=\"elementor-section elementor-top-section elementor-element elementor-element-978fe3c elementor-section-boxed elementor-section-height-default elementor-section-height-default\" data-id=\"978fe3c\" data-element_type=\"section\">\n\t\t\t\t\t\t<div class=\"elementor-container elementor-column-gap-default\">\n\t\t\t\t\t<div class=\"elementor-column elementor-col-33 elementor-top-column elementor-element elementor-element-e8d2195\" data-id=\"e8d2195\" data-element_type=\"column\">\n\t\t\t<div class=\"elementor-widget-wrap elementor-element-populated\">\n\t\t\t\t\t\t<div class=\"elementor-element elementor-element-b8649d8 elementor-position-top elementor-widget elementor-widget-image-box\" data-id=\"b8649d8\" data-element_type=\"widget\" data-widget_type=\"image-box.default\">\n\t\t\t\t<div class=\"elementor-widget-container\">\n\t\t\t<div class=\"elementor-image-box-wrapper\"><figure class=\"elementor-image-box-img\"><a href=\"https:\/\/repositorio.ufsm.br\/handle\/1\/15790\" target=\"_blank\" tabindex=\"-1\"><img fetchpriority=\"high\" decoding=\"async\" width=\"540\" height=\"765\" src=\"https:\/\/www.ufsm.br\/app\/uploads\/sites\/358\/2018\/09\/capagestaosaude.jpg\" class=\"attachment-full size-full wp-image-604\" alt=\"\" srcset=\"https:\/\/www.ufsm.br\/app\/uploads\/sites\/358\/2018\/09\/capagestaosaude.jpg 540w, https:\/\/www.ufsm.br\/app\/uploads\/sites\/358\/2018\/09\/capagestaosaude-212x300.jpg 212w\" sizes=\"(max-width: 540px) 100vw, 540px\" \/><\/a><\/figure><div class=\"elementor-image-box-content\"><h6 class=\"elementor-image-box-title\"><a href=\"https:\/\/repositorio.ufsm.br\/handle\/1\/15790\" target=\"_blank\">Gest\u00e3o de Organiza\u00e7\u00e3o P\u00fablica em Sa\u00fade<\/a><\/h6><\/div><\/div>\t\t<\/div>\n\t\t\t\t<\/div>\n\t\t\t\t\t<\/div>\n\t\t<\/div>\n\t\t\t\t<div class=\"elementor-column elementor-col-33 elementor-top-column elementor-element elementor-element-d3cb010\" data-id=\"d3cb010\" data-element_type=\"column\">\n\t\t\t<div class=\"elementor-widget-wrap elementor-element-populated\">\n\t\t\t\t\t\t<div class=\"elementor-element elementor-element-2be3668 elementor-position-top elementor-widget elementor-widget-image-box\" data-id=\"2be3668\" data-element_type=\"widget\" data-widget_type=\"image-box.default\">\n\t\t\t\t<div class=\"elementor-widget-container\">\n\t\t\t<div class=\"elementor-image-box-wrapper\"><figure class=\"elementor-image-box-img\"><a href=\"https:\/\/repositorio.ufsm.br\/handle\/1\/25542\" target=\"_blank\" tabindex=\"-1\"><img decoding=\"async\" width=\"504\" height=\"711\" src=\"https:\/\/www.ufsm.br\/app\/uploads\/sites\/358\/2022\/07\/Capa.jpg\" class=\"attachment-full size-full wp-image-6310\" alt=\"\" srcset=\"https:\/\/www.ufsm.br\/app\/uploads\/sites\/358\/2022\/07\/Capa.jpg 504w, https:\/\/www.ufsm.br\/app\/uploads\/sites\/358\/2022\/07\/Capa-213x300.jpg 213w\" sizes=\"(max-width: 504px) 100vw, 504px\" \/><\/a><\/figure><div class=\"elementor-image-box-content\"><h6 class=\"elementor-image-box-title\"><a href=\"https:\/\/repositorio.ufsm.br\/handle\/1\/25542\" target=\"_blank\">Gest\u00e3o do Trabalho em Sa\u00fade<\/a><\/h6><\/div><\/div>\t\t<\/div>\n\t\t\t\t<\/div>\n\t\t\t\t\t<\/div>\n\t\t<\/div>\n\t\t\t\t<div class=\"elementor-column elementor-col-33 elementor-top-column elementor-element elementor-element-6d40f32\" data-id=\"6d40f32\" data-element_type=\"column\">\n\t\t\t<div class=\"elementor-widget-wrap elementor-element-populated\">\n\t\t\t\t\t\t<div class=\"elementor-element elementor-element-b0b777e elementor-position-top elementor-widget elementor-widget-image-box\" data-id=\"b0b777e\" data-element_type=\"widget\" data-widget_type=\"image-box.default\">\n\t\t\t\t<div class=\"elementor-widget-container\">\n\t\t\t<div class=\"elementor-image-box-wrapper\"><figure class=\"elementor-image-box-img\"><a href=\"https:\/\/repositorio.ufsm.br\/handle\/1\/26138\" target=\"_blank\" tabindex=\"-1\"><img decoding=\"async\" width=\"407\" height=\"578\" src=\"https:\/\/www.ufsm.br\/app\/uploads\/sites\/358\/2022\/07\/Capa-1.jpg\" class=\"attachment-full size-full wp-image-6350\" alt=\"\" srcset=\"https:\/\/www.ufsm.br\/app\/uploads\/sites\/358\/2022\/07\/Capa-1.jpg 407w, https:\/\/www.ufsm.br\/app\/uploads\/sites\/358\/2022\/07\/Capa-1-211x300.jpg 211w\" sizes=\"(max-width: 407px) 100vw, 407px\" \/><\/a><\/figure><div class=\"elementor-image-box-content\"><h6 class=\"elementor-image-box-title\"><a href=\"https:\/\/repositorio.ufsm.br\/handle\/1\/26138\" target=\"_blank\">Metodologia da Pesquisa<\/a><\/h6><\/div><\/div>\t\t<\/div>\n\t\t\t\t<\/div>\n\t\t\t\t\t<\/div>\n\t\t<\/div>\n\t\t\t\t\t<\/div>\n\t\t<\/section>\n\t\t\t\t<section class=\"elementor-section elementor-top-section elementor-element elementor-element-1be16bf elementor-section-boxed elementor-section-height-default elementor-section-height-default\" data-id=\"1be16bf\" data-element_type=\"section\">\n\t\t\t\t\t\t<div class=\"elementor-container elementor-column-gap-default\">\n\t\t\t\t\t<div class=\"elementor-column elementor-col-33 elementor-top-column elementor-element elementor-element-020ad69\" data-id=\"020ad69\" data-element_type=\"column\">\n\t\t\t<div class=\"elementor-widget-wrap elementor-element-populated\">\n\t\t\t\t\t\t<div class=\"elementor-element elementor-element-df063b8 elementor-position-top elementor-widget elementor-widget-image-box\" data-id=\"df063b8\" data-element_type=\"widget\" data-widget_type=\"image-box.default\">\n\t\t\t\t<div class=\"elementor-widget-container\">\n\t\t\t<div class=\"elementor-image-box-wrapper\"><figure class=\"elementor-image-box-img\"><a href=\"https:\/\/repositorio.ufsm.br\/handle\/1\/26216\" target=\"_blank\" tabindex=\"-1\"><img loading=\"lazy\" decoding=\"async\" width=\"564\" height=\"793\" src=\"https:\/\/www.ufsm.br\/app\/uploads\/sites\/358\/2022\/09\/Capa_ntroducao_EaD.jpg\" class=\"attachment-full size-full wp-image-6473\" alt=\"\" srcset=\"https:\/\/www.ufsm.br\/app\/uploads\/sites\/358\/2022\/09\/Capa_ntroducao_EaD.jpg 564w, https:\/\/www.ufsm.br\/app\/uploads\/sites\/358\/2022\/09\/Capa_ntroducao_EaD-213x300.jpg 213w\" sizes=\"(max-width: 564px) 100vw, 564px\" \/><\/a><\/figure><div class=\"elementor-image-box-content\"><h6 class=\"elementor-image-box-title\"><a href=\"https:\/\/repositorio.ufsm.br\/handle\/1\/26216\" target=\"_blank\">Introdu\u00e7\u00e3o \u00e0 EaD<\/a><\/h6><\/div><\/div>\t\t<\/div>\n\t\t\t\t<\/div>\n\t\t\t\t\t<\/div>\n\t\t<\/div>\n\t\t\t\t<div class=\"elementor-column elementor-col-33 elementor-top-column elementor-element elementor-element-890054a\" data-id=\"890054a\" data-element_type=\"column\">\n\t\t\t<div class=\"elementor-widget-wrap elementor-element-populated\">\n\t\t\t\t\t\t<div class=\"elementor-element elementor-element-0541754 elementor-position-top elementor-widget elementor-widget-image-box\" data-id=\"0541754\" data-element_type=\"widget\" data-widget_type=\"image-box.default\">\n\t\t\t\t<div class=\"elementor-widget-container\">\n\t\t\t<div class=\"elementor-image-box-wrapper\"><figure class=\"elementor-image-box-img\"><a href=\"https:\/\/repositorio.ufsm.br\/handle\/1\/28440\" target=\"_blank\" tabindex=\"-1\"><img loading=\"lazy\" decoding=\"async\" width=\"633\" height=\"903\" src=\"https:\/\/www.ufsm.br\/app\/uploads\/sites\/358\/2023\/04\/Politica-e-Sociedade.jpg\" class=\"attachment-full size-full wp-image-6900\" alt=\"\" srcset=\"https:\/\/www.ufsm.br\/app\/uploads\/sites\/358\/2023\/04\/Politica-e-Sociedade.jpg 633w, https:\/\/www.ufsm.br\/app\/uploads\/sites\/358\/2023\/04\/Politica-e-Sociedade-210x300.jpg 210w\" sizes=\"(max-width: 633px) 100vw, 633px\" \/><\/a><\/figure><div class=\"elementor-image-box-content\"><h6 class=\"elementor-image-box-title\"><a href=\"https:\/\/repositorio.ufsm.br\/handle\/1\/28440\" target=\"_blank\">Pol\u00edtica e Sociedade<\/a><\/h6><\/div><\/div>\t\t<\/div>\n\t\t\t\t<\/div>\n\t\t\t\t\t<\/div>\n\t\t<\/div>\n\t\t\t\t<div class=\"elementor-column elementor-col-33 elementor-top-column elementor-element elementor-element-071612a\" data-id=\"071612a\" data-element_type=\"column\">\n\t\t\t<div class=\"elementor-widget-wrap\">\n\t\t\t\t\t\t\t<\/div>\n\t\t<\/div>\n\t\t\t\t\t<\/div>\n\t\t<\/section>\n\t\t\t\t<section class=\"elementor-section elementor-top-section elementor-element elementor-element-a6aada7 elementor-section-boxed elementor-section-height-default elementor-section-height-default\" data-id=\"a6aada7\" data-element_type=\"section\">\n\t\t\t\t\t\t<div class=\"elementor-container elementor-column-gap-default\">\n\t\t\t\t\t<div class=\"elementor-column elementor-col-100 elementor-top-column elementor-element elementor-element-3453b40\" data-id=\"3453b40\" data-element_type=\"column\">\n\t\t\t<div class=\"elementor-widget-wrap elementor-element-populated\">\n\t\t\t\t\t\t<div class=\"elementor-element elementor-element-9c062a1 elementor-widget elementor-widget-heading\" data-id=\"9c062a1\" data-element_type=\"widget\" data-widget_type=\"heading.default\">\n\t\t\t\t<div class=\"elementor-widget-container\">\n\t\t\t<h5 class=\"elementor-heading-title elementor-size-default\">V\u00eddeos<\/h5>\t\t<\/div>\n\t\t\t\t<\/div>\n\t\t\t\t<section class=\"elementor-section elementor-inner-section elementor-element elementor-element-0a58494 elementor-section-boxed elementor-section-height-default elementor-section-height-default\" data-id=\"0a58494\" data-element_type=\"section\">\n\t\t\t\t\t\t<div class=\"elementor-container elementor-column-gap-default\">\n\t\t\t\t\t<div class=\"elementor-column elementor-col-33 elementor-inner-column elementor-element elementor-element-97c5320\" data-id=\"97c5320\" data-element_type=\"column\">\n\t\t\t<div class=\"elementor-widget-wrap elementor-element-populated\">\n\t\t\t\t\t\t<div class=\"elementor-element elementor-element-702a61d elementor-widget elementor-widget-image\" data-id=\"702a61d\" data-element_type=\"widget\" data-settings=\"{&quot;_animation&quot;:&quot;none&quot;}\" data-widget_type=\"image.default\">\n\t\t\t\t<div class=\"elementor-widget-container\">\n\t\t\t\t\t\t\t\t\t\t<figure class=\"wp-caption\">\n\t\t\t\t\t\t\t\t\t\t\t<a href=\"https:\/\/ntetube.nte.ufsm.br\/v\/1477402001\" target=\"_blank\">\n\t\t\t\t\t\t\t<img decoding=\"async\" src=\"https:\/\/www.ufsm.br\/app\/uploads\/sites\/358\/elementor\/thumbs\/Saude-q39j4nhx8rnv4c1o5wumf4g52b3tqf5ev13ev513oy.jpg\" title=\"Sa\u00fade\" alt=\"Sa\u00fade\" class=\"elementor-animation-grow\" loading=\"lazy\" \/>\t\t\t\t\t\t\t\t<\/a>\n\t\t\t\t\t\t\t\t\t\t\t<figcaption class=\"widget-image-caption wp-caption-text\">Conhe\u00e7a o curso<\/figcaption>\n\t\t\t\t\t\t\t\t\t\t<\/figure>\n\t\t\t\t\t\t\t<\/div>\n\t\t\t\t<\/div>\n\t\t\t\t\t<\/div>\n\t\t<\/div>\n\t\t\t\t<div class=\"elementor-column elementor-col-33 elementor-inner-column elementor-element elementor-element-9bc7eef\" data-id=\"9bc7eef\" data-element_type=\"column\">\n\t\t\t<div class=\"elementor-widget-wrap\">\n\t\t\t\t\t\t\t<\/div>\n\t\t<\/div>\n\t\t\t\t<div class=\"elementor-column elementor-col-33 elementor-inner-column elementor-element elementor-element-576f1f1\" data-id=\"576f1f1\" data-element_type=\"column\">\n\t\t\t<div class=\"elementor-widget-wrap\">\n\t\t\t\t\t\t\t<\/div>\n\t\t<\/div>\n\t\t\t\t\t<\/div>\n\t\t<\/section>\n\t\t\t\t\t<\/div>\n\t\t<\/div>\n\t\t\t\t\t<\/div>\n\t\t<\/section>\n\t\t\t\t<\/div>\n\t\t","protected":false},"excerpt":{"rendered":"<p>Gest\u00e3o de Organiza\u00e7\u00e3o P\u00fablica em Sa\u00fade Gest\u00e3o do Trabalho em Sa\u00fade Metodologia da Pesquisa Introdu\u00e7\u00e3o \u00e0 EaD Pol\u00edtica e Sociedade V\u00eddeos Conhe\u00e7a o curso<\/p>\n","protected":false},"author":606,"featured_media":0,"parent":0,"menu_order":0,"comment_status":"closed","ping_status":"closed","template":"","meta":{"episode_type":"","audio_file":"","cover_image":"","cover_image_id":"","duration":"","filesize":"","date_recorded":"","explicit":"","block":"","filesize_raw":"","footnotes":""},"categories":[],"tags":[],"class_list":["post-6803","page","type-page","status-publish","hentry"],"acf":[],"_links":{"self":[{"href":"https:\/\/www.ufsm.br\/pro-reitorias\/prograd\/cte\/wp-json\/wp\/v2\/pages\/6803","targetHints":{"allow":["GET"]}}],"collection":[{"href":"https:\/\/www.ufsm.br\/pro-reitorias\/prograd\/cte\/wp-json\/wp\/v2\/pages"}],"about":[{"href":"https:\/\/www.ufsm.br\/pro-reitorias\/prograd\/cte\/wp-json\/wp\/v2\/types\/page"}],"author":[{"embeddable":true,"href":"https:\/\/www.ufsm.br\/pro-reitorias\/prograd\/cte\/wp-json\/wp\/v2\/users\/606"}],"replies":[{"embeddable":true,"href":"https:\/\/www.ufsm.br\/pro-reitorias\/prograd\/cte\/wp-json\/wp\/v2\/comments?post=6803"}],"version-history":[{"count":0,"href":"https:\/\/www.ufsm.br\/pro-reitorias\/prograd\/cte\/wp-json\/wp\/v2\/pages\/6803\/revisions"}],"wp:attachment":[{"href":"https:\/\/www.ufsm.br\/pro-reitorias\/prograd\/cte\/wp-json\/wp\/v2\/media?parent=6803"}],"wp:term":[{"taxonomy":"category","embeddable":true,"href":"https:\/\/www.ufsm.br\/pro-reitorias\/prograd\/cte\/wp-json\/wp\/v2\/categories?post=6803"},{"taxonomy":"post_tag","embeddable":true,"href":"https:\/\/www.ufsm.br\/pro-reitorias\/prograd\/cte\/wp-json\/wp\/v2\/tags?post=6803"}],"curies":[{"name":"wp","href":"https:\/\/api.w.org\/{rel}","templated":true}]}}