{"id":7082,"date":"2023-07-19T15:37:29","date_gmt":"2023-07-19T18:37:29","guid":{"rendered":"https:\/\/www.ufsm.br\/pro-reitorias\/prograd\/cte\/?page_id=7082"},"modified":"2023-08-28T13:46:54","modified_gmt":"2023-08-28T16:46:54","slug":"primeiro-acesso","status":"publish","type":"page","link":"https:\/\/www.ufsm.br\/pro-reitorias\/prograd\/cte\/primeiro-acesso","title":{"rendered":"Primeiro acesso"},"content":{"rendered":"\t\t<div data-elementor-type=\"wp-page\" data-elementor-id=\"7082\" class=\"elementor elementor-7082\">\n\t\t\t\t\t\t<section class=\"elementor-section elementor-top-section elementor-element elementor-element-684a352 elementor-section-boxed elementor-section-height-default elementor-section-height-default\" data-id=\"684a352\" data-element_type=\"section\">\n\t\t\t\t\t\t<div class=\"elementor-container elementor-column-gap-default\">\n\t\t\t\t\t<div class=\"elementor-column elementor-col-100 elementor-top-column elementor-element elementor-element-75f8c4b\" data-id=\"75f8c4b\" data-element_type=\"column\">\n\t\t\t<div class=\"elementor-widget-wrap elementor-element-populated\">\n\t\t\t\t\t\t<div class=\"elementor-element elementor-element-479c32d elementor-widget elementor-widget-heading\" data-id=\"479c32d\" data-element_type=\"widget\" data-widget_type=\"heading.default\">\n\t\t\t\t<div class=\"elementor-widget-container\">\n\t\t\t<h2 class=\"elementor-heading-title elementor-size-default\">Instru\u00e7\u00f5es Importantes<\/h2>\t\t<\/div>\n\t\t\t\t<\/div>\n\t\t\t\t<div class=\"elementor-element elementor-element-869936d elementor-widget elementor-widget-text-editor\" data-id=\"869936d\" data-element_type=\"widget\" data-widget_type=\"text-editor.default\">\n\t\t\t\t<div class=\"elementor-widget-container\">\n\t\t\t\t\t\t\t<p>Ol\u00e1 acad\u00eamico!<\/p>\n<p>Primeiramente, gostar\u00edamos de parabeniz\u00e1-lo por fazer parte da fam\u00edlia UFSM.&nbsp;<\/p>\n<p>Para cada curso de gradua\u00e7\u00e3o ou p\u00f3s-gradua\u00e7\u00e3o voc\u00ea receber\u00e1 um <strong>n\u00famero de matr\u00edcula<\/strong>, que geralmente se inicia com o ano em que voc\u00ea ingressou no curso (ex.: <strong>2023<\/strong>0001).&nbsp;<\/p>\n<p>Voc\u00ea<strong> obrigatoriamente<\/strong> precisa acessar, pelo menos uma vez, o Portal Estudantil da UFSM a&nbsp;<strong>cada nova matr\u00edcula<\/strong>&nbsp;para <strong>ativar o usu\u00e1rio desta nova matr\u00edcula<\/strong> e assim ter acesso ao Moodle e outros sistemas da UFSM.<\/p>\n<p>O processo de ativar o usu\u00e1rio consiste em acessar o Portal Estudantil com a <strong>nova matr\u00edcula<\/strong> e a senha igual a sua <strong>data de nascimento (DDMMAAAA)<\/strong> e escolher uma nova senha, que ser\u00e1 v\u00e1lida para a nova matr\u00edcula e todas as demais matr\u00edculas anteriores que voc\u00ea tenha na UFSM.&nbsp; Favor <span style=\"color: #000000;font-size: 1rem;font-weight: var( --e-global-typography-text-font-weight );text-align: var(--bs-body-text-align)\">seguir as instru\u00e7\u00f5es no link abaixo para padronizar seu acesso em nossos sistemas.&nbsp;<\/span><\/p>\n<p><span style=\"color: #000000;font-size: 16px;font-weight: var( --e-global-typography-text-font-weight );text-align: var(--bs-body-text-align)\">Caso j\u00e1 tenha realizado este procedimento para a nova matr\u00edcula e deseja acessar o Moodle, siga as instru\u00e7\u00f5es dispon\u00edveis em &#8220;<strong>Primeiro acesso Moodle<\/strong>&#8221; no painel abaixo. Sen\u00e3o,&nbsp;<\/span><span style=\"color: #000000;font-size: 16px;font-weight: var( --e-global-typography-text-font-weight );text-align: var(--bs-body-text-align)\">clique no link abaixo.<\/span><\/p>\n<p style=\"text-align: center\"><a href=\"https:\/\/www.ufsm.br\/pro-reitorias\/prograd\/cte\/alterar-a-senha-no-portal-estudantil\"><b>Criar \/ Alterar a senha no Portal Estudantil<\/b><\/a><\/p>\t\t\t\t\t\t<\/div>\n\t\t\t\t<\/div>\n\t\t\t\t\t<\/div>\n\t\t<\/div>\n\t\t\t\t\t<\/div>\n\t\t<\/section>\n\t\t\t\t<section class=\"elementor-section elementor-top-section elementor-element elementor-element-47bbe12 elementor-section-boxed elementor-section-height-default elementor-section-height-default\" data-id=\"47bbe12\" data-element_type=\"section\">\n\t\t\t\t\t\t<div class=\"elementor-container elementor-column-gap-default\">\n\t\t\t\t\t<div class=\"elementor-column elementor-col-100 elementor-top-column elementor-element elementor-element-bda7e22\" data-id=\"bda7e22\" data-element_type=\"column\">\n\t\t\t<div class=\"elementor-widget-wrap elementor-element-populated\">\n\t\t\t\t\t\t<div class=\"elementor-element elementor-element-d7d3db8 elementor-widget elementor-widget-heading\" data-id=\"d7d3db8\" data-element_type=\"widget\" data-widget_type=\"heading.default\">\n\t\t\t\t<div class=\"elementor-widget-container\">\n\t\t\t<h2 class=\"elementor-heading-title elementor-size-default\">Primeiro acesso ao Moodle<\/h2>\t\t<\/div>\n\t\t\t\t<\/div>\n\t\t\t\t<div class=\"elementor-element elementor-element-195d50f elementor-widget elementor-widget-text-editor\" data-id=\"195d50f\" data-element_type=\"widget\" data-widget_type=\"text-editor.default\">\n\t\t\t\t<div class=\"elementor-widget-container\">\n\t\t\t\t\t\t\t<p style=\"color: #1c1c1c;font-size: 16px\">O Ambiente Virtual de Ensino Aprendizagem (AVEA) Moodle \u00e9 a plataforma por meio da qual os cursos de gradua\u00e7\u00e3o e de p\u00f3s-gradua\u00e7\u00e3o a dist\u00e2ncia da UAB\/UFSM s\u00e3o ofertados.&nbsp; Neste ambiente s\u00e3o disponibilizadas as disciplinas, conte\u00fados pedag\u00f3gicos e atividades de ensino e de intera\u00e7\u00e3o entre alunos, professores e tutores, de forma remota.<\/p>\n<p style=\"color: #1c1c1c;font-size: 16px\">Acesse abaixo a modalidade em que voc\u00ea est\u00e1 matriculado.<\/p>\n<p style=\"color: #1c1c1c;font-size: 16px\">\n<\/p>\t\t\t\t\t\t<\/div>\n\t\t\t\t<\/div>\n\t\t\t\t\t<\/div>\n\t\t<\/div>\n\t\t\t\t\t<\/div>\n\t\t<\/section>\n\t\t\t\t<section class=\"elementor-section elementor-top-section elementor-element elementor-element-25d7bab elementor-section-boxed elementor-section-height-default elementor-section-height-default\" data-id=\"25d7bab\" data-element_type=\"section\">\n\t\t\t\t\t\t<div class=\"elementor-container elementor-column-gap-default\">\n\t\t\t\t\t<div class=\"elementor-column elementor-col-50 elementor-top-column elementor-element elementor-element-bd690a8\" data-id=\"bd690a8\" data-element_type=\"column\">\n\t\t\t<div class=\"elementor-widget-wrap elementor-element-populated\">\n\t\t\t\t\t\t<div class=\"elementor-element elementor-element-fec500d elementor-widget elementor-widget-toggle\" data-id=\"fec500d\" data-element_type=\"widget\" data-widget_type=\"toggle.default\">\n\t\t\t\t<div class=\"elementor-widget-container\">\n\t\t\t\t\t<div class=\"elementor-toggle\">\n\t\t\t\t\t\t\t<div class=\"elementor-toggle-item\">\n\t\t\t\t\t<div id=\"elementor-tab-title-2671\" class=\"elementor-tab-title\" data-tab=\"1\" role=\"button\" aria-controls=\"elementor-tab-content-2671\" aria-expanded=\"false\">\n\t\t\t\t\t\t\t\t\t\t\t\t<span class=\"elementor-toggle-icon elementor-toggle-icon-left\" aria-hidden=\"true\">\n\t\t\t\t\t\t\t\t\t\t\t\t\t\t\t<span class=\"elementor-toggle-icon-closed\"><i class=\"fas fa-caret-right\"><\/i><\/span>\n\t\t\t\t\t\t\t\t<span class=\"elementor-toggle-icon-opened\"><i class=\"elementor-toggle-icon-opened fas fa-caret-up\"><\/i><\/span>\n\t\t\t\t\t\t\t\t\t\t\t\t\t<\/span>\n\t\t\t\t\t\t\t\t\t\t\t\t<a class=\"elementor-toggle-title\" tabindex=\"0\">Modalidade Presencial<\/a>\n\t\t\t\t\t<\/div>\n\n\t\t\t\t\t<div id=\"elementor-tab-content-2671\" class=\"elementor-tab-content elementor-clearfix\" data-tab=\"1\" role=\"region\" aria-labelledby=\"elementor-tab-title-2671\"><p style=\"text-align: justify\">Este ambiente possui a finalidade de hospedar turmas virtuais das disciplinas presenciais dos cursos de gradua\u00e7\u00e3o e de p\u00f3s-gradua\u00e7\u00e3o da UFSM, Tamb\u00e9m, cursos\u00a0de projetos de extens\u00e3o, projetos de pesquisa e cursos promovidos pela Pr\u00f3-reitoria de Gest\u00e3o de Pessoas para a capacita\u00e7\u00e3o de servidores da UFSM.<\/p><p style=\"text-align: justify\"><a href=\"https:\/\/www.ufsm.br\/pro-reitorias\/prograd\/cte\/primeiro-acesso-ao-curso-presencial\">Como realizar o primeiro acesso no curso presencial?<\/a><\/p><\/div>\n\t\t\t\t<\/div>\n\t\t\t\t\t\t\t\t<\/div>\n\t\t\t\t<\/div>\n\t\t\t\t<\/div>\n\t\t\t\t\t<\/div>\n\t\t<\/div>\n\t\t\t\t<div class=\"elementor-column elementor-col-50 elementor-top-column elementor-element elementor-element-6f2aed4\" data-id=\"6f2aed4\" data-element_type=\"column\">\n\t\t\t<div class=\"elementor-widget-wrap elementor-element-populated\">\n\t\t\t\t\t\t<div class=\"elementor-element elementor-element-dc6e9ce elementor-widget elementor-widget-toggle\" data-id=\"dc6e9ce\" data-element_type=\"widget\" data-widget_type=\"toggle.default\">\n\t\t\t\t<div class=\"elementor-widget-container\">\n\t\t\t\t\t<div class=\"elementor-toggle\">\n\t\t\t\t\t\t\t<div class=\"elementor-toggle-item\">\n\t\t\t\t\t<div id=\"elementor-tab-title-2311\" class=\"elementor-tab-title\" data-tab=\"1\" role=\"button\" aria-controls=\"elementor-tab-content-2311\" aria-expanded=\"false\">\n\t\t\t\t\t\t\t\t\t\t\t\t<span class=\"elementor-toggle-icon elementor-toggle-icon-left\" aria-hidden=\"true\">\n\t\t\t\t\t\t\t\t\t\t\t\t\t\t\t<span class=\"elementor-toggle-icon-closed\"><i class=\"fas fa-caret-right\"><\/i><\/span>\n\t\t\t\t\t\t\t\t<span class=\"elementor-toggle-icon-opened\"><i class=\"elementor-toggle-icon-opened fas fa-caret-up\"><\/i><\/span>\n\t\t\t\t\t\t\t\t\t\t\t\t\t<\/span>\n\t\t\t\t\t\t\t\t\t\t\t\t<a class=\"elementor-toggle-title\" tabindex=\"0\">Modalidade EAD\/UAB<\/a>\n\t\t\t\t\t<\/div>\n\n\t\t\t\t\t<div id=\"elementor-tab-content-2311\" class=\"elementor-tab-content elementor-clearfix\" data-tab=\"1\" role=\"region\" aria-labelledby=\"elementor-tab-title-2311\"><p style=\"text-align: justify\"><span style=\"color: #1c1c1c;font-size: 16px\">Neste ambiente s\u00e3o disponibilizadas as disciplinas, conte\u00fados pedag\u00f3gicos e atividades de ensino e de intera\u00e7\u00e3o entre alunos, professores e tutores, de forma remota n<\/span><span style=\"color: #1c1c1c;font-size: 16px;font-weight: var( --e-global-typography-text-font-weight )\">os cursos de gradua\u00e7\u00e3o e de p\u00f3s-gradua\u00e7\u00e3o a dist\u00e2ncia da UAB\/UFSM.&nbsp; &nbsp; &nbsp; &nbsp; &nbsp; &nbsp; &nbsp; &nbsp; &nbsp; &nbsp; &nbsp; &nbsp; &nbsp; &nbsp; &nbsp; &nbsp; &nbsp; &nbsp; &nbsp; &nbsp; &nbsp; &nbsp; &nbsp; &nbsp; &nbsp; &nbsp;<\/span><\/p>\n<p style=\"text-align: justify\"><span style=\"color: #1c1c1c;font-size: 16px\"><a href=\"https:\/\/www.ufsm.br\/pro-reitorias\/prograd\/cte\/acesso-a-modalidade-uab-ead\">Como realizar o primeiro acesso no curso EAD\/UAB?<\/a><\/span><span style=\"color: #1c1c1c;font-size: 16px;font-weight: var( --e-global-typography-text-font-weight )\"><br><\/span><\/p><\/div>\n\t\t\t\t<\/div>\n\t\t\t\t\t\t\t\t<\/div>\n\t\t\t\t<\/div>\n\t\t\t\t<\/div>\n\t\t\t\t\t<\/div>\n\t\t<\/div>\n\t\t\t\t\t<\/div>\n\t\t<\/section>\n\t\t\t\t<section class=\"elementor-section elementor-top-section elementor-element elementor-element-e987f16 elementor-section-boxed elementor-section-height-default elementor-section-height-default\" data-id=\"e987f16\" data-element_type=\"section\">\n\t\t\t\t\t\t<div class=\"elementor-container elementor-column-gap-default\">\n\t\t\t\t\t<div class=\"elementor-column elementor-col-100 elementor-top-column elementor-element elementor-element-49e9e39\" data-id=\"49e9e39\" data-element_type=\"column\">\n\t\t\t<div class=\"elementor-widget-wrap elementor-element-populated\">\n\t\t\t\t\t\t<div class=\"elementor-element elementor-element-0543db3 elementor-widget elementor-widget-button\" data-id=\"0543db3\" data-element_type=\"widget\" data-widget_type=\"button.default\">\n\t\t\t\t<div class=\"elementor-widget-container\">\n\t\t\t\t\t\t\t<div class=\"elementor-button-wrapper\">\n\t\t\t\t\t<a class=\"elementor-button elementor-button-link elementor-size-sm\" href=\"https:\/\/www.ufsm.br\/pro-reitorias\/prograd\/cte\/faq-suporte-moodle\">\n\t\t\t\t\t\t<span class=\"elementor-button-content-wrapper\">\n\t\t\t\t\t\t\t\t\t<span class=\"elementor-button-text\">Voltar<\/span>\n\t\t\t\t\t<\/span>\n\t\t\t\t\t<\/a>\n\t\t\t\t<\/div>\n\t\t\t\t\t\t<\/div>\n\t\t\t\t<\/div>\n\t\t\t\t\t<\/div>\n\t\t<\/div>\n\t\t\t\t\t<\/div>\n\t\t<\/section>\n\t\t\t\t<\/div>\n\t\t","protected":false},"excerpt":{"rendered":"<p>Instru\u00e7\u00f5es Importantes Ol\u00e1 acad\u00eamico! Primeiramente, gostar\u00edamos de parabeniz\u00e1-lo por fazer parte da fam\u00edlia UFSM.&nbsp; Para cada curso de gradua\u00e7\u00e3o ou p\u00f3s-gradua\u00e7\u00e3o voc\u00ea receber\u00e1 um n\u00famero de matr\u00edcula, que geralmente se inicia com o ano em que voc\u00ea ingressou no curso (ex.: 20230001).&nbsp; Voc\u00ea obrigatoriamente precisa acessar, pelo menos uma vez, o Portal Estudantil da UFSM [&hellip;]<\/p>\n","protected":false},"author":6976,"featured_media":0,"parent":0,"menu_order":0,"comment_status":"closed","ping_status":"closed","template":"","meta":{"episode_type":"","audio_file":"","cover_image":"","cover_image_id":"","duration":"","filesize":"","date_recorded":"","explicit":"","block":"","filesize_raw":"","footnotes":""},"categories":[],"tags":[],"class_list":["post-7082","page","type-page","status-publish","hentry"],"acf":[],"_links":{"self":[{"href":"https:\/\/www.ufsm.br\/pro-reitorias\/prograd\/cte\/wp-json\/wp\/v2\/pages\/7082","targetHints":{"allow":["GET"]}}],"collection":[{"href":"https:\/\/www.ufsm.br\/pro-reitorias\/prograd\/cte\/wp-json\/wp\/v2\/pages"}],"about":[{"href":"https:\/\/www.ufsm.br\/pro-reitorias\/prograd\/cte\/wp-json\/wp\/v2\/types\/page"}],"author":[{"embeddable":true,"href":"https:\/\/www.ufsm.br\/pro-reitorias\/prograd\/cte\/wp-json\/wp\/v2\/users\/6976"}],"replies":[{"embeddable":true,"href":"https:\/\/www.ufsm.br\/pro-reitorias\/prograd\/cte\/wp-json\/wp\/v2\/comments?post=7082"}],"version-history":[{"count":0,"href":"https:\/\/www.ufsm.br\/pro-reitorias\/prograd\/cte\/wp-json\/wp\/v2\/pages\/7082\/revisions"}],"wp:attachment":[{"href":"https:\/\/www.ufsm.br\/pro-reitorias\/prograd\/cte\/wp-json\/wp\/v2\/media?parent=7082"}],"wp:term":[{"taxonomy":"category","embeddable":true,"href":"https:\/\/www.ufsm.br\/pro-reitorias\/prograd\/cte\/wp-json\/wp\/v2\/categories?post=7082"},{"taxonomy":"post_tag","embeddable":true,"href":"https:\/\/www.ufsm.br\/pro-reitorias\/prograd\/cte\/wp-json\/wp\/v2\/tags?post=7082"}],"curies":[{"name":"wp","href":"https:\/\/api.w.org\/{rel}","templated":true}]}}