{"id":7094,"date":"2023-07-28T10:58:12","date_gmt":"2023-07-28T13:58:12","guid":{"rendered":"https:\/\/www.ufsm.br\/pro-reitorias\/prograd\/cte\/?page_id=7094"},"modified":"2023-08-28T13:52:59","modified_gmt":"2023-08-28T16:52:59","slug":"alterar-a-senha-no-portal-estudantil","status":"publish","type":"page","link":"https:\/\/www.ufsm.br\/pro-reitorias\/prograd\/cte\/alterar-a-senha-no-portal-estudantil","title":{"rendered":"Alterar a senha no Portal Estudantil"},"content":{"rendered":"\t\t<div data-elementor-type=\"wp-page\" data-elementor-id=\"7094\" class=\"elementor elementor-7094\">\n\t\t\t\t\t\t<section class=\"elementor-section elementor-top-section elementor-element elementor-element-71e98ba4 elementor-section-boxed elementor-section-height-default elementor-section-height-default\" data-id=\"71e98ba4\" data-element_type=\"section\">\n\t\t\t\t\t\t<div class=\"elementor-container elementor-column-gap-default\">\n\t\t\t\t\t<div class=\"elementor-column elementor-col-100 elementor-top-column elementor-element elementor-element-20b804bc\" data-id=\"20b804bc\" data-element_type=\"column\">\n\t\t\t<div class=\"elementor-widget-wrap elementor-element-populated\">\n\t\t\t\t\t\t<div class=\"elementor-element elementor-element-91cc67 elementor-widget elementor-widget-text-editor\" data-id=\"91cc67\" data-element_type=\"widget\" data-widget_type=\"text-editor.default\">\n\t\t\t\t<div class=\"elementor-widget-container\">\n\t\t\t\t\t\t\t<p><!-- wp:tadv\/classic-paragraph \/--><\/p>\n<p><!-- wp:tadv\/classic-paragraph --><\/p>\n<p>1 &#8211; Acesse o <a href=\"https:\/\/www.ufsm.br\" target=\"_blank\" rel=\"noopener\">site da UFSM<\/a>.<\/p>\n<p>2 &#8211; Clique em &#8220;Menu&#8221;.<\/p>\n<p><img fetchpriority=\"high\" decoding=\"async\" class=\"aligncenter wp-image-7116 size-large\" src=\"https:\/\/www.ufsm.br\/app\/uploads\/sites\/358\/2023\/08\/site_ufsm-1024x184.jpg\" alt=\"\" width=\"1024\" height=\"184\" srcset=\"https:\/\/www.ufsm.br\/app\/uploads\/sites\/358\/2023\/08\/site_ufsm-1024x184.jpg 1024w, https:\/\/www.ufsm.br\/app\/uploads\/sites\/358\/2023\/08\/site_ufsm-300x54.jpg 300w, https:\/\/www.ufsm.br\/app\/uploads\/sites\/358\/2023\/08\/site_ufsm-768x138.jpg 768w, https:\/\/www.ufsm.br\/app\/uploads\/sites\/358\/2023\/08\/site_ufsm.jpg 1419w\" sizes=\"(max-width: 1024px) 100vw, 1024px\" \/><\/p>\n<p>3 &#8211; Em &#8220;Acesso r\u00e1pido&#8221;, clique em &#8220;Estudantes&#8221;.<\/p>\n<p><img decoding=\"async\" class=\"aligncenter wp-image-7117 size-large\" src=\"https:\/\/www.ufsm.br\/app\/uploads\/sites\/358\/2023\/08\/site_ufsm_menu-1024x241.jpg\" alt=\"\" width=\"1024\" height=\"241\" srcset=\"https:\/\/www.ufsm.br\/app\/uploads\/sites\/358\/2023\/08\/site_ufsm_menu-1024x241.jpg 1024w, https:\/\/www.ufsm.br\/app\/uploads\/sites\/358\/2023\/08\/site_ufsm_menu-300x71.jpg 300w, https:\/\/www.ufsm.br\/app\/uploads\/sites\/358\/2023\/08\/site_ufsm_menu-768x181.jpg 768w, https:\/\/www.ufsm.br\/app\/uploads\/sites\/358\/2023\/08\/site_ufsm_menu.jpg 1422w\" sizes=\"(max-width: 1024px) 100vw, 1024px\" \/><\/p>\n<p>4 &#8211; Informe no campo <strong>usu\u00e1rio<\/strong> o seu <strong>n\u00ba de matr\u00edcula<\/strong>, que voc\u00ea recebeu via e-mail, no momento do seu ingresso no curso da UFSM. A matr\u00edcula geralmente come\u00e7a com o ano de ingresso, exemplo <strong>2023<\/strong>00001.<\/p>\n<p>A senha inicial para um novo usu\u00e1rio \u00e9 a sua data de nascimento no formato <strong>DDMMAAAA. <\/strong>(exemplo: 01042004)<\/p>\n<p><img decoding=\"async\" class=\"aligncenter wp-image-7092 size-large\" src=\"https:\/\/www.ufsm.br\/app\/uploads\/sites\/358\/2023\/07\/portal_estudantil_login-1024x342.jpg\" alt=\"\" width=\"1024\" height=\"342\" srcset=\"https:\/\/www.ufsm.br\/app\/uploads\/sites\/358\/2023\/07\/portal_estudantil_login-1024x342.jpg 1024w, https:\/\/www.ufsm.br\/app\/uploads\/sites\/358\/2023\/07\/portal_estudantil_login-300x100.jpg 300w, https:\/\/www.ufsm.br\/app\/uploads\/sites\/358\/2023\/07\/portal_estudantil_login-768x256.jpg 768w, https:\/\/www.ufsm.br\/app\/uploads\/sites\/358\/2023\/07\/portal_estudantil_login.jpg 1429w\" sizes=\"(max-width: 1024px) 100vw, 1024px\" \/><\/p>\n<p>5 &#8211; Verifique seu nome a direita superior da tela.<\/p>\n<p><img loading=\"lazy\" decoding=\"async\" class=\"aligncenter wp-image-7095 size-large\" src=\"https:\/\/www.ufsm.br\/app\/uploads\/sites\/358\/2023\/07\/portal_estudantil_user-1-1024x28.jpg\" alt=\"\" width=\"1024\" height=\"28\" srcset=\"https:\/\/www.ufsm.br\/app\/uploads\/sites\/358\/2023\/07\/portal_estudantil_user-1-1024x28.jpg 1024w, https:\/\/www.ufsm.br\/app\/uploads\/sites\/358\/2023\/07\/portal_estudantil_user-1-300x8.jpg 300w, https:\/\/www.ufsm.br\/app\/uploads\/sites\/358\/2023\/07\/portal_estudantil_user-1-768x21.jpg 768w, https:\/\/www.ufsm.br\/app\/uploads\/sites\/358\/2023\/07\/portal_estudantil_user-1.jpg 1435w\" sizes=\"(max-width: 1024px) 100vw, 1024px\" \/><\/p>\n<p>6 &#8211; Clique na setinha ao lado do seu nome e ap\u00f3s em &#8220;Alterar senha&#8221;.<\/p>\n<p><img loading=\"lazy\" decoding=\"async\" class=\"size-full wp-image-7096 aligncenter\" src=\"https:\/\/www.ufsm.br\/app\/uploads\/sites\/358\/2023\/07\/portal_estudantil_change_pwd.jpg\" alt=\"\" width=\"186\" height=\"170\" \/><\/p>\n<p>7 &#8211; Informe seu usu\u00e1rio e senha novamente.<\/p>\n<p><img loading=\"lazy\" decoding=\"async\" class=\"aligncenter wp-image-7098 size-large\" src=\"https:\/\/www.ufsm.br\/app\/uploads\/sites\/358\/2023\/07\/portal_login_change_pwd-1024x348.jpg\" alt=\"\" width=\"1024\" height=\"348\" srcset=\"https:\/\/www.ufsm.br\/app\/uploads\/sites\/358\/2023\/07\/portal_login_change_pwd-1024x348.jpg 1024w, https:\/\/www.ufsm.br\/app\/uploads\/sites\/358\/2023\/07\/portal_login_change_pwd-300x102.jpg 300w, https:\/\/www.ufsm.br\/app\/uploads\/sites\/358\/2023\/07\/portal_login_change_pwd-768x261.jpg 768w, https:\/\/www.ufsm.br\/app\/uploads\/sites\/358\/2023\/07\/portal_login_change_pwd.jpg 1444w\" sizes=\"(max-width: 1024px) 100vw, 1024px\" \/><\/p>\n<p>8 &#8211; Insira sua senha atual e ap\u00f3s, a nova senha e repita novamente. Clique em &#8220;alterar&#8221;.<\/p>\n<p><img loading=\"lazy\" decoding=\"async\" class=\"aligncenter wp-image-7099 size-large\" src=\"https:\/\/www.ufsm.br\/app\/uploads\/sites\/358\/2023\/07\/change_pwd-1024x566.jpg\" alt=\"\" width=\"1024\" height=\"566\" srcset=\"https:\/\/www.ufsm.br\/app\/uploads\/sites\/358\/2023\/07\/change_pwd-1024x566.jpg 1024w, https:\/\/www.ufsm.br\/app\/uploads\/sites\/358\/2023\/07\/change_pwd-300x166.jpg 300w, https:\/\/www.ufsm.br\/app\/uploads\/sites\/358\/2023\/07\/change_pwd-768x424.jpg 768w, https:\/\/www.ufsm.br\/app\/uploads\/sites\/358\/2023\/07\/change_pwd.jpg 1253w\" sizes=\"(max-width: 1024px) 100vw, 1024px\" \/><\/p>\n<p>Pronto! Sua senha de acesso foi alterada.<\/p>\n<p><!-- \/wp:tadv\/classic-paragraph --><\/p>\t\t\t\t\t\t<\/div>\n\t\t\t\t<\/div>\n\t\t\t\t<div class=\"elementor-element elementor-element-7438605 elementor-align-left elementor-widget elementor-widget-button\" data-id=\"7438605\" data-element_type=\"widget\" data-widget_type=\"button.default\">\n\t\t\t\t<div class=\"elementor-widget-container\">\n\t\t\t\t\t\t\t<div class=\"elementor-button-wrapper\">\n\t\t\t\t\t<a class=\"elementor-button elementor-button-link elementor-size-sm\" href=\"https:\/\/www.ufsm.br\/pro-reitorias\/prograd\/cte\/primeiro-acesso\">\n\t\t\t\t\t\t<span class=\"elementor-button-content-wrapper\">\n\t\t\t\t\t\t\t\t\t<span class=\"elementor-button-text\">Voltar<\/span>\n\t\t\t\t\t<\/span>\n\t\t\t\t\t<\/a>\n\t\t\t\t<\/div>\n\t\t\t\t\t\t<\/div>\n\t\t\t\t<\/div>\n\t\t\t\t\t<\/div>\n\t\t<\/div>\n\t\t\t\t\t<\/div>\n\t\t<\/section>\n\t\t\t\t<\/div>\n\t\t","protected":false},"excerpt":{"rendered":"<p>1 &#8211; Acesse o site da UFSM. 2 &#8211; Clique em &#8220;Menu&#8221;. 3 &#8211; Em &#8220;Acesso r\u00e1pido&#8221;, clique em &#8220;Estudantes&#8221;. 4 &#8211; Informe no campo usu\u00e1rio o seu n\u00ba de matr\u00edcula, que voc\u00ea recebeu via e-mail, no momento do seu ingresso no curso da UFSM. A matr\u00edcula geralmente come\u00e7a com o ano de ingresso, exemplo [&hellip;]<\/p>\n","protected":false},"author":6976,"featured_media":0,"parent":0,"menu_order":0,"comment_status":"closed","ping_status":"closed","template":"","meta":{"episode_type":"","audio_file":"","cover_image":"","cover_image_id":"","duration":"","filesize":"","date_recorded":"","explicit":"","block":"","filesize_raw":"","footnotes":""},"categories":[],"tags":[],"class_list":["post-7094","page","type-page","status-publish","hentry"],"acf":[],"_links":{"self":[{"href":"https:\/\/www.ufsm.br\/pro-reitorias\/prograd\/cte\/wp-json\/wp\/v2\/pages\/7094","targetHints":{"allow":["GET"]}}],"collection":[{"href":"https:\/\/www.ufsm.br\/pro-reitorias\/prograd\/cte\/wp-json\/wp\/v2\/pages"}],"about":[{"href":"https:\/\/www.ufsm.br\/pro-reitorias\/prograd\/cte\/wp-json\/wp\/v2\/types\/page"}],"author":[{"embeddable":true,"href":"https:\/\/www.ufsm.br\/pro-reitorias\/prograd\/cte\/wp-json\/wp\/v2\/users\/6976"}],"replies":[{"embeddable":true,"href":"https:\/\/www.ufsm.br\/pro-reitorias\/prograd\/cte\/wp-json\/wp\/v2\/comments?post=7094"}],"version-history":[{"count":0,"href":"https:\/\/www.ufsm.br\/pro-reitorias\/prograd\/cte\/wp-json\/wp\/v2\/pages\/7094\/revisions"}],"wp:attachment":[{"href":"https:\/\/www.ufsm.br\/pro-reitorias\/prograd\/cte\/wp-json\/wp\/v2\/media?parent=7094"}],"wp:term":[{"taxonomy":"category","embeddable":true,"href":"https:\/\/www.ufsm.br\/pro-reitorias\/prograd\/cte\/wp-json\/wp\/v2\/categories?post=7094"},{"taxonomy":"post_tag","embeddable":true,"href":"https:\/\/www.ufsm.br\/pro-reitorias\/prograd\/cte\/wp-json\/wp\/v2\/tags?post=7094"}],"curies":[{"name":"wp","href":"https:\/\/api.w.org\/{rel}","templated":true}]}}