{"id":7124,"date":"2023-08-02T14:32:22","date_gmt":"2023-08-02T17:32:22","guid":{"rendered":"https:\/\/www.ufsm.br\/pro-reitorias\/prograd\/cte\/?page_id=7124"},"modified":"2023-08-04T13:51:08","modified_gmt":"2023-08-04T16:51:08","slug":"contatar-coordenacao","status":"publish","type":"page","link":"https:\/\/www.ufsm.br\/pro-reitorias\/prograd\/cte\/contatar-coordenacao","title":{"rendered":"Contatar Coordena\u00e7\u00e3o"},"content":{"rendered":"\t\t<div data-elementor-type=\"wp-page\" data-elementor-id=\"7124\" class=\"elementor elementor-7124\">\n\t\t\t\t\t\t<section class=\"elementor-section elementor-top-section elementor-element elementor-element-2cc39303 elementor-section-boxed elementor-section-height-default elementor-section-height-default\" data-id=\"2cc39303\" data-element_type=\"section\">\n\t\t\t\t\t\t<div class=\"elementor-container elementor-column-gap-default\">\n\t\t\t\t\t<div class=\"elementor-column elementor-col-100 elementor-top-column elementor-element elementor-element-34a3a4e4\" data-id=\"34a3a4e4\" data-element_type=\"column\">\n\t\t\t<div class=\"elementor-widget-wrap elementor-element-populated\">\n\t\t\t\t\t\t<div class=\"elementor-element elementor-element-5bbb137b elementor-widget elementor-widget-text-editor\" data-id=\"5bbb137b\" data-element_type=\"widget\" data-widget_type=\"text-editor.default\">\n\t\t\t\t<div class=\"elementor-widget-container\">\n\t\t\t\t\t\t\t<!-- wp:tadv\/classic-paragraph -->\n<p>1 &#8211; Acesse o site da <a href=\"https:\/\/www.ufsm.br\/cte\"><strong>Coordenadoria de Tecnologia Educacional<\/strong><\/a> e localize o item &#8220;Cursos EaD&#8221;<\/p>\n<p><img fetchpriority=\"high\" decoding=\"async\" class=\"aligncenter wp-image-7125 size-large\" src=\"https:\/\/www.ufsm.br\/app\/uploads\/sites\/358\/2023\/08\/cursos_uab-1024x295.jpg\" alt=\"\" width=\"1024\" height=\"295\" srcset=\"https:\/\/www.ufsm.br\/app\/uploads\/sites\/358\/2023\/08\/cursos_uab-1024x295.jpg 1024w, https:\/\/www.ufsm.br\/app\/uploads\/sites\/358\/2023\/08\/cursos_uab-300x86.jpg 300w, https:\/\/www.ufsm.br\/app\/uploads\/sites\/358\/2023\/08\/cursos_uab-768x221.jpg 768w, https:\/\/www.ufsm.br\/app\/uploads\/sites\/358\/2023\/08\/cursos_uab.jpg 1187w\" sizes=\"(max-width: 1024px) 100vw, 1024px\" \/><\/p>\n<p>2 &#8211; Localize e clique em seu curso de Gradua\u00e7\u00e3o ou P\u00f3s-Gradua\u00e7\u00e3o.<\/p>\n<p><img decoding=\"async\" class=\"aligncenter wp-image-7126 size-large\" src=\"https:\/\/www.ufsm.br\/app\/uploads\/sites\/358\/2023\/08\/cursos-1024x443.jpg\" alt=\"\" width=\"1024\" height=\"443\" srcset=\"https:\/\/www.ufsm.br\/app\/uploads\/sites\/358\/2023\/08\/cursos-1024x443.jpg 1024w, https:\/\/www.ufsm.br\/app\/uploads\/sites\/358\/2023\/08\/cursos-300x130.jpg 300w, https:\/\/www.ufsm.br\/app\/uploads\/sites\/358\/2023\/08\/cursos-768x332.jpg 768w, https:\/\/www.ufsm.br\/app\/uploads\/sites\/358\/2023\/08\/cursos.jpg 1188w\" sizes=\"(max-width: 1024px) 100vw, 1024px\" \/><\/p>\n<p>3 &#8211; Clique em &#8220;Contato&#8221;.<\/p>\n<p><img decoding=\"async\" class=\"aligncenter wp-image-7127 size-large\" src=\"https:\/\/www.ufsm.br\/app\/uploads\/sites\/358\/2023\/08\/site_generico_cursos-1024x136.jpg\" alt=\"\" width=\"1024\" height=\"136\" srcset=\"https:\/\/www.ufsm.br\/app\/uploads\/sites\/358\/2023\/08\/site_generico_cursos-1024x136.jpg 1024w, https:\/\/www.ufsm.br\/app\/uploads\/sites\/358\/2023\/08\/site_generico_cursos-300x40.jpg 300w, https:\/\/www.ufsm.br\/app\/uploads\/sites\/358\/2023\/08\/site_generico_cursos-768x102.jpg 768w, https:\/\/www.ufsm.br\/app\/uploads\/sites\/358\/2023\/08\/site_generico_cursos-1536x205.jpg 1536w, https:\/\/www.ufsm.br\/app\/uploads\/sites\/358\/2023\/08\/site_generico_cursos.jpg 1853w\" sizes=\"(max-width: 1024px) 100vw, 1024px\" \/><\/p>\n<p>4 &#8211; Pronto! Ser\u00e3o exibidas as formas poss\u00edveis de contato como e-mail, telefone ou outras, dependendo do polo de apoio.<\/p>\n<!-- \/wp:tadv\/classic-paragraph -->\t\t\t\t\t\t<\/div>\n\t\t\t\t<\/div>\n\t\t\t\t\t<\/div>\n\t\t<\/div>\n\t\t\t\t\t<\/div>\n\t\t<\/section>\n\t\t\t\t<section class=\"elementor-section elementor-top-section elementor-element elementor-element-78e2e7f elementor-section-boxed elementor-section-height-default elementor-section-height-default\" data-id=\"78e2e7f\" data-element_type=\"section\">\n\t\t\t\t\t\t<div class=\"elementor-container elementor-column-gap-default\">\n\t\t\t\t\t<div class=\"elementor-column elementor-col-100 elementor-top-column elementor-element elementor-element-05a761c\" data-id=\"05a761c\" data-element_type=\"column\">\n\t\t\t<div class=\"elementor-widget-wrap elementor-element-populated\">\n\t\t\t\t\t\t<div class=\"elementor-element elementor-element-ad11b1e elementor-widget elementor-widget-button\" data-id=\"ad11b1e\" data-element_type=\"widget\" data-widget_type=\"button.default\">\n\t\t\t\t<div class=\"elementor-widget-container\">\n\t\t\t\t\t\t\t<div class=\"elementor-button-wrapper\">\n\t\t\t\t\t<a class=\"elementor-button elementor-button-link elementor-size-sm\" href=\"https:\/\/www.ufsm.br\/pro-reitorias\/prograd\/cte\/faq-suporte-moodle\">\n\t\t\t\t\t\t<span class=\"elementor-button-content-wrapper\">\n\t\t\t\t\t\t\t\t\t<span class=\"elementor-button-text\">Voltar<\/span>\n\t\t\t\t\t<\/span>\n\t\t\t\t\t<\/a>\n\t\t\t\t<\/div>\n\t\t\t\t\t\t<\/div>\n\t\t\t\t<\/div>\n\t\t\t\t\t<\/div>\n\t\t<\/div>\n\t\t\t\t\t<\/div>\n\t\t<\/section>\n\t\t\t\t<\/div>\n\t\t","protected":false},"excerpt":{"rendered":"<p>1 &#8211; Acesse o site da Coordenadoria de Tecnologia Educacional e localize o item &#8220;Cursos EaD&#8221; 2 &#8211; Localize e clique em seu curso de Gradua\u00e7\u00e3o ou P\u00f3s-Gradua\u00e7\u00e3o. 3 &#8211; Clique em &#8220;Contato&#8221;. 4 &#8211; Pronto! Ser\u00e3o exibidas as formas poss\u00edveis de contato como e-mail, telefone ou outras, dependendo do polo de apoio. Voltar<\/p>\n","protected":false},"author":6976,"featured_media":0,"parent":0,"menu_order":0,"comment_status":"closed","ping_status":"closed","template":"","meta":{"episode_type":"","audio_file":"","cover_image":"","cover_image_id":"","duration":"","filesize":"","date_recorded":"","explicit":"","block":"","filesize_raw":"","footnotes":""},"categories":[],"tags":[],"class_list":["post-7124","page","type-page","status-publish","hentry"],"acf":[],"_links":{"self":[{"href":"https:\/\/www.ufsm.br\/pro-reitorias\/prograd\/cte\/wp-json\/wp\/v2\/pages\/7124","targetHints":{"allow":["GET"]}}],"collection":[{"href":"https:\/\/www.ufsm.br\/pro-reitorias\/prograd\/cte\/wp-json\/wp\/v2\/pages"}],"about":[{"href":"https:\/\/www.ufsm.br\/pro-reitorias\/prograd\/cte\/wp-json\/wp\/v2\/types\/page"}],"author":[{"embeddable":true,"href":"https:\/\/www.ufsm.br\/pro-reitorias\/prograd\/cte\/wp-json\/wp\/v2\/users\/6976"}],"replies":[{"embeddable":true,"href":"https:\/\/www.ufsm.br\/pro-reitorias\/prograd\/cte\/wp-json\/wp\/v2\/comments?post=7124"}],"version-history":[{"count":0,"href":"https:\/\/www.ufsm.br\/pro-reitorias\/prograd\/cte\/wp-json\/wp\/v2\/pages\/7124\/revisions"}],"wp:attachment":[{"href":"https:\/\/www.ufsm.br\/pro-reitorias\/prograd\/cte\/wp-json\/wp\/v2\/media?parent=7124"}],"wp:term":[{"taxonomy":"category","embeddable":true,"href":"https:\/\/www.ufsm.br\/pro-reitorias\/prograd\/cte\/wp-json\/wp\/v2\/categories?post=7124"},{"taxonomy":"post_tag","embeddable":true,"href":"https:\/\/www.ufsm.br\/pro-reitorias\/prograd\/cte\/wp-json\/wp\/v2\/tags?post=7124"}],"curies":[{"name":"wp","href":"https:\/\/api.w.org\/{rel}","templated":true}]}}