{"id":7195,"date":"2023-08-29T10:55:44","date_gmt":"2023-08-29T13:55:44","guid":{"rendered":"https:\/\/www.ufsm.br\/pro-reitorias\/prograd\/cte\/?page_id=7195"},"modified":"2024-03-11T16:16:19","modified_gmt":"2024-03-11T19:16:19","slug":"backup-de-conteudo","status":"publish","type":"page","link":"https:\/\/www.ufsm.br\/pro-reitorias\/prograd\/cte\/backup-de-conteudo","title":{"rendered":"Criar backup de disciplina"},"content":{"rendered":"\t\t<div data-elementor-type=\"wp-page\" data-elementor-id=\"7195\" class=\"elementor elementor-7195\">\n\t\t\t\t\t\t<section class=\"elementor-section elementor-top-section elementor-element elementor-element-3d10a749 elementor-section-boxed elementor-section-height-default elementor-section-height-default\" data-id=\"3d10a749\" data-element_type=\"section\">\n\t\t\t\t\t\t<div class=\"elementor-container elementor-column-gap-default\">\n\t\t\t\t\t<div class=\"elementor-column elementor-col-100 elementor-top-column elementor-element elementor-element-38350d00\" data-id=\"38350d00\" data-element_type=\"column\">\n\t\t\t<div class=\"elementor-widget-wrap elementor-element-populated\">\n\t\t\t\t\t\t<div class=\"elementor-element elementor-element-1adaffd5 elementor-widget elementor-widget-text-editor\" data-id=\"1adaffd5\" data-element_type=\"widget\" data-widget_type=\"text-editor.default\">\n\t\t\t\t<div class=\"elementor-widget-container\">\n\t\t\t\t\t\t\t<p>Para criar o backup de uma disciplina no Moodle, voc\u00ea pode seguir estes passos:<\/p>\n<p><span style=\"color: #000000;font-size: 1rem;font-weight: var( --e-global-typography-text-font-weight );text-align: var(--bs-body-text-align)\">1. Acesse sua conta no Moodle e v\u00e1 para a p\u00e1gina da disciplina. Clique no \u00edcone da engrenagem, a direita, para visualizar op\u00e7\u00f5es&nbsp;<\/span><\/p>\n<p><img fetchpriority=\"high\" decoding=\"async\" class=\"aligncenter wp-image-7628 size-large\" src=\"https:\/\/www.ufsm.br\/app\/uploads\/sites\/358\/2024\/03\/1-2-1024x101.png\" alt=\"\" width=\"1024\" height=\"101\" srcset=\"https:\/\/www.ufsm.br\/app\/uploads\/sites\/358\/2024\/03\/1-2-1024x101.png 1024w, https:\/\/www.ufsm.br\/app\/uploads\/sites\/358\/2024\/03\/1-2-300x29.png 300w, https:\/\/www.ufsm.br\/app\/uploads\/sites\/358\/2024\/03\/1-2-768x75.png 768w, https:\/\/www.ufsm.br\/app\/uploads\/sites\/358\/2024\/03\/1-2-1536x151.png 1536w, https:\/\/www.ufsm.br\/app\/uploads\/sites\/358\/2024\/03\/1-2.png 1578w\" sizes=\"(max-width: 1024px) 100vw, 1024px\" \/><\/p>\n<p>2. No menu de de op\u00e7\u00f5es clique em &#8220;Backup&#8221;.<\/p>\n<p><img decoding=\"async\" class=\"aligncenter wp-image-7629 size-medium\" src=\"https:\/\/www.ufsm.br\/app\/uploads\/sites\/358\/2024\/03\/2-2-266x300.png\" alt=\"\" width=\"266\" height=\"300\" srcset=\"https:\/\/www.ufsm.br\/app\/uploads\/sites\/358\/2024\/03\/2-2-266x300.png 266w, https:\/\/www.ufsm.br\/app\/uploads\/sites\/358\/2024\/03\/2-2.png 313w\" sizes=\"(max-width: 266px) 100vw, 266px\" \/><\/p>\n<p>3. Selecione as op\u00e7\u00e3o nas configura\u00e7\u00f5es que deseja manter no backup. Em nosso exemplo, todas foram mantidas. Clique em pr\u00f3ximo.<\/p>\n<p><img decoding=\"async\" class=\"aligncenter wp-image-7630 size-large\" src=\"https:\/\/www.ufsm.br\/app\/uploads\/sites\/358\/2024\/03\/3-2-793x1024.png\" alt=\"\" width=\"793\" height=\"1024\" srcset=\"https:\/\/www.ufsm.br\/app\/uploads\/sites\/358\/2024\/03\/3-2-793x1024.png 793w, https:\/\/www.ufsm.br\/app\/uploads\/sites\/358\/2024\/03\/3-2-232x300.png 232w, https:\/\/www.ufsm.br\/app\/uploads\/sites\/358\/2024\/03\/3-2-768x992.png 768w, https:\/\/www.ufsm.br\/app\/uploads\/sites\/358\/2024\/03\/3-2.png 843w\" sizes=\"(max-width: 793px) 100vw, 793px\" \/><\/p>\n<p>4. Agora voc\u00ea poder\u00e1 escolher quais itens deseja incluir no backup, como atividades, recursos, dados de usu\u00e1rios, entre outros. Selecione as op\u00e7\u00f5es de acordo com suas necessidades. Novamente, em nosso exemplo, mantivemos todas as op\u00e7\u00f5es marcadas. Estando as op\u00e7\u00f5es de sua escolha devidamente selecionadas, clique em pr\u00f3ximo.<\/p>\n<p><img loading=\"lazy\" decoding=\"async\" class=\"aligncenter wp-image-7631 size-full\" src=\"https:\/\/www.ufsm.br\/app\/uploads\/sites\/358\/2024\/03\/4-2.png\" alt=\"\" width=\"852\" height=\"773\" srcset=\"https:\/\/www.ufsm.br\/app\/uploads\/sites\/358\/2024\/03\/4-2.png 852w, https:\/\/www.ufsm.br\/app\/uploads\/sites\/358\/2024\/03\/4-2-300x272.png 300w, https:\/\/www.ufsm.br\/app\/uploads\/sites\/358\/2024\/03\/4-2-768x697.png 768w\" sizes=\"(max-width: 852px) 100vw, 852px\" \/><\/p>\n<p>5. Na aba que segue, informe o um nome para o arquivo que ser\u00e1 gerado e verifique se todas as informa\u00e7\u00f5es selecionadas anteriormente segue de acordo com a sua necessidade. Se tudo estiver correto, clique em &#8220;Executar o backup&#8221;.<\/p>\n<p style=\"text-align: center\"><strong>OBS.: O nome deve conter, obrigatoriamente, a extens\u00e3o &#8220;.mbz&#8221; no final.<\/strong><\/p>\n<p><img loading=\"lazy\" decoding=\"async\" class=\"aligncenter wp-image-7632 size-large\" src=\"https:\/\/www.ufsm.br\/app\/uploads\/sites\/358\/2024\/03\/5-2-557x1024.png\" alt=\"\" width=\"557\" height=\"1024\" srcset=\"https:\/\/www.ufsm.br\/app\/uploads\/sites\/358\/2024\/03\/5-2-557x1024.png 557w, https:\/\/www.ufsm.br\/app\/uploads\/sites\/358\/2024\/03\/5-2-163x300.png 163w, https:\/\/www.ufsm.br\/app\/uploads\/sites\/358\/2024\/03\/5-2-768x1412.png 768w, https:\/\/www.ufsm.br\/app\/uploads\/sites\/358\/2024\/03\/5-2-836x1536.png 836w, https:\/\/www.ufsm.br\/app\/uploads\/sites\/358\/2024\/03\/5-2.png 1038w\" sizes=\"(max-width: 557px) 100vw, 557px\" \/><\/p>\n<p>6. Aguarde enquanto o Moodle gera o backup do curso. O tempo necess\u00e1rio para a conclus\u00e3o do processo depender\u00e1 do tamanho do curso e da quantidade de conte\u00fado a ser inclu\u00edda no backup.<\/p>\n<p><img loading=\"lazy\" decoding=\"async\" class=\"aligncenter wp-image-7633 size-full\" src=\"https:\/\/www.ufsm.br\/app\/uploads\/sites\/358\/2024\/03\/6-2.png\" alt=\"\" width=\"534\" height=\"144\" srcset=\"https:\/\/www.ufsm.br\/app\/uploads\/sites\/358\/2024\/03\/6-2.png 534w, https:\/\/www.ufsm.br\/app\/uploads\/sites\/358\/2024\/03\/6-2-300x81.png 300w\" sizes=\"(max-width: 534px) 100vw, 534px\" \/><\/p>\n<p>7. Uma vez conclu\u00eddo, voc\u00ea ser\u00e1 notificado de que o backup foi gerado com sucesso.<\/p>\n<p><img loading=\"lazy\" decoding=\"async\" class=\"aligncenter wp-image-7634 size-large\" src=\"https:\/\/www.ufsm.br\/app\/uploads\/sites\/358\/2024\/03\/7-2-1024x119.png\" alt=\"\" width=\"1024\" height=\"119\" srcset=\"https:\/\/www.ufsm.br\/app\/uploads\/sites\/358\/2024\/03\/7-2-1024x119.png 1024w, https:\/\/www.ufsm.br\/app\/uploads\/sites\/358\/2024\/03\/7-2-300x35.png 300w, https:\/\/www.ufsm.br\/app\/uploads\/sites\/358\/2024\/03\/7-2-768x89.png 768w, https:\/\/www.ufsm.br\/app\/uploads\/sites\/358\/2024\/03\/7-2-1536x178.png 1536w, https:\/\/www.ufsm.br\/app\/uploads\/sites\/358\/2024\/03\/7-2.png 1546w\" sizes=\"(max-width: 1024px) 100vw, 1024px\" \/><\/p>\n<p>8. Voc\u00ea pode baixar o arquivo de backup para o seu computador clicando em download.<\/p>\n<p><img loading=\"lazy\" decoding=\"async\" class=\"aligncenter wp-image-7627 size-large\" src=\"https:\/\/www.ufsm.br\/app\/uploads\/sites\/358\/2024\/03\/8-2-1024x538.png\" alt=\"\" width=\"1024\" height=\"538\" srcset=\"https:\/\/www.ufsm.br\/app\/uploads\/sites\/358\/2024\/03\/8-2-1024x538.png 1024w, https:\/\/www.ufsm.br\/app\/uploads\/sites\/358\/2024\/03\/8-2-300x158.png 300w, https:\/\/www.ufsm.br\/app\/uploads\/sites\/358\/2024\/03\/8-2-768x403.png 768w, https:\/\/www.ufsm.br\/app\/uploads\/sites\/358\/2024\/03\/8-2-1536x807.png 1536w, https:\/\/www.ufsm.br\/app\/uploads\/sites\/358\/2024\/03\/8-2.png 1565w\" sizes=\"(max-width: 1024px) 100vw, 1024px\" \/><\/p>\n<p>Seguindo esses passos, voc\u00ea poder\u00e1 gerar backups de suas disciplinas no Moodle, garantindo a seguran\u00e7a e a integridade dos dados.<\/p>\n<p><\/p>\n<p>Boas aulas!<\/p>\t\t\t\t\t\t<\/div>\n\t\t\t\t<\/div>\n\t\t\t\t<div class=\"elementor-element elementor-element-4600eec elementor-widget elementor-widget-button\" data-id=\"4600eec\" data-element_type=\"widget\" data-widget_type=\"button.default\">\n\t\t\t\t<div class=\"elementor-widget-container\">\n\t\t\t\t\t\t\t<div class=\"elementor-button-wrapper\">\n\t\t\t\t\t<a class=\"elementor-button elementor-button-link elementor-size-sm\" href=\"https:\/\/www.ufsm.br\/pro-reitorias\/prograd\/cte\/faq-suporte-moodle\">\n\t\t\t\t\t\t<span class=\"elementor-button-content-wrapper\">\n\t\t\t\t\t\t\t\t\t<span class=\"elementor-button-text\">Voltar<\/span>\n\t\t\t\t\t<\/span>\n\t\t\t\t\t<\/a>\n\t\t\t\t<\/div>\n\t\t\t\t\t\t<\/div>\n\t\t\t\t<\/div>\n\t\t\t\t\t<\/div>\n\t\t<\/div>\n\t\t\t\t\t<\/div>\n\t\t<\/section>\n\t\t\t\t<\/div>\n\t\t","protected":false},"excerpt":{"rendered":"<p>Para criar o backup de uma disciplina no Moodle, voc\u00ea pode seguir estes passos: 1. Acesse sua conta no Moodle e v\u00e1 para a p\u00e1gina da disciplina. Clique no \u00edcone da engrenagem, a direita, para visualizar op\u00e7\u00f5es&nbsp; 2. No menu de de op\u00e7\u00f5es clique em &#8220;Backup&#8221;. 3. Selecione as op\u00e7\u00e3o nas configura\u00e7\u00f5es que deseja manter [&hellip;]<\/p>\n","protected":false},"author":6976,"featured_media":0,"parent":0,"menu_order":0,"comment_status":"closed","ping_status":"closed","template":"","meta":{"episode_type":"","audio_file":"","cover_image":"","cover_image_id":"","duration":"","filesize":"","date_recorded":"","explicit":"","block":"","filesize_raw":"","footnotes":""},"categories":[],"tags":[],"class_list":["post-7195","page","type-page","status-publish","hentry"],"acf":[],"_links":{"self":[{"href":"https:\/\/www.ufsm.br\/pro-reitorias\/prograd\/cte\/wp-json\/wp\/v2\/pages\/7195","targetHints":{"allow":["GET"]}}],"collection":[{"href":"https:\/\/www.ufsm.br\/pro-reitorias\/prograd\/cte\/wp-json\/wp\/v2\/pages"}],"about":[{"href":"https:\/\/www.ufsm.br\/pro-reitorias\/prograd\/cte\/wp-json\/wp\/v2\/types\/page"}],"author":[{"embeddable":true,"href":"https:\/\/www.ufsm.br\/pro-reitorias\/prograd\/cte\/wp-json\/wp\/v2\/users\/6976"}],"replies":[{"embeddable":true,"href":"https:\/\/www.ufsm.br\/pro-reitorias\/prograd\/cte\/wp-json\/wp\/v2\/comments?post=7195"}],"version-history":[{"count":0,"href":"https:\/\/www.ufsm.br\/pro-reitorias\/prograd\/cte\/wp-json\/wp\/v2\/pages\/7195\/revisions"}],"wp:attachment":[{"href":"https:\/\/www.ufsm.br\/pro-reitorias\/prograd\/cte\/wp-json\/wp\/v2\/media?parent=7195"}],"wp:term":[{"taxonomy":"category","embeddable":true,"href":"https:\/\/www.ufsm.br\/pro-reitorias\/prograd\/cte\/wp-json\/wp\/v2\/categories?post=7195"},{"taxonomy":"post_tag","embeddable":true,"href":"https:\/\/www.ufsm.br\/pro-reitorias\/prograd\/cte\/wp-json\/wp\/v2\/tags?post=7195"}],"curies":[{"name":"wp","href":"https:\/\/api.w.org\/{rel}","templated":true}]}}