{"id":7231,"date":"2023-09-06T08:23:34","date_gmt":"2023-09-06T11:23:34","guid":{"rendered":"https:\/\/www.ufsm.br\/pro-reitorias\/prograd\/cte\/?page_id=7231"},"modified":"2023-09-22T14:26:49","modified_gmt":"2023-09-22T17:26:49","slug":"importacao-de-disciplina","status":"publish","type":"page","link":"https:\/\/www.ufsm.br\/pro-reitorias\/prograd\/cte\/importacao-de-disciplina","title":{"rendered":"Importa\u00e7\u00e3o de disciplina"},"content":{"rendered":"\t\t<div data-elementor-type=\"wp-page\" data-elementor-id=\"7231\" class=\"elementor elementor-7231\">\n\t\t\t\t\t\t<section class=\"elementor-section elementor-top-section elementor-element elementor-element-55b0ed8b elementor-section-boxed elementor-section-height-default elementor-section-height-default\" data-id=\"55b0ed8b\" data-element_type=\"section\">\n\t\t\t\t\t\t<div class=\"elementor-container elementor-column-gap-default\">\n\t\t\t\t\t<div class=\"elementor-column elementor-col-100 elementor-top-column elementor-element elementor-element-75fe2a8a\" data-id=\"75fe2a8a\" data-element_type=\"column\">\n\t\t\t<div class=\"elementor-widget-wrap elementor-element-populated\">\n\t\t\t\t\t\t<div class=\"elementor-element elementor-element-29853fd0 elementor-widget elementor-widget-text-editor\" data-id=\"29853fd0\" data-element_type=\"widget\" data-widget_type=\"text-editor.default\">\n\t\t\t\t<div class=\"elementor-widget-container\">\n\t\t\t\t\t\t\t<p><!-- wp:tadv\/classic-paragraph --><\/p>\n<p>Os procedimentos a seguir, tem como finalidade, auxiliar o Coordenador\/Professor a realizar a importa\u00e7\u00e3o da(s) disciplina(s) no ambiente Moodle.<\/p>\n<p>Ap\u00f3s acessar, clique em &#8220;Acad\u00eamico&#8221;.<\/p>\n<p><img fetchpriority=\"high\" decoding=\"async\" src=\"https:\/\/www.ufsm.br\/app\/uploads\/sites\/358\/2023\/09\/principal-1-1024x514.jpg\" alt=\"\" width=\"1024\" height=\"514\"><\/p>\n<p><\/p>\n<p>Ent\u00e3o, clique no bot\u00e3o &#8220;IMPORTAR&#8221;.<\/p>\n<p><img decoding=\"async\" src=\"https:\/\/www.ufsm.br\/app\/uploads\/sites\/358\/2023\/09\/academico-2-1024x516.jpg\" alt=\"\" width=\"1024\" height=\"516\"><\/p>\n<p>Ser\u00e1 exibida a tela que ter\u00e1 a(s) disciplina(s) a ser(em) importada(s) no ambiente. Clique na que deseja importar.<\/p>\n<p><\/p>\n<p><img decoding=\"async\" src=\"https:\/\/www.ufsm.br\/app\/uploads\/sites\/358\/2023\/09\/disciplinas-1.jpg\" alt=\"\" width=\"718\" height=\"629\"><\/p>\n<p>Verifique as informa\u00e7\u00f5es e clique no bot\u00e3o &#8220;Adicionar&#8221;.<\/p>\n<p><\/p>\n<p><img loading=\"lazy\" decoding=\"async\" src=\"https:\/\/www.ufsm.br\/app\/uploads\/sites\/358\/2023\/09\/dados_disciplina-1.jpg\" alt=\"\" width=\"716\" height=\"632\"><\/p>\n<p>Ser\u00e1 exibida mensagem informando o status da importa\u00e7\u00e3o.<\/p>\n<p>OBS.: Caso a mensagem exibida n\u00e3o esteja de acordo com a imagem abaixo, entre em contato com a equipe de suporte ao moodle do CTE via <a href=\"https:\/\/servicos.cpd.ufsm.br\/otrs\/index.pl\">chamado<\/a> ou <a href=\"https:\/\/ead12.proj.ufsm.br\/lui-9um-4pq\">chat<\/a>.<\/p>\n<p><\/p>\n<p><img loading=\"lazy\" decoding=\"async\" src=\"https:\/\/www.ufsm.br\/app\/uploads\/sites\/358\/2023\/09\/status-1-1024x514.jpg\" alt=\"\" width=\"1024\" height=\"514\"><\/p>\n<p>Ap\u00f3s a realiza\u00e7\u00e3o da importa\u00e7\u00e3o, h\u00e1 um tempo para que o sistema seja sincronizado e assim, ter a disciplina disponibilizada.<\/p>\n<p><\/p>\n<p><img loading=\"lazy\" decoding=\"async\" src=\"https:\/\/www.ufsm.br\/app\/uploads\/sites\/358\/2023\/09\/aguardando-1-1024x514.jpg\" alt=\"\" width=\"1024\" height=\"514\"><\/p><p>Em alguns casos, v\u00e3o existir disciplinas com mais de um professor.&nbsp;<span style=\"font-size: 1rem;font-weight: var( --e-global-typography-text-font-weight );text-align: var(--bs-body-text-align)\">Portanto, vale ressaltar que h\u00e1 uma prioridade quanto a quem realiza a importa\u00e7\u00e3o.&nbsp;<\/span><span style=\"font-size: 1rem;font-weight: var( --e-global-typography-text-font-weight );text-align: var(--bs-body-text-align)\">Esta prioridade determina que&nbsp;<\/span><span style=\"font-size: 16px;font-weight: var( --e-global-typography-text-font-weight );text-align: var(--bs-body-text-align)\">realizar a importa\u00e7\u00e3o<\/span><span style=\"font-size: 1rem;font-weight: var( --e-global-typography-text-font-weight );text-align: var(--bs-body-text-align)\">, no caso de curso presencial o professor e no caso de curso a dist\u00e2ncia o coordenador, ser\u00e1 considerado o propriet\u00e1rio da disciplina.&nbsp;<\/span><span style=\"font-size: 1rem;font-weight: var( --e-global-typography-text-font-weight );text-align: var(--bs-body-text-align)\">Assim, este ser\u00e1 respons\u00e1vel por qualquer a\u00e7\u00e3o relacionada a disciplina dentro do menu &#8220;Acad\u00eamico&#8221;.<\/span><\/p>\n<p><!-- \/wp:tadv\/classic-paragraph --><\/p>\t\t\t\t\t\t<\/div>\n\t\t\t\t<\/div>\n\t\t\t\t\t<\/div>\n\t\t<\/div>\n\t\t\t\t\t<\/div>\n\t\t<\/section>\n\t\t\t\t<\/div>\n\t\t","protected":false},"excerpt":{"rendered":"<p>Os procedimentos a seguir, tem como finalidade, auxiliar o Coordenador\/Professor a realizar a importa\u00e7\u00e3o da(s) disciplina(s) no ambiente Moodle. Ap\u00f3s acessar, clique em &#8220;Acad\u00eamico&#8221;. Ent\u00e3o, clique no bot\u00e3o &#8220;IMPORTAR&#8221;. Ser\u00e1 exibida a tela que ter\u00e1 a(s) disciplina(s) a ser(em) importada(s) no ambiente. Clique na que deseja importar. Verifique as informa\u00e7\u00f5es e clique no bot\u00e3o &#8220;Adicionar&#8221;. [&hellip;]<\/p>\n","protected":false},"author":6976,"featured_media":0,"parent":0,"menu_order":0,"comment_status":"closed","ping_status":"closed","template":"","meta":{"episode_type":"","audio_file":"","cover_image":"","cover_image_id":"","duration":"","filesize":"","date_recorded":"","explicit":"","block":"","filesize_raw":"","footnotes":""},"categories":[],"tags":[],"class_list":["post-7231","page","type-page","status-publish","hentry"],"acf":[],"_links":{"self":[{"href":"https:\/\/www.ufsm.br\/pro-reitorias\/prograd\/cte\/wp-json\/wp\/v2\/pages\/7231","targetHints":{"allow":["GET"]}}],"collection":[{"href":"https:\/\/www.ufsm.br\/pro-reitorias\/prograd\/cte\/wp-json\/wp\/v2\/pages"}],"about":[{"href":"https:\/\/www.ufsm.br\/pro-reitorias\/prograd\/cte\/wp-json\/wp\/v2\/types\/page"}],"author":[{"embeddable":true,"href":"https:\/\/www.ufsm.br\/pro-reitorias\/prograd\/cte\/wp-json\/wp\/v2\/users\/6976"}],"replies":[{"embeddable":true,"href":"https:\/\/www.ufsm.br\/pro-reitorias\/prograd\/cte\/wp-json\/wp\/v2\/comments?post=7231"}],"version-history":[{"count":0,"href":"https:\/\/www.ufsm.br\/pro-reitorias\/prograd\/cte\/wp-json\/wp\/v2\/pages\/7231\/revisions"}],"wp:attachment":[{"href":"https:\/\/www.ufsm.br\/pro-reitorias\/prograd\/cte\/wp-json\/wp\/v2\/media?parent=7231"}],"wp:term":[{"taxonomy":"category","embeddable":true,"href":"https:\/\/www.ufsm.br\/pro-reitorias\/prograd\/cte\/wp-json\/wp\/v2\/categories?post=7231"},{"taxonomy":"post_tag","embeddable":true,"href":"https:\/\/www.ufsm.br\/pro-reitorias\/prograd\/cte\/wp-json\/wp\/v2\/tags?post=7231"}],"curies":[{"name":"wp","href":"https:\/\/api.w.org\/{rel}","templated":true}]}}