{"id":7272,"date":"2023-09-22T13:55:31","date_gmt":"2023-09-22T16:55:31","guid":{"rendered":"https:\/\/www.ufsm.br\/pro-reitorias\/prograd\/cte\/?page_id=7272"},"modified":"2023-09-26T11:32:14","modified_gmt":"2023-09-26T14:32:14","slug":"mesclar-turmas-em-uma-disciplina","status":"publish","type":"page","link":"https:\/\/www.ufsm.br\/pro-reitorias\/prograd\/cte\/mesclar-turmas-em-uma-disciplina","title":{"rendered":"Mesclar turmas em uma disciplina"},"content":{"rendered":"\t\t<div data-elementor-type=\"wp-page\" data-elementor-id=\"7272\" class=\"elementor elementor-7272\">\n\t\t\t\t\t\t<section class=\"elementor-section elementor-top-section elementor-element elementor-element-407f9273 elementor-section-boxed elementor-section-height-default elementor-section-height-default\" data-id=\"407f9273\" data-element_type=\"section\">\n\t\t\t\t\t\t<div class=\"elementor-container elementor-column-gap-default\">\n\t\t\t\t\t<div class=\"elementor-column elementor-col-100 elementor-top-column elementor-element elementor-element-712d45a5\" data-id=\"712d45a5\" data-element_type=\"column\">\n\t\t\t<div class=\"elementor-widget-wrap elementor-element-populated\">\n\t\t\t\t\t\t<div class=\"elementor-element elementor-element-5ce93139 elementor-widget elementor-widget-text-editor\" data-id=\"5ce93139\" data-element_type=\"widget\" data-widget_type=\"text-editor.default\">\n\t\t\t\t<div class=\"elementor-widget-container\">\n\t\t\t\t\t\t\t<p>Para realizar mesclar turmas no ambiente moodle \u00e9 necess\u00e1rio realizar algumas etapas. A primeira delas \u00e9 importar a disciplina, conforme o link abaixo.<\/p><p style=\"text-align: center\"><a href=\"https:\/\/www.ufsm.br\/pro-reitorias\/prograd\/cte\/importacao-de-disciplina\">Importa\u00e7\u00e3o de d<\/a><a href=\"https:\/\/www.ufsm.br\/pro-reitorias\/prograd\/cte\/importacao-de-disciplina\">isciplina(s)<\/a><\/p><p style=\"text-align: left\"><img fetchpriority=\"high\" decoding=\"async\" class=\"aligncenter wp-image-7280 size-large\" src=\"https:\/\/www.ufsm.br\/app\/uploads\/sites\/358\/2023\/09\/importacao-1-1024x516.jpg\" alt=\"\" width=\"1024\" height=\"516\" srcset=\"https:\/\/www.ufsm.br\/app\/uploads\/sites\/358\/2023\/09\/importacao-1-1024x516.jpg 1024w, https:\/\/www.ufsm.br\/app\/uploads\/sites\/358\/2023\/09\/importacao-1-300x151.jpg 300w, https:\/\/www.ufsm.br\/app\/uploads\/sites\/358\/2023\/09\/importacao-1-768x387.jpg 768w, https:\/\/www.ufsm.br\/app\/uploads\/sites\/358\/2023\/09\/importacao-1-1536x774.jpg 1536w, https:\/\/www.ufsm.br\/app\/uploads\/sites\/358\/2023\/09\/importacao-1.jpg 1887w\" sizes=\"(max-width: 1024px) 100vw, 1024px\" \/><\/p><p>Estando devidamente importada e sincronizada pelo sistema, ser\u00e1 poss\u00edvel realizar a mesclagem de turma(s).<\/p><p>Na listagem de disciplinas, identifique recentemente importada e clique na\u00a0engrenagem da direita.<\/p><p><img decoding=\"async\" class=\"aligncenter wp-image-7281 size-large\" src=\"https:\/\/www.ufsm.br\/app\/uploads\/sites\/358\/2023\/09\/engrenagem-1-1024x516.jpg\" alt=\"\" width=\"1024\" height=\"516\" srcset=\"https:\/\/www.ufsm.br\/app\/uploads\/sites\/358\/2023\/09\/engrenagem-1-1024x516.jpg 1024w, https:\/\/www.ufsm.br\/app\/uploads\/sites\/358\/2023\/09\/engrenagem-1-300x151.jpg 300w, https:\/\/www.ufsm.br\/app\/uploads\/sites\/358\/2023\/09\/engrenagem-1-768x387.jpg 768w, https:\/\/www.ufsm.br\/app\/uploads\/sites\/358\/2023\/09\/engrenagem-1-1536x774.jpg 1536w, https:\/\/www.ufsm.br\/app\/uploads\/sites\/358\/2023\/09\/engrenagem-1.jpg 1887w\" sizes=\"(max-width: 1024px) 100vw, 1024px\" \/><\/p><p>Ser\u00e3o exibidas op\u00e7\u00f5es de gest\u00e3o da disciplina. Dentre elas a op\u00e7\u00e3o mesclar dever\u00e1 ser selecionada.<\/p><p><img decoding=\"async\" class=\"aligncenter wp-image-7282 size-full\" style=\"text-align: center\" src=\"https:\/\/www.ufsm.br\/app\/uploads\/sites\/358\/2023\/09\/opcoes-1.jpg\" alt=\"\" width=\"246\" height=\"203\" \/><\/p><p>Agora \u00e9 necess\u00e1rio que seja selecionada a turma que deseja mesclar.<\/p><p><img loading=\"lazy\" decoding=\"async\" class=\"aligncenter wp-image-7283 size-full\" src=\"https:\/\/www.ufsm.br\/app\/uploads\/sites\/358\/2023\/09\/turma2-1.jpg\" alt=\"\" width=\"721\" height=\"635\" srcset=\"https:\/\/www.ufsm.br\/app\/uploads\/sites\/358\/2023\/09\/turma2-1.jpg 721w, https:\/\/www.ufsm.br\/app\/uploads\/sites\/358\/2023\/09\/turma2-1-300x264.jpg 300w\" sizes=\"(max-width: 721px) 100vw, 721px\" \/><\/p><p>Ap\u00f3s selecionar a turma, basta clicar em adicionar para que a mesclagem seja realizada.<\/p><p><img loading=\"lazy\" decoding=\"async\" class=\"aligncenter wp-image-7284 size-large\" src=\"https:\/\/www.ufsm.br\/app\/uploads\/sites\/358\/2023\/09\/adicionada-2-1024x516.jpg\" alt=\"\" width=\"1024\" height=\"516\" srcset=\"https:\/\/www.ufsm.br\/app\/uploads\/sites\/358\/2023\/09\/adicionada-2-1024x516.jpg 1024w, https:\/\/www.ufsm.br\/app\/uploads\/sites\/358\/2023\/09\/adicionada-2-300x151.jpg 300w, https:\/\/www.ufsm.br\/app\/uploads\/sites\/358\/2023\/09\/adicionada-2-768x387.jpg 768w, https:\/\/www.ufsm.br\/app\/uploads\/sites\/358\/2023\/09\/adicionada-2-1536x773.jpg 1536w, https:\/\/www.ufsm.br\/app\/uploads\/sites\/358\/2023\/09\/adicionada-2.jpg 1887w\" sizes=\"(max-width: 1024px) 100vw, 1024px\" \/><\/p><p>Pronto! Agora a disciplina possu\u00ed mais de uma turma.<\/p>\t\t\t\t\t\t<\/div>\n\t\t\t\t<\/div>\n\t\t\t\t\t<\/div>\n\t\t<\/div>\n\t\t\t\t\t<\/div>\n\t\t<\/section>\n\t\t\t\t<\/div>\n\t\t","protected":false},"excerpt":{"rendered":"<p>Para realizar mesclar turmas no ambiente moodle \u00e9 necess\u00e1rio realizar algumas etapas. A primeira delas \u00e9 importar a disciplina, conforme o link abaixo. Importa\u00e7\u00e3o de disciplina(s) Estando devidamente importada e sincronizada pelo sistema, ser\u00e1 poss\u00edvel realizar a mesclagem de turma(s). Na listagem de disciplinas, identifique recentemente importada e clique na\u00a0engrenagem da direita. Ser\u00e3o exibidas op\u00e7\u00f5es [&hellip;]<\/p>\n","protected":false},"author":6976,"featured_media":0,"parent":0,"menu_order":0,"comment_status":"closed","ping_status":"closed","template":"","meta":{"episode_type":"","audio_file":"","cover_image":"","cover_image_id":"","duration":"","filesize":"","date_recorded":"","explicit":"","block":"","filesize_raw":"","footnotes":""},"categories":[],"tags":[],"class_list":["post-7272","page","type-page","status-publish","hentry"],"acf":[],"_links":{"self":[{"href":"https:\/\/www.ufsm.br\/pro-reitorias\/prograd\/cte\/wp-json\/wp\/v2\/pages\/7272","targetHints":{"allow":["GET"]}}],"collection":[{"href":"https:\/\/www.ufsm.br\/pro-reitorias\/prograd\/cte\/wp-json\/wp\/v2\/pages"}],"about":[{"href":"https:\/\/www.ufsm.br\/pro-reitorias\/prograd\/cte\/wp-json\/wp\/v2\/types\/page"}],"author":[{"embeddable":true,"href":"https:\/\/www.ufsm.br\/pro-reitorias\/prograd\/cte\/wp-json\/wp\/v2\/users\/6976"}],"replies":[{"embeddable":true,"href":"https:\/\/www.ufsm.br\/pro-reitorias\/prograd\/cte\/wp-json\/wp\/v2\/comments?post=7272"}],"version-history":[{"count":0,"href":"https:\/\/www.ufsm.br\/pro-reitorias\/prograd\/cte\/wp-json\/wp\/v2\/pages\/7272\/revisions"}],"wp:attachment":[{"href":"https:\/\/www.ufsm.br\/pro-reitorias\/prograd\/cte\/wp-json\/wp\/v2\/media?parent=7272"}],"wp:term":[{"taxonomy":"category","embeddable":true,"href":"https:\/\/www.ufsm.br\/pro-reitorias\/prograd\/cte\/wp-json\/wp\/v2\/categories?post=7272"},{"taxonomy":"post_tag","embeddable":true,"href":"https:\/\/www.ufsm.br\/pro-reitorias\/prograd\/cte\/wp-json\/wp\/v2\/tags?post=7272"}],"curies":[{"name":"wp","href":"https:\/\/api.w.org\/{rel}","templated":true}]}}