{"id":7435,"date":"2023-11-16T10:21:49","date_gmt":"2023-11-16T13:21:49","guid":{"rendered":"https:\/\/www.ufsm.br\/pro-reitorias\/prograd\/cte\/?page_id=7435"},"modified":"2023-11-24T17:22:03","modified_gmt":"2023-11-24T20:22:03","slug":"integrar-atividade-em-categoria-de-notas","status":"publish","type":"page","link":"https:\/\/www.ufsm.br\/pro-reitorias\/prograd\/cte\/integrar-atividade-em-categoria-de-notas","title":{"rendered":"Integrar atividade em categoria de notas"},"content":{"rendered":"\t\t<div data-elementor-type=\"wp-page\" data-elementor-id=\"7435\" class=\"elementor elementor-7435\">\n\t\t\t\t\t\t<section class=\"elementor-section elementor-top-section elementor-element elementor-element-c0802ab elementor-section-boxed elementor-section-height-default elementor-section-height-default\" data-id=\"c0802ab\" data-element_type=\"section\">\n\t\t\t\t\t\t<div class=\"elementor-container elementor-column-gap-default\">\n\t\t\t\t\t<div class=\"elementor-column elementor-col-100 elementor-top-column elementor-element elementor-element-64e54d76\" data-id=\"64e54d76\" data-element_type=\"column\">\n\t\t\t<div class=\"elementor-widget-wrap elementor-element-populated\">\n\t\t\t\t\t\t<div class=\"elementor-element elementor-element-13867da8 elementor-widget elementor-widget-text-editor\" data-id=\"13867da8\" data-element_type=\"widget\" data-widget_type=\"text-editor.default\">\n\t\t\t\t<div class=\"elementor-widget-container\">\n\t\t\t\t\t\t\t<p><!-- wp:tadv\/classic-paragraph --><\/p>\n<p>A integra\u00e7\u00e3o de atividades nas categorias de notas \u00e9 um procedimento muito importante, pois \u00e9 a partir dele que ocorre o calculo automatizado do livro de notas.<\/p>\n<p>A escolha das atividades a serem desenvolvidas deve ser feita no sentido de facilitar o andamento da disciplina. Portanto, o material a ser apresentado neste tutorial, visa demonstrar como uma atividade \u00e9 criada e como vincular a uma categoria espec\u00edfica de notas.<\/p>\n<p>\u00a0<\/p>\n<p><!-- \/wp:tadv\/classic-paragraph --><\/p>\t\t\t\t\t\t<\/div>\n\t\t\t\t<\/div>\n\t\t\t\t<div class=\"elementor-element elementor-element-3b0be5d elementor-widget elementor-widget-heading\" data-id=\"3b0be5d\" data-element_type=\"widget\" data-widget_type=\"heading.default\">\n\t\t\t\t<div class=\"elementor-widget-container\">\n\t\t\t<h2 class=\"elementor-heading-title elementor-size-default\">Cria\u00e7\u00e3o da atividade<\/h2>\t\t<\/div>\n\t\t\t\t<\/div>\n\t\t\t\t<div class=\"elementor-element elementor-element-12661b2 elementor-widget__width-initial elementor-widget elementor-widget-text-editor\" data-id=\"12661b2\" data-element_type=\"widget\" data-widget_type=\"text-editor.default\">\n\t\t\t\t<div class=\"elementor-widget-container\">\n\t\t\t\t\t\t\t<p>Existem alguns tipos de atividades no moodle e cada uma delas possu\u00ed distintas funcionalidades. Para exemplo, daremos in\u00edcio ao procedimento de edi\u00e7\u00e3o da p\u00e1gina para adicionar o recurso &#8220;Tarefa&#8221;.<\/p>\n<p>Estando na p\u00e1gina da disciplina\/curso, ative a edi\u00e7\u00e3o.<\/p>\n<p><img fetchpriority=\"high\" decoding=\"async\" class=\"aligncenter wp-image-7437 size-large\" src=\"https:\/\/www.ufsm.br\/app\/uploads\/sites\/358\/2023\/11\/1-3-1024x498.png\" alt=\"\" width=\"1024\" height=\"498\" srcset=\"https:\/\/www.ufsm.br\/app\/uploads\/sites\/358\/2023\/11\/1-3-1024x498.png 1024w, https:\/\/www.ufsm.br\/app\/uploads\/sites\/358\/2023\/11\/1-3-300x146.png 300w, https:\/\/www.ufsm.br\/app\/uploads\/sites\/358\/2023\/11\/1-3-768x374.png 768w, https:\/\/www.ufsm.br\/app\/uploads\/sites\/358\/2023\/11\/1-3-1536x747.png 1536w, https:\/\/www.ufsm.br\/app\/uploads\/sites\/358\/2023\/11\/1-3.png 1889w\" sizes=\"(max-width: 1024px) 100vw, 1024px\" \/><\/p>\n<p>Agora temos a possibilidade de adicionar recursos.<\/p>\n<p><img decoding=\"async\" class=\"aligncenter wp-image-7438 size-large\" src=\"https:\/\/www.ufsm.br\/app\/uploads\/sites\/358\/2023\/11\/2-3-1024x499.png\" alt=\"\" width=\"1024\" height=\"499\" srcset=\"https:\/\/www.ufsm.br\/app\/uploads\/sites\/358\/2023\/11\/2-3-1024x499.png 1024w, https:\/\/www.ufsm.br\/app\/uploads\/sites\/358\/2023\/11\/2-3-300x146.png 300w, https:\/\/www.ufsm.br\/app\/uploads\/sites\/358\/2023\/11\/2-3-768x374.png 768w, https:\/\/www.ufsm.br\/app\/uploads\/sites\/358\/2023\/11\/2-3-1536x748.png 1536w, https:\/\/www.ufsm.br\/app\/uploads\/sites\/358\/2023\/11\/2-3.png 1890w\" sizes=\"(max-width: 1024px) 100vw, 1024px\" \/><\/p>\n<p>Ser\u00e3o exibidos diversos tipos de recursos, no entanto, os que interessam para nosso exemplo s\u00e3o as atividades.<\/p>\n<p><img decoding=\"async\" class=\"aligncenter wp-image-7439 size-full\" src=\"https:\/\/www.ufsm.br\/app\/uploads\/sites\/358\/2023\/11\/3-3.jpg\" alt=\"\" width=\"723\" height=\"895\" srcset=\"https:\/\/www.ufsm.br\/app\/uploads\/sites\/358\/2023\/11\/3-3.jpg 723w, https:\/\/www.ufsm.br\/app\/uploads\/sites\/358\/2023\/11\/3-3-242x300.jpg 242w\" sizes=\"(max-width: 723px) 100vw, 723px\" \/><\/p>\n<p>Portanto, para que sejam visualizadas somente as atividades, clicamos na guia &#8220;Atividades&#8221;. Posteriormente no recurso &#8220;Tarefa&#8221;.<\/p>\n<p>\u00a0<\/p>\n<p><img loading=\"lazy\" decoding=\"async\" class=\"aligncenter wp-image-7449 size-full\" src=\"https:\/\/www.ufsm.br\/app\/uploads\/sites\/358\/2023\/11\/4-2-1.jpg\" alt=\"\" width=\"719\" height=\"686\" srcset=\"https:\/\/www.ufsm.br\/app\/uploads\/sites\/358\/2023\/11\/4-2-1.jpg 719w, https:\/\/www.ufsm.br\/app\/uploads\/sites\/358\/2023\/11\/4-2-1-300x286.jpg 300w\" sizes=\"(max-width: 719px) 100vw, 719px\" \/><\/p>\n<p>Ser\u00e1 exibida a tela de configura\u00e7\u00f5es da atividade &#8220;Tarefa&#8221;, onde ser\u00e1 informado o &#8220;N<span style=\"font-weight: var( --e-global-typography-text-font-weight );text-align: var(--bs-body-text-align)\">ome da tarefa&#8221;.<\/span><\/p>\n<p><img loading=\"lazy\" decoding=\"async\" class=\"aligncenter wp-image-7441 size-large\" src=\"https:\/\/www.ufsm.br\/app\/uploads\/sites\/358\/2023\/11\/5-1024x498.png\" alt=\"\" width=\"1024\" height=\"498\" srcset=\"https:\/\/www.ufsm.br\/app\/uploads\/sites\/358\/2023\/11\/5-1024x498.png 1024w, https:\/\/www.ufsm.br\/app\/uploads\/sites\/358\/2023\/11\/5-300x146.png 300w, https:\/\/www.ufsm.br\/app\/uploads\/sites\/358\/2023\/11\/5-768x374.png 768w, https:\/\/www.ufsm.br\/app\/uploads\/sites\/358\/2023\/11\/5-1536x748.png 1536w, https:\/\/www.ufsm.br\/app\/uploads\/sites\/358\/2023\/11\/5.png 1890w\" sizes=\"(max-width: 1024px) 100vw, 1024px\" \/><\/p>\n<p>Agora, expanda o item &#8220;Nota&#8221;, para visualizar as op\u00e7\u00f5es.<\/p>\n<p><img loading=\"lazy\" decoding=\"async\" class=\"aligncenter wp-image-7442 size-large\" src=\"https:\/\/www.ufsm.br\/app\/uploads\/sites\/358\/2023\/11\/6-3-1024x498.png\" alt=\"\" width=\"1024\" height=\"498\" srcset=\"https:\/\/www.ufsm.br\/app\/uploads\/sites\/358\/2023\/11\/6-3-1024x498.png 1024w, https:\/\/www.ufsm.br\/app\/uploads\/sites\/358\/2023\/11\/6-3-300x146.png 300w, https:\/\/www.ufsm.br\/app\/uploads\/sites\/358\/2023\/11\/6-3-768x374.png 768w, https:\/\/www.ufsm.br\/app\/uploads\/sites\/358\/2023\/11\/6-3-1536x747.png 1536w, https:\/\/www.ufsm.br\/app\/uploads\/sites\/358\/2023\/11\/6-3.png 1891w\" sizes=\"(max-width: 1024px) 100vw, 1024px\" \/><\/p>\n<p>As op\u00e7\u00f5es principais, para relacionar a atividade a uma categoria, s\u00e3o:<\/p>\n<p>&#8211; Nota m\u00e1xima<\/p>\n<p>&#8211; Categoria de notas<\/p>\n<p>&#8211; Nota para aprova\u00e7\u00e3o<\/p>\n<p><img loading=\"lazy\" decoding=\"async\" class=\"aligncenter wp-image-7443 size-full\" src=\"https:\/\/www.ufsm.br\/app\/uploads\/sites\/358\/2023\/11\/7-3.png\" alt=\"\" width=\"891\" height=\"513\" srcset=\"https:\/\/www.ufsm.br\/app\/uploads\/sites\/358\/2023\/11\/7-3.png 891w, https:\/\/www.ufsm.br\/app\/uploads\/sites\/358\/2023\/11\/7-3-300x173.png 300w, https:\/\/www.ufsm.br\/app\/uploads\/sites\/358\/2023\/11\/7-3-768x442.png 768w\" sizes=\"(max-width: 891px) 100vw, 891px\" \/><\/p>\n<p>Em nosso exemplo, a nota m\u00e1xima ser\u00e1 igual ao valor &#8220;10&#8221;, a categoria a ser inserida a tarefa ser\u00e1 &#8220;Primeira Avalia\u00e7\u00e3o&#8221; e a nota para aprova\u00e7\u00e3o ser\u00e1 o valor &#8220;10&#8221;.<\/p>\n<p><img loading=\"lazy\" decoding=\"async\" class=\"aligncenter wp-image-7444 size-full\" src=\"https:\/\/www.ufsm.br\/app\/uploads\/sites\/358\/2023\/11\/8-3.png\" alt=\"\" width=\"868\" height=\"505\" srcset=\"https:\/\/www.ufsm.br\/app\/uploads\/sites\/358\/2023\/11\/8-3.png 868w, https:\/\/www.ufsm.br\/app\/uploads\/sites\/358\/2023\/11\/8-3-300x175.png 300w, https:\/\/www.ufsm.br\/app\/uploads\/sites\/358\/2023\/11\/8-3-768x447.png 768w\" sizes=\"(max-width: 868px) 100vw, 868px\" \/><\/p>\n<p>Estas devem ser as informa\u00e7\u00f5es a serem registradas, para nosso exemplo.<\/p>\n<p><img loading=\"lazy\" decoding=\"async\" class=\"aligncenter wp-image-7445 size-full\" src=\"https:\/\/www.ufsm.br\/app\/uploads\/sites\/358\/2023\/11\/9-3.png\" alt=\"\" width=\"872\" height=\"502\" srcset=\"https:\/\/www.ufsm.br\/app\/uploads\/sites\/358\/2023\/11\/9-3.png 872w, https:\/\/www.ufsm.br\/app\/uploads\/sites\/358\/2023\/11\/9-3-300x173.png 300w, https:\/\/www.ufsm.br\/app\/uploads\/sites\/358\/2023\/11\/9-3-768x442.png 768w\" sizes=\"(max-width: 872px) 100vw, 872px\" \/><\/p>\n<p>Ao salvar, ser\u00e1 exibida a atividade na p\u00e1gina curso\/disciplina.<\/p>\n<p><img loading=\"lazy\" decoding=\"async\" class=\"aligncenter wp-image-7446 size-large\" src=\"https:\/\/www.ufsm.br\/app\/uploads\/sites\/358\/2023\/11\/10-3-1024x497.png\" alt=\"\" width=\"1024\" height=\"497\" srcset=\"https:\/\/www.ufsm.br\/app\/uploads\/sites\/358\/2023\/11\/10-3-1024x497.png 1024w, https:\/\/www.ufsm.br\/app\/uploads\/sites\/358\/2023\/11\/10-3-300x146.png 300w, https:\/\/www.ufsm.br\/app\/uploads\/sites\/358\/2023\/11\/10-3-768x373.png 768w, https:\/\/www.ufsm.br\/app\/uploads\/sites\/358\/2023\/11\/10-3-1536x746.png 1536w, https:\/\/www.ufsm.br\/app\/uploads\/sites\/358\/2023\/11\/10-3.png 1890w\" sizes=\"(max-width: 1024px) 100vw, 1024px\" \/><\/p>\n<p>Ao acessar a p\u00e1gina de configura\u00e7\u00e3o das categorias, veja que a atividade estar\u00e1 vinculada a categoria selecionada durante a configura\u00e7\u00e3o da atividade.<\/p>\n<p><img loading=\"lazy\" decoding=\"async\" class=\"aligncenter wp-image-7447 size-large\" src=\"https:\/\/www.ufsm.br\/app\/uploads\/sites\/358\/2023\/11\/11-3-1024x499.png\" alt=\"\" width=\"1024\" height=\"499\" srcset=\"https:\/\/www.ufsm.br\/app\/uploads\/sites\/358\/2023\/11\/11-3-1024x499.png 1024w, https:\/\/www.ufsm.br\/app\/uploads\/sites\/358\/2023\/11\/11-3-300x146.png 300w, https:\/\/www.ufsm.br\/app\/uploads\/sites\/358\/2023\/11\/11-3-768x374.png 768w, https:\/\/www.ufsm.br\/app\/uploads\/sites\/358\/2023\/11\/11-3-1536x748.png 1536w, https:\/\/www.ufsm.br\/app\/uploads\/sites\/358\/2023\/11\/11-3.png 1891w\" sizes=\"(max-width: 1024px) 100vw, 1024px\" \/><\/p>\n<p>Agora \u00e9 com voc\u00ea!<\/p>\n<p>Boas aulas!<\/p>\t\t\t\t\t\t<\/div>\n\t\t\t\t<\/div>\n\t\t\t\t<div class=\"elementor-element elementor-element-19c459a elementor-widget elementor-widget-button\" data-id=\"19c459a\" data-element_type=\"widget\" data-widget_type=\"button.default\">\n\t\t\t\t<div class=\"elementor-widget-container\">\n\t\t\t\t\t\t\t<div class=\"elementor-button-wrapper\">\n\t\t\t\t\t<a class=\"elementor-button elementor-button-link elementor-size-sm\" href=\"#\">\n\t\t\t\t\t\t<span class=\"elementor-button-content-wrapper\">\n\t\t\t\t\t\t\t\t\t<span class=\"elementor-button-text\">Voltar<\/span>\n\t\t\t\t\t<\/span>\n\t\t\t\t\t<\/a>\n\t\t\t\t<\/div>\n\t\t\t\t\t\t<\/div>\n\t\t\t\t<\/div>\n\t\t\t\t\t<\/div>\n\t\t<\/div>\n\t\t\t\t\t<\/div>\n\t\t<\/section>\n\t\t\t\t<\/div>\n\t\t","protected":false},"excerpt":{"rendered":"<p>A integra\u00e7\u00e3o de atividades nas categorias de notas \u00e9 um procedimento muito importante, pois \u00e9 a partir dele que ocorre o calculo automatizado do livro de notas. A escolha das atividades a serem desenvolvidas deve ser feita no sentido de facilitar o andamento da disciplina. Portanto, o material a ser apresentado neste tutorial, visa demonstrar [&hellip;]<\/p>\n","protected":false},"author":6976,"featured_media":0,"parent":0,"menu_order":0,"comment_status":"closed","ping_status":"closed","template":"","meta":{"episode_type":"","audio_file":"","cover_image":"","cover_image_id":"","duration":"","filesize":"","date_recorded":"","explicit":"","block":"","filesize_raw":"","footnotes":""},"categories":[],"tags":[],"class_list":["post-7435","page","type-page","status-publish","hentry"],"acf":[],"_links":{"self":[{"href":"https:\/\/www.ufsm.br\/pro-reitorias\/prograd\/cte\/wp-json\/wp\/v2\/pages\/7435","targetHints":{"allow":["GET"]}}],"collection":[{"href":"https:\/\/www.ufsm.br\/pro-reitorias\/prograd\/cte\/wp-json\/wp\/v2\/pages"}],"about":[{"href":"https:\/\/www.ufsm.br\/pro-reitorias\/prograd\/cte\/wp-json\/wp\/v2\/types\/page"}],"author":[{"embeddable":true,"href":"https:\/\/www.ufsm.br\/pro-reitorias\/prograd\/cte\/wp-json\/wp\/v2\/users\/6976"}],"replies":[{"embeddable":true,"href":"https:\/\/www.ufsm.br\/pro-reitorias\/prograd\/cte\/wp-json\/wp\/v2\/comments?post=7435"}],"version-history":[{"count":0,"href":"https:\/\/www.ufsm.br\/pro-reitorias\/prograd\/cte\/wp-json\/wp\/v2\/pages\/7435\/revisions"}],"wp:attachment":[{"href":"https:\/\/www.ufsm.br\/pro-reitorias\/prograd\/cte\/wp-json\/wp\/v2\/media?parent=7435"}],"wp:term":[{"taxonomy":"category","embeddable":true,"href":"https:\/\/www.ufsm.br\/pro-reitorias\/prograd\/cte\/wp-json\/wp\/v2\/categories?post=7435"},{"taxonomy":"post_tag","embeddable":true,"href":"https:\/\/www.ufsm.br\/pro-reitorias\/prograd\/cte\/wp-json\/wp\/v2\/tags?post=7435"}],"curies":[{"name":"wp","href":"https:\/\/api.w.org\/{rel}","templated":true}]}}