{"id":7454,"date":"2023-12-01T15:38:50","date_gmt":"2023-12-01T18:38:50","guid":{"rendered":"https:\/\/www.ufsm.br\/pro-reitorias\/prograd\/cte\/?page_id=7454"},"modified":"2023-12-01T17:03:32","modified_gmt":"2023-12-01T20:03:32","slug":"reposicionar-categorias-atividades-no-livro-de-notas","status":"publish","type":"page","link":"https:\/\/www.ufsm.br\/pro-reitorias\/prograd\/cte\/reposicionar-categorias-atividades-no-livro-de-notas","title":{"rendered":"Reposicionar categorias\/atividades no livro de notas"},"content":{"rendered":"\t\t<div data-elementor-type=\"wp-page\" data-elementor-id=\"7454\" class=\"elementor elementor-7454\">\n\t\t\t\t\t\t<section class=\"elementor-section elementor-top-section elementor-element elementor-element-56aad4be elementor-section-boxed elementor-section-height-default elementor-section-height-default\" data-id=\"56aad4be\" data-element_type=\"section\">\n\t\t\t\t\t\t<div class=\"elementor-container elementor-column-gap-default\">\n\t\t\t\t\t<div class=\"elementor-column elementor-col-100 elementor-top-column elementor-element elementor-element-6f057cab\" data-id=\"6f057cab\" data-element_type=\"column\">\n\t\t\t<div class=\"elementor-widget-wrap elementor-element-populated\">\n\t\t\t\t\t\t<div class=\"elementor-element elementor-element-29cf1b2c elementor-widget elementor-widget-text-editor\" data-id=\"29cf1b2c\" data-element_type=\"widget\" data-widget_type=\"text-editor.default\">\n\t\t\t\t<div class=\"elementor-widget-container\">\n\t\t\t\t\t\t\t<p><!-- wp:tadv\/classic-paragraph --><\/p>\n<p>Algumas vezes, ao criar uma atividade no moodle, n\u00e3o selecionamos a qual categoria de notas deve pertencer e, ao final do semestre, ao tentar exportar as notas para o portal do professor, recebemos mensagem de erro ou as notas s\u00e3o postadas de forma equivocada.<\/p>\n<p>Portanto, saber reposicionar as categorias ou as atividades \u00e9 fundamental.<\/p>\n<p>Desta forma, este tutorial, tem como objetivo demonstrar como reordenar as categorias\/atividades j\u00e1 cadastradas.<\/p>\n<p>Existem duas maneiras para &#8220;corrigir&#8221;:<\/p>\n<ul>\n<li>Atividade(s) espec\u00edfica(s);<\/li>\n<li>Atrav\u00e9s da p\u00e1gina de configura\u00e7\u00e3o do livro de notas.<\/li>\n<\/ul>\n<p><!-- \/wp:tadv\/classic-paragraph --><\/p>\t\t\t\t\t\t<\/div>\n\t\t\t\t<\/div>\n\t\t\t\t<section class=\"elementor-section elementor-inner-section elementor-element elementor-element-00bb070 elementor-section-boxed elementor-section-height-default elementor-section-height-default\" data-id=\"00bb070\" data-element_type=\"section\">\n\t\t\t\t\t\t<div class=\"elementor-container elementor-column-gap-default\">\n\t\t\t\t\t<div class=\"elementor-column elementor-col-50 elementor-inner-column elementor-element elementor-element-fa18858\" data-id=\"fa18858\" data-element_type=\"column\">\n\t\t\t<div class=\"elementor-widget-wrap elementor-element-populated\">\n\t\t\t\t\t\t<div class=\"elementor-element elementor-element-28c6fc6 elementor-widget elementor-widget-heading\" data-id=\"28c6fc6\" data-element_type=\"widget\" data-widget_type=\"heading.default\">\n\t\t\t\t<div class=\"elementor-widget-container\">\n\t\t\t<h2 class=\"elementor-heading-title elementor-size-default\"><span style=\"font-size: 16px;font-weight: 400\">Atividade(s) espec\u00edfica(s)<\/span><\/h2>\t\t<\/div>\n\t\t\t\t<\/div>\n\t\t\t\t<div class=\"elementor-element elementor-element-048c0d5 elementor-widget elementor-widget-text-editor\" data-id=\"048c0d5\" data-element_type=\"widget\" data-widget_type=\"text-editor.default\">\n\t\t\t\t<div class=\"elementor-widget-container\">\n\t\t\t\t\t\t\t<p style=\"text-align: left\">Para associar uma atividade espec\u00edfica com uma categoria, habilitamos a edi\u00e7\u00e3o na p\u00e1gina do curso\/disciplina e ap\u00f3s, editar as configura\u00e7\u00f5es da atividade. Localize o item &#8220;Notas&#8221; e ent\u00e3o selecione em &#8220;<span style=\"color: #212529;font-family: -apple-system, BlinkMacSystemFont, 'Segoe UI', Roboto, 'Helvetica Neue', Arial, 'Noto Sans', 'Liberation Sans', sans-serif, 'Apple Color Emoji', 'Segoe UI Emoji', 'Segoe UI Symbol', 'Noto Color Emoji';font-size: 15px;font-weight: var( --e-global-typography-text-font-weight );text-align: var(--bs-body-text-align)\">Categoria de notas<\/span><span style=\"color: #000000;font-size: 1rem;font-weight: var( --e-global-typography-text-font-weight );text-align: var(--bs-body-text-align)\">&#8221; qual a que deve pertencer a categoria.<\/span><\/p>\n<p><span style=\"color: #000000;font-size: 1rem;font-weight: var( --e-global-typography-text-font-weight );text-align: var(--bs-body-text-align)\">Caso tenha d\u00favida quanto a este procedimento, acesse o link abaixo para visualizar como integrar atividade a categoria de nota.<\/span><\/p>\n<p style=\"text-align: center\"><a href=\"https:\/\/www.ufsm.br\/pro-reitorias\/prograd\/cte\/integrar-atividade-em-categoria-de-notas\"><span style=\"color: #000000;font-size: 1rem;font-weight: var( --e-global-typography-text-font-weight );text-align: var(--bs-body-text-align)\">&#8211; link &#8211;<\/span><\/a><\/p>\n<p>\u00a0<\/p>\t\t\t\t\t\t<\/div>\n\t\t\t\t<\/div>\n\t\t\t\t\t<\/div>\n\t\t<\/div>\n\t\t\t\t<div class=\"elementor-column elementor-col-50 elementor-inner-column elementor-element elementor-element-7a20672\" data-id=\"7a20672\" data-element_type=\"column\">\n\t\t\t<div class=\"elementor-widget-wrap elementor-element-populated\">\n\t\t\t\t\t\t<div class=\"elementor-element elementor-element-e08c4dc elementor-widget elementor-widget-heading\" data-id=\"e08c4dc\" data-element_type=\"widget\" data-widget_type=\"heading.default\">\n\t\t\t\t<div class=\"elementor-widget-container\">\n\t\t\t<h2 class=\"elementor-heading-title elementor-size-default\"><span style=\"font-size: 16px;font-weight: 400\">Atrav\u00e9s da p\u00e1gina de configura\u00e7\u00e3o do livro de notas<\/span><\/h2>\t\t<\/div>\n\t\t\t\t<\/div>\n\t\t\t\t<div class=\"elementor-element elementor-element-d7b6f46 elementor-widget elementor-widget-text-editor\" data-id=\"d7b6f46\" data-element_type=\"widget\" data-widget_type=\"text-editor.default\">\n\t\t\t\t<div class=\"elementor-widget-container\">\n\t\t\t\t\t\t\t<p>Por tratar-se de um procedimento que necessita maior detalhamento, acesse o link abaixo.<\/p>\n<p style=\"text-align: center\"><a href=\"https:\/\/www.ufsm.br\/pro-reitorias\/prograd\/cte\/reposicionar-categoria-atividade-via-livro-de-notas\">&#8211; link &#8211;<\/a><\/p>\t\t\t\t\t\t<\/div>\n\t\t\t\t<\/div>\n\t\t\t\t\t<\/div>\n\t\t<\/div>\n\t\t\t\t\t<\/div>\n\t\t<\/section>\n\t\t\t\t<div class=\"elementor-element elementor-element-70bafb4 elementor-widget elementor-widget-button\" data-id=\"70bafb4\" data-element_type=\"widget\" data-widget_type=\"button.default\">\n\t\t\t\t<div class=\"elementor-widget-container\">\n\t\t\t\t\t\t\t<div class=\"elementor-button-wrapper\">\n\t\t\t\t\t<a class=\"elementor-button elementor-button-link elementor-size-sm\" href=\"https:\/\/www.ufsm.br\/pro-reitorias\/prograd\/cte\/faq-suporte-moodle\">\n\t\t\t\t\t\t<span class=\"elementor-button-content-wrapper\">\n\t\t\t\t\t\t\t\t\t<span class=\"elementor-button-text\">Voltar<\/span>\n\t\t\t\t\t<\/span>\n\t\t\t\t\t<\/a>\n\t\t\t\t<\/div>\n\t\t\t\t\t\t<\/div>\n\t\t\t\t<\/div>\n\t\t\t\t\t<\/div>\n\t\t<\/div>\n\t\t\t\t\t<\/div>\n\t\t<\/section>\n\t\t\t\t<\/div>\n\t\t","protected":false},"excerpt":{"rendered":"<p>Algumas vezes, ao criar uma atividade no moodle, n\u00e3o selecionamos a qual categoria de notas deve pertencer e, ao final do semestre, ao tentar exportar as notas para o portal do professor, recebemos mensagem de erro ou as notas s\u00e3o postadas de forma equivocada. Portanto, saber reposicionar as categorias ou as atividades \u00e9 fundamental. Desta [&hellip;]<\/p>\n","protected":false},"author":6976,"featured_media":0,"parent":0,"menu_order":0,"comment_status":"closed","ping_status":"closed","template":"","meta":{"episode_type":"","audio_file":"","cover_image":"","cover_image_id":"","duration":"","filesize":"","date_recorded":"","explicit":"","block":"","filesize_raw":"","footnotes":""},"categories":[],"tags":[],"class_list":["post-7454","page","type-page","status-publish","hentry"],"acf":[],"_links":{"self":[{"href":"https:\/\/www.ufsm.br\/pro-reitorias\/prograd\/cte\/wp-json\/wp\/v2\/pages\/7454","targetHints":{"allow":["GET"]}}],"collection":[{"href":"https:\/\/www.ufsm.br\/pro-reitorias\/prograd\/cte\/wp-json\/wp\/v2\/pages"}],"about":[{"href":"https:\/\/www.ufsm.br\/pro-reitorias\/prograd\/cte\/wp-json\/wp\/v2\/types\/page"}],"author":[{"embeddable":true,"href":"https:\/\/www.ufsm.br\/pro-reitorias\/prograd\/cte\/wp-json\/wp\/v2\/users\/6976"}],"replies":[{"embeddable":true,"href":"https:\/\/www.ufsm.br\/pro-reitorias\/prograd\/cte\/wp-json\/wp\/v2\/comments?post=7454"}],"version-history":[{"count":0,"href":"https:\/\/www.ufsm.br\/pro-reitorias\/prograd\/cte\/wp-json\/wp\/v2\/pages\/7454\/revisions"}],"wp:attachment":[{"href":"https:\/\/www.ufsm.br\/pro-reitorias\/prograd\/cte\/wp-json\/wp\/v2\/media?parent=7454"}],"wp:term":[{"taxonomy":"category","embeddable":true,"href":"https:\/\/www.ufsm.br\/pro-reitorias\/prograd\/cte\/wp-json\/wp\/v2\/categories?post=7454"},{"taxonomy":"post_tag","embeddable":true,"href":"https:\/\/www.ufsm.br\/pro-reitorias\/prograd\/cte\/wp-json\/wp\/v2\/tags?post=7454"}],"curies":[{"name":"wp","href":"https:\/\/api.w.org\/{rel}","templated":true}]}}