{"id":7455,"date":"2023-12-01T16:18:03","date_gmt":"2023-12-01T19:18:03","guid":{"rendered":"https:\/\/www.ufsm.br\/pro-reitorias\/prograd\/cte\/?page_id=7455"},"modified":"2023-12-01T17:00:52","modified_gmt":"2023-12-01T20:00:52","slug":"reposicionar-categoria-atividade-via-livro-de-notas","status":"publish","type":"page","link":"https:\/\/www.ufsm.br\/pro-reitorias\/prograd\/cte\/reposicionar-categoria-atividade-via-livro-de-notas","title":{"rendered":"Reposicionar categoria\/atividade via livro de notas"},"content":{"rendered":"\t\t<div data-elementor-type=\"wp-page\" data-elementor-id=\"7455\" class=\"elementor elementor-7455\">\n\t\t\t\t\t\t<section class=\"elementor-section elementor-top-section elementor-element elementor-element-5c3c1d0e elementor-section-boxed elementor-section-height-default elementor-section-height-default\" data-id=\"5c3c1d0e\" data-element_type=\"section\">\n\t\t\t\t\t\t<div class=\"elementor-container elementor-column-gap-default\">\n\t\t\t\t\t<div class=\"elementor-column elementor-col-100 elementor-top-column elementor-element elementor-element-470a1497\" data-id=\"470a1497\" data-element_type=\"column\">\n\t\t\t<div class=\"elementor-widget-wrap elementor-element-populated\">\n\t\t\t\t\t\t<div class=\"elementor-element elementor-element-6616b8ab elementor-widget elementor-widget-text-editor\" data-id=\"6616b8ab\" data-element_type=\"widget\" data-widget_type=\"text-editor.default\">\n\t\t\t\t<div class=\"elementor-widget-container\">\n\t\t\t\t\t\t\t<p>Supondo que tenha realizado os procedimentos do tutorial &#8220;<a href=\"https:\/\/www.ufsm.br\/pro-reitorias\/prograd\/cte\/integrar-atividade-em-categoria-de-notas\">Integrar atividade em categoria de notas<\/a><span style=\"color: #000000;font-size: 1rem;font-weight: var( --e-global-typography-text-font-weight );text-align: var(--bs-body-text-align)\">&#8220;, veremos abaixo como posicionar categoria(s)\/atividade(s), atrav\u00e9s de configura\u00e7\u00e3o do livro\u00a0<\/span><span style=\"color: #000000;font-size: 16px;font-weight: var( --e-global-typography-text-font-weight );text-align: var(--bs-body-text-align)\">de notas.<\/span><\/p>\n<p>Conforme a figura abaixo, h\u00e1 uma seta indicando que o item pode ser movimentado para cima ou para baixo.<br \/><span style=\"color: #000000;font-size: 1rem;font-weight: var( --e-global-typography-text-font-weight );text-align: var(--bs-body-text-align)\"><img fetchpriority=\"high\" decoding=\"async\" class=\"aligncenter\" src=\"https:\/\/www.ufsm.br\/app\/uploads\/sites\/358\/2023\/12\/1-1024x536.png\" alt=\"\" width=\"1024\" height=\"536\" \/><br \/><\/span><\/p>\n<p>Ap\u00f3s clicar nesta seta, ser\u00e1 habilitado o modo para mover o elemento desejado. Ent\u00e3o, basta clicar no local onde quer que o mesmo seja realocado.<\/p>\n<p><img decoding=\"async\" class=\"aligncenter wp-image-7459 size-large\" src=\"https:\/\/www.ufsm.br\/app\/uploads\/sites\/358\/2023\/12\/2-1-1024x439.png\" alt=\"\" width=\"1024\" height=\"439\" srcset=\"https:\/\/www.ufsm.br\/app\/uploads\/sites\/358\/2023\/12\/2-1-1024x439.png 1024w, https:\/\/www.ufsm.br\/app\/uploads\/sites\/358\/2023\/12\/2-1-300x129.png 300w, https:\/\/www.ufsm.br\/app\/uploads\/sites\/358\/2023\/12\/2-1-768x329.png 768w, https:\/\/www.ufsm.br\/app\/uploads\/sites\/358\/2023\/12\/2-1-1536x658.png 1536w, https:\/\/www.ufsm.br\/app\/uploads\/sites\/358\/2023\/12\/2-1.png 1589w\" sizes=\"(max-width: 1024px) 100vw, 1024px\" \/>\u00a0Assim, a atividade aparecer\u00e1 na categoria que selecionou.<\/p>\n<p><img decoding=\"async\" class=\"aligncenter wp-image-7457 size-large\" src=\"https:\/\/www.ufsm.br\/app\/uploads\/sites\/358\/2023\/12\/3-1024x538.png\" alt=\"\" width=\"1024\" height=\"538\" srcset=\"https:\/\/www.ufsm.br\/app\/uploads\/sites\/358\/2023\/12\/3-1024x538.png 1024w, https:\/\/www.ufsm.br\/app\/uploads\/sites\/358\/2023\/12\/3-300x158.png 300w, https:\/\/www.ufsm.br\/app\/uploads\/sites\/358\/2023\/12\/3-768x403.png 768w, https:\/\/www.ufsm.br\/app\/uploads\/sites\/358\/2023\/12\/3-1536x807.png 1536w, https:\/\/www.ufsm.br\/app\/uploads\/sites\/358\/2023\/12\/3.png 1588w\" sizes=\"(max-width: 1024px) 100vw, 1024px\" \/><\/p>\n<p>\u00a0<\/p>\n<p>Este procedimento se estende tanto para atividades quanto para as categorias.<\/p>\n<p>Agora ficou f\u00e1cil configurar o livro de notas.<\/p>\n<p>Boas aulas!<\/p>\t\t\t\t\t\t<\/div>\n\t\t\t\t<\/div>\n\t\t\t\t<div class=\"elementor-element elementor-element-40899b8 elementor-widget elementor-widget-button\" data-id=\"40899b8\" data-element_type=\"widget\" data-widget_type=\"button.default\">\n\t\t\t\t<div class=\"elementor-widget-container\">\n\t\t\t\t\t\t\t<div class=\"elementor-button-wrapper\">\n\t\t\t\t\t<a class=\"elementor-button elementor-button-link elementor-size-sm\" href=\"https:\/\/www.ufsm.br\/pro-reitorias\/prograd\/cte\/reposicionar-categorias-atividades-no-livro-de-notas\">\n\t\t\t\t\t\t<span class=\"elementor-button-content-wrapper\">\n\t\t\t\t\t\t\t\t\t<span class=\"elementor-button-text\">Voltar<\/span>\n\t\t\t\t\t<\/span>\n\t\t\t\t\t<\/a>\n\t\t\t\t<\/div>\n\t\t\t\t\t\t<\/div>\n\t\t\t\t<\/div>\n\t\t\t\t\t<\/div>\n\t\t<\/div>\n\t\t\t\t\t<\/div>\n\t\t<\/section>\n\t\t\t\t<\/div>\n\t\t","protected":false},"excerpt":{"rendered":"<p>Supondo que tenha realizado os procedimentos do tutorial &#8220;Integrar atividade em categoria de notas&#8220;, veremos abaixo como posicionar categoria(s)\/atividade(s), atrav\u00e9s de configura\u00e7\u00e3o do livro\u00a0de notas. Conforme a figura abaixo, h\u00e1 uma seta indicando que o item pode ser movimentado para cima ou para baixo. Ap\u00f3s clicar nesta seta, ser\u00e1 habilitado o modo para mover o [&hellip;]<\/p>\n","protected":false},"author":6976,"featured_media":0,"parent":0,"menu_order":0,"comment_status":"closed","ping_status":"closed","template":"","meta":{"episode_type":"","audio_file":"","cover_image":"","cover_image_id":"","duration":"","filesize":"","date_recorded":"","explicit":"","block":"","filesize_raw":"","footnotes":""},"categories":[],"tags":[],"class_list":["post-7455","page","type-page","status-publish","hentry"],"acf":[],"_links":{"self":[{"href":"https:\/\/www.ufsm.br\/pro-reitorias\/prograd\/cte\/wp-json\/wp\/v2\/pages\/7455","targetHints":{"allow":["GET"]}}],"collection":[{"href":"https:\/\/www.ufsm.br\/pro-reitorias\/prograd\/cte\/wp-json\/wp\/v2\/pages"}],"about":[{"href":"https:\/\/www.ufsm.br\/pro-reitorias\/prograd\/cte\/wp-json\/wp\/v2\/types\/page"}],"author":[{"embeddable":true,"href":"https:\/\/www.ufsm.br\/pro-reitorias\/prograd\/cte\/wp-json\/wp\/v2\/users\/6976"}],"replies":[{"embeddable":true,"href":"https:\/\/www.ufsm.br\/pro-reitorias\/prograd\/cte\/wp-json\/wp\/v2\/comments?post=7455"}],"version-history":[{"count":0,"href":"https:\/\/www.ufsm.br\/pro-reitorias\/prograd\/cte\/wp-json\/wp\/v2\/pages\/7455\/revisions"}],"wp:attachment":[{"href":"https:\/\/www.ufsm.br\/pro-reitorias\/prograd\/cte\/wp-json\/wp\/v2\/media?parent=7455"}],"wp:term":[{"taxonomy":"category","embeddable":true,"href":"https:\/\/www.ufsm.br\/pro-reitorias\/prograd\/cte\/wp-json\/wp\/v2\/categories?post=7455"},{"taxonomy":"post_tag","embeddable":true,"href":"https:\/\/www.ufsm.br\/pro-reitorias\/prograd\/cte\/wp-json\/wp\/v2\/tags?post=7455"}],"curies":[{"name":"wp","href":"https:\/\/api.w.org\/{rel}","templated":true}]}}