{"id":7532,"date":"2024-01-24T08:14:39","date_gmt":"2024-01-24T11:14:39","guid":{"rendered":"https:\/\/www.ufsm.br\/pro-reitorias\/prograd\/cte\/?page_id=7532"},"modified":"2024-09-11T14:46:33","modified_gmt":"2024-09-11T17:46:33","slug":"especializacao-ciencia-de-dados-na-administracao-publica","status":"publish","type":"page","link":"https:\/\/www.ufsm.br\/pro-reitorias\/prograd\/cte\/especializacao-ciencia-de-dados-na-administracao-publica","title":{"rendered":"Ci\u00eancia de Dados na Administra\u00e7\u00e3o P\u00fablica"},"content":{"rendered":"\t\t<div data-elementor-type=\"wp-page\" data-elementor-id=\"7532\" class=\"elementor elementor-7532\">\n\t\t\t\t\t\t<section class=\"elementor-section elementor-top-section elementor-element elementor-element-81c4ed8 elementor-section-boxed elementor-section-height-default elementor-section-height-default\" data-id=\"81c4ed8\" data-element_type=\"section\">\n\t\t\t\t\t\t<div class=\"elementor-container elementor-column-gap-default\">\n\t\t\t\t\t<div class=\"elementor-column elementor-col-33 elementor-top-column elementor-element elementor-element-e0d63e8\" data-id=\"e0d63e8\" data-element_type=\"column\">\n\t\t\t<div class=\"elementor-widget-wrap elementor-element-populated\">\n\t\t\t\t\t\t<div class=\"elementor-element elementor-element-012836c elementor-position-top elementor-widget elementor-widget-image-box\" data-id=\"012836c\" data-element_type=\"widget\" data-widget_type=\"image-box.default\">\n\t\t\t\t<div class=\"elementor-widget-container\">\n\t\t\t<div class=\"elementor-image-box-wrapper\"><figure class=\"elementor-image-box-img\"><a href=\"https:\/\/repositorio.ufsm.br\/handle\/1\/31306\" target=\"_blank\" tabindex=\"-1\"><img fetchpriority=\"high\" decoding=\"async\" width=\"547\" height=\"774\" src=\"https:\/\/www.ufsm.br\/app\/uploads\/sites\/358\/2024\/01\/Projeto_PP_Dados2.jpg\" class=\"attachment-full size-full wp-image-7533\" alt=\"\" srcset=\"https:\/\/www.ufsm.br\/app\/uploads\/sites\/358\/2024\/01\/Projeto_PP_Dados2.jpg 547w, https:\/\/www.ufsm.br\/app\/uploads\/sites\/358\/2024\/01\/Projeto_PP_Dados2-212x300.jpg 212w\" sizes=\"(max-width: 547px) 100vw, 547px\" \/><\/a><\/figure><div class=\"elementor-image-box-content\"><h6 class=\"elementor-image-box-title\"><a href=\"https:\/\/repositorio.ufsm.br\/handle\/1\/31306\" target=\"_blank\">Projeto de Pol\u00edtica P\u00fablica Baseada em Dados 2: reconhecendo a organiza\u00e7\u00e3o e o seu contexto de atua\u00e7\u00e3o<\/a><\/h6><\/div><\/div>\t\t<\/div>\n\t\t\t\t<\/div>\n\t\t\t\t\t<\/div>\n\t\t<\/div>\n\t\t\t\t<div class=\"elementor-column elementor-col-33 elementor-top-column elementor-element elementor-element-d9a434b\" data-id=\"d9a434b\" data-element_type=\"column\">\n\t\t\t<div class=\"elementor-widget-wrap elementor-element-populated\">\n\t\t\t\t\t\t<div class=\"elementor-element elementor-element-b7845eb elementor-position-top elementor-widget elementor-widget-image-box\" data-id=\"b7845eb\" data-element_type=\"widget\" data-widget_type=\"image-box.default\">\n\t\t\t\t<div class=\"elementor-widget-container\">\n\t\t\t<div class=\"elementor-image-box-wrapper\"><figure class=\"elementor-image-box-img\"><a href=\"https:\/\/repositorio.ufsm.br\/handle\/1\/31559\" target=\"_blank\" tabindex=\"-1\"><img decoding=\"async\" width=\"549\" height=\"772\" src=\"https:\/\/www.ufsm.br\/app\/uploads\/sites\/358\/2024\/02\/Projeto_PP_Dados3.jpg\" class=\"attachment-full size-full wp-image-7552\" alt=\"\" srcset=\"https:\/\/www.ufsm.br\/app\/uploads\/sites\/358\/2024\/02\/Projeto_PP_Dados3.jpg 549w, https:\/\/www.ufsm.br\/app\/uploads\/sites\/358\/2024\/02\/Projeto_PP_Dados3-213x300.jpg 213w\" sizes=\"(max-width: 549px) 100vw, 549px\" \/><\/a><\/figure><div class=\"elementor-image-box-content\"><h6 class=\"elementor-image-box-title\"><a href=\"https:\/\/repositorio.ufsm.br\/handle\/1\/31559\" target=\"_blank\">Projeto de Pol\u00edtica P\u00fablica Baseada em Dados 3: descrevendo o impacto esperado e planejando <br>a implementa\u00e7\u00e3o e avalia\u00e7\u00e3o da pol\u00edtica<\/a><\/h6><\/div><\/div>\t\t<\/div>\n\t\t\t\t<\/div>\n\t\t\t\t\t<\/div>\n\t\t<\/div>\n\t\t\t\t<div class=\"elementor-column elementor-col-33 elementor-top-column elementor-element elementor-element-2b5681b\" data-id=\"2b5681b\" data-element_type=\"column\">\n\t\t\t<div class=\"elementor-widget-wrap elementor-element-populated\">\n\t\t\t\t\t\t<div class=\"elementor-element elementor-element-3556deb elementor-position-top elementor-widget elementor-widget-image-box\" data-id=\"3556deb\" data-element_type=\"widget\" data-widget_type=\"image-box.default\">\n\t\t\t\t<div class=\"elementor-widget-container\">\n\t\t\t<div class=\"elementor-image-box-wrapper\"><figure class=\"elementor-image-box-img\"><a href=\"https:\/\/repositorio.ufsm.br\/handle\/1\/32349\" target=\"_blank\" tabindex=\"-1\"><img decoding=\"async\" width=\"373\" height=\"531\" src=\"https:\/\/www.ufsm.br\/app\/uploads\/sites\/358\/2024\/09\/Captura-de-tela-2024-09-11-143846.jpg\" class=\"attachment-2048x2048 size-2048x2048 wp-image-7737\" alt=\"\" srcset=\"https:\/\/www.ufsm.br\/app\/uploads\/sites\/358\/2024\/09\/Captura-de-tela-2024-09-11-143846.jpg 373w, https:\/\/www.ufsm.br\/app\/uploads\/sites\/358\/2024\/09\/Captura-de-tela-2024-09-11-143846-211x300.jpg 211w\" sizes=\"(max-width: 373px) 100vw, 373px\" \/><\/a><\/figure><div class=\"elementor-image-box-content\"><h6 class=\"elementor-image-box-title\"><a href=\"https:\/\/repositorio.ufsm.br\/handle\/1\/32349\" target=\"_blank\">Aprendizagem de m\u00e1quina<\/a><\/h6><\/div><\/div>\t\t<\/div>\n\t\t\t\t<\/div>\n\t\t\t\t\t<\/div>\n\t\t<\/div>\n\t\t\t\t\t<\/div>\n\t\t<\/section>\n\t\t\t\t<section class=\"elementor-section elementor-top-section elementor-element elementor-element-1cc2dec elementor-section-boxed elementor-section-height-default elementor-section-height-default\" data-id=\"1cc2dec\" data-element_type=\"section\">\n\t\t\t\t\t\t<div class=\"elementor-container elementor-column-gap-default\">\n\t\t\t\t\t<div class=\"elementor-column elementor-col-33 elementor-top-column elementor-element elementor-element-44f14ee\" data-id=\"44f14ee\" data-element_type=\"column\">\n\t\t\t<div class=\"elementor-widget-wrap elementor-element-populated\">\n\t\t\t\t\t\t<div class=\"elementor-element elementor-element-455fd43 elementor-position-top elementor-widget elementor-widget-image-box\" data-id=\"455fd43\" data-element_type=\"widget\" data-widget_type=\"image-box.default\">\n\t\t\t\t<div class=\"elementor-widget-container\">\n\t\t\t<div class=\"elementor-image-box-wrapper\"><figure class=\"elementor-image-box-img\"><a href=\"https:\/\/repositorio.ufsm.br\/handle\/1\/32350\" target=\"_blank\" tabindex=\"-1\"><img loading=\"lazy\" decoding=\"async\" width=\"467\" height=\"666\" src=\"https:\/\/www.ufsm.br\/app\/uploads\/sites\/358\/2024\/09\/Captura-de-tela-2024-09-11-143722.jpg\" class=\"attachment-2048x2048 size-2048x2048 wp-image-7736\" alt=\"\" srcset=\"https:\/\/www.ufsm.br\/app\/uploads\/sites\/358\/2024\/09\/Captura-de-tela-2024-09-11-143722.jpg 467w, https:\/\/www.ufsm.br\/app\/uploads\/sites\/358\/2024\/09\/Captura-de-tela-2024-09-11-143722-210x300.jpg 210w\" sizes=\"(max-width: 467px) 100vw, 467px\" \/><\/a><\/figure><div class=\"elementor-image-box-content\"><h6 class=\"elementor-image-box-title\"><a href=\"https:\/\/repositorio.ufsm.br\/handle\/1\/32350\" target=\"_blank\">Fundamentos de banco de dados e intelig\u00eancia de neg\u00f3cios<\/a><\/h6><\/div><\/div>\t\t<\/div>\n\t\t\t\t<\/div>\n\t\t\t\t\t<\/div>\n\t\t<\/div>\n\t\t\t\t<div class=\"elementor-column elementor-col-33 elementor-top-column elementor-element elementor-element-c7d6438\" data-id=\"c7d6438\" data-element_type=\"column\">\n\t\t\t<div class=\"elementor-widget-wrap elementor-element-populated\">\n\t\t\t\t\t\t<div class=\"elementor-element elementor-element-7b509ff elementor-position-top elementor-widget elementor-widget-image-box\" data-id=\"7b509ff\" data-element_type=\"widget\" data-widget_type=\"image-box.default\">\n\t\t\t\t<div class=\"elementor-widget-container\">\n\t\t\t<div class=\"elementor-image-box-wrapper\"><figure class=\"elementor-image-box-img\"><a href=\"https:\/\/repositorio.ufsm.br\/handle\/1\/32353\" target=\"_blank\" tabindex=\"-1\"><img loading=\"lazy\" decoding=\"async\" width=\"398\" height=\"564\" src=\"https:\/\/www.ufsm.br\/app\/uploads\/sites\/358\/2024\/09\/Captura-de-tela-2024-09-11-143942.jpg\" class=\"attachment-2048x2048 size-2048x2048 wp-image-7738\" alt=\"\" srcset=\"https:\/\/www.ufsm.br\/app\/uploads\/sites\/358\/2024\/09\/Captura-de-tela-2024-09-11-143942.jpg 398w, https:\/\/www.ufsm.br\/app\/uploads\/sites\/358\/2024\/09\/Captura-de-tela-2024-09-11-143942-212x300.jpg 212w\" sizes=\"(max-width: 398px) 100vw, 398px\" \/><\/a><\/figure><div class=\"elementor-image-box-content\"><h6 class=\"elementor-image-box-title\"><a href=\"https:\/\/repositorio.ufsm.br\/handle\/1\/32353\" target=\"_blank\">Modelos de Administra\u00e7\u00e3o P\u00fablica no contexto brasileiro<\/a><\/h6><\/div><\/div>\t\t<\/div>\n\t\t\t\t<\/div>\n\t\t\t\t\t<\/div>\n\t\t<\/div>\n\t\t\t\t<div class=\"elementor-column elementor-col-33 elementor-top-column elementor-element elementor-element-5a2b89c\" data-id=\"5a2b89c\" data-element_type=\"column\">\n\t\t\t<div class=\"elementor-widget-wrap elementor-element-populated\">\n\t\t\t\t\t\t<div class=\"elementor-element elementor-element-24ff100 elementor-position-top elementor-widget elementor-widget-image-box\" data-id=\"24ff100\" data-element_type=\"widget\" data-widget_type=\"image-box.default\">\n\t\t\t\t<div class=\"elementor-widget-container\">\n\t\t\t<div class=\"elementor-image-box-wrapper\"><figure class=\"elementor-image-box-img\"><a href=\"https:\/\/repositorio.ufsm.br\/handle\/1\/32354\" target=\"_blank\" tabindex=\"-1\"><img loading=\"lazy\" decoding=\"async\" width=\"401\" height=\"569\" src=\"https:\/\/www.ufsm.br\/app\/uploads\/sites\/358\/2024\/09\/Captura-de-tela-2024-09-11-144124.jpg\" class=\"attachment-2048x2048 size-2048x2048 wp-image-7739\" alt=\"\" srcset=\"https:\/\/www.ufsm.br\/app\/uploads\/sites\/358\/2024\/09\/Captura-de-tela-2024-09-11-144124.jpg 401w, https:\/\/www.ufsm.br\/app\/uploads\/sites\/358\/2024\/09\/Captura-de-tela-2024-09-11-144124-211x300.jpg 211w\" sizes=\"(max-width: 401px) 100vw, 401px\" \/><\/a><\/figure><div class=\"elementor-image-box-content\"><h6 class=\"elementor-image-box-title\"><a href=\"https:\/\/repositorio.ufsm.br\/handle\/1\/32354\" target=\"_blank\">Fundamentos de programa\u00e7\u00e3o na Ci\u00eancia de Dados<\/a><\/h6><\/div><\/div>\t\t<\/div>\n\t\t\t\t<\/div>\n\t\t\t\t\t<\/div>\n\t\t<\/div>\n\t\t\t\t\t<\/div>\n\t\t<\/section>\n\t\t\t\t<section class=\"elementor-section elementor-top-section elementor-element elementor-element-745cd28 elementor-section-boxed elementor-section-height-default elementor-section-height-default\" data-id=\"745cd28\" data-element_type=\"section\">\n\t\t\t\t\t\t<div class=\"elementor-container elementor-column-gap-default\">\n\t\t\t\t\t<div class=\"elementor-column elementor-col-33 elementor-top-column elementor-element elementor-element-965745a\" data-id=\"965745a\" data-element_type=\"column\">\n\t\t\t<div class=\"elementor-widget-wrap elementor-element-populated\">\n\t\t\t\t\t\t<div class=\"elementor-element elementor-element-834b5ac elementor-position-top elementor-widget elementor-widget-image-box\" data-id=\"834b5ac\" data-element_type=\"widget\" data-widget_type=\"image-box.default\">\n\t\t\t\t<div class=\"elementor-widget-container\">\n\t\t\t<div class=\"elementor-image-box-wrapper\"><figure class=\"elementor-image-box-img\"><a href=\"https:\/\/repositorio.ufsm.br\/handle\/1\/33007\" target=\"_blank\" tabindex=\"-1\"><img loading=\"lazy\" decoding=\"async\" width=\"398\" height=\"567\" src=\"https:\/\/www.ufsm.br\/app\/uploads\/sites\/358\/2024\/09\/Captura-de-tela-2024-09-11-144526.jpg\" class=\"attachment-2048x2048 size-2048x2048 wp-image-7740\" alt=\"\" srcset=\"https:\/\/www.ufsm.br\/app\/uploads\/sites\/358\/2024\/09\/Captura-de-tela-2024-09-11-144526.jpg 398w, https:\/\/www.ufsm.br\/app\/uploads\/sites\/358\/2024\/09\/Captura-de-tela-2024-09-11-144526-211x300.jpg 211w\" sizes=\"(max-width: 398px) 100vw, 398px\" \/><\/a><\/figure><div class=\"elementor-image-box-content\"><h6 class=\"elementor-image-box-title\"><a href=\"https:\/\/repositorio.ufsm.br\/handle\/1\/33007\" target=\"_blank\">Fundamentos de Ci\u00eancia de Dados<\/a><\/h6><\/div><\/div>\t\t<\/div>\n\t\t\t\t<\/div>\n\t\t\t\t\t<\/div>\n\t\t<\/div>\n\t\t\t\t<div class=\"elementor-column elementor-col-33 elementor-top-column elementor-element elementor-element-ff28e7d\" data-id=\"ff28e7d\" data-element_type=\"column\">\n\t\t\t<div class=\"elementor-widget-wrap\">\n\t\t\t\t\t\t\t<\/div>\n\t\t<\/div>\n\t\t\t\t<div class=\"elementor-column elementor-col-33 elementor-top-column elementor-element elementor-element-5c53f0b\" data-id=\"5c53f0b\" data-element_type=\"column\">\n\t\t\t<div class=\"elementor-widget-wrap\">\n\t\t\t\t\t\t\t<\/div>\n\t\t<\/div>\n\t\t\t\t\t<\/div>\n\t\t<\/section>\n\t\t\t\t<\/div>\n\t\t","protected":false},"excerpt":{"rendered":"<p>Projeto de Pol\u00edtica P\u00fablica Baseada em Dados 2: reconhecendo a organiza\u00e7\u00e3o e o seu contexto de atua\u00e7\u00e3o Projeto de Pol\u00edtica P\u00fablica Baseada em Dados 3: descrevendo o impacto esperado e planejando a implementa\u00e7\u00e3o e avalia\u00e7\u00e3o da pol\u00edtica Aprendizagem de m\u00e1quina Fundamentos de banco de dados e intelig\u00eancia de neg\u00f3cios Modelos de Administra\u00e7\u00e3o P\u00fablica no contexto [&hellip;]<\/p>\n","protected":false},"author":606,"featured_media":0,"parent":0,"menu_order":0,"comment_status":"closed","ping_status":"closed","template":"","meta":{"episode_type":"","audio_file":"","cover_image":"","cover_image_id":"","duration":"","filesize":"","date_recorded":"","explicit":"","block":"","filesize_raw":"","footnotes":""},"categories":[],"tags":[],"class_list":["post-7532","page","type-page","status-publish","hentry"],"acf":[],"_links":{"self":[{"href":"https:\/\/www.ufsm.br\/pro-reitorias\/prograd\/cte\/wp-json\/wp\/v2\/pages\/7532","targetHints":{"allow":["GET"]}}],"collection":[{"href":"https:\/\/www.ufsm.br\/pro-reitorias\/prograd\/cte\/wp-json\/wp\/v2\/pages"}],"about":[{"href":"https:\/\/www.ufsm.br\/pro-reitorias\/prograd\/cte\/wp-json\/wp\/v2\/types\/page"}],"author":[{"embeddable":true,"href":"https:\/\/www.ufsm.br\/pro-reitorias\/prograd\/cte\/wp-json\/wp\/v2\/users\/606"}],"replies":[{"embeddable":true,"href":"https:\/\/www.ufsm.br\/pro-reitorias\/prograd\/cte\/wp-json\/wp\/v2\/comments?post=7532"}],"version-history":[{"count":0,"href":"https:\/\/www.ufsm.br\/pro-reitorias\/prograd\/cte\/wp-json\/wp\/v2\/pages\/7532\/revisions"}],"wp:attachment":[{"href":"https:\/\/www.ufsm.br\/pro-reitorias\/prograd\/cte\/wp-json\/wp\/v2\/media?parent=7532"}],"wp:term":[{"taxonomy":"category","embeddable":true,"href":"https:\/\/www.ufsm.br\/pro-reitorias\/prograd\/cte\/wp-json\/wp\/v2\/categories?post=7532"},{"taxonomy":"post_tag","embeddable":true,"href":"https:\/\/www.ufsm.br\/pro-reitorias\/prograd\/cte\/wp-json\/wp\/v2\/tags?post=7532"}],"curies":[{"name":"wp","href":"https:\/\/api.w.org\/{rel}","templated":true}]}}