{"id":7564,"date":"2024-02-23T12:24:56","date_gmt":"2024-02-23T15:24:56","guid":{"rendered":"https:\/\/www.ufsm.br\/pro-reitorias\/prograd\/cte\/?page_id=7564"},"modified":"2024-02-23T12:34:37","modified_gmt":"2024-02-23T15:34:37","slug":"importacao-de-conteudo-de-disciplinas","status":"publish","type":"page","link":"https:\/\/www.ufsm.br\/pro-reitorias\/prograd\/cte\/importacao-de-conteudo-de-disciplinas","title":{"rendered":"Importa\u00e7\u00e3o de conte\u00fado de disciplinas"},"content":{"rendered":"\t\t<div data-elementor-type=\"wp-page\" data-elementor-id=\"7564\" class=\"elementor elementor-7564\">\n\t\t\t\t\t\t<section class=\"elementor-section elementor-top-section elementor-element elementor-element-7b668eb7 elementor-section-boxed elementor-section-height-default elementor-section-height-default\" data-id=\"7b668eb7\" data-element_type=\"section\">\n\t\t\t\t\t\t<div class=\"elementor-container elementor-column-gap-default\">\n\t\t\t\t\t<div class=\"elementor-column elementor-col-100 elementor-top-column elementor-element elementor-element-3094ead5\" data-id=\"3094ead5\" data-element_type=\"column\">\n\t\t\t<div class=\"elementor-widget-wrap elementor-element-populated\">\n\t\t\t\t\t\t<div class=\"elementor-element elementor-element-39379a43 elementor-widget elementor-widget-text-editor\" data-id=\"39379a43\" data-element_type=\"widget\" data-widget_type=\"text-editor.default\">\n\t\t\t\t<div class=\"elementor-widget-container\">\n\t\t\t\t\t\t\t<!-- wp:tadv\/classic-paragraph \/-->\n\n<!-- wp:tadv\/classic-paragraph -->\n<p>Para otimizar a gest\u00e3o educacional no Moodle, \u00e9 essencial dominar uma de suas caracter\u00edsticas mais vantajosas: a habilidade de importar conte\u00fado de disciplinas. Isso simplifica consideravelmente o trabalho dos educadores ao gerenciar seus cursos ou disponibilizar conte\u00fados no Ambiente Virtual de Ensino e Aprendizagem (AVEA).<\/p>\n<p>A importa\u00e7\u00e3o permite que os professores reutilizem materiais previamente criados em outros cursos ou semestres, economizando tempo e esfor\u00e7o na prepara\u00e7\u00e3o de novos ambientes de aprendizagem. Este recurso \u00e9 especialmente \u00fatil em cen\u00e1rios onde m\u00faltiplos cursos compartilham conte\u00fados semelhantes ou quando um professor deseja atualizar e melhorar materiais de cursos anteriores.<\/p>\n<p>Existem v\u00e1rias maneiras de importar conte\u00fado(s) de disciplina(s), por\u00e9m, veremos a seguir a importa\u00e7\u00e3o de recursos e atividades espec\u00edficas de uma disciplina para outra. Isso \u00e9 muito \u00fatil quando se deseja apenas transferir partes selecionadas do conte\u00fado, como question\u00e1rios, li\u00e7\u00f5es, f\u00f3runs de discuss\u00e3o ou arquivos de recursos.<\/p>\n<p>Para dar in\u00edcio a importa\u00e7\u00e3o, acesse o Moodle e v\u00e1 at\u00e9 a disciplina que deseja inserir o conte\u00fado (destino).<\/p>\n<p><img fetchpriority=\"high\" decoding=\"async\" class=\"aligncenter wp-image-7578 size-large\" src=\"https:\/\/www.ufsm.br\/app\/uploads\/sites\/358\/2024\/02\/1-1-1024x499.png\" alt=\"\" width=\"1024\" height=\"499\" srcset=\"https:\/\/www.ufsm.br\/app\/uploads\/sites\/358\/2024\/02\/1-1-1024x499.png 1024w, https:\/\/www.ufsm.br\/app\/uploads\/sites\/358\/2024\/02\/1-1-300x146.png 300w, https:\/\/www.ufsm.br\/app\/uploads\/sites\/358\/2024\/02\/1-1-768x374.png 768w, https:\/\/www.ufsm.br\/app\/uploads\/sites\/358\/2024\/02\/1-1-1536x749.png 1536w, https:\/\/www.ufsm.br\/app\/uploads\/sites\/358\/2024\/02\/1-1.png 1891w\" sizes=\"(max-width: 1024px) 100vw, 1024px\" \/><\/p>\n<p>No bloco localizado no topo da disciplina est\u00e1 localizada a direta a engrenagem de configura\u00e7\u00f5es.<\/p>\n<p><img decoding=\"async\" class=\"aligncenter wp-image-7590 size-medium\" src=\"https:\/\/www.ufsm.br\/app\/uploads\/sites\/358\/2024\/02\/2-1-276x300.png\" alt=\"\" width=\"276\" height=\"300\" srcset=\"https:\/\/www.ufsm.br\/app\/uploads\/sites\/358\/2024\/02\/2-1-276x300.png 276w, https:\/\/www.ufsm.br\/app\/uploads\/sites\/358\/2024\/02\/2-1.png 340w\" sizes=\"(max-width: 276px) 100vw, 276px\" \/><\/p>\n<p>Agora, clique em &#8220;Importar&#8221;.<\/p>\n<p><img decoding=\"async\" class=\"size-full wp-image-7579 aligncenter\" src=\"https:\/\/www.ufsm.br\/app\/uploads\/sites\/358\/2024\/02\/3-1.png\" alt=\"\" width=\"261\" height=\"287\" \/><\/p>\n<p>Na p\u00e1gina de importa\u00e7\u00e3o, voc\u00ea ver\u00e1 uma lista de disciplinas dispon\u00edveis para importar conte\u00fado.<\/p>\n<p><img loading=\"lazy\" decoding=\"async\" class=\"aligncenter wp-image-7580 size-large\" src=\"https:\/\/www.ufsm.br\/app\/uploads\/sites\/358\/2024\/02\/4-1-1024x486.png\" alt=\"\" width=\"1024\" height=\"486\" srcset=\"https:\/\/www.ufsm.br\/app\/uploads\/sites\/358\/2024\/02\/4-1-1024x486.png 1024w, https:\/\/www.ufsm.br\/app\/uploads\/sites\/358\/2024\/02\/4-1-300x142.png 300w, https:\/\/www.ufsm.br\/app\/uploads\/sites\/358\/2024\/02\/4-1-768x365.png 768w, https:\/\/www.ufsm.br\/app\/uploads\/sites\/358\/2024\/02\/4-1.png 1342w\" sizes=\"(max-width: 1024px) 100vw, 1024px\" \/><\/p>\n<p>Em nosso exemplo, est\u00e3o sendo apresentadas 10 disciplinas. No entanto, h\u00e1 mensagem informando que existem mais e que podemos realizar busca espec\u00edfica.<\/p>\n<p><img loading=\"lazy\" decoding=\"async\" class=\"aligncenter wp-image-7581 size-large\" src=\"https:\/\/www.ufsm.br\/app\/uploads\/sites\/358\/2024\/02\/5-1-1024x486.png\" alt=\"\" width=\"1024\" height=\"486\" srcset=\"https:\/\/www.ufsm.br\/app\/uploads\/sites\/358\/2024\/02\/5-1-1024x486.png 1024w, https:\/\/www.ufsm.br\/app\/uploads\/sites\/358\/2024\/02\/5-1-300x142.png 300w, https:\/\/www.ufsm.br\/app\/uploads\/sites\/358\/2024\/02\/5-1-768x364.png 768w, https:\/\/www.ufsm.br\/app\/uploads\/sites\/358\/2024\/02\/5-1.png 1341w\" sizes=\"(max-width: 1024px) 100vw, 1024px\" \/><\/p>\n<p>A busca pode ser feita pelo c\u00f3digo da disciplina ou pelo nome parcial\/completo.<\/p>\n<p><img loading=\"lazy\" decoding=\"async\" class=\"aligncenter wp-image-7582 size-large\" src=\"https:\/\/www.ufsm.br\/app\/uploads\/sites\/358\/2024\/02\/6-1-1024x214.png\" alt=\"\" width=\"1024\" height=\"214\" srcset=\"https:\/\/www.ufsm.br\/app\/uploads\/sites\/358\/2024\/02\/6-1-1024x214.png 1024w, https:\/\/www.ufsm.br\/app\/uploads\/sites\/358\/2024\/02\/6-1-300x63.png 300w, https:\/\/www.ufsm.br\/app\/uploads\/sites\/358\/2024\/02\/6-1-768x161.png 768w, https:\/\/www.ufsm.br\/app\/uploads\/sites\/358\/2024\/02\/6-1.png 1215w\" sizes=\"(max-width: 1024px) 100vw, 1024px\" \/><\/p>\n<p><img loading=\"lazy\" decoding=\"async\" class=\"aligncenter wp-image-7583 size-large\" src=\"https:\/\/www.ufsm.br\/app\/uploads\/sites\/358\/2024\/02\/7-1-1024x212.png\" alt=\"\" width=\"1024\" height=\"212\" srcset=\"https:\/\/www.ufsm.br\/app\/uploads\/sites\/358\/2024\/02\/7-1-1024x212.png 1024w, https:\/\/www.ufsm.br\/app\/uploads\/sites\/358\/2024\/02\/7-1-300x62.png 300w, https:\/\/www.ufsm.br\/app\/uploads\/sites\/358\/2024\/02\/7-1-768x159.png 768w, https:\/\/www.ufsm.br\/app\/uploads\/sites\/358\/2024\/02\/7-1.png 1220w\" sizes=\"(max-width: 1024px) 100vw, 1024px\" \/><\/p>\n<p>Ap\u00f3s esta etapa, selecione o curso de origem a partir do qual deseja importar recursos e atividades e clique em continuar.<\/p>\n<p><img loading=\"lazy\" decoding=\"async\" class=\"aligncenter wp-image-7584 size-full\" src=\"https:\/\/www.ufsm.br\/app\/uploads\/sites\/358\/2024\/02\/8-1.png\" alt=\"\" width=\"799\" height=\"179\" srcset=\"https:\/\/www.ufsm.br\/app\/uploads\/sites\/358\/2024\/02\/8-1.png 799w, https:\/\/www.ufsm.br\/app\/uploads\/sites\/358\/2024\/02\/8-1-300x67.png 300w, https:\/\/www.ufsm.br\/app\/uploads\/sites\/358\/2024\/02\/8-1-768x172.png 768w\" sizes=\"(max-width: 799px) 100vw, 799px\" \/><\/p>\n<p>Marque as caixas de sele\u00e7\u00e3o ao lado dos itens que deseja importar. Isso pode incluir recursos como arquivos, p\u00e1ginas HTML, URLs externas, bem como atividades como question\u00e1rios, f\u00f3runs de discuss\u00e3o, li\u00e7\u00f5es, entre outros. Ap\u00f3s, clique em &#8220;Pr\u00f3ximo&#8221;.<\/p>\n<p>OBS.: Em nosso exemplo, mantivemos as op\u00e7\u00f5es marcadas que vem como padr\u00e3o, mas sugerimos que a op\u00e7\u00e3o &#8220;Incluir calend\u00e1rio de eventos&#8221; seja desmarcada, pois as datas podem se referir a um per\u00edodo anterior, n\u00e3o sendo mais necess\u00e1rias.<\/p>\n<p><img loading=\"lazy\" decoding=\"async\" class=\"aligncenter wp-image-7585 size-full\" src=\"https:\/\/www.ufsm.br\/app\/uploads\/sites\/358\/2024\/02\/9-1.png\" alt=\"\" width=\"718\" height=\"437\" srcset=\"https:\/\/www.ufsm.br\/app\/uploads\/sites\/358\/2024\/02\/9-1.png 718w, https:\/\/www.ufsm.br\/app\/uploads\/sites\/358\/2024\/02\/9-1-300x183.png 300w\" sizes=\"(max-width: 718px) 100vw, 718px\" \/><\/p>\n<p>Na pr\u00f3xima tela, voc\u00ea poder\u00e1 selecionar cada um dos t\u00f3picos que desejar importar. Feito isso, clique em &#8220;Pr\u00f3ximo&#8221; novamente.<\/p>\n<p><img loading=\"lazy\" decoding=\"async\" class=\"aligncenter wp-image-7586 size-large\" src=\"https:\/\/www.ufsm.br\/app\/uploads\/sites\/358\/2024\/02\/10-1-640x1024.png\" alt=\"\" width=\"640\" height=\"1024\" srcset=\"https:\/\/www.ufsm.br\/app\/uploads\/sites\/358\/2024\/02\/10-1-640x1024.png 640w, https:\/\/www.ufsm.br\/app\/uploads\/sites\/358\/2024\/02\/10-1-187x300.png 187w, https:\/\/www.ufsm.br\/app\/uploads\/sites\/358\/2024\/02\/10-1.png 714w\" sizes=\"(max-width: 640px) 100vw, 640px\" \/><\/p>\n<p>Ap\u00f3s estas etapas, voc\u00ea ver\u00e1 a tela de confirma\u00e7\u00e3o das op\u00e7\u00f5es selecionadas anteriormente. Verifique se todos os recursos e atividades desejados foram marcados corretamente para a importa\u00e7\u00e3o e clique em &#8220;Executar a importa\u00e7\u00e3o&#8221;.<\/p>\n<p><img loading=\"lazy\" decoding=\"async\" class=\"aligncenter wp-image-7587 size-large\" src=\"https:\/\/www.ufsm.br\/app\/uploads\/sites\/358\/2024\/02\/11-1-525x1024.png\" alt=\"\" width=\"525\" height=\"1024\" srcset=\"https:\/\/www.ufsm.br\/app\/uploads\/sites\/358\/2024\/02\/11-1-525x1024.png 525w, https:\/\/www.ufsm.br\/app\/uploads\/sites\/358\/2024\/02\/11-1-154x300.png 154w, https:\/\/www.ufsm.br\/app\/uploads\/sites\/358\/2024\/02\/11-1.png 724w\" sizes=\"(max-width: 525px) 100vw, 525px\" \/><\/p>\n<p>Ao finalizar o processamento da solicita\u00e7\u00e3o ser\u00e1 exibida a mensagem de conclus\u00e3o. Clique em &#8220;Continuar&#8221; para volta a p\u00e1gina da disciplina.<\/p>\n<p><img loading=\"lazy\" decoding=\"async\" class=\"aligncenter wp-image-7588 size-full\" src=\"https:\/\/www.ufsm.br\/app\/uploads\/sites\/358\/2024\/02\/12-1.png\" alt=\"\" width=\"868\" height=\"111\" srcset=\"https:\/\/www.ufsm.br\/app\/uploads\/sites\/358\/2024\/02\/12-1.png 868w, https:\/\/www.ufsm.br\/app\/uploads\/sites\/358\/2024\/02\/12-1-300x38.png 300w, https:\/\/www.ufsm.br\/app\/uploads\/sites\/358\/2024\/02\/12-1-768x98.png 768w\" sizes=\"(max-width: 868px) 100vw, 868px\" \/><\/p>\n<p>Assim est\u00e3o dispon\u00edveis todos os dados selecionados na disciplina de origem na p\u00e1gina de destino.<\/p>\n<p><img loading=\"lazy\" decoding=\"async\" class=\"aligncenter wp-image-7589 size-large\" src=\"https:\/\/www.ufsm.br\/app\/uploads\/sites\/358\/2024\/02\/13-1-1024x531.png\" alt=\"\" width=\"1024\" height=\"531\" srcset=\"https:\/\/www.ufsm.br\/app\/uploads\/sites\/358\/2024\/02\/13-1-1024x531.png 1024w, https:\/\/www.ufsm.br\/app\/uploads\/sites\/358\/2024\/02\/13-1-300x156.png 300w, https:\/\/www.ufsm.br\/app\/uploads\/sites\/358\/2024\/02\/13-1-768x398.png 768w, https:\/\/www.ufsm.br\/app\/uploads\/sites\/358\/2024\/02\/13-1-1536x797.png 1536w, https:\/\/www.ufsm.br\/app\/uploads\/sites\/358\/2024\/02\/13-1.png 1874w\" sizes=\"(max-width: 1024px) 100vw, 1024px\" \/><\/p>\n<p>Agora est\u00e1 tudo certo!<\/p>\n<p>Boas aulas!<\/p>\n<!-- \/wp:tadv\/classic-paragraph -->\t\t\t\t\t\t<\/div>\n\t\t\t\t<\/div>\n\t\t\t\t\t<\/div>\n\t\t<\/div>\n\t\t\t\t\t<\/div>\n\t\t<\/section>\n\t\t\t\t<section class=\"elementor-section elementor-top-section elementor-element elementor-element-3bccf7d elementor-section-boxed elementor-section-height-default elementor-section-height-default\" data-id=\"3bccf7d\" data-element_type=\"section\">\n\t\t\t\t\t\t<div class=\"elementor-container elementor-column-gap-default\">\n\t\t\t\t\t<div class=\"elementor-column elementor-col-100 elementor-top-column elementor-element elementor-element-350391e\" data-id=\"350391e\" data-element_type=\"column\">\n\t\t\t<div class=\"elementor-widget-wrap elementor-element-populated\">\n\t\t\t\t\t\t<div class=\"elementor-element elementor-element-4cf8ebb elementor-widget elementor-widget-button\" data-id=\"4cf8ebb\" data-element_type=\"widget\" data-widget_type=\"button.default\">\n\t\t\t\t<div class=\"elementor-widget-container\">\n\t\t\t\t\t\t\t<div class=\"elementor-button-wrapper\">\n\t\t\t\t\t<a class=\"elementor-button elementor-button-link elementor-size-sm\" href=\"https:\/\/www.ufsm.br\/pro-reitorias\/prograd\/cte\/faq-suporte-moodle\">\n\t\t\t\t\t\t<span class=\"elementor-button-content-wrapper\">\n\t\t\t\t\t\t\t\t\t<span class=\"elementor-button-text\">Voltar<\/span>\n\t\t\t\t\t<\/span>\n\t\t\t\t\t<\/a>\n\t\t\t\t<\/div>\n\t\t\t\t\t\t<\/div>\n\t\t\t\t<\/div>\n\t\t\t\t\t<\/div>\n\t\t<\/div>\n\t\t\t\t\t<\/div>\n\t\t<\/section>\n\t\t\t\t<\/div>\n\t\t","protected":false},"excerpt":{"rendered":"<p>Para otimizar a gest\u00e3o educacional no Moodle, \u00e9 essencial dominar uma de suas caracter\u00edsticas mais vantajosas: a habilidade de importar conte\u00fado de disciplinas. Isso simplifica consideravelmente o trabalho dos educadores ao gerenciar seus cursos ou disponibilizar conte\u00fados no Ambiente Virtual de Ensino e Aprendizagem (AVEA). A importa\u00e7\u00e3o permite que os professores reutilizem materiais previamente criados [&hellip;]<\/p>\n","protected":false},"author":6976,"featured_media":0,"parent":0,"menu_order":0,"comment_status":"closed","ping_status":"closed","template":"","meta":{"episode_type":"","audio_file":"","cover_image":"","cover_image_id":"","duration":"","filesize":"","date_recorded":"","explicit":"","block":"","filesize_raw":"","footnotes":""},"categories":[],"tags":[],"class_list":["post-7564","page","type-page","status-publish","hentry"],"acf":[],"_links":{"self":[{"href":"https:\/\/www.ufsm.br\/pro-reitorias\/prograd\/cte\/wp-json\/wp\/v2\/pages\/7564","targetHints":{"allow":["GET"]}}],"collection":[{"href":"https:\/\/www.ufsm.br\/pro-reitorias\/prograd\/cte\/wp-json\/wp\/v2\/pages"}],"about":[{"href":"https:\/\/www.ufsm.br\/pro-reitorias\/prograd\/cte\/wp-json\/wp\/v2\/types\/page"}],"author":[{"embeddable":true,"href":"https:\/\/www.ufsm.br\/pro-reitorias\/prograd\/cte\/wp-json\/wp\/v2\/users\/6976"}],"replies":[{"embeddable":true,"href":"https:\/\/www.ufsm.br\/pro-reitorias\/prograd\/cte\/wp-json\/wp\/v2\/comments?post=7564"}],"version-history":[{"count":0,"href":"https:\/\/www.ufsm.br\/pro-reitorias\/prograd\/cte\/wp-json\/wp\/v2\/pages\/7564\/revisions"}],"wp:attachment":[{"href":"https:\/\/www.ufsm.br\/pro-reitorias\/prograd\/cte\/wp-json\/wp\/v2\/media?parent=7564"}],"wp:term":[{"taxonomy":"category","embeddable":true,"href":"https:\/\/www.ufsm.br\/pro-reitorias\/prograd\/cte\/wp-json\/wp\/v2\/categories?post=7564"},{"taxonomy":"post_tag","embeddable":true,"href":"https:\/\/www.ufsm.br\/pro-reitorias\/prograd\/cte\/wp-json\/wp\/v2\/tags?post=7564"}],"curies":[{"name":"wp","href":"https:\/\/api.w.org\/{rel}","templated":true}]}}