{"id":7927,"date":"2025-12-17T10:15:15","date_gmt":"2025-12-17T13:15:15","guid":{"rendered":"https:\/\/www.ufsm.br\/pro-reitorias\/prograd\/cte\/?page_id=7927"},"modified":"2025-12-17T12:41:35","modified_gmt":"2025-12-17T15:41:35","slug":"cursos-previstos-2026","status":"publish","type":"page","link":"https:\/\/www.ufsm.br\/pro-reitorias\/prograd\/cte\/cursos-previstos-2026","title":{"rendered":"Cursos Previstos 2026"},"content":{"rendered":"\t\t<div data-elementor-type=\"wp-page\" data-elementor-id=\"7927\" class=\"elementor elementor-7927\">\n\t\t\t\t\t\t<section class=\"elementor-section elementor-top-section elementor-element elementor-element-64a8fdb elementor-section-boxed elementor-section-height-default elementor-section-height-default\" data-id=\"64a8fdb\" data-element_type=\"section\">\n\t\t\t\t\t\t<div class=\"elementor-container elementor-column-gap-default\">\n\t\t\t\t\t<div class=\"elementor-column elementor-col-100 elementor-top-column elementor-element elementor-element-cbee6c1\" data-id=\"cbee6c1\" data-element_type=\"column\">\n\t\t\t<div class=\"elementor-widget-wrap elementor-element-populated\">\n\t\t\t\t\t\t<div class=\"elementor-element elementor-element-b14e94a elementor-widget elementor-widget-text-editor\" data-id=\"b14e94a\" data-element_type=\"widget\" data-widget_type=\"text-editor.default\">\n\t\t\t\t<div class=\"elementor-widget-container\">\n\t\t\t\t\t\t\t<p>Previs\u00e3o de oferta em novos polos para 2026, no formato semipresencial.<\/p>\t\t\t\t\t\t<\/div>\n\t\t\t\t<\/div>\n\t\t\t\t\t<\/div>\n\t\t<\/div>\n\t\t\t\t\t<\/div>\n\t\t<\/section>\n\t\t\t\t<section class=\"elementor-section elementor-top-section elementor-element elementor-element-3027eb0 elementor-section-boxed elementor-section-height-default elementor-section-height-default\" data-id=\"3027eb0\" data-element_type=\"section\">\n\t\t\t\t\t\t<div class=\"elementor-container elementor-column-gap-default\">\n\t\t\t\t\t<div class=\"elementor-column elementor-col-100 elementor-top-column elementor-element elementor-element-7364e09\" data-id=\"7364e09\" data-element_type=\"column\">\n\t\t\t<div class=\"elementor-widget-wrap elementor-element-populated\">\n\t\t\t\t\t\t<div class=\"elementor-element elementor-element-f928a57 elementor-tabs-view-vertical elementor-widget elementor-widget-tabs\" data-id=\"f928a57\" data-element_type=\"widget\" data-widget_type=\"tabs.default\">\n\t\t\t\t<div class=\"elementor-widget-container\">\n\t\t\t\t\t<div class=\"elementor-tabs\">\n\t\t\t<div class=\"elementor-tabs-wrapper\" role=\"tablist\" >\n\t\t\t\t\t\t\t\t\t<div id=\"elementor-tab-title-2611\" class=\"elementor-tab-title elementor-tab-desktop-title\" aria-selected=\"true\" data-tab=\"1\" role=\"tab\" tabindex=\"0\" aria-controls=\"elementor-tab-content-2611\" aria-expanded=\"false\">Ci\u00eancias da Religi\u00e3o<\/div>\n\t\t\t\t\t\t\t\t\t<div id=\"elementor-tab-title-2612\" class=\"elementor-tab-title elementor-tab-desktop-title\" aria-selected=\"false\" data-tab=\"2\" role=\"tab\" tabindex=\"-1\" aria-controls=\"elementor-tab-content-2612\" aria-expanded=\"false\">Computa\u00e7\u00e3o<\/div>\n\t\t\t\t\t\t\t\t\t<div id=\"elementor-tab-title-2613\" class=\"elementor-tab-title elementor-tab-desktop-title\" aria-selected=\"false\" data-tab=\"3\" role=\"tab\" tabindex=\"-1\" aria-controls=\"elementor-tab-content-2613\" aria-expanded=\"false\">Educa\u00e7\u00e3o do Campo<\/div>\n\t\t\t\t\t\t\t\t\t<div id=\"elementor-tab-title-2614\" class=\"elementor-tab-title elementor-tab-desktop-title\" aria-selected=\"false\" data-tab=\"4\" role=\"tab\" tabindex=\"-1\" aria-controls=\"elementor-tab-content-2614\" aria-expanded=\"false\">Educa\u00e7\u00e3o Especial<\/div>\n\t\t\t\t\t\t\t\t\t<div id=\"elementor-tab-title-2615\" class=\"elementor-tab-title elementor-tab-desktop-title\" aria-selected=\"false\" data-tab=\"5\" role=\"tab\" tabindex=\"-1\" aria-controls=\"elementor-tab-content-2615\" aria-expanded=\"false\">Geografia<\/div>\n\t\t\t\t\t\t\t\t\t<div id=\"elementor-tab-title-2616\" class=\"elementor-tab-title elementor-tab-desktop-title\" aria-selected=\"false\" data-tab=\"6\" role=\"tab\" tabindex=\"-1\" aria-controls=\"elementor-tab-content-2616\" aria-expanded=\"false\">Letras - Espanhol<\/div>\n\t\t\t\t\t\t\t\t\t<div id=\"elementor-tab-title-2617\" class=\"elementor-tab-title elementor-tab-desktop-title\" aria-selected=\"false\" data-tab=\"7\" role=\"tab\" tabindex=\"-1\" aria-controls=\"elementor-tab-content-2617\" aria-expanded=\"false\">Letras - Portugu\u00eas<\/div>\n\t\t\t\t\t\t\t\t\t<div id=\"elementor-tab-title-2618\" class=\"elementor-tab-title elementor-tab-desktop-title\" aria-selected=\"false\" data-tab=\"8\" role=\"tab\" tabindex=\"-1\" aria-controls=\"elementor-tab-content-2618\" aria-expanded=\"false\">Pedagogia<\/div>\n\t\t\t\t\t\t\t\t\t<div id=\"elementor-tab-title-2619\" class=\"elementor-tab-title elementor-tab-desktop-title\" aria-selected=\"false\" data-tab=\"9\" role=\"tab\" tabindex=\"-1\" aria-controls=\"elementor-tab-content-2619\" aria-expanded=\"false\">Programa Especial de Gradua\u00e7\u00e3o de Forma\u00e7\u00e3o de Professores para a Educa\u00e7\u00e3o Profissional<\/div>\n\t\t\t\t\t\t\t\t\t<div id=\"elementor-tab-title-26110\" class=\"elementor-tab-title elementor-tab-desktop-title\" aria-selected=\"false\" data-tab=\"10\" role=\"tab\" tabindex=\"-1\" aria-controls=\"elementor-tab-content-26110\" aria-expanded=\"false\">Educa\u00e7\u00e3o Ambiental<\/div>\n\t\t\t\t\t\t\t\t\t<div id=\"elementor-tab-title-26111\" class=\"elementor-tab-title elementor-tab-desktop-title\" aria-selected=\"false\" data-tab=\"11\" role=\"tab\" tabindex=\"-1\" aria-controls=\"elementor-tab-content-26111\" aria-expanded=\"false\">Pedagogia com \u00canfase em Alfabetiza\u00e7\u00e3o Bil\u00edngue<\/div>\n\t\t\t\t\t\t\t\t\t<div id=\"elementor-tab-title-26112\" class=\"elementor-tab-title elementor-tab-desktop-title\" aria-selected=\"false\" data-tab=\"12\" role=\"tab\" tabindex=\"-1\" aria-controls=\"elementor-tab-content-26112\" aria-expanded=\"false\">Ci\u00eancias Agr\u00e1rias<\/div>\n\t\t\t\t\t\t\t\t\t<div id=\"elementor-tab-title-26113\" class=\"elementor-tab-title elementor-tab-desktop-title\" aria-selected=\"false\" data-tab=\"13\" role=\"tab\" tabindex=\"-1\" aria-controls=\"elementor-tab-content-26113\" aria-expanded=\"false\">Agrocomputa\u00e7\u00e3o<\/div>\n\t\t\t\t\t\t\t<\/div>\n\t\t\t<div class=\"elementor-tabs-content-wrapper\" role=\"tablist\" aria-orientation=\"vertical\">\n\t\t\t\t\t\t\t\t\t<div class=\"elementor-tab-title elementor-tab-mobile-title\" aria-selected=\"true\" data-tab=\"1\" role=\"tab\" tabindex=\"0\" aria-controls=\"elementor-tab-content-2611\" aria-expanded=\"false\">Ci\u00eancias da Religi\u00e3o<\/div>\n\t\t\t\t\t<div id=\"elementor-tab-content-2611\" class=\"elementor-tab-content elementor-clearfix\" data-tab=\"1\" role=\"tabpanel\" aria-labelledby=\"elementor-tab-title-2611\" tabindex=\"0\" hidden=\"false\"><p><span style=\"text-decoration: underline\">Grau:<\/span> Licenciatura<\/p><p>AGUDO<br \/>BALNE\u00c1RIO PINHAL<br \/>QUARAI<br \/>SANT\u00b4ANA DO LIVRAMENTO<br \/>S\u00c3O SEP\u00c9<\/p><\/div>\n\t\t\t\t\t\t\t\t\t<div class=\"elementor-tab-title elementor-tab-mobile-title\" aria-selected=\"false\" data-tab=\"2\" role=\"tab\" tabindex=\"-1\" aria-controls=\"elementor-tab-content-2612\" aria-expanded=\"false\">Computa\u00e7\u00e3o<\/div>\n\t\t\t\t\t<div id=\"elementor-tab-content-2612\" class=\"elementor-tab-content elementor-clearfix\" data-tab=\"2\" role=\"tabpanel\" aria-labelledby=\"elementor-tab-title-2612\" tabindex=\"0\" hidden=\"hidden\"><p><span style=\"text-decoration: underline\">Grau:<\/span> Licenciatura<\/p><p>PASSO FUNDO<br \/>SARANDI<br \/>SEBERI <br \/>SOBRADINHO<br \/>TR\u00caS PASSOS<\/p><\/div>\n\t\t\t\t\t\t\t\t\t<div class=\"elementor-tab-title elementor-tab-mobile-title\" aria-selected=\"false\" data-tab=\"3\" role=\"tab\" tabindex=\"-1\" aria-controls=\"elementor-tab-content-2613\" aria-expanded=\"false\">Educa\u00e7\u00e3o do Campo<\/div>\n\t\t\t\t\t<div id=\"elementor-tab-content-2613\" class=\"elementor-tab-content elementor-clearfix\" data-tab=\"3\" role=\"tabpanel\" aria-labelledby=\"elementor-tab-title-2613\" tabindex=\"0\" hidden=\"hidden\"><p><span style=\"text-decoration: underline\">Grau:<\/span> Licenciatura<\/p><p>ENCRUZILHADA DO SUL<br \/>NONOAI<br \/>PELOTAS<br \/>URUGUAIANA<br \/>VEN\u00c2NCIO AIRES<\/p><\/div>\n\t\t\t\t\t\t\t\t\t<div class=\"elementor-tab-title elementor-tab-mobile-title\" aria-selected=\"false\" data-tab=\"4\" role=\"tab\" tabindex=\"-1\" aria-controls=\"elementor-tab-content-2614\" aria-expanded=\"false\">Educa\u00e7\u00e3o Especial<\/div>\n\t\t\t\t\t<div id=\"elementor-tab-content-2614\" class=\"elementor-tab-content elementor-clearfix\" data-tab=\"4\" role=\"tabpanel\" aria-labelledby=\"elementor-tab-title-2614\" tabindex=\"0\" hidden=\"hidden\"><p><span style=\"text-decoration: underline\">Grau:<\/span> Licenciatura<\/p><p>AGUDO <br \/>SANT\u00b4ANA DO LIVRAMENTO<br \/>S\u00c3O SEP\u00c9 <br \/>TR\u00caS DE MAIO<br \/>VILA FLORES<\/p><\/div>\n\t\t\t\t\t\t\t\t\t<div class=\"elementor-tab-title elementor-tab-mobile-title\" aria-selected=\"false\" data-tab=\"5\" role=\"tab\" tabindex=\"-1\" aria-controls=\"elementor-tab-content-2615\" aria-expanded=\"false\">Geografia<\/div>\n\t\t\t\t\t<div id=\"elementor-tab-content-2615\" class=\"elementor-tab-content elementor-clearfix\" data-tab=\"5\" role=\"tabpanel\" aria-labelledby=\"elementor-tab-title-2615\" tabindex=\"0\" hidden=\"hidden\"><p><span style=\"text-decoration: underline\">Grau:<\/span> Licenciatura<\/p><p>CACHOEIRA DO SUL <br \/>CANDEL\u00c1RIA<br \/>PANAMBI <br \/>TR\u00caS DE MAIO<br \/>VILA FLORES<\/p><\/div>\n\t\t\t\t\t\t\t\t\t<div class=\"elementor-tab-title elementor-tab-mobile-title\" aria-selected=\"false\" data-tab=\"6\" role=\"tab\" tabindex=\"-1\" aria-controls=\"elementor-tab-content-2616\" aria-expanded=\"false\">Letras - Espanhol<\/div>\n\t\t\t\t\t<div id=\"elementor-tab-content-2616\" class=\"elementor-tab-content elementor-clearfix\" data-tab=\"6\" role=\"tabpanel\" aria-labelledby=\"elementor-tab-title-2616\" tabindex=\"0\" hidden=\"hidden\"><p><span style=\"text-decoration: underline\">Grau:<\/span> Licenciatura<\/p><p>ESTEIO<br \/>FAXINAL DO SOTURNO<br \/>ITAQUI<br \/>SANTO ANT\u00d4NIO DA PATRULHA<br \/>TR\u00caS DE MAIO<\/p><\/div>\n\t\t\t\t\t\t\t\t\t<div class=\"elementor-tab-title elementor-tab-mobile-title\" aria-selected=\"false\" data-tab=\"7\" role=\"tab\" tabindex=\"-1\" aria-controls=\"elementor-tab-content-2617\" aria-expanded=\"false\">Letras - Portugu\u00eas<\/div>\n\t\t\t\t\t<div id=\"elementor-tab-content-2617\" class=\"elementor-tab-content elementor-clearfix\" data-tab=\"7\" role=\"tabpanel\" aria-labelledby=\"elementor-tab-title-2617\" tabindex=\"0\" hidden=\"hidden\"><p><span style=\"text-decoration: underline\">Grau:<\/span> Licenciatura<\/p><p>AGUDO <br \/>ROS\u00c1RIO DO SUL<br \/>SANT\u00b4ANA DO LIVRAMENTO<br \/>SANTIAGO <br \/>TR\u00caS PASSOS<\/p><\/div>\n\t\t\t\t\t\t\t\t\t<div class=\"elementor-tab-title elementor-tab-mobile-title\" aria-selected=\"false\" data-tab=\"8\" role=\"tab\" tabindex=\"-1\" aria-controls=\"elementor-tab-content-2618\" aria-expanded=\"false\">Pedagogia<\/div>\n\t\t\t\t\t<div id=\"elementor-tab-content-2618\" class=\"elementor-tab-content elementor-clearfix\" data-tab=\"8\" role=\"tabpanel\" aria-labelledby=\"elementor-tab-title-2618\" tabindex=\"0\" hidden=\"hidden\"><p><span style=\"text-decoration: underline\">Grau:<\/span> Licenciatura<\/p><p>ENCANTADO <br \/>PANAMBI<br \/>SANTIAGO<br \/>SOBRADINHO<br \/>TR\u00caS PASSOS<\/p><\/div>\n\t\t\t\t\t\t\t\t\t<div class=\"elementor-tab-title elementor-tab-mobile-title\" aria-selected=\"false\" data-tab=\"9\" role=\"tab\" tabindex=\"-1\" aria-controls=\"elementor-tab-content-2619\" aria-expanded=\"false\">Programa Especial de Gradua\u00e7\u00e3o de Forma\u00e7\u00e3o de Professores para a Educa\u00e7\u00e3o Profissional<\/div>\n\t\t\t\t\t<div id=\"elementor-tab-content-2619\" class=\"elementor-tab-content elementor-clearfix\" data-tab=\"9\" role=\"tabpanel\" aria-labelledby=\"elementor-tab-title-2619\" tabindex=\"0\" hidden=\"hidden\"><p><span style=\"text-decoration: underline\">Grau:<\/span> Licenciatura<\/p><p>AGUDO<br \/>BALNE\u00c1RIO PINHAL<br \/>CERRO LARGO<br \/>GRAMADO <br \/>SAPIRANGA<\/p><\/div>\n\t\t\t\t\t\t\t\t\t<div class=\"elementor-tab-title elementor-tab-mobile-title\" aria-selected=\"false\" data-tab=\"10\" role=\"tab\" tabindex=\"-1\" aria-controls=\"elementor-tab-content-26110\" aria-expanded=\"false\">Educa\u00e7\u00e3o Ambiental<\/div>\n\t\t\t\t\t<div id=\"elementor-tab-content-26110\" class=\"elementor-tab-content elementor-clearfix\" data-tab=\"10\" role=\"tabpanel\" aria-labelledby=\"elementor-tab-title-26110\" tabindex=\"0\" hidden=\"hidden\"><p><span style=\"text-decoration: underline\">Grau:<\/span> Licenciatura<\/p><p>BALNE\u00c1RIO PINHAL <br \/>CANDEL\u00c1RIA <br \/>NOVO HAMBURGO<br \/>SANT\u00b4ANA DO LIVRAMENTO<br \/>S\u00c3O GABRIEL<\/p><\/div>\n\t\t\t\t\t\t\t\t\t<div class=\"elementor-tab-title elementor-tab-mobile-title\" aria-selected=\"false\" data-tab=\"11\" role=\"tab\" tabindex=\"-1\" aria-controls=\"elementor-tab-content-26111\" aria-expanded=\"false\">Pedagogia com \u00canfase em Alfabetiza\u00e7\u00e3o Bil\u00edngue<\/div>\n\t\t\t\t\t<div id=\"elementor-tab-content-26111\" class=\"elementor-tab-content elementor-clearfix\" data-tab=\"11\" role=\"tabpanel\" aria-labelledby=\"elementor-tab-title-26111\" tabindex=\"0\" hidden=\"hidden\"><p><span style=\"text-decoration: underline\">Grau:<\/span> Licenciatura<\/p><p>BALNE\u00c1RIO PINHAL <br \/>CANDEL\u00c1RIA<br \/>NOVO HAMBURGO<br \/>SANT\u00b4ANA DO LIVRAMENTO<br \/>S\u00c3O GABRIEL<\/p><\/div>\n\t\t\t\t\t\t\t\t\t<div class=\"elementor-tab-title elementor-tab-mobile-title\" aria-selected=\"false\" data-tab=\"12\" role=\"tab\" tabindex=\"-1\" aria-controls=\"elementor-tab-content-26112\" aria-expanded=\"false\">Ci\u00eancias Agr\u00e1rias<\/div>\n\t\t\t\t\t<div id=\"elementor-tab-content-26112\" class=\"elementor-tab-content elementor-clearfix\" data-tab=\"12\" role=\"tabpanel\" aria-labelledby=\"elementor-tab-title-26112\" tabindex=\"0\" hidden=\"hidden\"><p><span style=\"text-decoration: underline\">Grau:<\/span> Licenciatura<\/p><p>ARROIO DOS RATOS<br \/>ITAQUI<br \/>ROS\u00c1RIO DO SUL<br \/>SANT\u00b4ANA DO LIVRAMENTO<br \/>S\u00c3O GABRIEL <br \/>SOBRADINHO<\/p><\/div>\n\t\t\t\t\t\t\t\t\t<div class=\"elementor-tab-title elementor-tab-mobile-title\" aria-selected=\"false\" data-tab=\"13\" role=\"tab\" tabindex=\"-1\" aria-controls=\"elementor-tab-content-26113\" aria-expanded=\"false\">Agrocomputa\u00e7\u00e3o<\/div>\n\t\t\t\t\t<div id=\"elementor-tab-content-26113\" class=\"elementor-tab-content elementor-clearfix\" data-tab=\"13\" role=\"tabpanel\" aria-labelledby=\"elementor-tab-title-26113\" tabindex=\"0\" hidden=\"hidden\"><p><span style=\"text-decoration: underline\">Grau:<\/span> Tecn\u00f3logo<\/p><p>ENCRUZILHADA DO SUL <br \/>GRAVATA\u00cd<br \/>JACUIZINHO<br \/>PANAMBI <br \/>SANTIAGO<br \/>URUGUAIANA<\/p><\/div>\n\t\t\t\t\t\t\t<\/div>\n\t\t<\/div>\n\t\t\t\t<\/div>\n\t\t\t\t<\/div>\n\t\t\t\t\t<\/div>\n\t\t<\/div>\n\t\t\t\t\t<\/div>\n\t\t<\/section>\n\t\t\t\t<\/div>\n\t\t","protected":false},"excerpt":{"rendered":"<p>Previs\u00e3o de oferta em novos polos para 2026, no formato semipresencial. Ci\u00eancias da Religi\u00e3o Computa\u00e7\u00e3o Educa\u00e7\u00e3o do Campo Educa\u00e7\u00e3o Especial Geografia Letras &#8211; Espanhol Letras &#8211; Portugu\u00eas Pedagogia Programa Especial de Gradua\u00e7\u00e3o de Forma\u00e7\u00e3o de Professores para a Educa\u00e7\u00e3o Profissional Educa\u00e7\u00e3o Ambiental Pedagogia com \u00canfase em Alfabetiza\u00e7\u00e3o Bil\u00edngue Ci\u00eancias Agr\u00e1rias Agrocomputa\u00e7\u00e3o Ci\u00eancias da Religi\u00e3o Grau: [&hellip;]<\/p>\n","protected":false},"author":5436,"featured_media":7930,"parent":0,"menu_order":0,"comment_status":"closed","ping_status":"closed","template":"","meta":{"episode_type":"","audio_file":"","cover_image":"","cover_image_id":"","duration":"","filesize":"","date_recorded":"","explicit":"","block":"","filesize_raw":"","footnotes":""},"categories":[13,774],"tags":[],"class_list":["post-7927","page","type-page","status-publish","has-post-thumbnail","hentry","category-banner","category-destaques-banner"],"acf":[],"_links":{"self":[{"href":"https:\/\/www.ufsm.br\/pro-reitorias\/prograd\/cte\/wp-json\/wp\/v2\/pages\/7927","targetHints":{"allow":["GET"]}}],"collection":[{"href":"https:\/\/www.ufsm.br\/pro-reitorias\/prograd\/cte\/wp-json\/wp\/v2\/pages"}],"about":[{"href":"https:\/\/www.ufsm.br\/pro-reitorias\/prograd\/cte\/wp-json\/wp\/v2\/types\/page"}],"author":[{"embeddable":true,"href":"https:\/\/www.ufsm.br\/pro-reitorias\/prograd\/cte\/wp-json\/wp\/v2\/users\/5436"}],"replies":[{"embeddable":true,"href":"https:\/\/www.ufsm.br\/pro-reitorias\/prograd\/cte\/wp-json\/wp\/v2\/comments?post=7927"}],"version-history":[{"count":0,"href":"https:\/\/www.ufsm.br\/pro-reitorias\/prograd\/cte\/wp-json\/wp\/v2\/pages\/7927\/revisions"}],"wp:featuredmedia":[{"embeddable":true,"href":"https:\/\/www.ufsm.br\/pro-reitorias\/prograd\/cte\/wp-json\/wp\/v2\/media\/7930"}],"wp:attachment":[{"href":"https:\/\/www.ufsm.br\/pro-reitorias\/prograd\/cte\/wp-json\/wp\/v2\/media?parent=7927"}],"wp:term":[{"taxonomy":"category","embeddable":true,"href":"https:\/\/www.ufsm.br\/pro-reitorias\/prograd\/cte\/wp-json\/wp\/v2\/categories?post=7927"},{"taxonomy":"post_tag","embeddable":true,"href":"https:\/\/www.ufsm.br\/pro-reitorias\/prograd\/cte\/wp-json\/wp\/v2\/tags?post=7927"}],"curies":[{"name":"wp","href":"https:\/\/api.w.org\/{rel}","templated":true}]}}